{"id":172,"date":"2013-05-03T08:42:57","date_gmt":"2013-05-03T08:42:57","guid":{"rendered":"http:\/\/localhost\/pruebaweb\/?p=172"},"modified":"2019-04-09T09:22:19","modified_gmt":"2019-04-09T09:22:19","slug":"patrimonio-historico","status":"publish","type":"page","link":"https:\/\/www.mijas.es\/portal\/patrimonio-historico\/","title":{"rendered":"Patrimonio Hist\u00f3rico"},"content":{"rendered":"\n<p>El Patrimonio Hist\u00f3rico de Mijas forma parte de la memoria colectiva de  sus habitantes y como tal est\u00e1 formado por bienes sobre los que hay que  realizar una especial protecci\u00f3n para su conservaci\u00f3n. <\/p>\n\n\n\n<p>El estudio y catalogaci\u00f3n del patrimonio hist\u00f3rico local tiene como fin  la protecci\u00f3n y puesta en valor de todos los recursos patrimoniales,  para que puedan ser disfrutados por generaciones futuras como ejemplos  de tipos arquitect\u00f3nicos, formas de construir, formas de configuraci\u00f3n  del espacio urbano y rural, o como documentos materiales del pasado que  ayudan a conocer el devenir del municipio y su presente como  consecuencia o producto de un pasado. <\/p>\n\n\n\n<p>Ese Patrimonio Hist\u00f3rico mije\u00f1o (arquitect\u00f3nico, etnol\u00f3gico,  arqueol\u00f3gico, documental, etc.), es el objeto de trabajo del  Departamento de Patrimonio Hist\u00f3rico municipal, cuyo prop\u00f3sito  fundamental el desarrollar medios y actividades dirigidas a la  potenciaci\u00f3n, la investigaci\u00f3n, la divulgaci\u00f3n y la preservaci\u00f3n del  mismo. <\/p>\n\n\n\n<h4 class=\"wp-block-heading\">Departamento de Patrimonio Hist\u00f3rico<\/h4>\n\n\n<p>Avda. de M\u00e9jico, 7<br>29650 Mijas (M\u00e1laga)<br>Tel\u00e9fono: 952 485 900 \/ Ext. 3501 &#8211; 3502<br>E-mail: <a href=\"mailto:patrimoniohistorico@mijas.es\">patrimoniohistorico@mijas.es<\/a> \/ <a href=\"mailto:archivo@mijas.es\">archivo@mijas.es<\/a><\/p>\n\n\n<iframe src=\"https:\/\/www.google.com\/maps\/embed?pb=!1m18!1m12!1m3!1d2265.004466745345!2d-4.637192395253159!3d36.597491031061544!2m3!1f0!2f0!3f0!3m2!1i1024!2i768!4f13.1!3m3!1m2!1s0xd72e3f0db52481d%3A0x9ac653851ed1b43!2sARCHIVO+HISTORICO+DE+MIJAS!5e0!3m2!1ses!2ses!4v1547628682448\" style=\"border:0\" allowfullscreen=\"\" width=\"600\" height=\"450\" frameborder=\"0\"><\/iframe>\n","protected":false},"excerpt":{"rendered":"<p>El Patrimonio Hist\u00f3rico de Mijas forma parte de la memoria colectiva de sus habitantes y como tal est\u00e1 formado por bienes sobre los que hay que realizar una especial protecci\u00f3n para su conservaci\u00f3n. El estudio y catalogaci\u00f3n del patrimonio hist\u00f3rico local tiene como fin la protecci\u00f3n y puesta en valor de todos los recursos patrimoniales, [&hellip;]<\/p>\n","protected":false},"author":1,"featured_media":14654,"parent":0,"menu_order":0,"comment_status":"closed","ping_status":"open","template":"page-departamental.php","meta":[],"_links":{"self":[{"href":"https:\/\/www.mijas.es\/portal\/wp-json\/wp\/v2\/pages\/172"}],"collection":[{"href":"https:\/\/www.mijas.es\/portal\/wp-json\/wp\/v2\/pages"}],"about":[{"href":"https:\/\/www.mijas.es\/portal\/wp-json\/wp\/v2\/types\/page"}],"author":[{"embeddable":true,"href":"https:\/\/www.mijas.es\/portal\/wp-json\/wp\/v2\/users\/1"}],"replies":[{"embeddable":true,"href":"https:\/\/www.mijas.es\/portal\/wp-json\/wp\/v2\/comments?post=172"}],"version-history":[{"count":6,"href":"https:\/\/www.mijas.es\/portal\/wp-json\/wp\/v2\/pages\/172\/revisions"}],"predecessor-version":[{"id":14650,"href":"https:\/\/www.mijas.es\/portal\/wp-json\/wp\/v2\/pages\/172\/revisions\/14650"}],"wp:featuredmedia":[{"embeddable":true,"href":"https:\/\/www.mijas.es\/portal\/wp-json\/wp\/v2\/media\/14654"}],"wp:attachment":[{"href":"https:\/\/www.mijas.es\/portal\/wp-json\/wp\/v2\/media?parent=172"}],"curies":[{"name":"wp","href":"https:\/\/api.w.org\/{rel}","templated":true}]}}