{"id":17,"date":"2013-01-23T19:42:14","date_gmt":"2013-01-23T19:42:14","guid":{"rendered":"http:\/\/localhost\/pruebaweb\/?p=17"},"modified":"2023-11-20T10:03:25","modified_gmt":"2023-11-20T09:03:25","slug":"casa-consistorial","status":"publish","type":"page","link":"https:\/\/www.mijas.es\/portal\/tu-ayuntamiento\/casa-consistorial\/","title":{"rendered":"Casa Consistorial"},"content":{"rendered":"\n<p> La moderna Casa Consistorial, construida en 1987 por el arquitecto  Antonio Herrezuelo, por su cuidado estilo andaluz y su gran patio  cubierto, la convierten para muchos en la m\u00e1s hermosa de la costa.  Dentro encontraremos, adem\u00e1s de las diferentes dependencias municipales,  el sal\u00f3n de actos, donde podremos disfrutar de conciertos, charlas,  bodas&#8230; y el Patio de las Fuentes, utilizado como sala de exposiciones. <\/p>\n\n\n<div class=\"wp-block-image\">\n<figure class=\"alignleft size-full is-resized\"><img decoding=\"async\" src=\"https:\/\/www.mijas.es\/wp-content\/uploads\/2019\/01\/a4334_Aytomijas3.jpg\" alt=\"\" class=\"wp-image-10561\" width=\"454\" height=\"235\" srcset=\"https:\/\/www.mijas.es\/wp-content\/uploads\/2019\/01\/a4334_Aytomijas3.jpg 468w, https:\/\/www.mijas.es\/wp-content\/uploads\/2019\/01\/a4334_Aytomijas3-300x155.jpg 300w\" sizes=\"(max-width: 454px) 100vw, 454px\" \/><\/figure><\/div>\n\n\n<h4 class=\"wp-block-heading\"><strong><em>Ayuntamiento de Mijas<\/em><\/strong><\/h4>\n\n\n\n<p><strong>Direcci\u00f3n:<\/strong> Avenida Virgen de la Pe\u00f1a, n\u00ba 2,&nbsp;29650 Mijas (M\u00e1laga) <br>Punto de informaci\u00f3n catastral<br><strong>Tel\u00e9fono:<\/strong> 952 48 59 00<br><strong>Fax:<\/strong> 952 58 90 11<br><strong>E-mail:<\/strong> <a href=\"mailto:info@mijas.es\">info@mijas.es<\/a><br><strong>Horario al p\u00fablico:<\/strong>&nbsp;de lunes a viernes de 9:00 a 14:00 horas<\/p>\n\n\n\n<hr class=\"wp-block-separator has-alpha-channel-opacity\"\/>\n\n\n\n<ul>\n<li><strong>Servicios disponibles:<\/strong>\n<ul>\n<li> Intervenci\u00f3n y Gesti\u00f3n Tributaria <\/li>\n\n\n\n<li> Servicio de Atenci\u00f3n Ciudadana <\/li>\n\n\n\n<li> Tesorer\u00eda y Recaudaci\u00f3n <\/li>\n\n\n\n<li> Secretar\u00eda <\/li>\n\n\n\n<li> Patrimonio y Compras <\/li>\n\n\n\n<li> Urbanismo, Infraestructuras y Obras <\/li>\n\n\n\n<li> Inform\u00e1tica <\/li>\n\n\n\n<li> Extranjeros <\/li>\n<\/ul>\n<\/li>\n<\/ul>\n\n\n\n<figure><iframe src=\"https:\/\/www.google.com\/maps\/embed?pb=!1m18!1m12!1m3!1d1601.6266714041585!2d-4.637389409670895!3d36.59620699668457!2m3!1f0!2f0!3f0!3m2!1i1024!2i768!4f13.1!3m3!1m2!1s0xd72e2168a3c57a9%3A0x570d67ccacc04a8c!2sAyuntamiento+de+Mijas!5e0!3m2!1ses!2ses!4v1547560396074\" style=\"border:0\" allowfullscreen=\"\" width=\"600\" height=\"450\" frameborder=\"0\"><\/iframe><\/figure>\n","protected":false},"excerpt":{"rendered":"<p>La moderna Casa Consistorial, construida en 1987 por el arquitecto Antonio Herrezuelo, por su cuidado estilo andaluz y su gran patio cubierto, la convierten para muchos en la m\u00e1s hermosa de la costa. Dentro encontraremos, adem\u00e1s de las diferentes dependencias municipales, el sal\u00f3n de actos, donde podremos disfrutar de conciertos, charlas, bodas&#8230; y el Patio [&hellip;]<\/p>\n","protected":false},"author":1,"featured_media":0,"parent":7,"menu_order":0,"comment_status":"closed","ping_status":"open","template":"page-departamental.php","meta":[],"_links":{"self":[{"href":"https:\/\/www.mijas.es\/portal\/wp-json\/wp\/v2\/pages\/17"}],"collection":[{"href":"https:\/\/www.mijas.es\/portal\/wp-json\/wp\/v2\/pages"}],"about":[{"href":"https:\/\/www.mijas.es\/portal\/wp-json\/wp\/v2\/types\/page"}],"author":[{"embeddable":true,"href":"https:\/\/www.mijas.es\/portal\/wp-json\/wp\/v2\/users\/1"}],"replies":[{"embeddable":true,"href":"https:\/\/www.mijas.es\/portal\/wp-json\/wp\/v2\/comments?post=17"}],"version-history":[{"count":9,"href":"https:\/\/www.mijas.es\/portal\/wp-json\/wp\/v2\/pages\/17\/revisions"}],"predecessor-version":[{"id":52630,"href":"https:\/\/www.mijas.es\/portal\/wp-json\/wp\/v2\/pages\/17\/revisions\/52630"}],"up":[{"embeddable":true,"href":"https:\/\/www.mijas.es\/portal\/wp-json\/wp\/v2\/pages\/7"}],"wp:attachment":[{"href":"https:\/\/www.mijas.es\/portal\/wp-json\/wp\/v2\/media?parent=17"}],"curies":[{"name":"wp","href":"https:\/\/api.w.org\/{rel}","templated":true}]}}