{"id":16778,"date":"2019-04-24T06:03:41","date_gmt":"2019-04-24T06:03:41","guid":{"rendered":"http:\/\/192.168.0.42\/?page_id=16778"},"modified":"2025-10-08T09:50:36","modified_gmt":"2025-10-08T08:50:36","slug":"marco-cortes-millan","status":"publish","type":"page","link":"https:\/\/www.mijas.es\/portal\/tu-ayuntamiento\/marco-cortes-millan\/","title":{"rendered":"Marco Cort\u00e9s Mill\u00e1n"},"content":{"rendered":"\n<style>\n.profile{\nwidth: 130px;\nfloat:left;\nborder-radius: 26px;\n}\n.profile2{\nmargin-top: 14px;\nmargin-left: 10px;\nwidth: 70px;\nfloat: left;\n}\n.texto{\n  display: inline-grid;\n margin-left: 12px;\n  vertical-align: top;\n}\n.partido{\nmargin-top:6px;\n}\n.redes{\nmargin-top: 20px;\n}\n.fa {\n  padding: 20px;\n  font-size: 30px;\n  width: 55px;\n  text-align: center;\n  text-decoration: none;\n  margin: 5px 2px;\n  border-radius: 50px;\n}\n\n.fa:hover {\n    opacity: 0.7;\n}\n\n#facebook {\n  background: #3B5998;\n  color: white;\n  text-decoration: none;\n}\n\n#twitter {\n  background: #55ACEE;\n  color: white;\ntext-decoration: none;\n}\n\n#linkedin {\n  background: #007bb5;\n  color: white;\ntext-decoration: none;\n}\n\n#youtube {\n  background: #bb0000;\n  color: white;\ntext-decoration: none;\n}\n\n#instagram {\n  background: #be279b;\n  color: white;\n  text-decoration: none;\n}\n#envelope {\n  background: #999899;\n  color: white;\n  text-decoration: none;\n}\n\n<\/style>\n<link rel=\"stylesheet\" href=\"https:\/\/cdnjs.cloudflare.com\/ajax\/libs\/font-awesome\/4.7.0\/css\/font-awesome.min.css\">\n<nav>\n  <div class=\"nav nav-tabs\" id=\"nav-tab\" role=\"tablist\">\n    <!--<a class=\"nav-item nav-link active\" id=\"nav-home-tab\" data-toggle=\"tab\" href=\"#nav-home\" role=\"tab\" aria-controls=\"nav-home\" aria-selected=\"true\">Biograf\u00eda<\/a>-->\n    <a class=\"nav-item nav-link active\" id=\"nav-profile-tab\" data-toggle=\"tab\" href=\"#nav-profile\" role=\"tab\" aria-controls=\"nav-profile\" aria-selected=\"false\">Perfil<\/a>\n  <\/div>\n<\/nav>\n<!--<div class=\"tab-content\" id=\"nav-tabContent\">\n  <div class=\"tab-pane fade show active\" id=\"nav-home\" role=\"tabpanel\" aria-labelledby=\"nav-home-tab\">\n<div>\n<br>\n<img decoding=\"async\" class=\"profile\" src=\"http:\/\/www.mijas.es\/files\/adjuntos\/ayto\/CorporacionMunicipal\/fotos_concejales_psoe_web2019\/todos\/MARC%20CORTE%CC%81S.jpg\"> \n<p class=\"texto\"> <b>Fecha de nacimiento:<\/b>20\/10\/1977<\/p><br>\n<p class=\"texto\"> <b>Lugar de nacimiento:<\/b>M\u00e1laga<\/p><br>\n<p class=\"texto\"> <b>Formaci\u00f3n acad\u00e9mica:<\/b>Estudios en la Facultad de Empresariales ,<br> estudios Inmobiliarios, y estudiando idiomas actualmente ( Ingl\u00e9s )  \n<\/p> <br>\n<p class=\"texto\"> <b>Trayectoria profesional:<\/b>\nEmpresario desde el a\u00f1o 2003 (Administraci\u00f3n de Fincas). \n<\/p>\n<br>-->\n\n\n<div class=\"tab-pane fade row  show\" id=\"nav-profile\" role=\"tabpanel\" aria-labelledby=\"nav-profile-tab\">\n\t\t\t\t<!--<p style=\"text-align: justify;\">\n\t\t\t\t\t<strong>Cargos<\/strong><\/p>-->\n<div class=\"col-md-3\">\n<img decoding=\"async\" class=\"\" width=\"100%\" src=\"https:\/\/www.mijas.es\/wp-content\/uploads\/2023\/06\/PP%2006%20MARCO%20CORTE%CC%81S%20MILLA%CC%81N.jpg\">\n<\/div>\n<div class=\"col-md-9 p-3\">\n<h4><u>Cargos<\/u><\/h4>\n<div style=\"float:right\"><img decoding=\"async\" width=\"80px\" data-src=\"https:\/\/www.mijas.es\/wp-content\/uploads\/2023\/11\/100px-Logo_del_PP_(2022).png\" class=\"profile2 lazyloaded\" src=\"https:\/\/www.mijas.es\/wp-content\/uploads\/2023\/11\/100px-Logo_del_PP_(2022).png\"><noscript><img decoding=\"async\" class=\"profile2 lazy\" src=\"data:image\/svg+xml,%3Csvg%20xmlns='http:\/\/www.w3.org\/2000\/svg'%20viewBox='0%200%2080%2080'%3E%3C\/svg%3E\" data-src=\"https:\/\/www.mijas.es\/wp-content\/uploads\/2023\/11\/100px-Logo_del_PP_(2022).png\" width=\"80px\"><\/noscript><\/div>\n\t<ul>\n\t    <li style=\"text-align: justify;\">\n\t\t\t\t\t\tConcejal de PP<\/li>\n           <li style=\"text-align: justify;\">\n\t\t\t\t\t\tMedio Ambiente<\/li>\n          <li style=\"text-align: justify;\">\n\t\t\t\t\t\tMovilidad Urbana<\/li>\n          <li style=\"text-align: justify;\">\n\t\t\t\t\t\tSanidad<\/li>\n          <li style=\"text-align: justify;\">\n\t\t\t\t\t\tConsumo<\/li>\n          <li style=\"text-align: justify;\">\n\t\t\t\t\t\tBienestar Animal<\/li>\n          <li style=\"text-align: justify;\">\n\t\t\t\t\t\tRepresentante Suplente en Consejo de Administraci\u00f3n del \n                                                Consorcio de Transportes Metropolitano \u00c1rea de M\u00e1laga<\/li>\n          <li style=\"text-align: justify;\">\n\t\t\t\t\t\tRepresentante Suplente en Comit\u00e9 Ejecutivo del Consorcio de \n                                                Transportes Metropolitano \u00c1rea de M\u00e1laga<\/li>\n\t<\/ul>\n\n<h4><u>Curriculum Vitae<\/u><\/h4>\n<ul>\n\t  <li style=\"text-align: justify;\">\n                                             <a href=\"http:\/\/www.mijas.es\/wp-content\/uploads\/2025\/01\/CV-Marco%20Cort%C3%A9s%20Mill%C3%A1n.pdf\" target=\"_blank\" rel=\"noopener noreferrer\">Ver<\/a>\n\t\t\t\t\t\t<\/li>\n\t\t\t\t<\/ul>\n\n<h4><u>Contacto<\/u><\/h4>\n\n\n<a href=\"mailto:marcocortes@mijas.es?Subject=Consulta\" target=\"_blank\" id=\"envelope\" class=\"fa fa-envelope\" rel=\"noopener noreferrer\"><\/a> <a href=\"mailto:marcocortes@mijas.es?Subject=Consulta\" target=\"_blank\" rel=\"noopener noreferrer\">marcocortes@mijas.es<\/a>\n<\/ul>\n<h4><u>Retribuciones<\/u><\/h4>\n<ul>\n\t  <li style=\"text-align: justify;\">\n\t\t\t\t\t\t54.148 \u20ac\n          <\/ul>\n\n<hr>\n<p class=\"texto\"><a href=\"https:\/\/www.mijas.es\/wp-content\/uploads\/2023\/06\/16_MARCO_CORTES_MILLAN.pdf\" target=\"_blank\" rel=\"noopener\">Ver registro de actividades, bienes e intereses<\/a><\/p>\n\n<\/div>\n\n<\/div>\n","protected":false},"excerpt":{"rendered":"<p>Perfil Cargos Concejal de PP Medio Ambiente Movilidad Urbana Sanidad Consumo Bienestar Animal Representante Suplente en Consejo de Administraci\u00f3n del Consorcio de Transportes Metropolitano \u00c1rea de M\u00e1laga Representante Suplente en Comit\u00e9 Ejecutivo del Consorcio de Transportes Metropolitano \u00c1rea de M\u00e1laga Curriculum Vitae Ver Contacto marcocortes@mijas.es Retribuciones 54.148 \u20ac Ver registro de actividades, bienes e intereses<\/p>\n","protected":false},"author":4,"featured_media":0,"parent":7,"menu_order":0,"comment_status":"closed","ping_status":"closed","template":"page-departamental.php","meta":[],"_links":{"self":[{"href":"https:\/\/www.mijas.es\/portal\/wp-json\/wp\/v2\/pages\/16778"}],"collection":[{"href":"https:\/\/www.mijas.es\/portal\/wp-json\/wp\/v2\/pages"}],"about":[{"href":"https:\/\/www.mijas.es\/portal\/wp-json\/wp\/v2\/types\/page"}],"author":[{"embeddable":true,"href":"https:\/\/www.mijas.es\/portal\/wp-json\/wp\/v2\/users\/4"}],"replies":[{"embeddable":true,"href":"https:\/\/www.mijas.es\/portal\/wp-json\/wp\/v2\/comments?post=16778"}],"version-history":[{"count":23,"href":"https:\/\/www.mijas.es\/portal\/wp-json\/wp\/v2\/pages\/16778\/revisions"}],"predecessor-version":[{"id":62349,"href":"https:\/\/www.mijas.es\/portal\/wp-json\/wp\/v2\/pages\/16778\/revisions\/62349"}],"up":[{"embeddable":true,"href":"https:\/\/www.mijas.es\/portal\/wp-json\/wp\/v2\/pages\/7"}],"wp:attachment":[{"href":"https:\/\/www.mijas.es\/portal\/wp-json\/wp\/v2\/media?parent=16778"}],"curies":[{"name":"wp","href":"https:\/\/api.w.org\/{rel}","templated":true}]}}