{"id":16733,"date":"2019-04-23T11:48:59","date_gmt":"2019-04-23T11:48:59","guid":{"rendered":"http:\/\/192.168.0.42\/?page_id=16733"},"modified":"2020-04-13T14:17:43","modified_gmt":"2020-04-13T14:17:43","slug":"tramites-y-solicitudes","status":"publish","type":"page","link":"https:\/\/www.mijas.es\/portal\/inclusion-social\/tramites-y-solicitudes\/","title":{"rendered":"Tr\u00e1mites y solicitudes Bienestar Social"},"content":{"rendered":"\n<ul><li><strong> Convocatoria de Ayudas a personas con  discapacidad 2.019 <\/strong><ul><li> Listado provisional de admitidos y excluidos de la Convocatoria de  Ayudas a Personas con discapacidad &#8211; <a href=\"http:\/\/www.mijas.es\/files\/adjuntos\/Bienestar%20Social%20y%20Igualdad\/Decreto_listado%20_admitidosyexcluidosPDF2%20FIRMADO%2C%20SALIDA.pdf\">Descargar <\/a>(PDF) <\/li><li>Extracto de la convocatoria &#8211; <a rel=\"noreferrer noopener\" aria-label=\"Descargar  (abre en una nueva pesta\u00f1a)\" href=\"http:\/\/www.mijas.es\/files\/adjuntos\/Bienestar%20Social%20y%20Igualdad\/EXTRACTO CONVOCATORIA BOPMA.pdf\" target=\"_blank\">Descargar <\/a>(PDF)<\/li><li>Convocatoria &#8211; <a rel=\"noreferrer noopener\" aria-label=\"Descargar  (abre en una nueva pesta\u00f1a)\" href=\"http:\/\/www.mijas.es\/files\/adjuntos\/Bienestar%20Social%20y%20Igualdad\/CONVOCATORIA AYUDA A PERSONAS CON DISCAPACIDAD 2019.pdf\" target=\"_blank\">Descargar <\/a>&#8211; (PDF)<\/li><\/ul><\/li><\/ul>\n\n\n\n<ul><li> <strong>Convocatoria de Ayudas de Escuela de Verano 2.019<\/strong> <ul><li> Extracto de la convocatoria &#8211; <a href=\"http:\/\/www.mijas.es\/files\/adjuntos\/Bienestar%20Social%20y%20Igualdad\/escuela%20de%20verano%202019\/EXTRACTO%20DE%20LA%20CONVOCATORIA.pdf\">Descargar <\/a>(PDF)<\/li><li> Convocatoria &#8211; <a rel=\"noopener noreferrer\" href=\"http:\/\/www.mijas.es\/files\/adjuntos\/Bienestar%20Social%20y%20Igualdad\/escuela%20de%20verano%202019\/CONVOCATORIA%20ESCUELA%20DE%20VERANO%202.019.pdf\" target=\"_blank\">Descargar <\/a>(PDF) <\/li><li>Listado provisional de admitidos y excluidos &#8211; <a href=\"http:\/\/www.mijas.es\/files\/adjuntos\/Bienestar%20Social%20y%20Igualdad\/escuela%20de%20verano%202019\/Decreto%20listado%20provisional%20admitidos%20y%20excluidos%20FIRMADO%20%20SALIDA.pdf\">Descargar<\/a> (PDF)<\/li><\/ul><\/li><\/ul>\n\n\n\n<ul><li> <strong>Ordenanza Reguladora para la concesi\u00f3n de Ayudas de Emergencia Social para personas en situaci\u00f3n de vulnerabilidad o exclusi\u00f3n social<\/strong> <ul><li> Ordenanza &#8211; <a href=\"http:\/\/www.mijas.es\/files\/adjuntos\/servicios_sociales\/ORDENANZA%20PAES%20-%20PUBLICACI%C3%93N%20BOPMA.pdf\">Descargar<\/a> (PDF)<\/li><\/ul><\/li><li> <strong>Ordenanza Reguladora para la concesi\u00f3n de Ayudas para el Alquiler de Vivienda<\/strong> <ul><li> Ordenanza &#8211; <a rel=\"noopener noreferrer\" href=\"https:\/\/www.mijas.es\/files\/adjuntos\/Bienestar Social y Igualdad\/tramites\/2018\/ORDENANZA.pdf\" target=\"_blank\">Descargar <\/a>(PDF)<\/li><li> Anexo I &#8211; <a rel=\"noopener noreferrer\" href=\"https:\/\/www.mijas.es\/files\/adjuntos\/Bienestar Social y Igualdad\/tramites\/2018\/ANEXO_I.pdf\" target=\"_blank\">Descargar <\/a>(PDF)<\/li><li> Anexo II &#8211; <a rel=\"noopener noreferrer\" href=\"https:\/\/www.mijas.es\/files\/adjuntos\/Bienestar Social y Igualdad\/tramites\/2018\/ANEXO_II.pdf\" target=\"_blank\">Descargar <\/a>(PDF)<\/li><li> Anexo III &#8211; <a rel=\"noopener noreferrer\" href=\"https:\/\/www.mijas.es\/files\/adjuntos\/Bienestar Social y Igualdad\/tramites\/2018\/ANEXO_III.pdf\" target=\"_blank\">Descargar <\/a>(PDF)<\/li><li> Anexo IV &#8211; <a rel=\"noopener noreferrer\" href=\"https:\/\/www.mijas.es\/files\/adjuntos\/Bienestar Social y Igualdad\/tramites\/2018\/ANEXO_IV.pdf\" target=\"_blank\">Descargar <\/a>(PDF) <\/li><\/ul><\/li><\/ul>\n","protected":false},"excerpt":{"rendered":"<p>Convocatoria de Ayudas a personas con discapacidad 2.019 Listado provisional de admitidos y excluidos de la Convocatoria de Ayudas a Personas con discapacidad &#8211; Descargar (PDF) Extracto de la convocatoria &#8211; Descargar (PDF) Convocatoria &#8211; Descargar &#8211; (PDF) Convocatoria de Ayudas de Escuela de Verano 2.019 Extracto de la convocatoria &#8211; Descargar (PDF) Convocatoria &#8211; [&hellip;]<\/p>\n","protected":false},"author":1,"featured_media":0,"parent":16646,"menu_order":0,"comment_status":"closed","ping_status":"closed","template":"page-departamental.php","meta":[],"_links":{"self":[{"href":"https:\/\/www.mijas.es\/portal\/wp-json\/wp\/v2\/pages\/16733"}],"collection":[{"href":"https:\/\/www.mijas.es\/portal\/wp-json\/wp\/v2\/pages"}],"about":[{"href":"https:\/\/www.mijas.es\/portal\/wp-json\/wp\/v2\/types\/page"}],"author":[{"embeddable":true,"href":"https:\/\/www.mijas.es\/portal\/wp-json\/wp\/v2\/users\/1"}],"replies":[{"embeddable":true,"href":"https:\/\/www.mijas.es\/portal\/wp-json\/wp\/v2\/comments?post=16733"}],"version-history":[{"count":18,"href":"https:\/\/www.mijas.es\/portal\/wp-json\/wp\/v2\/pages\/16733\/revisions"}],"predecessor-version":[{"id":30698,"href":"https:\/\/www.mijas.es\/portal\/wp-json\/wp\/v2\/pages\/16733\/revisions\/30698"}],"up":[{"embeddable":true,"href":"https:\/\/www.mijas.es\/portal\/wp-json\/wp\/v2\/pages\/16646"}],"wp:attachment":[{"href":"https:\/\/www.mijas.es\/portal\/wp-json\/wp\/v2\/media?parent=16733"}],"curies":[{"name":"wp","href":"https:\/\/api.w.org\/{rel}","templated":true}]}}