{"id":16724,"date":"2019-04-23T11:44:54","date_gmt":"2019-04-23T11:44:54","guid":{"rendered":"http:\/\/192.168.0.42\/?page_id=16724"},"modified":"2022-11-09T16:22:16","modified_gmt":"2022-11-09T15:22:16","slug":"maria-del-carmen-marquez-romero","status":"publish","type":"page","link":"https:\/\/www.mijas.es\/portal\/tu-ayuntamiento\/maria-del-carmen-marquez-romero\/","title":{"rendered":"Mar\u00eda del Carmen M\u00e1rquez Romero"},"content":{"rendered":"\n<style>\n.profile{\nwidth: 130px;\nfloat:left;\nborder-radius: 26px;\n}\n.profile2{\nmargin-top: 14px;\nwidth: 70px;\nfloat: left;\n}\n.texto{\n  display: inline-grid;\n margin-left: 12px;\n  vertical-align: top;\n}\n.partido{\nmargin-top:6px;\n}\n.redes{\nmargin-top: 108px;\n}\n.fa {\n  padding: 20px;\n  font-size: 30px;\n  width: 55px;\n  text-align: center;\n  text-decoration: none;\n  margin: 5px 2px;\n  border-radius: 50px;\n}\n\n.fa:hover {\n    opacity: 0.7;\n}\n\n#facebook {\n  background: #3B5998;\n  color: white;\n  text-decoration: none;\n}\n\n#twitter {\n  background: #55ACEE;\n  color: white;\ntext-decoration: none;\n}\n\n#linkedin {\n  background: #007bb5;\n  color: white;\ntext-decoration: none;\n}\n\n#youtube {\n  background: #bb0000;\n  color: white;\ntext-decoration: none;\n}\n\n#instagram {\n  background: #be279b;\n  color: white;\n  text-decoration: none;\n}\n#envelope {\n  background: #999899;\n  color: white;\n  text-decoration: none;\n}\n\n<\/style>\n<link rel=\"stylesheet\" href=\"https:\/\/cdnjs.cloudflare.com\/ajax\/libs\/font-awesome\/4.7.0\/css\/font-awesome.min.css\">\n<nav>\n  <div class=\"nav nav-tabs\" id=\"nav-tab\" role=\"tablist\">\n    <a class=\"nav-item nav-link active\" id=\"nav-home-tab\" data-toggle=\"tab\" href=\"#nav-home\" role=\"tab\" aria-controls=\"nav-home\" aria-selected=\"true\">Biograf\u00eda<\/a>\n    <a class=\"nav-item nav-link\" id=\"nav-profile-tab\" data-toggle=\"tab\" href=\"#nav-profile\" role=\"tab\" aria-controls=\"nav-profile\" aria-selected=\"false\">Cargos<\/a>\n  <\/div>\n<\/nav>\n<div class=\"tab-content\" id=\"nav-tabContent\">\n  <div class=\"tab-pane fade show active\" id=\"nav-home\" role=\"tabpanel\" aria-labelledby=\"nav-home-tab\">\n<div>\n<br>\n<img decoding=\"async\" class=\"profile\" src=\"http:\/\/www.mijas.es\/files\/adjuntos\/ayto\/CorporacionMunicipal\/fotos_concejales_psoe_web2019\/ppp%20y%20vox\/CARMEN%20MARQUEZ.jpg\"> \n<p class=\"texto\"> <b>Fecha de nacimiento:<\/b><\/p><br>\n<p class=\"texto\"> <b>Lugar de nacimiento:<\/b><\/p><br>\n<p class=\"texto\"> <b>Formaci\u00f3n acad\u00e9mica:<\/b>Diplomada en Gesti\u00f3n y Administraci\u00f3n P\u00fablica <br> (Facultad de ciencias y econ\u00f3micas de M\u00e1laga).\n<\/p> <br>\n<p class=\"texto\"> <b>Trayectoria profesional:<\/b>\nTrabaj\u00f3 1 a\u00f1o en el Registro de la propiedad de Mijas, 3 a\u00f1os en la Notar\u00eda de Don Pedro Diaz Serrano de Benalmadena , y 5 a\u00f1os en Despacho de Abogados European Legal Solutions en Fuengirola\n<\/p>\n<p class=\"texto\"><a href=\"https:\/\/www.mijas.es\/wp-content\/uploads\/2022\/11\/6%20R.%20INTERESES%20M%C2%AA%20CARMEN%20MARQUEZ.pdf\">Ver registro de actividades, bienes e intereses<\/a><\/p>\n<div class=\"partido\"><img decoding=\"async\" class=\"profile2\" src=\"https:\/\/www.mijas.es\/wp-content\/uploads\/2019\/04\/a7175_Logo_PP1.png\"><\/div>\n<\/div>\n<div class=\"redes\">\n<a href=\"mailto:carmenmarquez@mijas.es?Subject=Consulta\" target=\"_blank\" id=\"envelope\" class=\"fa fa-envelope\" rel=\"noopener noreferrer\"><\/a>\n<\/div>\n<\/div>\n<div class=\"tab-pane fade\" id=\"nav-profile\" role=\"tabpanel\" aria-labelledby=\"nav-profile-tab\">\n\t\t\t\t<p style=\"text-align: justify;\">\n\t\t\t\t\t<strong>Cargos<\/strong><\/p>\n\t\t\t\t<ul>\n\t\t\t\t\t<li style=\"text-align: justify;\">\n\t\t\t\t\t\tConcejala de PP<\/li>\n\t\t\t\t<\/ul><\/div>\n<\/div>\n","protected":false},"excerpt":{"rendered":"<p>Biograf\u00eda Cargos Fecha de nacimiento: Lugar de nacimiento: Formaci\u00f3n acad\u00e9mica:Diplomada en Gesti\u00f3n y Administraci\u00f3n P\u00fablica (Facultad de ciencias y econ\u00f3micas de M\u00e1laga). Trayectoria profesional: Trabaj\u00f3 1 a\u00f1o en el Registro de la propiedad de Mijas, 3 a\u00f1os en la Notar\u00eda de Don Pedro Diaz Serrano de Benalmadena , y 5 a\u00f1os en Despacho de Abogados [&hellip;]<\/p>\n","protected":false},"author":4,"featured_media":0,"parent":7,"menu_order":0,"comment_status":"closed","ping_status":"closed","template":"page-departamental.php","meta":[],"_links":{"self":[{"href":"https:\/\/www.mijas.es\/portal\/wp-json\/wp\/v2\/pages\/16724"}],"collection":[{"href":"https:\/\/www.mijas.es\/portal\/wp-json\/wp\/v2\/pages"}],"about":[{"href":"https:\/\/www.mijas.es\/portal\/wp-json\/wp\/v2\/types\/page"}],"author":[{"embeddable":true,"href":"https:\/\/www.mijas.es\/portal\/wp-json\/wp\/v2\/users\/4"}],"replies":[{"embeddable":true,"href":"https:\/\/www.mijas.es\/portal\/wp-json\/wp\/v2\/comments?post=16724"}],"version-history":[{"count":6,"href":"https:\/\/www.mijas.es\/portal\/wp-json\/wp\/v2\/pages\/16724\/revisions"}],"predecessor-version":[{"id":48539,"href":"https:\/\/www.mijas.es\/portal\/wp-json\/wp\/v2\/pages\/16724\/revisions\/48539"}],"up":[{"embeddable":true,"href":"https:\/\/www.mijas.es\/portal\/wp-json\/wp\/v2\/pages\/7"}],"wp:attachment":[{"href":"https:\/\/www.mijas.es\/portal\/wp-json\/wp\/v2\/media?parent=16724"}],"curies":[{"name":"wp","href":"https:\/\/api.w.org\/{rel}","templated":true}]}}