{"id":16653,"date":"2019-04-23T10:50:09","date_gmt":"2019-04-23T10:50:09","guid":{"rendered":"http:\/\/192.168.0.42\/?page_id=16653"},"modified":"2025-10-08T09:56:13","modified_gmt":"2025-10-08T08:56:13","slug":"nicolas-jesus-cruz-pena","status":"publish","type":"page","link":"https:\/\/www.mijas.es\/portal\/tu-ayuntamiento\/nicolas-jesus-cruz-pena\/","title":{"rendered":"Nicol\u00e1s Jes\u00fas Cruz Pe\u00f1a"},"content":{"rendered":"\n<style>\n.profile{\nwidth: 130px;\nfloat:left;\nborder-radius: 12px;\n}\n.profile2{\nmargin-top: 14px;\nwidth: 100px;\nfloat: left;\n}\n.texto{\n  display: inline-grid;\n margin-left: 12px;\n  vertical-align: top;\n}\n.partido{\nmargin-top:6px;\n}\n.redes{\nmargin-top: 20px;\n}\n.fa {\n  padding: 20px;\n  font-size: 30px;\n  width: 55px;\n  text-align: center;\n  text-decoration: none;\n  margin: 5px 2px;\n  border-radius: 50px;\n}\n\n.fa:hover {\n    opacity: 0.7;\n}\n\n#facebook {\n  background: #3B5998;\n  color: white;\n  text-decoration: none;\n}\n\n#twitter {\n  background: #55ACEE;\n  color: white;\ntext-decoration: none;\n}\n\n#linkedin {\n  background: #007bb5;\n  color: white;\ntext-decoration: none;\n}\n\n#youtube {\n  background: #bb0000;\n  color: white;\ntext-decoration: none;\n}\n\n#instagram {\n  background: #be279b;\n  color: white;\n  text-decoration: none;\n}\n#envelope {\n  background: #999899;\n  color: white;\n  text-decoration: none;\n}\n\n<\/style>\n<link rel=\"stylesheet\" href=\"https:\/\/cdnjs.cloudflare.com\/ajax\/libs\/font-awesome\/4.7.0\/css\/font-awesome.min.css\">\n<nav>\n  <div class=\"nav nav-tabs\" id=\"nav-tab\" role=\"tablist\">\n    <!--<a class=\"nav-item nav-link active\" id=\"nav-home-tab\" data-toggle=\"tab\" href=\"#nav-home\" role=\"tab\" aria-controls=\"nav-home\" aria-selected=\"true\">Biograf\u00eda<\/a>-->\n    <a class=\"nav-item nav-link active\" id=\"nav-profile-tab\" data-toggle=\"tab\" href=\"#nav-profile\" role=\"tab\" aria-controls=\"nav-profile\" aria-selected=\"false\">Perfil<\/a>\n  <\/div>\n<\/nav>\n<!--<div class=\"tab-content\" id=\"nav-tabContent\">\n  <div class=\"tab-pane fade show active\" id=\"nav-home\" role=\"tabpanel\" aria-labelledby=\"nav-home-tab\">\n<div>\n<br>\n<img decoding=\"async\" class=\"profile\" src=\"http:\/\/www.mijas.es\/files\/adjuntos\/ayto\/CorporacionMunicipal\/fotos_concejales_psoe_web2019\/todos\/NICOLAS%20CRUZ.jpg\"> \n<p class=\"texto\"> <b>Fecha de nacimiento:<\/b><\/p><br>\n<p class=\"texto\"> <b>Lugar de nacimiento:<\/b>Mijas (M\u00e1laga) <\/p><br>\n<p class=\"texto\"> <b>Formaci\u00f3n acad\u00e9mica:<\/b>  Licenciado en Medicina y Cirug\u00eda (Universidad de M\u00e1laga)\n<br>T\u00e9cnico Superior en Orientaci\u00f3n Laboral (Universidad Antonio Nebrija)\n<br>T\u00e9cnico de Desarrollo Local y Empleo<br> (Asociaci\u00f3n Profesional de Orientadores Laborales, AOSLA)\n<\/p>\n<p class=\"texto\"> <b>Formaci\u00f3n profesional:<\/b>\n   <\/p><ul>\n\t<li>\n\t\tDocente \/ formador en \u00c1reas Sanitaria y Deportiva en entidades como Cruz Roja Espa\u00f1ola, Escuela del Deporte y la Salud MEDAC, o la Federaci\u00f3n Espa\u00f1ola de Fisioculturismo y Fitness IFBB, entre otras, con m\u00e1s de mil horas lectivas de experiencia.<\/li>\n\t<li>\n\t\tGestor del Pacto Local por el Empleo de Mijas. Programa de Adaptabilidad y Empleo por el Desarrollo de las Personas, Mijas Cualif\u00edcate.<\/li>\n\t<li>\n\t\tGestor de Pr\u00e1cticas Profesional No Laborales. Programa de Capacitaci\u00f3n para la Inserci\u00f3n Sociolaboral Mijas Cualifica.<\/li>\n\t<li>\n\t\tCoordinador de Servicios de Socorro y Emergencias en Playas y otros dispositivos sanitarios profesionales, a trav\u00e9s de Cruz Roja Espa\u00f1ola.<\/li>\n\t<li>\n\t\tResponsable de \u00c1rea de Formaci\u00f3n en Asamblea Local de Fuengirola de Cruz Roja Espa\u00f1ola.<\/li>\n\t<li>\n\t\tEditor de material divulgativo y desarrollo de estudio, en campa\u00f1as informativas sobre VIH-SIDA, uso del casco o trastornos en la conducta alimentaria, a trav\u00e9s de organizaci\u00f3n pol\u00edtica juvenil.<\/li>\n\t<li>\n\t\tParticipaci\u00f3n en diferentes conferencias y simposios sobre nutrici\u00f3n deportiva, atenci\u00f3n sanitaria en cat\u00e1strofes o intercambio de buenas pr\u00e1cticas en el apartado de desarrollo local y empleo.<\/li>\n<\/ul>\n<p><\/p>-->\n\n<div class=\"tab-pane fade row  show\" id=\"nav-profile\" role=\"tabpanel\" aria-labelledby=\"nav-profile-tab\">\n\t\t\t\t<!--<p style=\"text-align: justify;\">\n\t\t\t\t\t<strong>Cargos<\/strong><\/p>-->\n<div class=\"col-md-3\">\n<img decoding=\"async\" class=\"\" width=\"100%\" src=\"https:\/\/www.mijas.es\/wp-content\/uploads\/2023\/06\/PSOE%2007%20NICOLA%CC%81S%20JESU%CC%81S%20CRUZ%20PEN%CC%83A.jpg\">\n<\/div>\n<div class=\"col-md-9 p-3\">\n\n<h4><u>Cargos<\/u><\/h4>\n<div style=\"float:right\"><img decoding=\"async\" width=\"80px\" data-src=\"https:\/\/www.mijas.es\/wp-content\/uploads\/2019\/04\/alogo_psoe.gif\" class=\"profile2 lazyloaded\" src=\"https:\/\/www.mijas.es\/wp-content\/uploads\/2019\/04\/alogo_psoe.gif\"><noscript><img decoding=\"async\" class=\"profile2 lazy\" src=\"data:image\/svg+xml,%3Csvg%20xmlns='http:\/\/www.w3.org\/2000\/svg'%20viewBox='0%200%2080%2080'%3E%3C\/svg%3E\" data-src=\"https:\/\/www.mijas.es\/wp-content\/uploads\/2019\/04\/alogo_psoe.gif\" width=\"80px\"><\/noscript><\/div>\n\t<ul>\n\t  <li style=\"text-align: justify;\">\n\t\t\t\t\t\tConcejal de PSOE<\/li>\n\n\t\t\t\t<\/ul>\n<h4><u>Formacion<\/u><\/h4>\n<ul>\n\t  <li style=\"text-align: justify;\">\n\t\t\t\t\t\t<\/li>\n\t\t\t\t<\/ul>\n<h4><u>Contacto<\/u><\/h4>\n\n<a href=\"mailto:nicolas.cruz@mijas.es?Subject=Consulta\" target=\"_blank\" id=\"envelope\" class=\"fa fa-envelope\" rel=\"noopener noreferrer\"><\/a> <a href=\"nicolas.cruz@mijas.es?Subject=Consulta\" target=\"_blank\" rel=\"noopener noreferrer\">nicolas.cruz@mijas.es<\/a>\n<\/ul>\n<h4><u>Retribuciones<\/u><\/h4>\n<ul>\n\t  <li style=\"text-align: justify;\">\n\t\t\t\t\t\t27.074 \u20ac\n<\/ul>\n\n<hr>\n\n<p class=\"texto\"><a href=\"https:\/\/www.mijas.es\/wp-content\/uploads\/2023\/06\/7_NICOLAS_JESUS_CRUZ_PE_A.pdf\" target=\"_blank\" rel=\"noopener\">Ver registro de actividades, bienes e intereses<\/a><\/p>\n\n<\/div>\n","protected":false},"excerpt":{"rendered":"<p>Perfil Cargos Concejal de PSOE Formacion Contacto nicolas.cruz@mijas.es Retribuciones 27.074 \u20ac Ver registro de actividades, bienes e intereses<\/p>\n","protected":false},"author":4,"featured_media":0,"parent":7,"menu_order":0,"comment_status":"closed","ping_status":"closed","template":"page-departamental.php","meta":[],"_links":{"self":[{"href":"https:\/\/www.mijas.es\/portal\/wp-json\/wp\/v2\/pages\/16653"}],"collection":[{"href":"https:\/\/www.mijas.es\/portal\/wp-json\/wp\/v2\/pages"}],"about":[{"href":"https:\/\/www.mijas.es\/portal\/wp-json\/wp\/v2\/types\/page"}],"author":[{"embeddable":true,"href":"https:\/\/www.mijas.es\/portal\/wp-json\/wp\/v2\/users\/4"}],"replies":[{"embeddable":true,"href":"https:\/\/www.mijas.es\/portal\/wp-json\/wp\/v2\/comments?post=16653"}],"version-history":[{"count":31,"href":"https:\/\/www.mijas.es\/portal\/wp-json\/wp\/v2\/pages\/16653\/revisions"}],"predecessor-version":[{"id":62363,"href":"https:\/\/www.mijas.es\/portal\/wp-json\/wp\/v2\/pages\/16653\/revisions\/62363"}],"up":[{"embeddable":true,"href":"https:\/\/www.mijas.es\/portal\/wp-json\/wp\/v2\/pages\/7"}],"wp:attachment":[{"href":"https:\/\/www.mijas.es\/portal\/wp-json\/wp\/v2\/media?parent=16653"}],"curies":[{"name":"wp","href":"https:\/\/api.w.org\/{rel}","templated":true}]}}