{"id":16646,"date":"2019-04-23T10:26:33","date_gmt":"2019-04-23T10:26:33","guid":{"rendered":"http:\/\/192.168.0.42\/?page_id=16646"},"modified":"2026-04-21T10:49:37","modified_gmt":"2026-04-21T09:49:37","slug":"inclusion-social","status":"publish","type":"page","link":"https:\/\/www.mijas.es\/portal\/inclusion-social\/","title":{"rendered":"Inclusi\u00f3n Social"},"content":{"rendered":"\n<figure class=\"wp-block-image size-full is-resized\"><img decoding=\"async\" src=\"https:\/\/www.mijas.es\/wp-content\/uploads\/2024\/02\/telefonos4-1.jpg\" alt=\"\" class=\"wp-image-54442\" width=\"797\" height=\"652\" srcset=\"https:\/\/www.mijas.es\/wp-content\/uploads\/2024\/02\/telefonos4-1.jpg 1023w, https:\/\/www.mijas.es\/wp-content\/uploads\/2024\/02\/telefonos4-1-300x246.jpg 300w, https:\/\/www.mijas.es\/wp-content\/uploads\/2024\/02\/telefonos4-1-768x629.jpg 768w\" sizes=\"(max-width: 797px) 100vw, 797px\" \/><\/figure>\n\n\n\n<h3 class=\"wp-block-heading\">Como acceder a los servicios<\/h3>\n\n\n\n<p> El \u00c1rea de Servicios Sociales del Ayuntamiento de Mijas es la Delegaci\u00f3n responsable de articular el sistema p\u00fablico de Servicios Sociales, poniendo a disposici\u00f3n de las personas y de los grupos en que estas se integran, recursos, acciones y prestaciones para el logro de su pleno desarrollo, as\u00ed como la prevenci\u00f3n, tratamiento y eliminaci\u00f3n de las causas que conducen a su marginaci\u00f3n.<\/p>\n\n\n\n<p>  El Centro de Servicios Sociales y las Unidades de Trabajo Social constituyen el equipamiento b\u00e1sico y fundamental de los servicios sociales. Para ello est\u00e1n dotados de los recursos t\u00e9cnicos, materiales, humanos y presupuestarios necesarios para desarrollar las prestaciones b\u00e1sicas del sistema p\u00fablico de servicios sociales a la poblaci\u00f3n&nbsp;general del t\u00e9rmino municipal de Mijas. Nos encontramos en los tres n\u00facleos de poblaci\u00f3n: Mijas Pueblo (Plaza de la Constituci\u00f3n), Tel\u00e9fono: 952486370; La Cala (C\/ C\u00f3mpeta 6), Tel\u00e9fono: 952494320 y Las Lagunas (C\/ San Ferm\u00edn 2), Tel\u00e9fono: 952476691 .  <\/p>\n\n\n\n<p>El tel\u00e9fono y email habilitados para cualquier ayuda o consulta:<\/p>\n\n\n\n<p> correo: <a href=\"mailto:usuarios.servicios.sociales@mijas.es\">usuarios.servicios.sociales@mijas.es<\/a><br><\/p>\n\n\n\n<h3 class=\"wp-block-heading\"> Tr\u00e1mites y solicitudes <\/h3>\n\n\n\n<ul>\n<li><strong>Solicitud de informe sobre disponibilidad de vivienda para reagrupaci\u00f3n familiar.<\/strong>\n<ul>\n<li>Solicitud &#8211; <a rel=\"noreferrer noopener\" href=\"https:\/\/www.mijas.es\/wp-content\/uploads\/2026\/04\/SOLICITUD%20INFORME%20SOBRE%20VIVIENDA%20ADECUADA.pdf\" target=\"_blank\">Descargar<\/a><\/li>\n<\/ul>\n<\/li>\n\n\n\n<li><strong>Solicitud de informe de integraci\u00f3n social para Arraigo social o sociolaboral<\/strong>.\n<ul>\n<li>Formulario de solicitud &#8211; <a href=\"https:\/\/www.mijas.es\/var\/www\/html\/wp-content\/uploads\/2026\/03\/SOLICITUD%20DE%20ARRAIGO%20SOCIAL%20NUEVA%2003-03-26.pdf\" target=\"_blank\" rel=\"noreferrer noopener\">Descar<\/a><a href=\"https:\/\/www.mijas.es\/wp-content\/uploads\/2026\/03\/SOLICITUD%20DE%20ARRAIGO%20SOCIAL%20NUEVA%2003-03-26.pdf\" target=\"_blank\" rel=\"noreferrer noopener\">gar<\/a><\/li>\n<\/ul>\n<\/li>\n\n\n\n<li><strong>Convocatoria de Subvenciones a Entidades del Tercer Sector del \u00c1mbito Social.<\/strong>\n<ul>\n<li>Acuerdo JGL &#8211; <a href=\"https:\/\/www.mijas.es\/wp-content\/uploads\/2026\/01\/20251216_Certificado_Certificado%20de%20acuerdos_CERTIFICADO%20ACUERDO%20JGL%202025-0230%20%5BCertificado%20de%20acuerdo%5D.pdf\" target=\"_blank\" rel=\"noreferrer noopener\">Ver<\/a><\/li>\n\n\n\n<li>Anexo I &#8211; <a href=\"https:\/\/mijas.sedelectronica.es\/catalog\/t\/31921a31-323d-4ad6-a40c-de30c93f8986\" target=\"_blank\" rel=\"noreferrer noopener\">Solicitud<\/a><\/li>\n\n\n\n<li>Anexo II &#8211; <a href=\"https:\/\/www.mijas.es\/wp-content\/uploads\/2026\/01\/20251205_ANEXO%20II.B)%20Autorizaci%C3%B3n.pdf\" target=\"_blank\" rel=\"noreferrer noopener\">Autorizaci\u00f3n<\/a><\/li>\n\n\n\n<li>Anexo III &#8211; <a href=\"https:\/\/www.mijas.es\/wp-content\/uploads\/2026\/01\/20251205_ANEXO%20III%20-Declaraci%C3%B3n%20responsable.pdf\" target=\"_blank\" rel=\"noreferrer noopener\">Declaraci\u00f3n Responsable<\/a><\/li>\n\n\n\n<li>Anexo IV &#8211; <a href=\"https:\/\/www.mijas.es\/wp-content\/uploads\/2026\/01\/20251205_ANEXO%20IV%20-%20Protecci%C3%B3n%20de%20datos.pdf\" target=\"_blank\" rel=\"noreferrer noopener\">Protecci\u00f3n de Datos<\/a><\/li>\n\n\n\n<li>Anexo V &#8211; <a href=\"https:\/\/www.mijas.es\/wp-content\/uploads\/2026\/01\/20251205_ANEXO%20V-%20Facturas.pdf\" target=\"_blank\" rel=\"noreferrer noopener\">Facturas<\/a><\/li>\n\n\n\n<li>Anexo VI &#8211; <a href=\"https:\/\/www.mijas.es\/wp-content\/uploads\/2026\/01\/20251205_ANEXO%20VI%20-%20Cuenta%20justificativa.pdf\" target=\"_blank\" rel=\"noreferrer noopener\">Cuenta Justificativa<\/a><\/li>\n\n\n\n<li>Anexo VII &#8211; <a href=\"https:\/\/www.mijas.es\/wp-content\/uploads\/2026\/01\/20251205_ANEXO%20VII%20-%20D.%20R.%20Cumplimiento%20finalidad.pdf\" target=\"_blank\" rel=\"noreferrer noopener\">D.R. Cumplimiento Finalidad<\/a><\/li>\n\n\n\n<li>Anexo VIII &#8211; <a rel=\"noreferrer noopener\" href=\"https:\/\/www.mijas.es\/wp-content\/uploads\/2026\/01\/20251205_ANEXO%20VIII%20-%20No%20exceso%20financ.pdf\" target=\"_blank\">No Exceso financiaci\u00f3n<\/a><\/li>\n\n\n\n<li>Requerimiento de subsanaci\u00f3n de solicitudes conjunto &#8211; <a href=\"https:\/\/www.mijas.es\/wp-content\/uploads\/2026\/04\/20260416_Resoluci%C3%B3n_DECRETO%202026-3254%20%5BResoluci%C3%B3n%20PR_2026_4055%20-%20CR%20-%20M000_%20Circuito%20de%20Resoluci%C3%B3n%20Sin%20propuesta%5D%20(2).pdf\" target=\"_blank\" rel=\"noreferrer noopener\">Ver<\/a><\/li>\n<\/ul>\n<\/li>\n\n\n\n<li><strong>Reglamento del programa de Ayudas Econ\u00f3micas Familiares<\/strong>\n<ul>\n<li>Reglamento &#8211; <a rel=\"noreferrer noopener\" href=\"http:\/\/www.mijas.es\/wp-content\/uploads\/2020\/11\/4. REGLAMENTO DEL PROGRAMA AYUDAS ECONOMICAS.pdf\" target=\"_blank\">Descargar<\/a><\/li>\n\n\n\n<li>Formulario autorizaci\u00f3n consulta de datos &#8211; <a rel=\"noreferrer noopener\" href=\"https:\/\/www.mijas.es\/wp-content\/uploads\/2026\/02\/Consentimiento%20expreso%20para%20consulta%20Ayudas%20Econ%C3%B3micas%20familiares%20-rellenable.pdf\" target=\"_blank\">Descargar<\/a><\/li>\n\n\n\n<li>Anexo I &#8211; Autorizaci\u00f3n PAEF &#8211; <a href=\"https:\/\/www.mijas.es\/wp-content\/uploads\/2026\/03\/ANEXO%20I%20-%20AUTORIZACI%C3%93N%20PAEF%20-%20actualizado.doc\" target=\"_blank\" rel=\"noreferrer noopener\">Descargar<\/a><\/li>\n<\/ul>\n<\/li>\n\n\n\n<li><strong>Ordenanza Reguladora para la concesi\u00f3n de Ayudas de Emergencia Social para personas en situaci\u00f3n de vulnerabilidad o exclusi\u00f3n social<\/strong>\n<ul>\n<li>Ordenanza &#8211; <a rel=\"noreferrer noopener\" href=\"http:\/\/www.mijas.es\/files\/adjuntos\/servicios_sociales\/ORDENANZA%20PAES%20-%20PUBLICACI%C3%93N%20BOPMA.pdf\" target=\"_blank\">Descargar<\/a> (PDF)<\/li>\n<\/ul>\n<\/li>\n\n\n\n<li><strong>Ordenanza Reguladora para la concesi\u00f3n de Ayudas para el Alquiler de Vivienda<\/strong>\n<ul>\n<li>Ordenanza Reguladora &#8211; <a rel=\"noreferrer noopener\" href=\"https:\/\/www.mijas.es\/wp-content\/uploads\/2022\/06\/DOCUMENTO%202.%20Ordenanza%20original.pdf\" target=\"_blank\">Descargar<\/a> (PDF)<\/li>\n\n\n\n<li> Modificaci\u00f3n de la Ordenanza &#8211; <a rel=\"noreferrer noopener\" href=\"https:\/\/www.mijas.es\/wp-content\/uploads\/2022\/06\/MODIFICACI%C3%93N%20ORDENANZA%20REGULADORA%20AYUDAS%20ALQUILER.pdf\" target=\"_blank\">Descargar <\/a>(PDF)<\/li>\n\n\n\n<li> Anexo I &#8211; <a rel=\"noreferrer noopener\" href=\"https:\/\/www.mijas.es\/wp-content\/uploads\/2022\/06\/ANEXO%20I_Ayudas%20Vivienda.pdf\" target=\"_blank\">Descargar <\/a>(PDF)<\/li>\n\n\n\n<li> Anexo II &#8211; <a rel=\"noreferrer noopener\" href=\"https:\/\/www.mijas.es\/wp-content\/uploads\/2022\/06\/ANEXO%20II_Ayudas%20Vivienda.pdf\" target=\"_blank\">Descargar <\/a>(PDF)<\/li>\n\n\n\n<li> Anexo III &#8211; <a rel=\"noreferrer noopener\" href=\"https:\/\/www.mijas.es\/wp-content\/uploads\/2022\/06\/ANEXO%20III_Ayudas%20Vivienda.pdf\" target=\"_blank\">Descargar <\/a>(PDF)<\/li>\n\n\n\n<li> Anexo IV &#8211; <a rel=\"noreferrer noopener\" href=\"https:\/\/www.mijas.es\/wp-content\/uploads\/2022\/06\/ANEXO%20IV_Ayudas%20Vivienda.pdf\" target=\"_blank\">Descargar <\/a>(PDF) <\/li>\n\n\n\n<li>Declaraci\u00f3n Responsable &#8211; <a rel=\"noreferrer noopener\" href=\"https:\/\/www.mijas.es\/wp-content\/uploads\/2022\/06\/DECLARACI%C3%93N%20RESPONSABLE%20SALDOS%20Y%20CUENTAS.pdf\" target=\"_blank\">Descargar<\/a> (PDF)<\/li>\n<\/ul>\n<\/li>\n\n\n\n<li><strong>Exenci\u00f3n de la tasa de basura<\/strong>\n<ul>\n<li>Solicitud  &#8211; <a href=\"http:\/\/www.mijas.es\/wp-content\/uploads\/2020\/10\/3-%20SOLICITUD%20DE%20TASA%20DE%20BASURAS.pdf..pdf\">Descargar <\/a><\/li>\n<\/ul>\n<\/li>\n\n\n\n<li><strong>Familia numerosa<\/strong>\n<ul>\n<li>Declaraci\u00f3n responsable &#8211; <a href=\"http:\/\/www.mijas.es\/wp-content\/uploads\/2020\/10\/1-%20DECLARACI%C3%93N%20RESPONSABLE%20DE%20INGRESOS.%20T%C3%8DTULO%20DE%20FAMILIA%20NUMEROSA..pdf\">Descargar<\/a> <\/li>\n\n\n\n<li>Expedici\u00f3n-Renovaci\u00f3n-Modificaci\u00f3n &#8211; <a href=\"http:\/\/www.mijas.es\/wp-content\/uploads\/2020\/10\/1-%20EXPEDICI%C3%93N-RENOVACI%C3%93N-MODIFICACI%C3%93N%20DEL%20T%C3%8DTULO%20DE%20FAMILIA%20NUMEROSA.pdf\">Descargar<\/a><\/li>\n<\/ul>\n<\/li>\n\n\n\n<li><strong>Reglamento Regulador del Servicio Municipal de Ayuda a Domicilio<\/strong>.\n<ul>\n<li>Solicitud &#8211; <a rel=\"noreferrer noopener\" href=\"https:\/\/www.mijas.es\/wp-content\/uploads\/2022\/06\/SOLICITUD%20AYUDA%20A%20DOMICILIO.pdf\" target=\"_blank\">Descargar<\/a> (PDF)<\/li>\n\n\n\n<li>Consentimientos &#8211; <a rel=\"noreferrer noopener\" href=\"https:\/\/www.mijas.es\/wp-content\/uploads\/2022\/06\/CONSENTIMIENTOS.pdf\" target=\"_blank\">Descargar<\/a> (PDF)<\/li>\n<\/ul>\n<\/li>\n\n\n\n<li><strong>Reglamento del Procedimiento Para la Declaraci\u00f3n de Situaci\u00f3n de Riesgo de Menores del \u00c1rea de Servicios Sociales de Mijas.<\/strong> &#8211; <a rel=\"noreferrer noopener\" href=\"https:\/\/www.mijas.es\/wp-content\/uploads\/2022\/06\/REGLAMENTO%20DEL%20PROCEDIMIENTO%20PARA%20LA%20DECLARACI%C3%93N%20DE%20RIESGO%20DE%20MENORES.pdf\" target=\"_blank\">Ver<\/a> (PDF)<\/li>\n<\/ul>\n\n\n\n<script type=\"text\/javascript\" src=\"https:\/\/panel.voiper.es\/files\/click_to_call\/USFxC6w2irnHlXpxkoywMMEjyUDnkgVTCUqQlreIDrKfzOoRKb.js\"><\/script>\n\n<script type=\"text\/javascript\">\n\n\/\/ start click to call\n\nnew ClickToCall(\"[data-c2c=true]\")\n\n<\/script>\n","protected":false},"excerpt":{"rendered":"<p>Como acceder a los servicios El \u00c1rea de Servicios Sociales del Ayuntamiento de Mijas es la Delegaci\u00f3n responsable de articular el sistema p\u00fablico de Servicios Sociales, poniendo a disposici\u00f3n de las personas y de los grupos en que estas se integran, recursos, acciones y prestaciones para el logro de su pleno desarrollo, as\u00ed como la [&hellip;]<\/p>\n","protected":false},"author":1,"featured_media":0,"parent":0,"menu_order":0,"comment_status":"closed","ping_status":"closed","template":"page-departamental.php","meta":[],"_links":{"self":[{"href":"https:\/\/www.mijas.es\/portal\/wp-json\/wp\/v2\/pages\/16646"}],"collection":[{"href":"https:\/\/www.mijas.es\/portal\/wp-json\/wp\/v2\/pages"}],"about":[{"href":"https:\/\/www.mijas.es\/portal\/wp-json\/wp\/v2\/types\/page"}],"author":[{"embeddable":true,"href":"https:\/\/www.mijas.es\/portal\/wp-json\/wp\/v2\/users\/1"}],"replies":[{"embeddable":true,"href":"https:\/\/www.mijas.es\/portal\/wp-json\/wp\/v2\/comments?post=16646"}],"version-history":[{"count":119,"href":"https:\/\/www.mijas.es\/portal\/wp-json\/wp\/v2\/pages\/16646\/revisions"}],"predecessor-version":[{"id":64257,"href":"https:\/\/www.mijas.es\/portal\/wp-json\/wp\/v2\/pages\/16646\/revisions\/64257"}],"wp:attachment":[{"href":"https:\/\/www.mijas.es\/portal\/wp-json\/wp\/v2\/media?parent=16646"}],"curies":[{"name":"wp","href":"https:\/\/api.w.org\/{rel}","templated":true}]}}