{"id":16579,"date":"2019-04-23T09:23:54","date_gmt":"2019-04-23T09:23:54","guid":{"rendered":"http:\/\/192.168.0.42\/?page_id=16579"},"modified":"2026-01-02T13:01:47","modified_gmt":"2026-01-02T12:01:47","slug":"laura-moreno-marin","status":"publish","type":"page","link":"https:\/\/www.mijas.es\/portal\/tu-ayuntamiento\/laura-moreno-marin\/","title":{"rendered":"Laura Moreno Mar\u00edn"},"content":{"rendered":"\n<style>\n.profile{\nwidth: 130px;\nfloat:left;\nborder-radius: 12px;\n}\n.profile2{\nmargin-top: 14px;\nwidth: 100px;\nfloat: left;\n}\n.texto{\n  display: inline-grid;\n margin-left: 12px;\n  vertical-align: top;\n}\n.partido{\nmargin-top:6px;\n}\n.redes{\nmargin-top: 20px;\n}\n.fa {\n  padding: 20px;\n  font-size: 30px;\n  width: 55px;\n  text-align: center;\n  text-decoration: none;\n  margin: 5px 2px;\n  border-radius: 50px;\n}\n\n.fa:hover {\n    opacity: 0.7;\n}\n\n#facebook {\n  background: #3B5998;\n  color: white;\n  text-decoration: none;\n}\n\n#twitter {\n  background: #55ACEE;\n  color: white;\ntext-decoration: none;\n}\n\n#linkedin {\n  background: #007bb5;\n  color: white;\ntext-decoration: none;\n}\n\n#youtube {\n  background: #bb0000;\n  color: white;\ntext-decoration: none;\n}\n\n#instagram {\n  background: #be279b;\n  color: white;\n  text-decoration: none;\n}\n#envelope {\n  background: #999899;\n  color: white;\n  text-decoration: none;\n}\n\n<\/style>\n\n\n\n<link rel=\"stylesheet\" href=\"https:\/\/cdnjs.cloudflare.com\/ajax\/libs\/font-awesome\/4.7.0\/css\/font-awesome.min.css\">\n\n\n\n<nav>\n  <div class=\"nav nav-tabs\" id=\"nav-tab\" role=\"tablist\">\n    <!--<a class=\"nav-item nav-link active\" id=\"nav-home-tab\" data-toggle=\"tab\" href=\"#nav-home\" role=\"tab\" aria-controls=\"nav-home\" aria-selected=\"true\">Biograf\u00eda<\/a>-->\n    <a class=\"nav-item nav-link active\" id=\"nav-profile-tab\" data-toggle=\"tab\" href=\"#nav-profile\" role=\"tab\" aria-controls=\"nav-profile\" aria-selected=\"false\">Perfil<\/a>\n  <\/div>\n<\/nav>\n\n\n\n<!--<div class=\"tab-content\" id=\"nav-tabContent\">\n  <div class=\"tab-pane fade show active\" id=\"nav-home\" role=\"tabpanel\" aria-labelledby=\"nav-home-tab\">\n<div>\n<br>\n<figure><img decoding=\"async\" class=\"profile\" src=\"http:\/\/www.mijas.es\/files\/adjuntos\/ayto\/CorporacionMunicipal\/fotos_concejales_psoe_web2019\/todos\/LAURA%20MORENO.jpg\"><\/figure> \n<p class=\"texto\"> <b>Fecha de nacimiento:<\/b> 20\/11\/1975 <\/p><br>\n<p class=\"texto\"> <b>Lugar de nacimiento:<\/b> Mijas (M\u00e1laga)<\/p><br>\n<p class=\"texto\"> <b>Formaci\u00f3n acad\u00e9mica:<\/b> Licenciada en Derecho por la UMA. T\u00e9cnico Superior en Orientaci\u00f3n Laboral <br>\nT\u00e9cnico Superior en Gesti\u00f3n de Proyectos de formaci\u00f3n<br>\nFormadora Ocupacional<br>\nT\u00edtulo en Prevenci\u00f3n y asistencia en la violencia de G\u00e9nero<br>\nTitulo en Selecci\u00f3n de personal y gesti\u00f3n de conflictos<br>\nT\u00edtulo en Agentes sociales en la igualdad de oportunidades entre hombres y mujeres<br>\n<\/p><br>\n<p class=\"texto\"> <b>Trayectoria profesional:<\/b>\n<\/p><li>Directora Escuela Taller Atenea Consorcio de Hosteler\u00eda\n<\/li><li>T\u00e9cnica en Orientaci\u00f3n laboral e Intermediaci\u00f3n Programa de Adaptabilidad y Empleo por el desarrollo de las Personas Mijas Cualificate. Ayuntamiento de Mijas<\/li>\n<li>T\u00e9cnica del Aula Abierta por el desarrollo de las Personas. Programa de Adaptabilidad y Empleo por el desarrollo de las Personas Mijas Cualif\u00edcate. Ayuntamiento de Mijas.<\/li>\n<li>Gestora de formaci\u00f3n. Programa de formaci\u00f3n Profesional para el empleo (FPE) Junta de Andaluc\u00eda.<\/li>\n<li>Gestora de Pr\u00e1cticas Profesionales del Programa de de Adaptabilidad y Empleo por el desarrollo de las Personas Mijas Cualifica. Ayuntamiento de Mijas.<\/li>\n<li>Abogada en un despacho profesional.<\/li>-->\n\n<div class=\"tab-pane fade row  show\" id=\"nav-profile\" role=\"tabpanel\" aria-labelledby=\"nav-profile-tab\">\n\t\t\t\t<!--<p style=\"text-align: justify;\">\n\t\t\t\t\t<strong>Cargos<\/strong><\/p>-->\n<div class=\"col-md-3\">\n<img decoding=\"async\" class=\"\" width=\"100%\" src=\"https:\/\/www.mijas.es\/wp-content\/uploads\/2023\/06\/PSOE%2002%20LAURA%20MORENO%20MARI%CC%81N.jpg\">\n<\/div>\n<div class=\"col-md-9 p-3\">\n<h4><u>Cargos<\/u><\/h4>\n<div style=\"float:right\"><img decoding=\"async\" width=\"80px\" data-src=\"https:\/\/www.mijas.es\/wp-content\/uploads\/2019\/04\/alogo_psoe.gif\" class=\"profile2 lazyloaded\" src=\"https:\/\/www.mijas.es\/wp-content\/uploads\/2019\/04\/alogo_psoe.gif\"><noscript><img decoding=\"async\" class=\"profile2 lazy\" src=\"data:image\/svg+xml,%3Csvg%20xmlns='http:\/\/www.w3.org\/2000\/svg'%20viewBox='0%200%2080%2080'%3E%3C\/svg%3E\" data-src=\"https:\/\/www.mijas.es\/wp-content\/uploads\/2019\/04\/alogo_psoe.gif\" width=\"80px\"><\/noscript><\/div>\n\t<ul>\n\t  <li style=\"text-align: justify;\">\n\t\t\t\t\t\tConcejala de PSOE<\/li>\n<li style=\"text-align: justify;\">\n\t\t\t\t\t\tViceportavoz de Grupo<\/li>\n\n<\/ul>\n<h4><u>Formacion<\/u><\/h4>\n<ul>\n\t  <li style=\"text-align: justify;\">\n\t\t\t\t\t\t<\/li>\n\t\t\t\t<\/ul>\n<h4><u>Contacto<\/u><\/h4>\n\n<a href=\"mailto:laura.moreno@mijas.es?Subject=Consulta\" target=\"_blank\" id=\"envelope\" class=\"fa fa-envelope\" rel=\"noopener noreferrer\"><\/a> <a href=\"laura.moreno@mijas.es?Subject=Consulta\" target=\"_blank\" rel=\"noopener noreferrer\">laura.moreno@mijas.es<\/a>\n<\/ul>\n<h4><u>Retribuciones<\/u><\/h4>\n<ul>\n\t  <li style=\"text-align: justify;\">\n\t\t\t\t\t\t27.074 \u20ac\n<\/ul>\n\n<hr>\n\n<p class=\"texto\"><a href=\"https:\/\/www.mijas.es\/wp-content\/uploads\/2023\/06\/2_LAURA_MORENO_MARIN.pdf\" target=\"_blank\" rel=\"noopener\">Ver registro de actividades, bienes e intereses 2023<\/a><\/p>\n\n<hr>\n\n<p class=\"texto\"><a href=\"https:\/\/www.mijas.es\/wp-content\/uploads\/2025\/10\/20251008_REGISTRO%20INTERESES%20LAURA%20MORENO.pdf\" target=\"_blank\" rel=\"noopener\">Ver registro de actividades, bienes e intereses 2024<\/a><\/p>\n\n<hr>\n\n<p class=\"texto\"><a href=\"https:\/\/www.mijas.es\/wp-content\/uploads\/2026\/01\/20251219_REGISTRO%20INTERESES%20LAURA%20MORENO%202025.pdf\" target=\"_blank\" rel=\"noopener\">Ver registro de actividades, bienes e intereses 2025<\/a><\/p>\n\n<hr>\n\n<\/div>\n","protected":false},"excerpt":{"rendered":"<p>Perfil Cargos Concejala de PSOE Viceportavoz de Grupo Formacion Contacto laura.moreno@mijas.es Retribuciones 27.074 \u20ac Ver registro de actividades, bienes e intereses 2023 Ver registro de actividades, bienes e intereses 2024 Ver registro de actividades, bienes e intereses 2025<\/p>\n","protected":false},"author":4,"featured_media":0,"parent":7,"menu_order":0,"comment_status":"closed","ping_status":"closed","template":"page-departamental.php","meta":[],"_links":{"self":[{"href":"https:\/\/www.mijas.es\/portal\/wp-json\/wp\/v2\/pages\/16579"}],"collection":[{"href":"https:\/\/www.mijas.es\/portal\/wp-json\/wp\/v2\/pages"}],"about":[{"href":"https:\/\/www.mijas.es\/portal\/wp-json\/wp\/v2\/types\/page"}],"author":[{"embeddable":true,"href":"https:\/\/www.mijas.es\/portal\/wp-json\/wp\/v2\/users\/4"}],"replies":[{"embeddable":true,"href":"https:\/\/www.mijas.es\/portal\/wp-json\/wp\/v2\/comments?post=16579"}],"version-history":[{"count":33,"href":"https:\/\/www.mijas.es\/portal\/wp-json\/wp\/v2\/pages\/16579\/revisions"}],"predecessor-version":[{"id":63178,"href":"https:\/\/www.mijas.es\/portal\/wp-json\/wp\/v2\/pages\/16579\/revisions\/63178"}],"up":[{"embeddable":true,"href":"https:\/\/www.mijas.es\/portal\/wp-json\/wp\/v2\/pages\/7"}],"wp:attachment":[{"href":"https:\/\/www.mijas.es\/portal\/wp-json\/wp\/v2\/media?parent=16579"}],"curies":[{"name":"wp","href":"https:\/\/api.w.org\/{rel}","templated":true}]}}