{"id":16426,"date":"2019-04-23T09:53:17","date_gmt":"2019-04-23T09:53:17","guid":{"rendered":"http:\/\/192.168.0.42\/?page_id=16426"},"modified":"2025-10-08T09:53:49","modified_gmt":"2025-10-08T08:53:49","slug":"josele-gonzalez-perez","status":"publish","type":"page","link":"https:\/\/www.mijas.es\/portal\/tu-ayuntamiento\/josele-gonzalez-perez\/","title":{"rendered":"Josele Gonz\u00e1lez P\u00e9rez"},"content":{"rendered":"\n<style>\n.profile{\nwidth: 130px;\nfloat:left;\nborder-radius: 12px;\n}\n.profile2{\nmargin-top: 1px;\nwidth: 100px;\nfloat: left;\nmargin-left: 12px;\n}\n.texto{\n  display: inline-grid;\n margin-left: 12px;\n  vertical-align: top;\n}\n.partido{\nmargin-top:6px;\n}\n.redes{\nmargin-top: 20px;\n}\n.fa {\n  padding: 20px;\n  font-size: 30px;\n  width: 55px;\n  text-align: center;\n  text-decoration: none;\n  margin: 5px 2px;\n  border-radius: 50px;\n}\n\n.fa:hover {\n    opacity: 0.7;\n}\n\n#facebook {\n  background: #3B5998;\n  color: white;\n  text-decoration: none;\n}\n\n#twitter {\n  background: #55ACEE;\n  color: white;\ntext-decoration: none;\n}\n\n#linkedin {\n  background: #007bb5;\n  color: white;\ntext-decoration: none;\n}\n\n#youtube {\n  background: #bb0000;\n  color: white;\ntext-decoration: none;\n}\n\n#instagram {\n  background: #be279b;\n  color: white;\n  text-decoration: none;\n}\n#envelope {\n  background: #999899;\n  color: white;\n  text-decoration: none;\n}\n\n<\/style>\n<link rel=\"stylesheet\" href=\"https:\/\/cdnjs.cloudflare.com\/ajax\/libs\/font-awesome\/4.7.0\/css\/font-awesome.min.css\">\n<nav>\n  <div class=\"nav nav-tabs\" id=\"nav-tab\" role=\"tablist\">\n    <!--<a class=\"nav-item nav-link active\" id=\"nav-home-tab\" data-toggle=\"tab\" href=\"#nav-home\" role=\"tab\" aria-controls=\"nav-home\" aria-selected=\"true\">Biograf\u00eda<\/a>-->\n    <a class=\"nav-item nav-link active\" id=\"nav-profile-tab\" data-toggle=\"tab\" href=\"#nav-profile\" role=\"tab\" aria-controls=\"nav-profile\" aria-selected=\"false\">Perfil<\/a>\n  <\/div>\n<\/nav>\n<!--<div class=\"tab-content\" id=\"nav-tabContent\">\n  <div class=\"tab-pane fade show active\" id=\"nav-home\" role=\"tabpanel\" aria-labelledby=\"nav-home-tab\">\n<div>\n<br>\n<img decoding=\"async\" class=\"profile\" src=\"http:\/\/www.mijas.es\/files\/adjuntos\/ayto\/CorporacionMunicipal\/fotos_concejales_psoe_web2019\/JOSELE_GONZALEZ.jpg\"> \n<p class=\"texto\"> <b>Fecha de nacimiento:<\/b> 01\/05\/1982 <\/p><br>\n<p class=\"texto\"> <b>Lugar de nacimiento:<\/b> Mijas (M\u00e1laga)<\/p><br>\n<p class=\"texto\"> <b>Formaci\u00f3n acad\u00e9mica:<\/b> Curs\u00f3 estudios en el CEIP Virgen de la Pe\u00f1a y en el IES Las Lagunas.<br> Estudios en Derecho por la UMA y Ciencia Pol\u00edtica de la Administraci\u00f3n P\u00fablica por la UNED.<\/p> <br>\n<p class=\"texto\"> <b>Trayectoria profesional:<\/b> Ha formado parte de las directivas de diferentes colectivos juveniles de \u00e1mbito local, provincial y universitario como Casa del Estudiante y Progreso. Afiliado al PSOE y Juventudes Socialistas desde los 18 a\u00f1os donde fue Secretario General Local, Secretario de Organizaci\u00f3n Provincial y miembro del Consejo Pol\u00edtico Federal de las Juventudes Socialistas de Espa\u00f1a. \nActualmente es Secretario General del PSOE Mijas . \nHa trabajado, como socorrista, administrativo y taxista. \n<\/p>\n<p class=\"texto\"><a href=\"https:\/\/www.mijas.es\/wp-content\/uploads\/2023\/06\/1_JOSE_ANTONO_GONZALEZ_PEREZ.pdf\" target=\"_blank\" rel=\"noopener\">Ver registro de actividades, bienes e intereses<\/a><\/p>\n<div class=\"partido\"><img decoding=\"async\" class=\"profile2\" src=\"https:\/\/www.mijas.es\/wp-content\/uploads\/2019\/04\/alogo_psoe.gif\"><\/div>\n<\/div>\n<div class=\"redes\">\n<a target=\"_blank\" id=\"envelope\" class=\"fa fa-envelope\" rel=\"noopener noreferrer\"><\/a>\n<a href=\"https:\/\/www.facebook.com\/joseantonio.mijas\/\" target=\"_blank\" id=\"facebook\" class=\"fa fa-facebook\" rel=\"noopener noreferrer\"><\/a>\n<a href=\"https:\/\/twitter.com\/joselemijas\" target=\"_blank\" id=\"twitter\" class=\"fa fa-twitter\" rel=\"noopener noreferrer\"><\/a>\n<a href=\"https:\/\/www.instagram.com\/joselemijas\/?hl=es\" target=\"_blank\" id=\"instagram\" class=\"fa fa-instagram\" rel=\"noopener noreferrer\"><\/a>\n<\/div>\n<\/div>-->\n<div class=\"tab-pane fade row  show\" id=\"nav-profile\" role=\"tabpanel\" aria-labelledby=\"nav-profile-tab\">\n\t\t\t\t<!--<p style=\"text-align: justify;\">\n\t\t\t\t\t<strong>Cargos<\/strong><\/p>-->\n<div class=\"col-md-3\">\n<img decoding=\"async\" class=\"\" width=\"100%\" src=\"https:\/\/www.mijas.es\/wp-content\/uploads\/2023\/06\/PSOE%2001%20JOSELE%20GONZA%CC%81LEZ%20PE%CC%81REZ.jpg\">\n<\/div>\n<div class=\"col-md-9 p-3\">\n<h4><u>Cargos<\/u><\/h4>\n<div style=\"float:right\"><img decoding=\"async\" width=\"80px\" data-src=\"https:\/\/www.mijas.es\/wp-content\/uploads\/2019\/04\/alogo_psoe.gif\" class=\"profile2 lazyloaded\" src=\"https:\/\/www.mijas.es\/wp-content\/uploads\/2019\/04\/alogo_psoe.gif\"><noscript><img decoding=\"async\" class=\"profile2 lazy\" src=\"data:image\/svg+xml,%3Csvg%20xmlns='http:\/\/www.w3.org\/2000\/svg'%20viewBox='0%200%2080%2080'%3E%3C\/svg%3E\" data-src=\"https:\/\/www.mijas.es\/wp-content\/uploads\/2019\/04\/alogo_psoe.gif\" width=\"80px\"><\/noscript><\/div>\n\t<ul>\n\t  \n\t<li style=\"text-align: justify;\">\n\t\t                          Concejal de PSOE<\/li>\n        \n\t\t\t\t\n        <li style=\"text-align: justify;\">\n\t\t                          Diputado Diputaci\u00f3n M\u00e1laga &#8211; Portavoz PSOE<\/li>\n        \n\t\t\t\t<\/ul>\n<h4><u>Formacion<\/u><\/h4>\n<ul>\n\t  <li style=\"text-align: justify;\">\n\t\t\t\t\t\t<\/li>\n\t\t\t\t<\/ul>\n<h4><u>Contacto<\/u><\/h4>\n\n<a href=\"mailto:joseantonio.gonzalez@mijas.es?Subject=Consulta\" target=\"_blank\" id=\"envelope\" class=\"fa fa-envelope\" rel=\"noopener noreferrer\"><\/a> <a href=\"joseantonio.gonzalez@mijas.es?Subject=Consulta\" target=\"_blank\" rel=\"noopener noreferrer\">joseantonio.gonzalez@mijas.es<\/a>\n<\/ul>\n<h4><u>Retribuciones<\/u><\/h4>\n<ul>\n\t  <li style=\"text-align: justify;\">\n\t\t\t\t\t\t500 \u20ac \/ Pleno\n\n          <li style=\"text-align: justify;\">\n\t\t\t\t\t\t77.000 \u20ac \/ Diputaci\u00f3n\n<\/ul>\n\n<hr>\n\n<p class=\"texto\"><a href=\"https:\/\/www.mijas.es\/wp-content\/uploads\/2023\/06\/1_JOSE_ANTONO_GONZALEZ_PEREZ.pdf\" target=\"_blank\" rel=\"noopener\">Ver registro de actividades, bienes e intereses<\/a><\/p>\n\n<\/div>\n\n\n\n<p><\/p>\n","protected":false},"excerpt":{"rendered":"<p>Perfil Cargos Concejal de PSOE Diputado Diputaci\u00f3n M\u00e1laga &#8211; Portavoz PSOE Formacion Contacto joseantonio.gonzalez@mijas.es Retribuciones 500 \u20ac \/ Pleno 77.000 \u20ac \/ Diputaci\u00f3n Ver registro de actividades, bienes e intereses<\/p>\n","protected":false},"author":4,"featured_media":0,"parent":7,"menu_order":0,"comment_status":"closed","ping_status":"closed","template":"page-departamental.php","meta":[],"_links":{"self":[{"href":"https:\/\/www.mijas.es\/portal\/wp-json\/wp\/v2\/pages\/16426"}],"collection":[{"href":"https:\/\/www.mijas.es\/portal\/wp-json\/wp\/v2\/pages"}],"about":[{"href":"https:\/\/www.mijas.es\/portal\/wp-json\/wp\/v2\/types\/page"}],"author":[{"embeddable":true,"href":"https:\/\/www.mijas.es\/portal\/wp-json\/wp\/v2\/users\/4"}],"replies":[{"embeddable":true,"href":"https:\/\/www.mijas.es\/portal\/wp-json\/wp\/v2\/comments?post=16426"}],"version-history":[{"count":58,"href":"https:\/\/www.mijas.es\/portal\/wp-json\/wp\/v2\/pages\/16426\/revisions"}],"predecessor-version":[{"id":62357,"href":"https:\/\/www.mijas.es\/portal\/wp-json\/wp\/v2\/pages\/16426\/revisions\/62357"}],"up":[{"embeddable":true,"href":"https:\/\/www.mijas.es\/portal\/wp-json\/wp\/v2\/pages\/7"}],"wp:attachment":[{"href":"https:\/\/www.mijas.es\/portal\/wp-json\/wp\/v2\/media?parent=16426"}],"curies":[{"name":"wp","href":"https:\/\/api.w.org\/{rel}","templated":true}]}}