{"id":16,"date":"2013-01-23T19:41:25","date_gmt":"2013-01-23T19:41:25","guid":{"rendered":"http:\/\/localhost\/pruebaweb\/?p=16"},"modified":"2023-04-28T08:04:45","modified_gmt":"2023-04-28T07:04:45","slug":"codigo-buen-gobierno","status":"publish","type":"page","link":"https:\/\/www.mijas.es\/portal\/tu-ayuntamiento\/codigo-buen-gobierno\/","title":{"rendered":"C\u00f3digo Buen Gobierno Local"},"content":{"rendered":"\n<p>En la sesi\u00f3n plenaria del Excelent\u00edsimo Ayuntamiento de Mijas que tuvo  lugar el 16 de marzo de 2010 se aprob\u00f3 por unanimidad la moci\u00f3n relativa  a medidas para garantizar la transparencia y el buen gobierno en el  \u00e1mbito municipal. <\/p>\n\n\n\n<p>La Comisi\u00f3n Ejecutiva de la Federaci\u00f3n Espa\u00f1ola de Municipios y  Provincias aprob\u00f3 el 12 de diciembre de 2009 por unanimidad de todos los  grupos pol\u00edticos, el C\u00f3digo del Buen Gobierno local, que recoge los  principios transparencia y \u00e9tica p\u00fablica, junto a medidas para mejorar  la gesti\u00f3n y calidad de la democracia local. <\/p>\n\n\n\n<p>El C\u00f3digo recoge un dec\u00e1logo de principios que van desde el respeto al  ordenamiento jur\u00eddico y el compromiso con la \u00e9tica p\u00fablica y la calidad  democr\u00e1tica, hasta la defensa de los intereses generales con honradez,  objetividad, imparcialidad, austeridad y cercan\u00eda al ciudadano. Se  propone fomentar la transparencia y la democracia participativa,  trabajar por la inclusi\u00f3n social y el equilibrio territorial en los  municipios. <\/p>\n\n\n\n<p>Se propone una nueva forma de gobernar desde la cercan\u00eda, apostando por  unos Ayuntamientos modernos y eficaces y considerando el \u00e1mbito local  como espacio estrat\u00e9gico de la acci\u00f3n pol\u00edtica, el futuro de la  democracia y el desarrollo de los derechos de ciudadan\u00eda. <\/p>\n\n\n\n<p>Entre los acuerdos que se toman en el Pleno del Ayuntamiento de Mijas  est\u00e1 el de ratificar y asumir el C\u00f3digo de Buen Gobierno Local aprobado  por la Comisi\u00f3n Ejecutiva de la FEMP en su reuni\u00f3n de 15 de diciembre de  2009, velando por su cumplimiento por parte de esta Corporaci\u00f3n. <\/p>\n\n\n\n<div class=\"wp-block-button\"><a class=\"wp-block-button__link has-luminous-vivid-orange-background-color has-background wp-element-button\" href=\"https:\/\/www.mijas.es\/wp-content\/uploads\/2012\/05\/a6914_Codigo_buen_gobierno.pdf\" target=\"_blank\" rel=\"noreferrer noopener\">Descarga el C\u00f3digo de Buen Gobierno Local en PDF<\/a><\/div>\n","protected":false},"excerpt":{"rendered":"<p>En la sesi\u00f3n plenaria del Excelent\u00edsimo Ayuntamiento de Mijas que tuvo lugar el 16 de marzo de 2010 se aprob\u00f3 por unanimidad la moci\u00f3n relativa a medidas para garantizar la transparencia y el buen gobierno en el \u00e1mbito municipal. La Comisi\u00f3n Ejecutiva de la Federaci\u00f3n Espa\u00f1ola de Municipios y Provincias aprob\u00f3 el 12 de diciembre [&hellip;]<\/p>\n","protected":false},"author":1,"featured_media":0,"parent":7,"menu_order":0,"comment_status":"closed","ping_status":"open","template":"page-departamental.php","meta":[],"_links":{"self":[{"href":"https:\/\/www.mijas.es\/portal\/wp-json\/wp\/v2\/pages\/16"}],"collection":[{"href":"https:\/\/www.mijas.es\/portal\/wp-json\/wp\/v2\/pages"}],"about":[{"href":"https:\/\/www.mijas.es\/portal\/wp-json\/wp\/v2\/types\/page"}],"author":[{"embeddable":true,"href":"https:\/\/www.mijas.es\/portal\/wp-json\/wp\/v2\/users\/1"}],"replies":[{"embeddable":true,"href":"https:\/\/www.mijas.es\/portal\/wp-json\/wp\/v2\/comments?post=16"}],"version-history":[{"count":11,"href":"https:\/\/www.mijas.es\/portal\/wp-json\/wp\/v2\/pages\/16\/revisions"}],"predecessor-version":[{"id":50202,"href":"https:\/\/www.mijas.es\/portal\/wp-json\/wp\/v2\/pages\/16\/revisions\/50202"}],"up":[{"embeddable":true,"href":"https:\/\/www.mijas.es\/portal\/wp-json\/wp\/v2\/pages\/7"}],"wp:attachment":[{"href":"https:\/\/www.mijas.es\/portal\/wp-json\/wp\/v2\/media?parent=16"}],"curies":[{"name":"wp","href":"https:\/\/api.w.org\/{rel}","templated":true}]}}