{"id":15587,"date":"2019-04-16T10:56:18","date_gmt":"2019-04-16T10:56:18","guid":{"rendered":"http:\/\/192.168.0.42\/?page_id=15587"},"modified":"2026-01-02T13:00:07","modified_gmt":"2026-01-02T12:00:07","slug":"juan-carlos-maldonado-estevez","status":"publish","type":"page","link":"https:\/\/www.mijas.es\/portal\/tu-ayuntamiento\/juan-carlos-maldonado-estevez\/","title":{"rendered":"Juan Carlos Maldonado Est\u00e9vez"},"content":{"rendered":"\n<style>\n.profile{\nwidth: 170px;\nfloat:left;\nborder-radius: 12px;\n}\n.profile2{\nmargin-top: 14px;\nwidth: 140px;\nfloat: left;\n}\n.texto{\n  display: inline-grid;\n margin-left: 12px;\n  vertical-align: top;\n}\n.partido{\nmargin-top:40px;\n}\n.redes{\nmargin-top: 20px;\n}\n.fa {\n  padding: 20px;\n  font-size: 30px;\n  width: 55px;\n  text-align: center;\n  text-decoration: none;\n  margin: 5px 2px;\n  border-radius: 50px;\n}\n\n.fa:hover {\n    opacity: 0.7;\n}\n\n#facebook {\n  background: #3B5998;\n  color: white;\n  text-decoration: none;\n}\n\n#twitter {\n  background: #55ACEE;\n  color: white;\ntext-decoration: none;\n}\n\n#linkedin {\n  background: #007bb5;\n  color: white;\ntext-decoration: none;\n}\n\n#youtube {\n  background: #bb0000;\n  color: white;\ntext-decoration: none;\n}\n\n#instagram {\n  background: #be279b;\n  color: white;\n  text-decoration: none;\n}\n#envelope {\n  background: #999899;\n  color: white;\n  text-decoration: none;\n}\n\n<\/style>\n<link rel=\"stylesheet\" href=\"https:\/\/cdnjs.cloudflare.com\/ajax\/libs\/font-awesome\/4.7.0\/css\/font-awesome.min.css\">\n<nav>\n  <div class=\"nav nav-tabs\" id=\"nav-tab\" role=\"tablist\">\n    <!--<a class=\"nav-item nav-link active\" id=\"nav-home-tab\" data-toggle=\"tab\" href=\"#nav-home\" role=\"tab\" aria-controls=\"nav-home\" aria-selected=\"true\">Biograf\u00eda<\/a>-->\n    <a class=\"nav-item nav-link active\" id=\"nav-profile-tab\" data-toggle=\"tab\" href=\"#nav-profile\" role=\"tab\" aria-controls=\"nav-profile\" aria-selected=\"false\">Perfil<\/a>\n  <\/div>\n<\/nav>\n<!--<div class=\"tab-content\" id=\"nav-tabContent\">\n  <div class=\"tab-pane fade show active\" id=\"nav-home\" role=\"tabpanel\" aria-labelledby=\"nav-home-tab\">\n<div>\n<br>\n<img decoding=\"async\" class=\"profile\" src=\"http:\/\/www.mijas.es\/files\/adjuntos\/ayto\/CorporacionMunicipal\/fotos_concejales_psoe_web2019\/todos\/JUAN%20CARLOS%20MALDONADO.jpg\"> \n<p class=\"texto\"> <b>Fecha de nacimiento:<\/b> 22\/11\/1970 <\/p><br>\n<p class=\"texto\"> <b>Lugar de nacimiento:<\/b> M\u00e1laga<\/p><br>\n<p class=\"texto\"> <b>Formaci\u00f3n acad\u00e9mica:<\/b> Licenciado en Ciencias Econ\u00f3micas y Empresariales.<\/p> <br>\n<p class=\"texto\"> <b>Trayectoria profesional:<\/b> Ha trabajado como asesor fiscal, contable y laboral<\/p>\n<br>-->\n\n\n<div class=\"tab-pane fade row  show\" id=\"nav-profile\" role=\"tabpanel\" aria-labelledby=\"nav-profile-tab\">\n\t\t\t\t<!--<p style=\"text-align: justify;\">\n\t\t\t\t\t<strong>Cargos<\/strong><\/p>-->\n<div class=\"col-md-3\">\n<img decoding=\"async\" class=\"\" width=\"100%\" src=\"https:\/\/www.mijas.es\/wp-content\/uploads\/2023\/06\/PMP%2001%20JUAN%20CALROS%20MALDONADO%20ESTE%CC%81VEZ.jpg\">\n<\/div>\n<div class=\"col-md-9 p-3\">\n<h4><u>Cargos<\/u><\/h4>\n<div style=\"float:right\"><img decoding=\"async\" width=\"80px\" data-src=\"https:\/\/www.mijas.es\/wp-content\/uploads\/2023\/06\/logo-PMP.jpg\" class=\"profile2 lazyloaded\" src=\"https:\/\/www.mijas.es\/wp-content\/uploads\/2023\/06\/logo-PMP.jpg\"><noscript><img decoding=\"async\" class=\"profile2 lazy\" src=\"data:image\/svg+xml,%3Csvg%20xmlns='http:\/\/www.w3.org\/2000\/svg'%20viewBox='0%200%2080%2080'%3E%3C\/svg%3E\" data-src=\"https:\/\/www.mijas.es\/wp-content\/uploads\/2023\/06\/logo-PMP.jpg\" width=\"80px\"><\/noscript><\/div>\n\t<ul>\n\t  <li style=\"text-align: justify;\">\n\t\t\t\t\t\tConcejal Por Mi Pueblo<\/li>\n<li style=\"text-align: justify;\">\n\t\t\t\t\t\tSegundo Teniente de Alcalde<\/li>\n          <li style=\"text-align: justify;\">\n\t\t\t\t\t\tTenencia de Alcald\u00eda de La Cala<\/li>\n          <li style=\"text-align: justify;\">\n\t\t\t\t\t\tCultura<\/li>\n          <li style=\"text-align: justify;\">\n\t\t\t\t\t\tDesarrollo Econ\u00f3mico<\/li>\n<li style=\"text-align: justify;\">\n\t\t\t\t\t\tAgricultura, Caza y \n                                                Pesca<\/li>\n<li style=\"text-align: justify;\">\n\t\t\t\t\t\tFomento del Empleo<\/li>\n<li style=\"text-align: justify;\">\n\t\t\t\t\t\tOficina de Captaci\u00f3n de Fondos Europeos e Inversiones<\/li>\n<li style=\"text-align: justify;\">\n\t\t\t\t\t\tPromoci\u00f3n Tur\u00edstica del Municipio<\/li>\n<li style=\"text-align: justify;\">\n\t\t\t\t\t\tComercio<\/li>\n\t\t\t\t<\/ul>\n\n<h4><u>Curriculum Vitae<\/u><\/h4>\n<ul>\n\t  <li style=\"text-align: justify;\">\n                                             <a href=\"http:\/\/www.mijas.es\/wp-content\/uploads\/2025\/01\/CV-Juan%20Carlos%20Maldonado%20Est%C3%A9vez.pdf\" target=\"_blank\" rel=\"noopener noreferrer\">Ver<\/a>\n\t\t\t\t\t\t<\/li>\n\t\t\t\t<\/ul>\n<h4><u>Contacto<\/u><\/h4>\n\n<a href=\"mailto:juancarlosmaldonado@mijas.es?Subject=Consulta\" target=\"_blank\" id=\"envelope\" class=\"fa fa-envelope\" rel=\"noopener noreferrer\"><\/a> <a href=\"mailto:juancarlosmaldonado@mijas.es?Subject=Consulta\" target=\"_blank\" rel=\"noopener noreferrer\">juancarlosmaldonado@mijas.es<\/a>\n<\/ul>\n<h4><u>Retribuciones<\/u><\/h4>\n<ul>\n\t  <li style=\"text-align: justify;\">\n\t\t\t\t\t\t62.900 \u20ac\n<\/ul>\n\n<hr>\n<p class=\"texto\"><a href=\"https:\/\/www.mijas.es\/wp-content\/uploads\/2023\/06\/25_JUAN_CARLOS_MALDONADO_ESTEVEZ.pdf\" target=\"_blank\" rel=\"noopener\">Ver registro de actividades, bienes e intereses 2023<\/a><\/p>\n<hr>\n<p class=\"texto\"><a href=\"https:\/\/www.mijas.es\/wp-content\/uploads\/2025\/10\/20251008_REGISTRO%20INTERESES%20JUAN%20CARLOS%20MALDONADO.pdf\" target=\"_blank\" rel=\"noopener\">Ver registro de actividades, bienes e intereses 2024<\/a><\/p>\n<hr>\n<p class=\"texto\"><a href=\"https:\/\/www.mijas.es\/wp-content\/uploads\/2026\/01\/20251219_REGISTRO%20INTERESES%20JUAN%20CARLOS%20MALDONADO%202025.pdf\" target=\"_blank\" rel=\"noopener\">Ver registro de actividades, bienes e intereses 2025<\/a><\/p>\n<hr>\n<\/div>\n<\/div>\n<\/div>\n","protected":false},"excerpt":{"rendered":"<p>Perfil Cargos Concejal Por Mi Pueblo Segundo Teniente de Alcalde Tenencia de Alcald\u00eda de La Cala Cultura Desarrollo Econ\u00f3mico Agricultura, Caza y Pesca Fomento del Empleo Oficina de Captaci\u00f3n de Fondos Europeos e Inversiones Promoci\u00f3n Tur\u00edstica del Municipio Comercio Curriculum Vitae Ver Contacto juancarlosmaldonado@mijas.es Retribuciones 62.900 \u20ac Ver registro de actividades, bienes e intereses 2023 [&hellip;]<\/p>\n","protected":false},"author":4,"featured_media":0,"parent":7,"menu_order":0,"comment_status":"closed","ping_status":"closed","template":"page-departamental.php","meta":[],"_links":{"self":[{"href":"https:\/\/www.mijas.es\/portal\/wp-json\/wp\/v2\/pages\/15587"}],"collection":[{"href":"https:\/\/www.mijas.es\/portal\/wp-json\/wp\/v2\/pages"}],"about":[{"href":"https:\/\/www.mijas.es\/portal\/wp-json\/wp\/v2\/types\/page"}],"author":[{"embeddable":true,"href":"https:\/\/www.mijas.es\/portal\/wp-json\/wp\/v2\/users\/4"}],"replies":[{"embeddable":true,"href":"https:\/\/www.mijas.es\/portal\/wp-json\/wp\/v2\/comments?post=15587"}],"version-history":[{"count":67,"href":"https:\/\/www.mijas.es\/portal\/wp-json\/wp\/v2\/pages\/15587\/revisions"}],"predecessor-version":[{"id":63176,"href":"https:\/\/www.mijas.es\/portal\/wp-json\/wp\/v2\/pages\/15587\/revisions\/63176"}],"up":[{"embeddable":true,"href":"https:\/\/www.mijas.es\/portal\/wp-json\/wp\/v2\/pages\/7"}],"wp:attachment":[{"href":"https:\/\/www.mijas.es\/portal\/wp-json\/wp\/v2\/media?parent=15587"}],"curies":[{"name":"wp","href":"https:\/\/api.w.org\/{rel}","templated":true}]}}