{"id":15066,"date":"2019-04-15T09:13:29","date_gmt":"2019-04-15T09:13:29","guid":{"rendered":"http:\/\/192.168.0.42\/?page_id=15066"},"modified":"2019-04-15T09:13:47","modified_gmt":"2019-04-15T09:13:47","slug":"instalaciones-deportivas","status":"publish","type":"page","link":"https:\/\/www.mijas.es\/portal\/deportes\/instalaciones-deportivas\/","title":{"rendered":"Instalaciones Deportivas"},"content":{"rendered":"\n<h4 class=\"wp-block-heading\">Mijas Pueblo<\/h4>\n\n\n\n<ul><li>Campo de Futbol de Osunillas<ul><li><strong>Direcci\u00f3n:&nbsp;<\/strong>Carretera de Mijas a Benalm\u00e1dena, Km 1 &#8211; 29650- Mijas<\/li><li><strong>Tel\u00e9fono:&nbsp;<\/strong>952 48 55 91<\/li><\/ul><\/li><\/ul>\n\n\n\n<figure class=\"wp-block-image\"><img decoding=\"async\" src=\"https:\/\/www.mijas.es\/portal\/images\/aa4604_Campo_de_Osunillas.jpg\" alt=\"\"\/><\/figure>\n\n\n\n<ul><li>Gimnasio de Mijas Pueblo<ul><li><strong>Direcci\u00f3n:&nbsp;<\/strong>Avenida de M\u00e9jico 1. 29650 Mijas<\/li><li><strong>Tel\u00e9fono:<\/strong>&nbsp;952 48 60 94<\/li><li>Dispone de sala de usos m\u00faltiples<\/li><\/ul><\/li><\/ul>\n\n\n\n<ul><li>Pabell\u00f3n Cubierto de Osunillas<ul><li><strong>Direcci\u00f3n:&nbsp;<\/strong>Carretera de Mijas a Benalm\u00e1dena, Km 1. 29650 &#8211; Mijas<\/li><li><strong>Tel\u00e9fono:&nbsp;<\/strong>952 59 06 74<\/li><li>Dispone de sala de usos m\u00faltiples<\/li><\/ul><\/li><\/ul>\n\n\n\n<figure class=\"wp-block-image\"><img decoding=\"async\" src=\"https:\/\/www.mijas.es\/portal\/images\/aa42_IMG_6390.jpg\" alt=\"instalaciones deportivas\"\/><\/figure>\n\n\n\n<ul><li>Pista de Tenis de Osunillas<ul><li><strong>Direcci\u00f3n:&nbsp;<\/strong>Carretera de Mijas a Benalm\u00e1dena, Km 1. 29650 &#8211; Mijas<\/li><li><strong>Tel\u00e9fono:&nbsp;<\/strong>952590674<\/li><\/ul><\/li><\/ul>\n\n\n\n<ul><li>Piscina de Osunillas<ul><li><strong>Direcci\u00f3n:&nbsp;<\/strong>Carretera de Mijas a Benalm\u00e1dena, Km 1. 29650 &#8211; Mijas<\/li><\/ul><\/li><\/ul>\n\n\n\n<figure class=\"wp-block-image\"><img decoding=\"async\" src=\"https:\/\/www.mijas.es\/portal\/images\/aa8474_IMG_6391.jpg\" alt=\"\"\/><\/figure>\n\n\n\n<hr class=\"wp-block-separator\"\/>\n\n\n\n<h4 class=\"wp-block-heading\">La Cala de Mijas<\/h4>\n\n\n\n<ul><li>Campo de Futbol los Olivos<\/li><\/ul>\n\n\n\n<ul><li>Pabell\u00f3n Cubierto de La Cala<ul><li><strong>Direcci\u00f3n:<\/strong>&nbsp;Avenida Sierra de las Nieves, s\/n. 29649 La Cala de Mijas<\/li><\/ul><\/li><\/ul>\n\n\n\n<ul><li>Centro de Cultura y Deporte<ul><li><strong>Direcci\u00f3n:&nbsp;<\/strong>Bulevar de La Cala, La Cala de Mijas<\/li><li><strong>Tel\u00e9fono:&nbsp;<\/strong>952587750<\/li><\/ul><\/li><\/ul>\n\n\n\n<ul><li>Pista de Atletismo, Hip\u00f3dromo Costa del Sol<ul><li><strong>Direcci\u00f3n:&nbsp;<\/strong>Urbanizaci\u00f3n Chaparral, s\/n. 29649, Mijas<\/li><li><strong>Tel\u00e9fono:<\/strong>&nbsp;952592700<\/li><\/ul><\/li><\/ul>\n\n\n\n<figure class=\"wp-block-image\"><img decoding=\"async\" src=\"https:\/\/www.mijas.es\/portal\/images\/aa502_Pista_de_Atletismo_del_Hipodromo_2.JPG\" alt=\"\"\/><\/figure>\n\n\n\n<ul><li>Pista de Tenis, Urbanizaci\u00f3n Mijas Playa<ul><li><strong>Direcci\u00f3n:&nbsp;<\/strong>Calle Alameda, 29649, Mijas<\/li><\/ul><\/li><\/ul>\n\n\n\n<hr class=\"wp-block-separator\"\/>\n\n\n\n<h4 class=\"wp-block-heading\">Las Lagunas &#8211;&nbsp;Deportiva de Las Lagunas<\/h4>\n\n\n\n<ul><li><strong>Direcci\u00f3n:<\/strong>&nbsp;Camino del Albero, 14. 29651 &#8211; Mijas<\/li><li><strong>Tel\u00e9fono:<\/strong>&nbsp;952478241<\/li><li><strong>Fax:<\/strong>&nbsp;952479443<\/li><\/ul>\n\n\n\n<h5 class=\"wp-block-heading\">Pabell\u00f3n cubierto de Las Lagunas<\/h5>\n\n\n\n<ul><li><strong>Tel\u00e9fono:<\/strong>&nbsp;952478352<\/li><\/ul>\n\n\n\n<h5 class=\"wp-block-heading\">Campo de F\u00fatbol de Las Lagunas<\/h5>\n\n\n\n<h5 class=\"wp-block-heading\">Campo de F\u00fatbol Anexo<\/h5>\n\n\n\n<h5 class=\"wp-block-heading\">Piscina cubierta de Las Lagunas<\/h5>\n\n\n\n<h5 class=\"wp-block-heading\">Gimnasio de Las lagunas<\/h5>\n\n\n\n<h5 class=\"wp-block-heading\">Pistas Exteriores<\/h5>\n\n\n\n<ul><li>Baloncesto<\/li><li>F\u00fatbol Sala<\/li><li>Tenis<\/li><\/ul>\n\n\n\n<h5 class=\"wp-block-heading\">Pista de Front\u00f3n<\/h5>\n\n\n\n<h5 class=\"wp-block-heading\">Sala de Spinning<\/h5>\n\n\n\n<h5 class=\"wp-block-heading\">Sala de usos m\u00faltiples<\/h5>\n\n\n\n<h5 class=\"wp-block-heading\">Sauna<\/h5>\n","protected":false},"excerpt":{"rendered":"<p>Mijas Pueblo Campo de Futbol de Osunillas Direcci\u00f3n:&nbsp;Carretera de Mijas a Benalm\u00e1dena, Km 1 &#8211; 29650- Mijas Tel\u00e9fono:&nbsp;952 48 55 91 Gimnasio de Mijas Pueblo Direcci\u00f3n:&nbsp;Avenida de M\u00e9jico 1. 29650 Mijas Tel\u00e9fono:&nbsp;952 48 60 94 Dispone de sala de usos m\u00faltiples Pabell\u00f3n Cubierto de Osunillas Direcci\u00f3n:&nbsp;Carretera de Mijas a Benalm\u00e1dena, Km 1. 29650 &#8211; Mijas [&hellip;]<\/p>\n","protected":false},"author":1,"featured_media":0,"parent":13000,"menu_order":0,"comment_status":"closed","ping_status":"closed","template":"page-departamental.php","meta":[],"_links":{"self":[{"href":"https:\/\/www.mijas.es\/portal\/wp-json\/wp\/v2\/pages\/15066"}],"collection":[{"href":"https:\/\/www.mijas.es\/portal\/wp-json\/wp\/v2\/pages"}],"about":[{"href":"https:\/\/www.mijas.es\/portal\/wp-json\/wp\/v2\/types\/page"}],"author":[{"embeddable":true,"href":"https:\/\/www.mijas.es\/portal\/wp-json\/wp\/v2\/users\/1"}],"replies":[{"embeddable":true,"href":"https:\/\/www.mijas.es\/portal\/wp-json\/wp\/v2\/comments?post=15066"}],"version-history":[{"count":1,"href":"https:\/\/www.mijas.es\/portal\/wp-json\/wp\/v2\/pages\/15066\/revisions"}],"predecessor-version":[{"id":15070,"href":"https:\/\/www.mijas.es\/portal\/wp-json\/wp\/v2\/pages\/15066\/revisions\/15070"}],"up":[{"embeddable":true,"href":"https:\/\/www.mijas.es\/portal\/wp-json\/wp\/v2\/pages\/13000"}],"wp:attachment":[{"href":"https:\/\/www.mijas.es\/portal\/wp-json\/wp\/v2\/media?parent=15066"}],"curies":[{"name":"wp","href":"https:\/\/api.w.org\/{rel}","templated":true}]}}