{"id":14887,"date":"2019-04-15T08:15:38","date_gmt":"2019-04-15T08:15:38","guid":{"rendered":"http:\/\/192.168.0.42\/?page_id=14887"},"modified":"2025-09-10T11:24:50","modified_gmt":"2025-09-10T10:24:50","slug":"delegaciones-municipales","status":"publish","type":"page","link":"https:\/\/www.mijas.es\/portal\/tu-ayuntamiento\/delegaciones-municipales\/","title":{"rendered":"Delegaciones Municipales"},"content":{"rendered":"\n<style>\n \/* Style the button that is used to open and close the collapsible content *\/\n.collapsible {\n  background-color: #00919D;\n  color: #eeee;\n  cursor: pointer;\n  padding: 18px;\n  width: 100%;\n  border-radius: 10px;\n  text-align: left;\n  outline: none;\n  font-size: 15px;\n}\nul {\n  list-style: none;\n}\n\n\/* Add a background color to the button if it is clicked on (add the .active class with JS), and when you move the mouse over it (hover) *\/\n .collapsible:hover {\n  background-color: #788F98;\n}\n\n\/* Style the collapsible content. Note: hidden by default *\/\n.content {\n  padding: 0 18px;\n  display: none;\n  overflow: hidden;\n  background-color: #f1f1f1;\n} \ntable {\n  font-family: arial, sans-serif;\n  border-collapse: collapse;\n  width: 100%;\n}\n\ntd, th {\n  border: 1px solid #dddddd;\n  text-align: left;\n  padding: 8px;\n}\n\ntr:nth-child(even) {\n  background-color: #dddddd;\n}\n<\/style>\n\n\n\n<table>\n  <tbody><tr>\n    <th colspan=\"3\">DELEGACIONES MUNICIPALES<\/th> \n  <\/tr>\n\n  <tr>\n    <td><a href=\"https:\/\/www.mijas.es\/portal\/tu-ayuntamiento\/ana-carmen-mata-rico\/\">D\u00aa. ANA CARMEN MATA RICO<\/a><\/td>\n    <td>PP &#8211; ALCALDESA-PRESIDENTA<\/td>\n    <td>\n     <button class=\"collapsible\">Delegaciones<\/button>\n<div class=\"content\">\n  <ul>\n<li>&#8211; Viceportavoz segundo del Grupo Pol\u00edtico<\/li>\n<li>&#8211; \u00c1rea de Gobierno<\/li>\n<li>&#8211; Familia e Igualdad de Oportunidades<\/li>\n<li>&#8211; Representante Titular en Consejo de Administraci\u00f3n del Consorcio de Transportes Metropolitano \u00c1rea de M\u00e1laga<\/li> \n<li>&#8211; Representante Titular en Comit\u00e9 Ejecutivo del Consorcio de Transportes Metropolitano \u00c1rea de M\u00e1laga<\/li>\n<\/ul>\n<\/div>\n<\/td>\n  <\/tr>\n\n  <tr>\n    <td><a href=\"https:\/\/www.mijas.es\/tu-ayuntamiento\/lourdes-burgos-rosa\/\">D\u00aa. LOURDES BURGOS ROSA<\/a><\/td>\n    <td>PP<\/td>\n    <td><button class=\"collapsible\">Delegaciones<\/button>\n<div class=\"content\">\n  <ul>\n<li>&#8211; Viceportavoz de Grupo del Grupo Pol\u00edtico<\/li>\n<li>&#8211; Tercera Teniente Alcalde<\/li>\n<li>&#8211; Urbanismo<\/li>\n<li>&#8211; Vivienda<\/li>\n<li>&#8211; Patrimonio<\/li>\n<li>&#8211; Patrimonio Hist\u00f3rico<\/li>\n<li>&#8211; Responsabilidad Patrimonial<\/li>\n<li>&#8211; Industria<\/li>\n<\/ul>\n<\/div><\/td>\n  <\/tr>\n\n  <tr>\n    <td><a href=\"https:\/\/www.mijas.es\/tu-ayuntamiento\/mario-bravo-ramos\/\">D. MARIO BRAVO RAMOS<\/a><\/td>\n    <td>PP<\/td>\n<td>  <button class=\"collapsible\">Delegaciones<\/button>\n<div class=\"content\">\n  <ul>\n<li>&#8211; Viceportavoz segundo de Grupo<\/li>\n<li>&#8211; Concejal Secretario de la Junta de Gobierno<\/li>\n<li>&#8211; Concejal de Sociedades Municipales<\/li>\n<li>&#8211; Econom\u00eda y Hacienda<\/li>\n<li>&#8211; Estad\u00edstica<\/li>\n<li>&#8211; Extranjeros<\/li>\n<li>&#8211; Infracciones y Sanciones<\/li>\n<\/ul>\n<\/div> <\/td>\n  <\/tr>\n\n  <tr>\n    <td><a href=\"https:\/\/www.mijas.es\/tu-ayuntamiento\/silvia-marin-serrano\/\">D\u00aa. SILVIA MARIN SERRANO<\/a><\/td>\n    <td>PP<\/td>\n    <td>\n<button class=\"collapsible\">Delegaciones<\/button>\n<div class=\"content\">\n  <ul>\n<li>&#8211; Fiestas y Tradiciones<\/li>\n<li>&#8211; Mayores<\/li>\n<li>&#8211; Participaci\u00f3n Ciudadana<\/li>\n<li>&#8211; Universidad Popular<\/li>\n<li>&#8211; Recursos Humanos<\/li>\n<\/ul>\n<\/div>\n<\/td>\n  <\/tr>\n\n  <tr>\n    <td><a href=\"https:\/\/www.mijas.es\/portal\/tu-ayuntamiento\/daniel-jesus-gomez-teruel\/\">D. DANIEL JESUS GOMEZ TERUEL<\/a><\/td>\n    <td>PP<\/td>\n    <td><button class=\"collapsible\">Delegaciones<\/button>\n<div class=\"content\">\n  <ul>\n<li>&#8211; Portavoz de Grupo<\/li>\n<li>&#8211; Servicios Operativos<\/li>\n<li>&#8211; Instalaciones el\u00e9ctricas<\/li>\n<li>&#8211; Parques y Jardines<\/li>\n<li>&#8211; Playas<\/li>\n<li>&#8211; Parque M\u00f3vil<\/li>\n<\/ul>\n<\/div>\n<\/td>\n  <\/tr>\n\n<td><a href=\"https:\/\/www.mijas.es\/tu-ayuntamiento\/marco-cortes-millan\/\">D. MARCO CORTES MILLAN<\/a><\/td>\n    <td>PP<\/td>\n    <td><button class=\"collapsible\">Delegaciones<\/button>\n<div class=\"content\">\n  <ul>\n<li>&#8211; Medio Ambiente<\/li>\n<li>&#8211; Movilidad Urbana<\/li>\n<li>&#8211; Sanidad<\/li>\n<li>&#8211; Consumo<\/li>\n<li>&#8211; Bienestar Animal<\/li>\n<li>&#8211; Representante Suplente en Consejo de Administraci\u00f3n del Consorcio de Transportes Metropolitano \u00c1rea de M\u00e1laga<\/li>\n<li>&#8211; Representante Suplente en Comit\u00e9 Ejecutivo del Consorcio de Transportes Metropolitano \u00c1rea de M\u00e1laga<\/li>\n<\/ul>\n<\/div><\/td>\n<\/tr>\n\n<tr>\n    <td><a href=\"https:\/\/www.mijas.es\/portal\/tu-ayuntamiento\/melisa-manuela-ceballos-mercado\/\">D\u00aa. MELISA MANUELA CEBALLOS MERCADO<\/a><\/td>\n    <td>PP<\/td>\n    <td><button class=\"collapsible\">Delegaciones<\/button>\n<div class=\"content\">\n  <ul>\n<li>&#8211; Albergues<\/li>\n<li>&#8211; Mercado<\/li>\n<li>&#8211; Venta Ambulante<\/li>\n<li>&#8211; Juventud<\/li>\n<li>&#8211; Gesti\u00f3n de la V\u00eda P\u00fablica<\/li>\n<\/ul>\n<\/div><\/td>\n<\/tr>\n\n\n<tr>\n    <td><a href=\"https:\/\/www.mijas.es\/portal\/tu-ayuntamiento\/juan-jose-torres-trella\/\">D. JUAN JOSE TORRES TRELLA<\/a><\/td>\n    <td>PP<\/td>\n    <td><button class=\"collapsible\">Delegaciones<\/button>\n<div class=\"content\">\n  <ul>\n<li>&#8211; Infraestructuras y Obras<\/li>\n<li>&#8211; Eficiencia Energ\u00e9tica<\/li>\n<li>&#8211; Modernizaci\u00f3n Digital<\/li>\n<li>&#8211; R\u00e9gimen Interior<\/li>\n<li>&#8211; Asesor\u00eda Jur\u00eddica<\/li>\n<li>&#8211; Atenci\u00f3n Ciudadana<\/li>\n<li>&#8211; Archivo<\/li>\n<li>&#8211; Contrataci\u00f3n<\/li>\n<li>&#8211; Parejas de Hecho<\/li>\n<li>&#8211; Educaci\u00f3n<\/li>\n<\/ul>\n<\/div><\/td>\n  <\/tr>\n\n    \n<tr>\n    <td><a href=\"https:\/\/www.mijas.es\/portal\/tu-ayuntamiento\/maria-francisca-alarcon-leiva\/\">D\u00aa. MARIA FRANCISCA ALARCON LEIVA<\/a><\/td>\n    <td>PP<\/td>\n    <td><button class=\"collapsible\">Delegaciones<\/button>\n<div class=\"content\">\n  <ul>\n<li>&#8211; Deportes<\/li>\n<li>&#8211; Cementerio<\/li>\n<li>&#8211; Inclusi\u00f3n Social<\/li>\n<li>&#8211; Voluntariado<\/li>\n<\/ul>\n<\/div><\/td>\n<\/tr>\n\n<tr>\n    <td><a href=\"https:\/\/www.mijas.es\/portal\/tu-ayuntamiento\/juan-carlos-cuevas-dawson\/\">D. JUAN CARLOS CUEVAS DAWSON<\/a><\/td>\n    <td>VOX<\/td>\n    <td><button class=\"collapsible\">Delegaciones<\/button>\n<div class=\"content\">\n  <ul>\n<li>&#8211; Portavoz del Grupo Politico<\/li>\n<li>&#8211; Primer Teniente Alcalde<\/li>\n<li>&#8211; \u00c1rea de Presidencia<\/li>\n<li>&#8211; Polic\u00eda Local<\/li>\n<li>&#8211; Urbanizaciones<\/li>\n<\/ul>\n<\/div><\/td>\n<\/tr>\n\n<tr>\n    <td><a href=\"https:\/\/www.mijas.es\/portal\/tu-ayuntamiento\/francisco-jerez-gomez\/\">D. FRANCISCO JEREZ GOMEZ<\/a><\/td>\n    <td>VOX<\/td>\n    <td><button class=\"collapsible\">Delegaciones<\/button>\n<div class=\"content\">\n  <ul>\n<li>&#8211; Viceportavoz del Grupo Politico<\/li>\n<li>&#8211; Bomberos<\/li>\n<li>&#8211; Protecci\u00f3n Civil<\/li>\n<li>&#8211; Turismo<\/li>\n<\/ul>\n<\/div><\/td>\n<\/tr>\n\n<tr>\n    <td><a href=\"https:\/\/www.mijas.es\/portal\/tu-ayuntamiento\/eloy-belmonte-valenzuela\/\">D. ELOY BELMONTE VALENZUELA<\/a><\/td>\n    <td>VOX<\/td>\n    <td><button class=\"collapsible\">Delegaciones<\/button>\n<div class=\"content\">\n  <ul>\n<li>&#8211; Viceportavoz Segundo del Grupo Politico<\/li>\n<li>&#8211; Tenencia de Las Lagunas<\/li>\n<li>&#8211; Limpieza Viaria<\/li>\n<li>&#8211; Ganader\u00eda y Zonas Rurales<\/li>\n<\/ul>\n<\/div><\/td>\n<\/tr>\n\n <td><a href=\"https:\/\/www.mijas.es\/tu-ayuntamiento\/juan-carlos-maldonado-estevez\/\">D. JUAN CARLOS MALDONADO ESTEVEZ<\/a><\/td>\n    <td>PMP<\/td>\n    <td><button class=\"collapsible\">Delegaciones<\/button>\n<div class=\"content\">\n  <ul>\n<li>&#8211; Portavoz del Grupo Pol\u00edtico<\/li>\n<li>&#8211; Segundo Teniente de Alcalde<\/li>\n<li>&#8211; Tenencia de Alcald\u00eda de La Cala<\/li>\n<li>&#8211; Agricultura, Caza y Pesca<\/li>\n<li>&#8211; Cultura<\/li>\n<li>&#8211; Comercio<\/li>\n<li>&#8211; Desarrollo Econ\u00f3mico<\/li>\n<li>&#8211; Fomento del Empleo<\/li>\n<li>&#8211; Oficina de Captaci\u00f3n de Fondos Europeos e Inversiones<\/li>\n<li>&#8211; Promoci\u00f3n Tur\u00edstica del Municipio<\/li>\n<\/ul>\n<\/div><\/td>\n<\/tr>\n\n  \n<\/tbody><\/table>\n<!--\n<p>JUNTA DE GOBIERNO LOCAL<\/p>\n<p>Decreto - <a href=\"\" target=\"_blank\" rel=\"noopener noreferrer\">Ver (PDF)<\/a><\/p>\n-->\n<script>\nvar coll = document.getElementsByClassName(\"collapsible\");\nvar i;\n\nfor (i = 0; i < coll.length; i++) {\n  coll[i].addEventListener(\"click\", function() {\n    this.classList.toggle(\"active\");\n    var content = this.nextElementSibling;\n    if (content.style.display === \"block\") {\n      content.style.display = \"none\";\n    } else {\n      content.style.display = \"block\";\n    }\n  });\n} \n<\/script>\n\n\n\n<p><\/p>\n","protected":false},"excerpt":{"rendered":"<p>DELEGACIONES MUNICIPALES D\u00aa. ANA CARMEN MATA RICO PP &#8211; ALCALDESA-PRESIDENTA Delegaciones &#8211; Viceportavoz segundo del Grupo Pol\u00edtico &#8211; \u00c1rea de Gobierno &#8211; Familia e Igualdad de Oportunidades &#8211; Representante Titular en Consejo de Administraci\u00f3n del Consorcio de Transportes Metropolitano \u00c1rea de M\u00e1laga &#8211; Representante Titular en Comit\u00e9 Ejecutivo del Consorcio de Transportes Metropolitano \u00c1rea de [&hellip;]<\/p>\n","protected":false},"author":4,"featured_media":0,"parent":7,"menu_order":0,"comment_status":"closed","ping_status":"closed","template":"page-departamental.php","meta":[],"_links":{"self":[{"href":"https:\/\/www.mijas.es\/portal\/wp-json\/wp\/v2\/pages\/14887"}],"collection":[{"href":"https:\/\/www.mijas.es\/portal\/wp-json\/wp\/v2\/pages"}],"about":[{"href":"https:\/\/www.mijas.es\/portal\/wp-json\/wp\/v2\/types\/page"}],"author":[{"embeddable":true,"href":"https:\/\/www.mijas.es\/portal\/wp-json\/wp\/v2\/users\/4"}],"replies":[{"embeddable":true,"href":"https:\/\/www.mijas.es\/portal\/wp-json\/wp\/v2\/comments?post=14887"}],"version-history":[{"count":82,"href":"https:\/\/www.mijas.es\/portal\/wp-json\/wp\/v2\/pages\/14887\/revisions"}],"predecessor-version":[{"id":62128,"href":"https:\/\/www.mijas.es\/portal\/wp-json\/wp\/v2\/pages\/14887\/revisions\/62128"}],"up":[{"embeddable":true,"href":"https:\/\/www.mijas.es\/portal\/wp-json\/wp\/v2\/pages\/7"}],"wp:attachment":[{"href":"https:\/\/www.mijas.es\/portal\/wp-json\/wp\/v2\/media?parent=14887"}],"curies":[{"name":"wp","href":"https:\/\/api.w.org\/{rel}","templated":true}]}}