{"id":14793,"date":"2019-04-12T11:37:47","date_gmt":"2019-04-12T11:37:47","guid":{"rendered":"http:\/\/192.168.0.42\/?page_id=14793"},"modified":"2024-08-13T09:22:41","modified_gmt":"2024-08-13T08:22:41","slug":"via-publica","status":"publish","type":"page","link":"https:\/\/www.mijas.es\/portal\/via-publica\/","title":{"rendered":"V\u00eda P\u00fablica"},"content":{"rendered":"\n<p>El constante crecimiento de nuestro municipio, con problemas cuyo correcto tratamiento, es la mayor garant\u00eda de nuestro progreso, y sobre todo, nuestro futuro. Las continuas necesidades de renovaci\u00f3n de instalaciones, bien por antiguas, bien deterioradas o insuficientes, y la demanda de nuevos servicios que requieren, todas ellas, de autorizaci\u00f3n de la actividad que se pretende realizar en la v\u00eda p\u00fablica, de forma segura, r\u00e1pida, econ\u00f3mica y eficaz, todo ello motiva, las m\u00faltiples actuaciones que se realizan desde el \u00c1rea de V\u00eda P\u00fablica.<\/p>\n\n\n\n<p>El Departamento de V\u00eda P\u00fablica ser\u00e1 el encargado de tramitar todas \u00e9stas autorizaciones, licencias, etc., sobre el dominio p\u00fablico municipal, tales como; ocupaciones con mesas y sillas, ampliaciones de terrazas, vados, carteles, quioscos, quioscos bares, cubas, andamios, vallas de obras, ocupaciones  de v\u00eda p\u00fablica ocasionales, fijas o temporales, cortes de calles y un largo etc. El \u00c1rea de V\u00eda P\u00fablica ser\u00e1 el encargado de tramitar todas las  autorizaciones, licencias, etc., sobre la v\u00eda p\u00fablica municipal, tales como, ocupaciones con mesas y sillas, carteles, quioscos, cubas, andamios, vallas de obras, cortes de calles y un largo etc.<\/p>\n\n\n\n<p>La normativa sobre el particular se encuentra publicada en el BOP de M\u00e1laga de fecha 25 de junio de 2012, n\u00ba 121, as\u00ed como, tambi\u00e9n es de aplicaci\u00f3n las Ordenanzas de Seguridad y Convivencia Ciudadana del Ayuntamiento de Mijas, publicadas en fecha 28 de diciembre de 2010 n\u00ba 246, y las Ordenanzas Municipales Reguladoras del Servicio de Burros, Taxis, Burros-Carros y Coches de Caballos, BOP n\u00ba 25 de fecha 07 de febrero de 2012, pudi\u00e9ndose obtener todas ellas, en el apartado de Ordenanzas Municipales de la p\u00e1gina municipal del Ayuntamiento de Mijas.<\/p>\n\n\n\n<hr class=\"wp-block-separator has-css-opacity\"\/>\n\n\n\n<h3 class=\"wp-block-heading\">Departamento de V\u00eda P\u00fablica<\/h3>\n\n\n\n<h4 class=\"wp-block-heading\">Contacto<\/h4>\n\n\n\n<ul>\n<li><strong>Concejala Delegada de V\u00eda P\u00fablica e Inspecci\u00f3n:&nbsp;<\/strong>D\u00aa. Mar\u00eda Francisca Alarc\u00f3n Leiva<\/li>\n\n\n\n<li><strong>Ubicaci\u00f3n:&nbsp;<\/strong>Jefatura de Polic\u00eda Local \u2013 Camino de Co\u00edn n\u00ba 44<\/li>\n\n\n\n<li><strong>Tel\u00e9fono:&nbsp;<\/strong>952 66 44 27<\/li>\n\n\n\n<li><strong>2\u00ba Tel\u00e9fono:<\/strong>&nbsp; 952 48 59 00 <\/li>\n\n\n\n<li><strong>E-mail:<\/strong>&nbsp;<a href=\"mailto:via.publica@mijas.es\">via.publica@mijas.es<\/a><\/li>\n\n\n\n<li><strong>E-mail:<\/strong>&nbsp;<a href=\"mailto:viapublica.todos@mijas.es\">viapublica.todos@mijas.es<\/a> <\/li>\n<\/ul>\n\n\n\n<h4 class=\"wp-block-heading\">Organigrama<\/h4>\n\n\n\n<ul>\n<li><strong>\u00c1rea Administrativa:<\/strong>\n<ul>\n<li>Jefa del Negociado de V\u00eda P\u00fablica: Francisca S. Moreno P\u00e9rez<\/li>\n\n\n\n<li>Administrativo:  Roc\u00edo Fern\u00e1ndez Fortes<\/li>\n\n\n\n<li>Auxiliar Administrativo: Josefa M\u00aa Machuca Criado<\/li>\n<\/ul>\n<\/li>\n\n\n\n<li><strong>\u00c1rea de Inspecci\u00f3n:<\/strong>\n<ul>\n<li>Julio Burgos Cuevas<\/li>\n\n\n\n<li>Alejandro Su\u00e1rez Villatoro<\/li>\n\n\n\n<li>Juan Antonio Tamayo Leiva<\/li>\n<\/ul>\n<\/li>\n<\/ul>\n\n\n\n<hr class=\"wp-block-separator has-css-opacity\"\/>\n\n\n\n<h4 class=\"wp-block-heading\">Funciones<\/h4>\n\n\n\n<ul>\n<li>Ordenaci\u00f3n de la ocupaci\u00f3n e inspecci\u00f3n de la v\u00eda p\u00fablica. <\/li>\n\n\n\n<li>Autorizaciones de mercados ocasionales, ocupaciones de v\u00eda p\u00fablica temporales o fija, as\u00ed como comercio tradicional temporal.<\/li>\n\n\n\n<li>Autorizaciones de cualquier actividad; comerciales o industriales, as\u00ed como las instalaciones o actuaciones de cualquier tipo a ejercer o ubicarse en el domino p\u00fablico local de Mijas.<\/li>\n\n\n\n<li>Velar por el buen desarrollo y mantenimiento de la v\u00eda p\u00fablica.<\/li>\n\n\n\n<li>Supervisi\u00f3n y coordinaci\u00f3n del servicio de inspectores. <\/li>\n\n\n\n<li>Levantamiento de Actas y propuestas de sanciones.<\/li>\n<\/ul>\n\n\n\n<hr class=\"wp-block-separator has-css-opacity\"\/>\n\n\n\n<p><strong>MAPA DE INCIDENCIAS DE TR\u00c1FICO ACTUALES<\/strong><\/p>\n\n\n\n<figure><iframe width=\"900px\" height=\"540px\" src=\"https:\/\/www.arcgis.com\/apps\/View\/index.html?appid=cf89751f8dcc46cba231998a3fc773d1&amp;extent=-5.4052,36.0393,-3.5541,37.0729\"><\/iframe><\/figure>\n","protected":false},"excerpt":{"rendered":"<p>El constante crecimiento de nuestro municipio, con problemas cuyo correcto tratamiento, es la mayor garant\u00eda de nuestro progreso, y sobre todo, nuestro futuro. Las continuas necesidades de renovaci\u00f3n de instalaciones, bien por antiguas, bien deterioradas o insuficientes, y la demanda de nuevos servicios que requieren, todas ellas, de autorizaci\u00f3n de la actividad que se pretende [&hellip;]<\/p>\n","protected":false},"author":1,"featured_media":0,"parent":0,"menu_order":0,"comment_status":"closed","ping_status":"closed","template":"page-departamental.php","meta":[],"_links":{"self":[{"href":"https:\/\/www.mijas.es\/portal\/wp-json\/wp\/v2\/pages\/14793"}],"collection":[{"href":"https:\/\/www.mijas.es\/portal\/wp-json\/wp\/v2\/pages"}],"about":[{"href":"https:\/\/www.mijas.es\/portal\/wp-json\/wp\/v2\/types\/page"}],"author":[{"embeddable":true,"href":"https:\/\/www.mijas.es\/portal\/wp-json\/wp\/v2\/users\/1"}],"replies":[{"embeddable":true,"href":"https:\/\/www.mijas.es\/portal\/wp-json\/wp\/v2\/comments?post=14793"}],"version-history":[{"count":14,"href":"https:\/\/www.mijas.es\/portal\/wp-json\/wp\/v2\/pages\/14793\/revisions"}],"predecessor-version":[{"id":58172,"href":"https:\/\/www.mijas.es\/portal\/wp-json\/wp\/v2\/pages\/14793\/revisions\/58172"}],"wp:attachment":[{"href":"https:\/\/www.mijas.es\/portal\/wp-json\/wp\/v2\/media?parent=14793"}],"curies":[{"name":"wp","href":"https:\/\/api.w.org\/{rel}","templated":true}]}}