{"id":14720,"date":"2019-04-10T10:44:47","date_gmt":"2019-04-10T10:44:47","guid":{"rendered":"http:\/\/192.168.0.42\/?page_id=14720"},"modified":"2020-10-08T13:40:12","modified_gmt":"2020-10-08T13:40:12","slug":"datos-de-contacto","status":"publish","type":"page","link":"https:\/\/www.mijas.es\/portal\/tu-ayuntamiento\/datos-de-contacto\/","title":{"rendered":"Datos de Contacto"},"content":{"rendered":"\n<div style=\"overflow-x:auto;\">\n<table style=\"width: 100%;\" cellspacing=\"1\" cellpadding=\"5\" border=\"1\">\n\t<tbody>\n\t\t<tr>\n\t\t\t<th style=\"width: 330px; text-align: center; background-color: rgb(204, 204, 204);\">\n\t\t\t\t\u00c1reas Municipales<\/th>\n\t\t\t<th style=\"width: 233px; text-align: center; background-color: rgb(204, 204, 204);\">\n\t\t\t\tCuentas de correo<\/th>\n\t\t<\/tr>\n\t\t<tr>\n\t\t\t<td style=\"width: 330px;\">\n\t\t\t\tAdecentamiento de Inmuebles<\/td>\n\t\t\t<td style=\"width: 233px;\">\n\t\t\t\tcsedeno@mijas.es<\/td>\n\t\t<\/tr>\n\t\t<tr>\n\t\t\t<td style=\"width: 330px;\">\n\t\t\t\tAgricultura y Ganader\u00eda<\/td>\n\t\t\t<td style=\"width: 233px;\">\n\t\t\t\tmedioambiente@mijas.es<\/td>\n\t\t<\/tr>\n\t\t<tr>\n\t\t\t<td style=\"width: 330px;\">\n\t\t\t\tAlbergues<\/td>\n\t\t\t<td style=\"width: 233px;\">\n\t\t\t\talbergues@mijas.es<\/td>\n\t\t<\/tr>\n\t\t<tr>\n\t\t\t<td style=\"width: 330px;\">\n\t\t\t\tAsuntos Jur\u00eddicos<\/td>\n\t\t\t<td style=\"width: 233px;\">\n\t\t\t\tasesoria.juridica@mijas.es<\/td>\n\t\t<\/tr>\n\t\t<tr>\n\t\t\t<td style=\"width: 330px;\">\n\t\t\t\tBomberos<\/td>\n\t\t\t<td style=\"width: 233px;\">\n\t\t\t\tbomberos@mijas.es<\/td>\n\t\t<\/tr>\n\t\t<tr>\n\t\t\t<td style=\"width: 330px;\">\n\t\t\t\tCatastro<\/td>\n\t\t\t<td style=\"width: 233px;\">\n\t\t\t\tcatastro.ibi@mijas.es<\/td>\n\t\t<\/tr>\n\t\t<tr>\n\t\t\t<td style=\"width: 330px;\">\n\t\t\t\tCementerio<\/td>\n\t\t\t<td style=\"width: 233px;\">\n\t\t\t\tcementerio@mijas.es<\/td>\n\t\t<\/tr>\n\t\t<tr>\n\t\t\t<td style=\"width: 330px;\">\n\t\t\t\tCompras y Contrataciones<\/td>\n\t\t\t<td style=\"width: 233px;\">\n\t\t\t\tcontratacion@mijas.es<\/td>\n\t\t<\/tr>\n\t\t<tr>\n\t\t\t<td style=\"width: 330px;\">\n\t\t\t\tConsumo<\/td>\n\t\t\t<td style=\"width: 233px;\">\n\t\t\t\tconsumo@mijas.es<\/td>\n\t\t<\/tr>\n\t\t<tr>\n\t\t\t<td style=\"width: 330px;\">\n\t\t\t\tCultura<\/td>\n\t\t\t<td style=\"width: 233px;\">\n\t\t\t\tcultura@mijas.es<\/td>\n\t\t<\/tr>\n\t\t<tr>\n\t\t\t<td style=\"width: 330px;\">\n\t\t\t\tDisciplina Urban\u00edstica<\/td>\n\t\t\t<td style=\"width: 233px;\">\n\t\t\t\tdisciplinaurbanistica.todos@mijas.es<\/td>\n\t\t<\/tr>\n\t\t<tr>\n\t\t\t<td style=\"width: 330px;\">\n\t\t\t\tDrogodependencia y Banco de Alimentos<\/td>\n\t\t\t<td style=\"width: 233px;\">\n\t\t\t\tdrogodependencia@mijas.es<\/td>\n\t\t<\/tr>\n\t\t<tr>\n\t\t\t<td style=\"width: 330px;\">\n\t\t\t\tEdificios Municipales<\/td>\n\t\t\t<td style=\"width: 233px;\">\n\t\t\t\tpatrimonio@mijas.es<\/td>\n\t\t<\/tr>\n\t\t<tr>\n\t\t\t<td style=\"width: 330px;\">\n\t\t\t\tEducaci\u00f3n y Escuelas Infantiles<\/td>\n\t\t\t<td style=\"width: 233px;\">\n\t\t\t\teducacion@mijas.es<\/td>\n\t\t<\/tr>\n\t\t<tr>\n\t\t\t<td style=\"width: 330px;\">\n\t\t\t\tEmbellecimiento y Est\u00e9tica<\/td>\n\t\t\t<td style=\"width: 233px;\">\n\t\t\t\tcsedeno@mijas.es<\/td>\n\t\t<\/tr>\n\t\t<tr>\n\t\t\t<td style=\"width: 330px;\">\n\t\t\t\tEnerg\u00eda y Eficiencia<\/td>\n\t\t\t<td style=\"width: 233px;\">\n\t\t\t\tenergia@mijas.es<\/td>\n\t\t<\/tr>\n\t\t<tr>\n\t\t\t<td style=\"width: 330px;\">\n\t\t\t\tEstad\u00edstica<\/td>\n\t\t\t<td style=\"width: 233px;\">\n\t\t\t\testadistica@mijas.es<\/td>\n\t\t<\/tr>\n\t\t<tr>\n\t\t\t<td style=\"width: 330px;\">\n\t\t\t\tEventos y Fiestas<\/td>\n\t\t\t<td style=\"width: 233px;\">\n\t\t\t\teventos@mijas.es<\/td>\n\t\t<\/tr>\n\t\t<tr>\n\t\t\t<td style=\"width: 330px;\">\n\t\t\t\tFomento de Empleo<\/td>\n\t\t\t<td style=\"width: 233px;\">\n\t\t\t\tpromo.desa@mijas.es<\/td>\n\t\t<\/tr>\n\t\t<tr>\n\t\t\t<td style=\"width: 330px;\">\n\t\t\t\tHacienda<\/td>\n\t\t\t<td style=\"width: 233px;\">\n\t\t\t\thacienda@mijas.es<\/td>\n\t\t<\/tr>\n\t\t<tr>\n\t\t\t<td style=\"width: 330px;\">\n\t\t\t\tIgualdad y Bienestar Social<\/td>\n\t\t\t<td style=\"width: 233px;\">\n\t\t\t\tservicios.sociales@mijas.es<\/td>\n\t\t<\/tr>\n\t\t<tr>\n\t\t\t<td style=\"width: 330px;\">\n\t\t\t\tIndustria<\/td>\n\t\t\t<td style=\"width: 233px;\">\n\t\t\t\tindustria@mijas.es<\/td>\n\t\t<\/tr>\n\t\t<tr>\n\t\t\t<td style=\"width: 330px;\">\n\t\t\t\tInfraestructuras<\/td>\n\t\t\t<td style=\"width: 233px;\">\n\t\t\t\tfernando.jimenez@mijas.es<\/td>\n\t\t<\/tr>\n\t\t<tr>\n\t\t\t<td style=\"width: 330px;\">\n\t\t\t\tJuventud<\/td>\n\t\t\t<td style=\"width: 233px;\">\n\t\t\t\tjuventud@mijas.es<\/td>\n\t\t<\/tr>\n\t\t<tr>\n\t\t\t<td style=\"width: 330px;\">\n\t\t\t\tLicencias de Vados<\/td>\n\t\t\t<td style=\"width: 233px;\">\n\t\t\t\tvia.publica@mijas.es<\/td>\n\t\t<\/tr>\n\t\t<tr>\n\t\t\t<td style=\"width: 330px;\">\n\t\t\t\tMayores en Mijas-Pueblo, Las Lagunas y La Cala<\/td>\n\t\t\t<td style=\"width: 233px;\">\n\t\t\t\tmddelalinde@mijas.es<\/td>\n\t\t<\/tr>\n\t\t<tr>\n\t\t\t<td style=\"width: 330px;\">\n\t\t\t\tMedio Ambiente<\/td>\n\t\t\t<td style=\"width: 233px;\">\n\t\t\t\tmedioambiente@mijas.es<\/td>\n\t\t<\/tr>\n\t\t<tr>\n\t\t\t<td style=\"width: 330px;\">\n\t\t\t\tMedios de Comunicaci\u00f3n<\/td>\n\t\t\t<td style=\"width: 233px;\">\n\t\t\t\tprensa@mijas.es<\/td>\n\t\t<\/tr>\n\t\t<tr>\n\t\t\t<td style=\"width: 330px;\">\n\t\t\t\tMercados y Mercadillos Ordinarios<\/td>\n\t\t\t<td style=\"width: 233px;\">\n\t\t\t\tmercadillos@mijas.es<\/td>\n\t\t<\/tr>\n\t\t<tr>\n\t\t\t<td style=\"width: 330px;\">\n\t\t\t\tNotificadores<\/td>\n\t\t\t<td style=\"width: 233px;\">\n\t\t\t\tfbarranquero@mijas.es<\/td>\n\t\t<\/tr>\n\t\t<tr>\n\t\t\t<td style=\"width: 330px;\">\n\t\t\t\tNuevas Tecnolog\u00edas<\/td>\n\t\t\t<td style=\"width: 233px;\">\n\t\t\t\tinformatica@mijas.es<\/td>\n\t\t<\/tr>\n\t\t<tr>\n\t\t\t<td style=\"width: 330px;\">\n\t\t\t\tNuevos Residentes<\/td>\n\t\t\t<td style=\"width: 233px;\">\n\t\t\t\tfrd@mijas.es<\/td>\n\t\t<\/tr>\n\t\t<tr>\n\t\t\t<td style=\"width: 330px;\">\n\t\t\t\tParques y Jardines<\/td>\n\t\t\t<td style=\"width: 233px;\">\n\t\t\t\tparques@mijas.es<\/td>\n\t\t<\/tr>\n\t\t<tr>\n\t\t\t<td style=\"width: 330px;\">\n\t\t\t\tParticipaci\u00f3n Ciudadana<\/td>\n\t\t\t<td style=\"width: 233px;\">\n\t\t\t\tasociaciones@mijas.es<\/td>\n\t\t<\/tr>\n\t\t<tr>\n\t\t\t<td style=\"width: 330px;\">\n\t\t\t\tPatrimonio e Inventario<\/td>\n\t\t\t<td style=\"width: 233px;\">\n\t\t\t\tpatrimonio@mijas.es<\/td>\n\t\t<\/tr>\n\t\t<tr>\n\t\t\t<td style=\"width: 330px;\">\n\t\t\t\tPatrimonio Hist\u00f3rico<\/td>\n\t\t\t<td style=\"width: 233px;\">\n\t\t\t\tpatrimonio@mijas.es<\/td>\n\t\t<\/tr>\n\t\t<tr>\n\t\t\t<td style=\"width: 330px;\">\n\t\t\t\tPlayas<\/td>\n\t\t\t<td style=\"width: 233px;\">\n\t\t\t\tplayas@mijas.es<\/td>\n\t\t<\/tr>\n\t\t<tr>\n\t\t\t<td style=\"width: 330px;\">\n\t\t\t\tPolic\u00eda Local y Tr\u00e1fico<\/td>\n\t\t\t<td style=\"width: 233px;\">\n\t\t\t\tpolicia@mijas.es<\/td>\n\t\t<\/tr>\n\t\t<tr>\n\t\t\t<td style=\"width: 330px;\">\n\t\t\t\tPrevenci\u00f3n de Adicciones<\/td>\n\t\t\t<td style=\"width: 233px;\">\n\t\t\t\tprevencion@mijas.es<\/td>\n\t\t<\/tr>\n\t\t<tr>\n\t\t\t<td style=\"width: 330px;\">\n\t\t\t\tProtecci\u00f3n Civil<\/td>\n\t\t\t<td style=\"width: 233px;\">\n\t\t\t\tprotcivil@mijas.es<\/td>\n\t\t<\/tr>\n\t\t<tr>\n\t\t\t<td style=\"width: 330px;\">\n\t\t\t\tRecursos Humanos<\/td>\n\t\t\t<td style=\"width: 233px;\">\n\t\t\t\trecursoshumanos@mijas.es<\/td>\n\t\t<\/tr>\n\t\t<tr>\n\t\t\t<td style=\"width: 330px;\">\n\t\t\t\tSanciones<\/td>\n\t\t\t<td style=\"width: 233px;\">\n\t\t\t\tsanciones@mijas.es<\/td>\n\t\t<\/tr>\n\t\t<tr>\n\t\t\t<td style=\"width: 330px;\">\n\t\t\t\tSanidad<\/td>\n\t\t\t<td style=\"width: 233px;\">\n\t\t\t\tsanidad@mijas.es<\/td>\n\t\t<\/tr>\n\t\t<tr>\n\t\t\t<td style=\"width: 330px;\">\n\t\t\t\tServicios Operativos y Limpieza Viaria<\/td>\n\t\t\t<td style=\"width: 233px;\">\n\t\t\t\tservicios.operativos@mijas.es<\/td>\n\t\t<\/tr>\n\t\t<tr>\n\t\t\t<td style=\"width: 330px;\">\n\t\t\t\tSubastas<\/td>\n\t\t\t<td style=\"width: 233px;\">\n\t\t\t\tsubastas@mijas.es<\/td>\n\t\t<\/tr>\n\t\t<tr>\n\t\t\t<td style=\"width: 330px;\">\n\t\t\t\tTransporte y Taxis<\/td>\n\t\t\t<td style=\"width: 233px;\">\n\t\t\t\ttransportes@mijas.es<\/td>\n\t\t<\/tr>\n\t\t<tr>\n\t\t\t<td style=\"width: 330px;\">\n\t\t\t\tTurismo<\/td>\n\t\t\t<td style=\"width: 233px;\">\n\t\t\t\tturismo@mijas.es<\/td>\n\t\t<\/tr>\n\t\t<tr>\n\t\t\t<td style=\"width: 330px;\">\n\t\t\t\tUniversidad Popular<\/td>\n\t\t\t<td style=\"width: 233px;\">\n\t\t\t\tup@mijas.es<\/td>\n\t\t<\/tr>\n\t\t<tr>\n\t\t\t<td style=\"width: 330px;\">\n\t\t\t\tUrbanismo<\/td>\n\t\t\t<td style=\"width: 233px;\">\n\t\t\t\turbanismo@mijas.es<\/td>\n\t\t<\/tr>\n\t\t<tr>\n\t\t\t<td style=\"width: 330px;\">\n\t\t\t\tV\u00eda P\u00fablica e Inspecci\u00f3n<\/td>\n\t\t\t<td style=\"width: 233px;\">\n\t\t\t\tvia.publica@mijas.es<\/td>\n\t\t<\/tr>\n\t\t<tr>\n\t\t\t<td style=\"width: 330px;\">\n\t\t\t\tViveros<\/td>\n\t\t\t<td style=\"width: 233px;\">\n\t\t\t\tparques@mijas.es<\/td>\n\t\t<\/tr>\n\t\t<tr>\n\t\t\t<td style=\"width: 330px;\">\n\t\t\t\tVivienda y Obras<\/td>\n\t\t\t<td style=\"width: 233px;\">\n\t\t\t\tobrasmijas@mijas.es<\/td>\n\t\t<\/tr>\n\t\t<tr>\n\t\t\t<td style=\"width: 330px;\">\n\t\t\t\tViviendas Irregulares<\/td>\n\t\t\t<td style=\"width: 233px;\">\n\t\t\t\turbanismo@mijas.es<\/td>\n\t\t<\/tr>\n\t\t<tr>\n\t\t\t<td style=\"width: 330px;\">\n\t\t\t\tVoluntariado<\/td>\n\t\t\t<td style=\"width: 233px;\">\n\t\t\t\tvoluntariado@mijas.es<\/td>\n\t\t<\/tr>\n\t<\/tbody>\n<\/table>\n<\/div>\n<p>\n\t&nbsp;<\/p>\n","protected":false},"excerpt":{"rendered":"<p>\u00c1reas Municipales Cuentas de correo Adecentamiento de Inmuebles csedeno@mijas.es Agricultura y Ganader\u00eda medioambiente@mijas.es Albergues albergues@mijas.es Asuntos Jur\u00eddicos asesoria.juridica@mijas.es Bomberos bomberos@mijas.es Catastro catastro.ibi@mijas.es Cementerio cementerio@mijas.es Compras y Contrataciones contratacion@mijas.es Consumo consumo@mijas.es Cultura cultura@mijas.es Disciplina Urban\u00edstica disciplinaurbanistica.todos@mijas.es Drogodependencia y Banco de Alimentos drogodependencia@mijas.es Edificios Municipales patrimonio@mijas.es Educaci\u00f3n y Escuelas Infantiles educacion@mijas.es Embellecimiento y Est\u00e9tica csedeno@mijas.es Energ\u00eda y [&hellip;]<\/p>\n","protected":false},"author":4,"featured_media":0,"parent":7,"menu_order":0,"comment_status":"closed","ping_status":"closed","template":"page-departamental.php","meta":[],"_links":{"self":[{"href":"https:\/\/www.mijas.es\/portal\/wp-json\/wp\/v2\/pages\/14720"}],"collection":[{"href":"https:\/\/www.mijas.es\/portal\/wp-json\/wp\/v2\/pages"}],"about":[{"href":"https:\/\/www.mijas.es\/portal\/wp-json\/wp\/v2\/types\/page"}],"author":[{"embeddable":true,"href":"https:\/\/www.mijas.es\/portal\/wp-json\/wp\/v2\/users\/4"}],"replies":[{"embeddable":true,"href":"https:\/\/www.mijas.es\/portal\/wp-json\/wp\/v2\/comments?post=14720"}],"version-history":[{"count":4,"href":"https:\/\/www.mijas.es\/portal\/wp-json\/wp\/v2\/pages\/14720\/revisions"}],"predecessor-version":[{"id":33039,"href":"https:\/\/www.mijas.es\/portal\/wp-json\/wp\/v2\/pages\/14720\/revisions\/33039"}],"up":[{"embeddable":true,"href":"https:\/\/www.mijas.es\/portal\/wp-json\/wp\/v2\/pages\/7"}],"wp:attachment":[{"href":"https:\/\/www.mijas.es\/portal\/wp-json\/wp\/v2\/media?parent=14720"}],"curies":[{"name":"wp","href":"https:\/\/api.w.org\/{rel}","templated":true}]}}