{"id":14464,"date":"2019-04-03T12:19:45","date_gmt":"2019-04-03T12:19:45","guid":{"rendered":"http:\/\/192.168.0.42\/?page_id=14464"},"modified":"2019-04-09T09:32:39","modified_gmt":"2019-04-09T09:32:39","slug":"castillos-y-fortalezas","status":"publish","type":"page","link":"https:\/\/www.mijas.es\/portal\/patrimonio-historico\/castillos-y-fortalezas\/","title":{"rendered":"Castillos y Fortalezas"},"content":{"rendered":"\nDurante el proceso de conquista llevado a cabo por los Reyes Cat\u00f3licos en la costa malague\u00f1a entre los a\u00f1os 1485 y 1487, el territorio que posteriormente se conformar\u00eda como t\u00e9rmino municipal de Mijas hasta el a\u00f1o 1842, alberg\u00f3 en su per\u00edmetro tres recintos fortificados: la fortaleza de Mijas, la fortaleza de Osunilla y el castillo de la Fuengirola, este \u00faltimo bajo la administraci\u00f3n mije\u00f1a durante m\u00e1s de 350 a\u00f1os (1487-1841).\n\nEn 1485 las tropas cristianas tomaron el castillo de la Fuengirola y, aunque en un principio las poblaciones de Mijas y de Osunillas, dos poblaciones independientes durante la Edad Media, se rindieron a los Reyes Cat\u00f3licos, poco despu\u00e9s se volvieron a rebelar y permanecieron como las \u00fanicas poblaciones no conquistadas junto a M\u00e1laga hasta 1487, cuando se produjo su conquista definitiva.\n\nEste hecho condicion\u00f3 el futuro de sus fortalezas, pues tras la conquista y venta como esclavos de sus habitantes, los Reyes Cat\u00f3licos ordenaron la destrucci\u00f3n de las fortalezas de Mijas y de Osunilla, de las que solo nos quedan algunos lienzos de murallas y los restos de algunas de sus torres. No ocurri\u00f3 lo mismo con el castillo de la Fuengirola que por su estructura y ubicaci\u00f3n estrat\u00e9gica se sigui\u00f3 utilizando como baluarte militar hasta el siglo XIX.\n\nTodas estas fortificaciones o sus restos est\u00e1n declaradas en la actualidad Bienes de Inter\u00e9s Cultural con la categor\u00eda de Monumento.\n","protected":false},"excerpt":{"rendered":"<p>Durante el proceso de conquista llevado a cabo por los Reyes Cat\u00f3licos en la costa malague\u00f1a entre los a\u00f1os 1485 y 1487, el territorio que posteriormente se conformar\u00eda como t\u00e9rmino municipal de Mijas hasta el a\u00f1o 1842, alberg\u00f3 en su per\u00edmetro tres recintos fortificados: la fortaleza de Mijas, la fortaleza de Osunilla y el castillo [&hellip;]<\/p>\n","protected":false},"author":4,"featured_media":14654,"parent":172,"menu_order":0,"comment_status":"closed","ping_status":"closed","template":"page-departamental.php","meta":[],"_links":{"self":[{"href":"https:\/\/www.mijas.es\/portal\/wp-json\/wp\/v2\/pages\/14464"}],"collection":[{"href":"https:\/\/www.mijas.es\/portal\/wp-json\/wp\/v2\/pages"}],"about":[{"href":"https:\/\/www.mijas.es\/portal\/wp-json\/wp\/v2\/types\/page"}],"author":[{"embeddable":true,"href":"https:\/\/www.mijas.es\/portal\/wp-json\/wp\/v2\/users\/4"}],"replies":[{"embeddable":true,"href":"https:\/\/www.mijas.es\/portal\/wp-json\/wp\/v2\/comments?post=14464"}],"version-history":[{"count":1,"href":"https:\/\/www.mijas.es\/portal\/wp-json\/wp\/v2\/pages\/14464\/revisions"}],"predecessor-version":[{"id":14465,"href":"https:\/\/www.mijas.es\/portal\/wp-json\/wp\/v2\/pages\/14464\/revisions\/14465"}],"up":[{"embeddable":true,"href":"https:\/\/www.mijas.es\/portal\/wp-json\/wp\/v2\/pages\/172"}],"wp:featuredmedia":[{"embeddable":true,"href":"https:\/\/www.mijas.es\/portal\/wp-json\/wp\/v2\/media\/14654"}],"wp:attachment":[{"href":"https:\/\/www.mijas.es\/portal\/wp-json\/wp\/v2\/media?parent=14464"}],"curies":[{"name":"wp","href":"https:\/\/api.w.org\/{rel}","templated":true}]}}