{"id":14458,"date":"2019-04-03T10:52:45","date_gmt":"2019-04-03T10:52:45","guid":{"rendered":"http:\/\/192.168.0.42\/?page_id=14458"},"modified":"2019-04-09T09:28:14","modified_gmt":"2019-04-09T09:28:14","slug":"villa-romana-de-la-butibamba","status":"publish","type":"page","link":"https:\/\/www.mijas.es\/portal\/patrimonio-historico\/villa-romana-de-la-butibamba\/","title":{"rendered":"Villa Romana de la Butibamba"},"content":{"rendered":"\n<p>\n\tEVOLUCI\u00d3N HIST\u00d3RICO-CULTURAL DEL YACIMIENTO<\/p>\n<table class=\"table-bordered\" style=\"width: 100%;\" cellspacing=\"1\" cellpadding=\"1\" border=\"1\">\n\t<thead>\n\t\t<tr>\n\t\t\t<th scope=\"col\" style=\"width: 50%;\">\n\t\t\t\tPeriodo Hist\u00f3rico<\/th>\n\t\t\t<th scope=\"col\">\n\t\t\t\tEstructuras<\/th>\n\t\t<\/tr>\n\t<\/thead>\n\t<tbody>\n\t\t<tr>\n\t\t\t<td>\n\t\t\t\t&nbsp;Bajo Imperio romano<\/td>\n\t\t\t<td>\n\t\t\t\t&nbsp;Termas<\/td>\n\t\t<\/tr>\n\t\t<tr>\n\t\t\t<td>\n\t\t\t\t&nbsp;\u00c9poca romana<\/td>\n\t\t\t<td>\n\t\t\t\t&nbsp;Villa<\/td>\n\t\t<\/tr>\n\t<\/tbody>\n<\/table>\n<p style=\"text-align: justify;\">\n\t<br>\n\tSe encontraba situada muy cerca de la costa sobre un terreno llano, pr\u00f3ximo al estuario que entonces exist\u00eda en la actual desembocadura del arroyo de la Cala del Moral (Cala de Mijas). Se trata de una villa de mediados del siglo I que fue reutilizada y modificada en numerosas ocasiones durante m\u00e1s de 300 a\u00f1os.<br>\n\t<br>\n\tLos movimientos de tierra ocasionados para la construcci\u00f3n de un edificio de apartamentos, motivaron el descubrimiento de los restos de esta villa romana, la cual fue excavada durante tres campa\u00f1as en los a\u00f1os 1986, 1987 y 1989 y durante las mismas se delimitaron tres \u00e1reas principales: una urbana residencial y dos r\u00fasticas destinadas a actividades econ\u00f3micas. Tambi\u00e9n se localizaron dos soler\u00edas de mosaicos en las habitaciones meridionales del patio norte correspondientes a la zona urbana, junto con dos habitaciones pertenecientes a unas termas, destacando principalmente uno de los mosaicos con una superficie de unos 50 m2.<br>\n\t<br>\n\tLa importancia de los restos localizados hizo que por parte de la administraci\u00f3n auton\u00f3mica se iniciase en 1986 el proceso para su declaraci\u00f3n como Bien de Inter\u00e9s Cultural.<br>\n\t<br>\n\tTras su excavaci\u00f3n, y a pesar de que la Junta de Andaluc\u00eda estableci\u00f3 que la zona excavada, especialmente los mosaicos, quedara descubierta para su visita, todos los restos arqueol\u00f3gicos, a pesar de su gran importancia, quedaron cubiertos por la soler\u00eda de la planta baja de dicho edificio de apartamentos, al parecer protegidos por una cubierta de arena, por lo que a d\u00eda de hoy no es posible su visita ni tan siquiera su contemplaci\u00f3n.<br>\n\t<br>\n\tAl no existir ninguna publicaci\u00f3n sobre los resultados de las excavaciones, no podemos efectuar una descripci\u00f3n concreta de esta villa, pero al seguir la mayor parte de las villas romanas conocidas en la costa malague\u00f1a un patr\u00f3n de asentamiento y constructivo similares, hacemos una descripci\u00f3n gen\u00e9rica de las mismas.<br>\n\t<br>\n\tLas villas romanas de la costa malague\u00f1a se asientan, en su gran mayor\u00eda, junto a la l\u00ednea costera y junto a la desembocadura de un r\u00edo o arroyo, y adem\u00e1s tienen una similar estructura constructiva:<br>\n\t<br>\n\t\u00b7 Una zona residencial de cierto lujo (pars urbana) donde viv\u00eda el propietario de la finca, su familia y sus hu\u00e9spedes y que contaba con todo tipo de comodidades.<br>\n\t\u00b7 Una zona (pars rustica) destinada a la residencia de la mano de obra (libre o esclava) y del personal vinculado a la gesti\u00f3n de la explotaci\u00f3n.<br>\n\t\u00b7 Una zona productiva (pars frumentaria) donde ten\u00edan lugar las actividades de elaboraci\u00f3n, conservaci\u00f3n y almacenaje de la producci\u00f3n agr\u00edcola o pesquera destinada a la producci\u00f3n de alimentos y enseres, tanto para las necesidades del asentamiento como para su comercializaci\u00f3n.<br>\n\t<br>\n\tLos propietarios de estas villas, dentro de su mayor o menor poder econ\u00f3mico, intentaban emular la forma de vida de las \u00e9lites romanas y en la zona residencial de las villas no faltaban elementos como suelos de mosaicos de diversa tem\u00e1tica (dom\u00e9stica o mitol\u00f3gica), paredes de estuco, termas o ba\u00f1os, patios con estatuas, etc., mientras que en la zona productiva dispon\u00edan de hornos para la producci\u00f3n cer\u00e1mica, piletas para la fabricaci\u00f3n de salazones de pescado como el garum, muy demando en Roma, etc.<\/p>\n","protected":false},"excerpt":{"rendered":"<p>EVOLUCI\u00d3N HIST\u00d3RICO-CULTURAL DEL YACIMIENTO Periodo Hist\u00f3rico Estructuras &nbsp;Bajo Imperio romano &nbsp;Termas &nbsp;\u00c9poca romana &nbsp;Villa Se encontraba situada muy cerca de la costa sobre un terreno llano, pr\u00f3ximo al estuario que entonces exist\u00eda en la actual desembocadura del arroyo de la Cala del Moral (Cala de Mijas). Se trata de una villa de mediados del siglo [&hellip;]<\/p>\n","protected":false},"author":4,"featured_media":14654,"parent":172,"menu_order":0,"comment_status":"closed","ping_status":"closed","template":"page-departamental.php","meta":[],"_links":{"self":[{"href":"https:\/\/www.mijas.es\/portal\/wp-json\/wp\/v2\/pages\/14458"}],"collection":[{"href":"https:\/\/www.mijas.es\/portal\/wp-json\/wp\/v2\/pages"}],"about":[{"href":"https:\/\/www.mijas.es\/portal\/wp-json\/wp\/v2\/types\/page"}],"author":[{"embeddable":true,"href":"https:\/\/www.mijas.es\/portal\/wp-json\/wp\/v2\/users\/4"}],"replies":[{"embeddable":true,"href":"https:\/\/www.mijas.es\/portal\/wp-json\/wp\/v2\/comments?post=14458"}],"version-history":[{"count":2,"href":"https:\/\/www.mijas.es\/portal\/wp-json\/wp\/v2\/pages\/14458\/revisions"}],"predecessor-version":[{"id":14657,"href":"https:\/\/www.mijas.es\/portal\/wp-json\/wp\/v2\/pages\/14458\/revisions\/14657"}],"up":[{"embeddable":true,"href":"https:\/\/www.mijas.es\/portal\/wp-json\/wp\/v2\/pages\/172"}],"wp:featuredmedia":[{"embeddable":true,"href":"https:\/\/www.mijas.es\/portal\/wp-json\/wp\/v2\/media\/14654"}],"wp:attachment":[{"href":"https:\/\/www.mijas.es\/portal\/wp-json\/wp\/v2\/media?parent=14458"}],"curies":[{"name":"wp","href":"https:\/\/api.w.org\/{rel}","templated":true}]}}