{"id":14456,"date":"2019-04-03T10:43:16","date_gmt":"2019-04-03T10:43:16","guid":{"rendered":"http:\/\/192.168.0.42\/?page_id=14456"},"modified":"2023-04-28T08:30:06","modified_gmt":"2023-04-28T07:30:06","slug":"yacimiento-roza-de-aguado","status":"publish","type":"page","link":"https:\/\/www.mijas.es\/portal\/patrimonio-historico\/yacimiento-roza-de-aguado\/","title":{"rendered":"Yacimiento Roza de Aguado"},"content":{"rendered":"\n<p style=\"text-align: justify;\">\n\tEVOLUCI\u00d3N HIST\u00d3RICO-CULTURAL DEL YACIMIENTO<\/p>\n<p style=\"text-align: justify;\">\n\t&nbsp;<\/p>\n<table class=\"table-bordered\" style=\"width: 100%;\" cellspacing=\"1\" cellpadding=\"1\" border=\"1\">\n\t<thead>\n\t\t<tr>\n\t\t\t<th scope=\"col\" style=\"width: 50%; text-align: center;\">\n\t\t\t\t<strong>Periodo Hist\u00f3rico<\/strong><\/th>\n\t\t\t<th scope=\"col\" style=\"text-align: center;\">\n\t\t\t\t<strong>Estructuras<\/strong><\/th>\n\t\t<\/tr>\n\t<\/thead>\n\t<tbody>\n\t\t<tr>\n\t\t\t<td style=\"text-align: justify;\">\n\t\t\t\t&nbsp;Edad del Hierro I<\/td>\n\t\t\t<td style=\"text-align: justify;\">\n\t\t\t\t&nbsp;Poblado<\/td>\n\t\t<\/tr>\n\t\t<tr>\n\t\t\t<td style=\"text-align: justify;\">\n\t\t\t\t&nbsp;Bajo Impero Romano<\/td>\n\t\t\t<td style=\"text-align: justify;\">\n\t\t\t\t&nbsp;Restos Materiales<\/td>\n\t\t<\/tr>\n\t<\/tbody>\n<\/table>\n<p style=\"text-align: justify;\">\n\t&nbsp;<\/p>\n<p style=\"text-align: justify;\">\n\tSe trata del yacimiento arqueol\u00f3gico m\u00e1s antiguo excavado hasta la fecha en Mijas, correspondiendo a la \u00e9poca fenicia y con una antig\u00fcedad de m\u00e1s de 2.600 a\u00f1os, el cual fue localizado en la Cala de Mijas durante la prospecci\u00f3n superficial realizada con motivo de los informes de impacto ambiental del trazado de la Autopista de la Costa del Sol.<br>\n\t<br>\n\tEst\u00e1 situado en una elevaci\u00f3n situada al norte de La Cala de Mijas, junto al arroyo del mismo nombre, el cual en aquella \u00e9poca configuraba un amplio estuario por el que el mar llegar\u00eda hasta el propio yacimiento.<\/p>\n<p style=\"text-align: justify;\">\n\t<img decoding=\"async\" alt=\"Excavaci\u00f3n Roza de Aguado\" src=\"https:\/\/www.mijas.es\/wp-content\/uploads\/2012\/05\/ExcavacionRozaDeAguadoMijas.jpg\" style=\"width: 100%; height: 100%;\"><br>\n\t<br>\n\tDurante las excavaciones se localizaron varios muros de mampuesto de hasta 6 metros de longitud que delimitan una estancia de finales del siglo VII o principios del siglo VI a.C., de forma rectangular y un suelo muy simple. Tambi\u00e9n se localizaron en superficie materiales de \u00e9poca tardorromana (siglo IV o inicios del V d.C.)<br>\n\t<br>\n\tLos fenicios fueron un pueblo que ocupaba un estrecho territorio costero en Oriente pr\u00f3ximo en las actuales Siria, L\u00edbano e Israel, cuyas ciudades, en su mayor\u00eda, eran costeras y estaban situadas en peque\u00f1os promontorios que dominaban las ensenadas y bah\u00edas que serv\u00edan de puertos naturales. Crearon una econom\u00eda basada en el comercio que puso en contacto a distintas culturas de la antig\u00fcedad: egipcios, griegos, iberos, etc.<br>\n\t<br>\n\tLos asentamientos fenicios de la costa malague\u00f1a mantienen un mismo patr\u00f3n: unos en islas cercanas a la costa, otros en mont\u00edculos igualmente en la zona costera y de no mucha altitud y en la mayor\u00eda de los casos junto a r\u00edos que los separar\u00e1n de la zona de necr\u00f3polis. Esos r\u00edos les serv\u00edan de comunicaci\u00f3n con las poblaciones ind\u00edgenas del interior con las que comerciaban con productos manufacturados como el vino y el aceite o incluso productos de lujo como marfiles, objetos de orfebrer\u00eda y alhajas de origen egipcio, que intercambiaban por materias primas como los metales. Los fenicios introdujeron en la Pen\u00ednsula a trav\u00e9s de la costa andaluza una serie de innovaciones como la cer\u00e1mica a torno, el uso del hierro, t\u00e9cnicas en la salaz\u00f3n, y nuevas especies agropecuarias como el olivo y la vid.<br>\n\t<br>\n\t&nbsp;<\/p>\n","protected":false},"excerpt":{"rendered":"<p>EVOLUCI\u00d3N HIST\u00d3RICO-CULTURAL DEL YACIMIENTO &nbsp; Periodo Hist\u00f3rico Estructuras &nbsp;Edad del Hierro I &nbsp;Poblado &nbsp;Bajo Impero Romano &nbsp;Restos Materiales &nbsp; Se trata del yacimiento arqueol\u00f3gico m\u00e1s antiguo excavado hasta la fecha en Mijas, correspondiendo a la \u00e9poca fenicia y con una antig\u00fcedad de m\u00e1s de 2.600 a\u00f1os, el cual fue localizado en la Cala de Mijas [&hellip;]<\/p>\n","protected":false},"author":4,"featured_media":14654,"parent":172,"menu_order":0,"comment_status":"closed","ping_status":"closed","template":"page-departamental.php","meta":[],"_links":{"self":[{"href":"https:\/\/www.mijas.es\/portal\/wp-json\/wp\/v2\/pages\/14456"}],"collection":[{"href":"https:\/\/www.mijas.es\/portal\/wp-json\/wp\/v2\/pages"}],"about":[{"href":"https:\/\/www.mijas.es\/portal\/wp-json\/wp\/v2\/types\/page"}],"author":[{"embeddable":true,"href":"https:\/\/www.mijas.es\/portal\/wp-json\/wp\/v2\/users\/4"}],"replies":[{"embeddable":true,"href":"https:\/\/www.mijas.es\/portal\/wp-json\/wp\/v2\/comments?post=14456"}],"version-history":[{"count":4,"href":"https:\/\/www.mijas.es\/portal\/wp-json\/wp\/v2\/pages\/14456\/revisions"}],"predecessor-version":[{"id":50205,"href":"https:\/\/www.mijas.es\/portal\/wp-json\/wp\/v2\/pages\/14456\/revisions\/50205"}],"up":[{"embeddable":true,"href":"https:\/\/www.mijas.es\/portal\/wp-json\/wp\/v2\/pages\/172"}],"wp:featuredmedia":[{"embeddable":true,"href":"https:\/\/www.mijas.es\/portal\/wp-json\/wp\/v2\/media\/14654"}],"wp:attachment":[{"href":"https:\/\/www.mijas.es\/portal\/wp-json\/wp\/v2\/media?parent=14456"}],"curies":[{"name":"wp","href":"https:\/\/api.w.org\/{rel}","templated":true}]}}