{"id":14452,"date":"2019-04-03T10:00:44","date_gmt":"2019-04-03T10:00:44","guid":{"rendered":"http:\/\/192.168.0.42\/?page_id=14452"},"modified":"2023-04-28T08:28:59","modified_gmt":"2023-04-28T07:28:59","slug":"arraijanal","status":"publish","type":"page","link":"https:\/\/www.mijas.es\/portal\/patrimonio-historico\/arraijanal\/","title":{"rendered":"Arraijanal"},"content":{"rendered":"\n<p>\n\tEVOLUCI\u00d3N HIST\u00d3RICO-CULTURAL DEL YACIMIENTO<\/p>\n<table class=\"table-bordered\" style=\"width: 100%;\" cellspacing=\"1\" cellpadding=\"1\" border=\"1\">\n\t<thead>\n\t\t<tr>\n\t\t\t<th scope=\"col\" style=\"width: 50%;\">\n\t\t\t\tPeriodo Hist\u00f3rico<\/th>\n\t\t\t<th scope=\"col\">\n\t\t\t\tEstructuras<\/th>\n\t\t<\/tr>\n\t<\/thead>\n\t<tbody>\n\t\t<tr>\n\t\t\t<td>\n\t\t\t\t&nbsp;Alta Edad Media<\/td>\n\t\t\t<td>\n\t\t\t\t&nbsp;Alquer\u00eda<\/td>\n\t\t<\/tr>\n\t<\/tbody>\n<\/table>\n<p style=\"text-align: justify;\">\n\t<br>\n\tEs, hasta la fecha, el \u00fanico yacimiento arqueol\u00f3gico de la Edad Media excavado de forma reglada en Mijas.<\/p>\n<p style=\"text-align: justify;\">\n\t<img decoding=\"async\" alt=\"Yacimiento Arraijanal\" src=\"https:\/\/www.mijas.es\/wp-content\/uploads\/2012\/05\/YacimientoArraijanalMijas.jpg\" style=\"width: 100%; height: 100%;\"><br>\n\t<br>\n\tSe sit\u00faa sobre el promontorio conocido como \u201cCurva de La Cala\u201d, orientado de este a oeste y junto al antiguo estuario de la desembocadura del r\u00edo de La Cala. Se trata de una alquer\u00eda del siglo IX \u00f3 X de la que se han localizado varias estructuras, como los muros de un amplio edificio de planta rectangular, en el que parece que existi\u00f3 un patio central alrededor del cual se situar\u00edan una serie de habitaciones. Los muros est\u00e1n realizados de mampuesto careado, es decir, labrado por una sola de sus caras, y con una anchura entre 50 y 60 cm.<br>\n\t<br>\n\tEste yacimiento fue excavado con motivo de la construcci\u00f3n de la urbanizaci\u00f3n del mismo nombre entre los a\u00f1os 1999 y 2000 y seg\u00fan los arque\u00f3logos encargados de dicha excavaci\u00f3n, la fundaci\u00f3n del asentamiento es posible que tenga que ver con el proceso de bajada de los montes por parte de la poblaci\u00f3n en los momentos de paz auspiciados por el mandato de Abd al-Rahman III, mientras que su abandono lo sit\u00faan en las primeras d\u00e9cadas del siglo XI, coincidiendo con la guerra civil que provoc\u00f3 la ruptura del califato de C\u00f3rdoba.<br>\n\t<br>\n\tEn 1996 la revista Gaceta Numism\u00e1tica publicaba un art\u00edculo titulado \u201cUn tesorillo califal aparecido en La Cala de Mijas-Costa (M\u00e1laga)\u201d, formado por m\u00e1s de 800 monedas, principalmente de los reinados de Abd al-Rahman III y Al Hakan II, que al parecer se \u201clocaliz\u00f3\u201d en este mismo yacimiento, lo que nos da una imagen de la gran importancia del mismo.<br>\n\t<br>\n\tCuriosamente, durante la excavaci\u00f3n de este yacimiento medieval se pudo constatar la reutilizaci\u00f3n en su construcci\u00f3n de materiales t\u00edpicamente romanos, como las t\u00e9gulas (tejas romanas) y el opus signinum (material de construcci\u00f3n impermeable usado por los romanos para fabricar aljibes) y se inform\u00f3 sobre la aparici\u00f3n de ese tipo de restos de \u00e9poca romana en un solar adyacente que nunca se ha investigado ni protegido.<br>\n\t<br>\n\tDe ese entorno procede otro tesorillo de 83 monedas de \u00e9poca romana bajoimperial.<br>\n\t<br>\n\t&nbsp;<\/p>\n","protected":false},"excerpt":{"rendered":"<p>EVOLUCI\u00d3N HIST\u00d3RICO-CULTURAL DEL YACIMIENTO Periodo Hist\u00f3rico Estructuras &nbsp;Alta Edad Media &nbsp;Alquer\u00eda Es, hasta la fecha, el \u00fanico yacimiento arqueol\u00f3gico de la Edad Media excavado de forma reglada en Mijas. Se sit\u00faa sobre el promontorio conocido como \u201cCurva de La Cala\u201d, orientado de este a oeste y junto al antiguo estuario de la desembocadura del r\u00edo [&hellip;]<\/p>\n","protected":false},"author":4,"featured_media":14654,"parent":172,"menu_order":0,"comment_status":"closed","ping_status":"closed","template":"page-departamental.php","meta":[],"_links":{"self":[{"href":"https:\/\/www.mijas.es\/portal\/wp-json\/wp\/v2\/pages\/14452"}],"collection":[{"href":"https:\/\/www.mijas.es\/portal\/wp-json\/wp\/v2\/pages"}],"about":[{"href":"https:\/\/www.mijas.es\/portal\/wp-json\/wp\/v2\/types\/page"}],"author":[{"embeddable":true,"href":"https:\/\/www.mijas.es\/portal\/wp-json\/wp\/v2\/users\/4"}],"replies":[{"embeddable":true,"href":"https:\/\/www.mijas.es\/portal\/wp-json\/wp\/v2\/comments?post=14452"}],"version-history":[{"count":13,"href":"https:\/\/www.mijas.es\/portal\/wp-json\/wp\/v2\/pages\/14452\/revisions"}],"predecessor-version":[{"id":50204,"href":"https:\/\/www.mijas.es\/portal\/wp-json\/wp\/v2\/pages\/14452\/revisions\/50204"}],"up":[{"embeddable":true,"href":"https:\/\/www.mijas.es\/portal\/wp-json\/wp\/v2\/pages\/172"}],"wp:featuredmedia":[{"embeddable":true,"href":"https:\/\/www.mijas.es\/portal\/wp-json\/wp\/v2\/media\/14654"}],"wp:attachment":[{"href":"https:\/\/www.mijas.es\/portal\/wp-json\/wp\/v2\/media?parent=14452"}],"curies":[{"name":"wp","href":"https:\/\/api.w.org\/{rel}","templated":true}]}}