{"id":14347,"date":"2019-04-01T10:25:51","date_gmt":"2019-04-01T10:25:51","guid":{"rendered":"http:\/\/192.168.0.42\/?page_id=14347"},"modified":"2026-04-20T09:35:15","modified_gmt":"2026-04-20T08:35:15","slug":"departamento-de-albergues","status":"publish","type":"page","link":"https:\/\/www.mijas.es\/portal\/departamento-de-albergues\/","title":{"rendered":"Departamento de Albergues"},"content":{"rendered":"<div class=\"wp-block-image\">\n<figure class=\"alignright is-resized\"><img decoding=\"async\" src=\"https:\/\/www.mijas.es\/files\/imagen\/servicios\/albergue\/LOGOTIPO_GRANJA_ESCUELA_ENTRERROS.jpg\" alt=\"\" width=\"177\" height=\"127\"\/><\/figure><\/div>\n\n\n<p><strong>Introducci\u00f3n<\/strong><\/p>\n\n\n\n<p>M\u00e1s de treinta a\u00f1os nos avalan elaborando nuestros programas educativos y de tiempo libre.<\/p>\n\n\n\n<p> <strong>Ubicaci\u00f3n<\/strong><\/p>\n\n\n\n<p>El Ayuntamiento de Mijas, desde hace m\u00e1s de treinta a\u00f1os, mediante su  departamento de Albergues, gestiona el Albergue de Entrerr\u00edos situado en  el partido rural de Entrerr\u00edos rodeado de fincas agr\u00edcolas a unos 8 km  de Mijas Costa.<\/p>\n\n\n\n<iframe src=\"https:\/\/www.google.com\/maps\/embed?pb=!1m14!1m8!1m3!1d4045.4734065744174!2d-4.7194!3d36.5579001!3m2!1i1024!2i768!4f13.1!3m3!1m2!1s0xd72e062cb99ba91%3A0xcdef4f722890842b!2sAlbergue+de+Entrerrios!5e1!3m2!1ses!2ses!4v1558078174259!5m2!1ses!2ses\" width=\"600\" height=\"450\" frameborder=\"0\" style=\"border:0\" allowfullscreen=\"\"><\/iframe>\n\n\n\n<p>\n\t<strong>Instalaciones<\/strong><\/p>\n\n\n\n<p>\n\tLa&nbsp; Granja-Escuela &#8211; Albergue&nbsp; de&nbsp; Entrerr\u00edos, es&nbsp; un&nbsp; espacio de&nbsp; \nencuentro, convivencia y participaci\u00f3n. Dispone&nbsp; de &nbsp;&nbsp;varias \n&nbsp;edificaciones,&nbsp; tres&nbsp; grandes dormitorios con&nbsp; ba\u00f1os,&nbsp; tres aseos&nbsp; \nexteriores, cocina -comedor,&nbsp; enfermer\u00eda, oficina, lavander\u00eda, varias&nbsp; \naulas-taller , pistas&nbsp; deportivas,&nbsp; piscina,&nbsp; vivero- invernadero, \nhuerto, establos, horno de le\u00f1a&nbsp; etc.<\/p>\n\n\n\n<p>\n\t<strong>Personal<\/strong><\/p>\n\n\n\n<p>\n\tPara elaborar los distintos programas que organizamos, contamos con \npersonal educativo, de cocina, limpieza, operarios y servicio m\u00e9dico y \nde socorrismo.<\/p>\n\n\n\n<p>\n\t<strong>Objetivos<\/strong><\/p>\n\n\n\n<p>\n\tOfrecer a la poblaci\u00f3n infantil\/juvenil programas que completen su \nformaci\u00f3n integral, cubriendo todas sus necesidades de aprendizaje, \nconvivencia, diversi\u00f3n, relacionados con la ecolog\u00eda y la educaci\u00f3n \nambiental etc&#8230;en las mejores condiciones y en un ambiente&nbsp; agradable y\n l\u00fadico.<\/p>\n\n\n\n<p>\n\tOfrecer a diferentes grupos o asociaciones de j\u00f3venes o adultos, las \ninstalaciones municipales para desarrollar en ellas cualquier tipo de \nevento.<\/p>\n\n\n\n<p>\n\t<strong>Programas<\/strong><\/p>\n\n\n\n<ul>\n<li> Semana blanca<\/li>\n\n\n\n<li> Semana Santa<\/li>\n\n\n\n<li> Encuentros escolares con la naturaleza<\/li>\n\n\n\n<li> Temporada verano<\/li>\n\n\n\n<li> Concurso de c\u00f3mics<\/li>\n<\/ul>\n\n\n\n<p>\n\t<strong>Actividades generales<\/strong><\/p>\n\n\n\n<ul>\n<li>\n\t\tTaller cuidado de animales ( animales, el equilibrio de la granja )<\/li>\n\n\n\n<li>\n\t\tTaller de huerto ecol\u00f3gico ( alimentos de temporada , vida en el subsuelo )<\/li>\n\n\n\n<li>\n\t\tTaller de cocina saludable<\/li>\n\n\n\n<li>\n\t\tTaller de transformaci\u00f3n de alimentos<\/li>\n\n\n\n<li>\n\t\tTalleres deportivos (tirolina, roc\u00f3dromo, tiro con arco, nataci\u00f3n&#8230;&#8230;)<\/li>\n\n\n\n<li>\n\t\tItinerarios ecol\u00f3gicos<\/li>\n\n\n\n<li>\n\t\tTaller de reciclados<\/li>\n\n\n\n<li>\n\t\tTaller de jab\u00f3n y b\u00f3tica natural<\/li>\n\n\n\n<li>\n\t\tTalleres de expresi\u00f3n ( teatro, gui\u00f1ol, sombras chinescas, manualidades&#8230; )<\/li>\n\n\n\n<li>\n\t\tGimkanas y juegos<\/li>\n<\/ul>\n\n\n\n<p>\n\t<strong>Nuestro huerto ecologico<\/strong><\/p>\n\n\n\n<p>\n\t<em>Diferenciamos&nbsp; varias&nbsp; zonas:<\/em><\/p>\n\n\n\n<p>\n\t<em>Huerto&nbsp; de&nbsp; hortalizas, zona&nbsp; de&nbsp; \u00e1rboles&nbsp; frutales ,rinc\u00f3n de plantas arom\u00e1ticas.<\/em><\/p>\n\n\n\n<p>\n\tDisponemos&nbsp; de&nbsp; un&nbsp; <strong>huerto,<\/strong>&nbsp; en el&nbsp; que&nbsp; sembramos \nuna&nbsp; gran&nbsp; variedad de hortalizas,&nbsp; dependiendo&nbsp; de la temporada, \nzanahorias, pimientos, tomates, cebollas, ajos, acelgas, patatas, \ncalabacines, puerros, alcachofas, ca\u00f1a&nbsp; de az\u00facar,&nbsp; calabazas,&nbsp; \nberengenas&nbsp; etc&#8230;.<\/p>\n\n\n\n<p>\n\t<strong>La zona de&nbsp; \u00e1rboles&nbsp; frutales<\/strong>&nbsp; tenemos&nbsp; aguacates, limoneros, caquis, chirimoyos, naranjos, mangos, parras,&nbsp; perales, olivos, algarrobos&nbsp; etc&#8230;<\/p>\n\n\n\n<p>\n\tEl <strong>rinc\u00f3n de plantas arom\u00e1ticas<\/strong> es otro lugar a \ndestacar, donde se identifican diferentes especies \nculinarias-medicinales, contamos&nbsp; con ;&nbsp; hierba luisa, laurel, perejil, \nalbahaca,&nbsp; or\u00e9gano. Romero, tomillo, menta,&nbsp; hierbabuena&nbsp; etc.<\/p>\n\n\n\n<p>\n\t<strong>Nuestros animales<\/strong><\/p>\n\n\n\n<p> Disponemos de&nbsp; varias zonas&nbsp; diferenciadas, instalaciones&nbsp; cubiertas&nbsp; y  zona vallada al aire&nbsp; libre&nbsp;&nbsp; para&nbsp; los&nbsp; animales.En el establo&nbsp;  tenemos<strong>&nbsp; animales:&nbsp; burra,&nbsp; ovejas, cabras, conejos, gallinas y gallos, patos, gansos, pavos y pavas reales. <\/strong>Tambi\u00e9n&nbsp; disponemos de&nbsp;<strong>codornices, ninfas, jilgueros, canarios,&nbsp; tortugas, peces etc&#8230;<\/strong><\/p>\n\n\n\n<figure class=\"wp-block-gallery has-nested-images columns-3 is-cropped wp-block-gallery-1 is-layout-flex\">\n<figure class=\"wp-block-image size-thumbnail\"><a href=\"https:\/\/www.mijas.es\/wp-content\/uploads\/2019\/04\/20141025_134728.jpg\" target=\"_blank\" rel=\"noopener\"><img decoding=\"async\" width=\"150\" height=\"150\" data-id=\"14355\"  src=\"https:\/\/www.mijas.es\/wp-content\/uploads\/2019\/04\/20141025_134728-150x150.jpg\" alt=\"\" class=\"wp-image-14355\"\/><\/a><\/figure>\n\n\n\n<figure class=\"wp-block-image size-thumbnail\"><a href=\"https:\/\/www.mijas.es\/wp-content\/uploads\/2019\/04\/IMG-20130923-WA0045.jpg\" target=\"_blank\" rel=\"noopener\"><img decoding=\"async\" width=\"150\" height=\"150\" data-id=\"14356\"  src=\"https:\/\/www.mijas.es\/wp-content\/uploads\/2019\/04\/IMG-20130923-WA0045-150x150.jpg\" alt=\"\" class=\"wp-image-14356\"\/><\/a><\/figure>\n\n\n\n<figure class=\"wp-block-image size-thumbnail\"><a href=\"https:\/\/www.mijas.es\/wp-content\/uploads\/2019\/04\/IMG-20140918-WA0000-1.jpg\" target=\"_blank\" rel=\"noopener\"><img decoding=\"async\" width=\"150\" height=\"150\" data-id=\"14357\"  src=\"https:\/\/www.mijas.es\/wp-content\/uploads\/2019\/04\/IMG-20140918-WA0000-1-150x150.jpg\" alt=\"\" class=\"wp-image-14357\"\/><\/a><\/figure>\n\n\n\n<figure class=\"wp-block-image size-thumbnail\"><a href=\"https:\/\/www.mijas.es\/wp-content\/uploads\/2019\/04\/IMG-20141031-WA0002.jpg\" target=\"_blank\" rel=\"noopener\"><img decoding=\"async\" width=\"150\" height=\"150\" data-id=\"14358\"  src=\"https:\/\/www.mijas.es\/wp-content\/uploads\/2019\/04\/IMG-20141031-WA0002-150x150.jpg\" alt=\"\" class=\"wp-image-14358\"\/><\/a><\/figure>\n\n\n\n<figure class=\"wp-block-image size-thumbnail\"><a href=\"https:\/\/www.mijas.es\/wp-content\/uploads\/2019\/04\/IMG-20160204-WA0008.jpg\" target=\"_blank\" rel=\"noopener\"><img decoding=\"async\" width=\"150\" height=\"150\" data-id=\"14359\"  src=\"https:\/\/www.mijas.es\/wp-content\/uploads\/2019\/04\/IMG-20160204-WA0008-150x150.jpg\" alt=\"\" class=\"wp-image-14359\"\/><\/a><\/figure>\n\n\n\n<figure class=\"wp-block-image size-thumbnail\"><a href=\"https:\/\/www.mijas.es\/wp-content\/uploads\/2019\/04\/IMG-20180307-WA0000.jpg\" target=\"_blank\" rel=\"noopener\"><img decoding=\"async\" width=\"150\" height=\"150\" data-id=\"14360\"  src=\"https:\/\/www.mijas.es\/wp-content\/uploads\/2019\/04\/IMG-20180307-WA0000-150x150.jpg\" alt=\"\" class=\"wp-image-14360\"\/><\/a><\/figure>\n<\/figure>\n\n\n\n<p class=\"has-text-align-center\">\n\t<strong>Actividades Albergue<\/strong><\/p>\n\n\n<div class=\"wp-block-image\">\n<figure class=\"aligncenter is-resized\"><a href=\"https:\/\/www.mijas.es\/servicios-municipales\/actividades-albergues\/\"><img decoding=\"async\" src=\"https:\/\/www.mijas.es\/files\/imagen\/servicios\/albergue\/banner-albergue.png\" alt=\"\" width=\"432\" height=\"255\"\/><\/a><\/figure><\/div>\n\n\n<p class=\"has-text-align-center\">\n\t<em>(Haz click en la imagen)<\/em><\/p>\n\n\n\n<figure class=\"wp-block-gallery has-nested-images columns-3 is-cropped wp-block-gallery-3 is-layout-flex\">\n<figure class=\"wp-block-image size-thumbnail\"><a href=\"https:\/\/www.mijas.es\/wp-content\/uploads\/2024\/04\/20140509_113438.jpg\" target=\"_blank\" rel=\"noopener\"><img decoding=\"async\" width=\"150\" height=\"150\" data-id=\"56152\"  src=\"https:\/\/www.mijas.es\/wp-content\/uploads\/2024\/04\/20140509_113438-150x150.jpg\" alt=\"\" class=\"wp-image-56152\"\/><\/a><\/figure>\n\n\n\n<figure class=\"wp-block-image size-thumbnail\"><a href=\"https:\/\/www.mijas.es\/wp-content\/uploads\/2024\/04\/20140606_122404.jpg\" target=\"_blank\" rel=\"noopener\"><img decoding=\"async\" width=\"150\" height=\"150\" data-id=\"56153\"  src=\"https:\/\/www.mijas.es\/wp-content\/uploads\/2024\/04\/20140606_122404-150x150.jpg\" alt=\"\" class=\"wp-image-56153\"\/><\/a><\/figure>\n\n\n\n<figure class=\"wp-block-image size-thumbnail\"><a href=\"https:\/\/www.mijas.es\/wp-content\/uploads\/2024\/04\/foto-puente-mono.jpg\" target=\"_blank\" rel=\"noopener\"><img decoding=\"async\" width=\"150\" height=\"150\" data-id=\"56155\"  src=\"https:\/\/www.mijas.es\/wp-content\/uploads\/2024\/04\/foto-puente-mono-150x150.jpg\" alt=\"\" class=\"wp-image-56155\" srcset=\"https:\/\/www.mijas.es\/wp-content\/uploads\/2024\/04\/foto-puente-mono-150x150.jpg 150w, https:\/\/www.mijas.es\/wp-content\/uploads\/2024\/04\/foto-puente-mono-300x300.jpg 300w, https:\/\/www.mijas.es\/wp-content\/uploads\/2024\/04\/foto-puente-mono-1024x1024.jpg 1024w, https:\/\/www.mijas.es\/wp-content\/uploads\/2024\/04\/foto-puente-mono-768x768.jpg 768w, https:\/\/www.mijas.es\/wp-content\/uploads\/2024\/04\/foto-puente-mono-1536x1536.jpg 1536w, https:\/\/www.mijas.es\/wp-content\/uploads\/2024\/04\/foto-puente-mono.jpg 1773w\" sizes=\"(max-width: 150px) 100vw, 150px\" \/><\/a><\/figure>\n\n\n\n<figure class=\"wp-block-image size-thumbnail\"><a href=\"https:\/\/www.mijas.es\/wp-content\/uploads\/2024\/04\/FOTO.jpg\" target=\"_blank\" rel=\"noopener\"><img decoding=\"async\" width=\"150\" height=\"150\" data-id=\"56154\"  src=\"https:\/\/www.mijas.es\/wp-content\/uploads\/2024\/04\/FOTO-150x150.jpg\" alt=\"\" class=\"wp-image-56154\"\/><\/a><\/figure>\n\n\n\n<figure class=\"wp-block-image size-thumbnail\"><a href=\"https:\/\/www.mijas.es\/wp-content\/uploads\/2024\/04\/IMG_4995.jpg\" target=\"_blank\" rel=\"noopener\"><img decoding=\"async\" width=\"150\" height=\"150\" data-id=\"56156\"  src=\"https:\/\/www.mijas.es\/wp-content\/uploads\/2024\/04\/IMG_4995-150x150.jpg\" alt=\"\" class=\"wp-image-56156\"\/><\/a><\/figure>\n\n\n\n<figure class=\"wp-block-image size-thumbnail\"><a href=\"https:\/\/www.mijas.es\/wp-content\/uploads\/2024\/04\/IMG_5001.jpg\" target=\"_blank\" rel=\"noopener\"><img decoding=\"async\" width=\"150\" height=\"150\" data-id=\"56157\"  src=\"https:\/\/www.mijas.es\/wp-content\/uploads\/2024\/04\/IMG_5001-150x150.jpg\" alt=\"\" class=\"wp-image-56157\"\/><\/a><\/figure>\n\n\n\n<figure class=\"wp-block-image size-thumbnail\"><a href=\"https:\/\/www.mijas.es\/wp-content\/uploads\/2024\/08\/IMG-20240815-WA0000.jpg\" target=\"_blank\" rel=\"noopener\"><img decoding=\"async\" width=\"150\" height=\"150\" data-id=\"58357\"  src=\"https:\/\/www.mijas.es\/wp-content\/uploads\/2024\/08\/IMG-20240815-WA0000-150x150.jpg\" alt=\"\" class=\"wp-image-58357\"\/><\/a><\/figure>\n\n\n\n<figure class=\"wp-block-image size-thumbnail\"><a href=\"https:\/\/www.mijas.es\/wp-content\/uploads\/2024\/08\/IMG-20240815-WA0001.jpg\" target=\"_blank\" rel=\"noopener\"><img decoding=\"async\" width=\"150\" height=\"150\" data-id=\"58358\"  src=\"https:\/\/www.mijas.es\/wp-content\/uploads\/2024\/08\/IMG-20240815-WA0001-150x150.jpg\" alt=\"\" class=\"wp-image-58358\"\/><\/a><\/figure>\n<\/figure>\n\n\n\n<p>\n\t<strong>Contacto<\/strong><\/p>\n\n\n\n<p> Ayuntamiento de Mijas<br> Departamento de Albergues<br> Telf. 679850412<br> facebook : <a rel=\"noreferrer noopener\" href=\"https:\/\/www.facebook.com\/Departamento-Albergues-Ayto-Mijas-133769893474515\/\" target=\"_blank\">Departamento Albergues Ayto. Mijas<\/a><br> correo electr\u00f3nico: <a href=\"mailto:albergues@mijas.es\">albergues<\/a><a href=\"mailto:albergue.entrerrios@mijas.es\">.entrerrios<\/a><a href=\"mailto:albergue.entrerrios@mijas.es\" target=\"_blank\" rel=\"noreferrer noopener\">@mijas.e<\/a><a href=\"mailto:albergues@mijas.es\">s<\/a>\u00a0 \u00a0<\/p>\n\n\n\n<p><strong>Instalaciones del Albergue<\/strong><\/p>\n\n\n\n<figure class=\"wp-block-gallery has-nested-images columns-default is-cropped wp-block-gallery-5 is-layout-flex\">\n<figure class=\"wp-block-image size-thumbnail\"><a href=\"https:\/\/www.mijas.es\/wp-content\/uploads\/2019\/04\/20130719_140214.jpg\" target=\"_blank\" rel=\"noopener\"><img decoding=\"async\" width=\"150\" height=\"150\" data-id=\"14362\"  src=\"https:\/\/www.mijas.es\/wp-content\/uploads\/2019\/04\/20130719_140214-150x150.jpg\" alt=\"\" class=\"wp-image-14362\"\/><\/a><\/figure>\n\n\n\n<figure class=\"wp-block-image size-thumbnail\"><a href=\"https:\/\/www.mijas.es\/wp-content\/uploads\/2019\/04\/20130805_122500.jpg\" target=\"_blank\" rel=\"noopener\"><img decoding=\"async\" width=\"150\" height=\"150\" data-id=\"14363\"  src=\"https:\/\/www.mijas.es\/wp-content\/uploads\/2019\/04\/20130805_122500-150x150.jpg\" alt=\"\" class=\"wp-image-14363\"\/><\/a><\/figure>\n\n\n\n<figure class=\"wp-block-image size-thumbnail\"><a href=\"https:\/\/www.mijas.es\/wp-content\/uploads\/2019\/04\/20150609_140752.jpg\" target=\"_blank\" rel=\"noopener\"><img decoding=\"async\" width=\"150\" height=\"150\" data-id=\"14364\"  src=\"https:\/\/www.mijas.es\/wp-content\/uploads\/2019\/04\/20150609_140752-150x150.jpg\" alt=\"\" class=\"wp-image-14364\"\/><\/a><\/figure>\n\n\n\n<figure class=\"wp-block-image size-thumbnail\"><a href=\"https:\/\/www.mijas.es\/wp-content\/uploads\/2019\/04\/20150609_141011.jpg\" target=\"_blank\" rel=\"noopener\"><img decoding=\"async\" width=\"150\" height=\"150\" data-id=\"14365\"  src=\"https:\/\/www.mijas.es\/wp-content\/uploads\/2019\/04\/20150609_141011-150x150.jpg\" alt=\"\" class=\"wp-image-14365\"\/><\/a><\/figure>\n\n\n\n<figure class=\"wp-block-image size-thumbnail\"><a href=\"https:\/\/www.mijas.es\/wp-content\/uploads\/2019\/04\/20150609_141024.jpg\" target=\"_blank\" rel=\"noopener\"><img decoding=\"async\" width=\"150\" height=\"150\" data-id=\"14366\"  src=\"https:\/\/www.mijas.es\/wp-content\/uploads\/2019\/04\/20150609_141024-150x150.jpg\" alt=\"\" class=\"wp-image-14366\"\/><\/a><\/figure>\n\n\n\n<figure class=\"wp-block-image size-thumbnail\"><a href=\"https:\/\/www.mijas.es\/wp-content\/uploads\/2019\/04\/20150609_141055.jpg\" target=\"_blank\" rel=\"noopener\"><img decoding=\"async\" width=\"150\" height=\"150\" data-id=\"14367\"  src=\"https:\/\/www.mijas.es\/wp-content\/uploads\/2019\/04\/20150609_141055-150x150.jpg\" alt=\"\" class=\"wp-image-14367\"\/><\/a><\/figure>\n\n\n\n<figure class=\"wp-block-image size-thumbnail\"><a href=\"https:\/\/www.mijas.es\/wp-content\/uploads\/2019\/04\/20150723_113452.jpg\" target=\"_blank\" rel=\"noopener\"><img decoding=\"async\" width=\"150\" height=\"150\" data-id=\"14368\"  src=\"https:\/\/www.mijas.es\/wp-content\/uploads\/2019\/04\/20150723_113452-150x150.jpg\" alt=\"\" class=\"wp-image-14368\"\/><\/a><\/figure>\n\n\n\n<figure class=\"wp-block-image size-thumbnail\"><a href=\"https:\/\/www.mijas.es\/wp-content\/uploads\/2019\/04\/20160317_131844.jpg\" target=\"_blank\" rel=\"noopener\"><img decoding=\"async\" width=\"150\" height=\"150\" data-id=\"14369\"  src=\"https:\/\/www.mijas.es\/wp-content\/uploads\/2019\/04\/20160317_131844-150x150.jpg\" alt=\"\" class=\"wp-image-14369\"\/><\/a><\/figure>\n\n\n\n<figure class=\"wp-block-image size-thumbnail\"><a href=\"https:\/\/www.mijas.es\/wp-content\/uploads\/2019\/04\/IMG-20160204-WA0004.jpg\" target=\"_blank\" rel=\"noopener\"><img decoding=\"async\" width=\"150\" height=\"150\" data-id=\"14370\"  src=\"https:\/\/www.mijas.es\/wp-content\/uploads\/2019\/04\/IMG-20160204-WA0004-150x150.jpg\" alt=\"\" class=\"wp-image-14370\"\/><\/a><\/figure>\n\n\n\n<figure class=\"wp-block-image size-thumbnail\"><a href=\"https:\/\/www.mijas.es\/wp-content\/uploads\/2024\/09\/IMG_5315-scaled.jpg\" target=\"_blank\" rel=\"noopener\"><img decoding=\"async\" width=\"150\" height=\"150\" data-id=\"58470\"  src=\"https:\/\/www.mijas.es\/wp-content\/uploads\/2024\/09\/IMG_5315-150x150.jpg\" alt=\"\" class=\"wp-image-58470\"\/><\/a><\/figure>\n\n\n\n<figure class=\"wp-block-image size-thumbnail\"><a href=\"https:\/\/www.mijas.es\/wp-content\/uploads\/2024\/09\/IMG_5307-scaled.jpg\" target=\"_blank\" rel=\"noopener\"><img decoding=\"async\" width=\"150\" height=\"150\" data-id=\"58469\"  src=\"https:\/\/www.mijas.es\/wp-content\/uploads\/2024\/09\/IMG_5307-150x150.jpg\" alt=\"\" class=\"wp-image-58469\"\/><\/a><\/figure>\n<\/figure>\n","protected":false},"excerpt":{"rendered":"<p>Introducci\u00f3n M\u00e1s de treinta a\u00f1os nos avalan elaborando nuestros programas educativos y de tiempo libre. Ubicaci\u00f3n El Ayuntamiento de Mijas, desde hace m\u00e1s de treinta a\u00f1os, mediante su departamento de Albergues, gestiona el Albergue de Entrerr\u00edos situado en el partido rural de Entrerr\u00edos rodeado de fincas agr\u00edcolas a unos 8 km de Mijas Costa. Instalaciones [&hellip;]<\/p>\n","protected":false},"author":4,"featured_media":13852,"parent":0,"menu_order":0,"comment_status":"closed","ping_status":"closed","template":"page-departamental.php","meta":[],"_links":{"self":[{"href":"https:\/\/www.mijas.es\/portal\/wp-json\/wp\/v2\/pages\/14347"}],"collection":[{"href":"https:\/\/www.mijas.es\/portal\/wp-json\/wp\/v2\/pages"}],"about":[{"href":"https:\/\/www.mijas.es\/portal\/wp-json\/wp\/v2\/types\/page"}],"author":[{"embeddable":true,"href":"https:\/\/www.mijas.es\/portal\/wp-json\/wp\/v2\/users\/4"}],"replies":[{"embeddable":true,"href":"https:\/\/www.mijas.es\/portal\/wp-json\/wp\/v2\/comments?post=14347"}],"version-history":[{"count":51,"href":"https:\/\/www.mijas.es\/portal\/wp-json\/wp\/v2\/pages\/14347\/revisions"}],"predecessor-version":[{"id":64236,"href":"https:\/\/www.mijas.es\/portal\/wp-json\/wp\/v2\/pages\/14347\/revisions\/64236"}],"wp:featuredmedia":[{"embeddable":true,"href":"https:\/\/www.mijas.es\/portal\/wp-json\/wp\/v2\/media\/13852"}],"wp:attachment":[{"href":"https:\/\/www.mijas.es\/portal\/wp-json\/wp\/v2\/media?parent=14347"}],"curies":[{"name":"wp","href":"https:\/\/api.w.org\/{rel}","templated":true}]}}