{"id":14342,"date":"2019-04-01T10:17:53","date_gmt":"2019-04-01T10:17:53","guid":{"rendered":"http:\/\/192.168.0.42\/?page_id=14342"},"modified":"2025-09-01T07:59:56","modified_gmt":"2025-09-01T06:59:56","slug":"contratacion","status":"publish","type":"page","link":"https:\/\/www.mijas.es\/portal\/contratacion\/","title":{"rendered":"Contrataci\u00f3n"},"content":{"rendered":"\n<p><strong>El Ayuntamiento de Mijas publica sus contratos en la plataforma de contrataci\u00f3n del sector p\u00fablico. <\/strong><\/p>\n\n\n\n<p><a href=\"https:\/\/contrataciondelestado.es\/wps\/poc?uri=deeplink%3AperfilContratante&amp;idBp=yxmPg9KTzBMQK2TEfXGy%2BA%3D%3D\" target=\"_blank\" rel=\"noreferrer noopener\"><strong>Enlace a la plataforma &#8211; pulse aqu\u00ed<\/strong><\/a><\/p>\n\n\n\n<p>El perfil de contratante incluye datos e informaci\u00f3n referente a la  actividad contractual del Ayuntamiento de Mijas, tales como licitaciones  abiertas o en curso y la documentaci\u00f3n relativa a las mismas, las  contrataciones programadas, los contratos adjudicados, los  procedimientos anulados, y cualquier otra informaci\u00f3n \u00fatil de tipo  general. As\u00ed mismo, en cada procedimiento se encuentra todas las actas  emitidas por el \u00f3rgano de contrataci\u00f3n.<\/p>\n\n\n\n<p> El usuario del perfil del contratante puede visualizar el listado de  todas las contrataciones publicadas en el mismo o realizar una b\u00fasqueda  seg\u00fan varios criterios para acotar la lista de licitaciones. Luego,  seleccionando una de ellas, se podr\u00e1 visualizar todas la informaci\u00f3n y  documentos referidos a la misma. Por cada procedimiento o licitaci\u00f3n  individual que est\u00e9 en curso, se podr\u00e1 ver como m\u00ednimo dos documentos.  El pliego de condiciones administrativas y el pliego de prescripciones  t\u00e9cnicas. Para las licitaciones terminadas, adem\u00e1s, se podr\u00e1 consultar  los decretos de adjudicaci\u00f3n provisional y definitiva del contrato.<\/p>\n\n\n\n<p>\n\tEl usuario podr\u00e1 ver en el pliego de condiciones administrativas entre \notras informaciones la composici\u00f3n de la mesa de contrataci\u00f3n, su forma \nde designaci\u00f3n y convocatorias.<\/p>\n\n\n\n<p>En el pliego de prescripciones t\u00e9cnicas se exponen las condiciones  t\u00e9cnicas que tiene que cumplir los licitadores en sus ofertas, adem\u00e1s,  se incluyen los criterios de valoraci\u00f3n de las distintas ofertas  presentadas.<\/p>\n\n\n\n<p><\/p>\n\n\n\n<p><\/p>\n\n\n\n<p>\n\tDirecci\u00f3n de Contacto:<\/p>\n\n\n\n<p>\n\tPlanta -4 . Casa Consistorial<\/p>\n\n\n\n<p>\n\tAvda. Virgen de La Pe\u00f1a, n\u00ba 2. 29650 Mijas Pueblo.<\/p>\n\n\n\n<p>\n\tTlfno 952485900<\/p>\n","protected":false},"excerpt":{"rendered":"<p>El Ayuntamiento de Mijas publica sus contratos en la plataforma de contrataci\u00f3n del sector p\u00fablico. Enlace a la plataforma &#8211; pulse aqu\u00ed El perfil de contratante incluye datos e informaci\u00f3n referente a la actividad contractual del Ayuntamiento de Mijas, tales como licitaciones abiertas o en curso y la documentaci\u00f3n relativa a las mismas, las contrataciones [&hellip;]<\/p>\n","protected":false},"author":4,"featured_media":13852,"parent":0,"menu_order":0,"comment_status":"closed","ping_status":"closed","template":"page-departamental.php","meta":[],"_links":{"self":[{"href":"https:\/\/www.mijas.es\/portal\/wp-json\/wp\/v2\/pages\/14342"}],"collection":[{"href":"https:\/\/www.mijas.es\/portal\/wp-json\/wp\/v2\/pages"}],"about":[{"href":"https:\/\/www.mijas.es\/portal\/wp-json\/wp\/v2\/types\/page"}],"author":[{"embeddable":true,"href":"https:\/\/www.mijas.es\/portal\/wp-json\/wp\/v2\/users\/4"}],"replies":[{"embeddable":true,"href":"https:\/\/www.mijas.es\/portal\/wp-json\/wp\/v2\/comments?post=14342"}],"version-history":[{"count":11,"href":"https:\/\/www.mijas.es\/portal\/wp-json\/wp\/v2\/pages\/14342\/revisions"}],"predecessor-version":[{"id":62070,"href":"https:\/\/www.mijas.es\/portal\/wp-json\/wp\/v2\/pages\/14342\/revisions\/62070"}],"wp:featuredmedia":[{"embeddable":true,"href":"https:\/\/www.mijas.es\/portal\/wp-json\/wp\/v2\/media\/13852"}],"wp:attachment":[{"href":"https:\/\/www.mijas.es\/portal\/wp-json\/wp\/v2\/media?parent=14342"}],"curies":[{"name":"wp","href":"https:\/\/api.w.org\/{rel}","templated":true}]}}