{"id":14331,"date":"2019-04-01T10:10:50","date_gmt":"2019-04-01T10:10:50","guid":{"rendered":"http:\/\/192.168.0.42\/?page_id=14331"},"modified":"2024-11-04T14:10:12","modified_gmt":"2024-11-04T13:10:12","slug":"cementerio","status":"publish","type":"page","link":"https:\/\/www.mijas.es\/portal\/cementerio\/","title":{"rendered":"Cementerio La Pur\u00edsima de Mijas"},"content":{"rendered":"\n<p class=\"has-text-align-center\">En esta p\u00e1gina las personas interesadas en acudir al Cementerio Municipal podr\u00e1n consultar el horario de apertura as\u00ed como la ubicaci\u00f3n del mismo. <\/p>\n\n\n\n<figure class=\"wp-block-gallery aligncenter has-nested-images columns-4 is-cropped wp-block-gallery-1 is-layout-flex\">\n<figure class=\"wp-block-image size-thumbnail\"><a href=\"https:\/\/www.mijas.es\/wp-content\/uploads\/2024\/03\/20240312_122815-1-scaled.jpg\" target=\"_blank\" rel=\"noopener\"><img decoding=\"async\" width=\"150\" height=\"150\" data-id=\"55273\"  src=\"https:\/\/www.mijas.es\/wp-content\/uploads\/2024\/03\/20240312_122815-1-150x150.jpg\" alt=\"\" class=\"wp-image-55273\"\/><\/a><\/figure>\n\n\n\n<figure class=\"wp-block-image size-thumbnail\"><a href=\"https:\/\/www.mijas.es\/wp-content\/uploads\/2024\/03\/20240312_122708-scaled.jpg\" target=\"_blank\" rel=\"noopener\"><img decoding=\"async\" width=\"150\" height=\"150\" data-id=\"55275\"  src=\"https:\/\/www.mijas.es\/wp-content\/uploads\/2024\/03\/20240312_122708-150x150.jpg\" alt=\"\" class=\"wp-image-55275\"\/><\/a><\/figure>\n\n\n\n<figure class=\"wp-block-image size-thumbnail\"><a href=\"https:\/\/www.mijas.es\/wp-content\/uploads\/2024\/03\/20240312_122713-scaled.jpg\" target=\"_blank\" rel=\"noopener\"><img decoding=\"async\" width=\"150\" height=\"150\" data-id=\"55274\"  src=\"https:\/\/www.mijas.es\/wp-content\/uploads\/2024\/03\/20240312_122713-150x150.jpg\" alt=\"\" class=\"wp-image-55274\"\/><\/a><\/figure>\n\n\n\n<figure class=\"wp-block-image size-thumbnail\"><a href=\"https:\/\/www.mijas.es\/wp-content\/uploads\/2024\/03\/20240312_123925-scaled.jpg\" target=\"_blank\" rel=\"noopener\"><img decoding=\"async\" width=\"150\" height=\"150\" data-id=\"55277\"  src=\"https:\/\/www.mijas.es\/wp-content\/uploads\/2024\/03\/20240312_123925-150x150.jpg\" alt=\"\" class=\"wp-image-55277\"\/><\/a><\/figure>\n\n\n\n<figure class=\"wp-block-image size-thumbnail\"><a href=\"https:\/\/www.mijas.es\/wp-content\/uploads\/2024\/03\/20240312_124036-scaled.jpg\" target=\"_blank\" rel=\"noopener\"><img decoding=\"async\" width=\"150\" height=\"150\" data-id=\"55276\"  src=\"https:\/\/www.mijas.es\/wp-content\/uploads\/2024\/03\/20240312_124036-150x150.jpg\" alt=\"\" class=\"wp-image-55276\"\/><\/a><\/figure>\n\n\n\n<figure class=\"wp-block-image size-thumbnail\"><a href=\"https:\/\/www.mijas.es\/wp-content\/uploads\/2024\/03\/20240312_123939-scaled.jpg\" target=\"_blank\" rel=\"noopener\"><img decoding=\"async\" width=\"150\" height=\"150\" data-id=\"55278\"  src=\"https:\/\/www.mijas.es\/wp-content\/uploads\/2024\/03\/20240312_123939-150x150.jpg\" alt=\"\" class=\"wp-image-55278\"\/><\/a><\/figure>\n\n\n\n<figure class=\"wp-block-image size-thumbnail\"><a href=\"https:\/\/www.mijas.es\/wp-content\/uploads\/2024\/03\/20240312_125314-scaled.jpg\" target=\"_blank\" rel=\"noopener\"><img decoding=\"async\" width=\"150\" height=\"150\" data-id=\"55280\"  src=\"https:\/\/www.mijas.es\/wp-content\/uploads\/2024\/03\/20240312_125314-150x150.jpg\" alt=\"\" class=\"wp-image-55280\"\/><\/a><\/figure>\n\n\n\n<figure class=\"wp-block-image size-thumbnail\"><a href=\"https:\/\/www.mijas.es\/wp-content\/uploads\/2024\/03\/20240312_124059-scaled.jpg\" target=\"_blank\" rel=\"noopener\"><img decoding=\"async\" width=\"150\" height=\"150\" data-id=\"55279\"  src=\"https:\/\/www.mijas.es\/wp-content\/uploads\/2024\/03\/20240312_124059-150x150.jpg\" alt=\"\" class=\"wp-image-55279\"\/><\/a><\/figure>\n\n\n\n<figure class=\"wp-block-image size-thumbnail\"><a href=\"https:\/\/www.mijas.es\/wp-content\/uploads\/2024\/03\/20240312_125436-scaled.jpg\" target=\"_blank\" rel=\"noopener\"><img decoding=\"async\" width=\"150\" height=\"150\" data-id=\"55281\"  src=\"https:\/\/www.mijas.es\/wp-content\/uploads\/2024\/03\/20240312_125436-150x150.jpg\" alt=\"\" class=\"wp-image-55281\"\/><\/a><\/figure>\n\n\n\n<figure class=\"wp-block-image size-thumbnail\"><a href=\"https:\/\/www.mijas.es\/wp-content\/uploads\/2024\/03\/20240312_125620-scaled.jpg\" target=\"_blank\" rel=\"noopener\"><img decoding=\"async\" width=\"150\" height=\"150\" data-id=\"55282\"  src=\"https:\/\/www.mijas.es\/wp-content\/uploads\/2024\/03\/20240312_125620-150x150.jpg\" alt=\"\" class=\"wp-image-55282\"\/><\/a><\/figure>\n\n\n\n<figure class=\"wp-block-image size-thumbnail\"><a href=\"https:\/\/www.mijas.es\/wp-content\/uploads\/2024\/03\/20240312_132100-scaled.jpg\" target=\"_blank\" rel=\"noopener\"><img decoding=\"async\" width=\"150\" height=\"150\" data-id=\"55284\"  src=\"https:\/\/www.mijas.es\/wp-content\/uploads\/2024\/03\/20240312_132100-150x150.jpg\" alt=\"\" class=\"wp-image-55284\"\/><\/a><\/figure>\n\n\n\n<figure class=\"wp-block-image size-thumbnail\"><a href=\"https:\/\/www.mijas.es\/wp-content\/uploads\/2024\/03\/20240312_125624-scaled.jpg\" target=\"_blank\" rel=\"noopener\"><img decoding=\"async\" width=\"150\" height=\"150\" data-id=\"55283\"  src=\"https:\/\/www.mijas.es\/wp-content\/uploads\/2024\/03\/20240312_125624-150x150.jpg\" alt=\"\" class=\"wp-image-55283\"\/><\/a><\/figure>\n\n\n\n<figure class=\"wp-block-image size-thumbnail\"><a href=\"https:\/\/www.mijas.es\/wp-content\/uploads\/2024\/03\/IMG20231227121241-scaled.jpg\" target=\"_blank\" rel=\"noopener\"><img decoding=\"async\" width=\"150\" height=\"150\" data-id=\"55286\"  src=\"https:\/\/www.mijas.es\/wp-content\/uploads\/2024\/03\/IMG20231227121241-150x150.jpg\" alt=\"\" class=\"wp-image-55286\"\/><\/a><\/figure>\n\n\n\n<figure class=\"wp-block-image size-thumbnail\"><a href=\"https:\/\/www.mijas.es\/wp-content\/uploads\/2024\/03\/20240312_132106-scaled.jpg\" target=\"_blank\" rel=\"noopener\"><img decoding=\"async\" width=\"150\" height=\"150\" data-id=\"55285\"  src=\"https:\/\/www.mijas.es\/wp-content\/uploads\/2024\/03\/20240312_132106-150x150.jpg\" alt=\"\" class=\"wp-image-55285\"\/><\/a><\/figure>\n\n\n\n<figure class=\"wp-block-image size-thumbnail\"><a href=\"https:\/\/www.mijas.es\/wp-content\/uploads\/2024\/03\/IMG20231227122128-scaled.jpg\" target=\"_blank\" rel=\"noopener\"><img decoding=\"async\" width=\"150\" height=\"150\" data-id=\"55287\"  src=\"https:\/\/www.mijas.es\/wp-content\/uploads\/2024\/03\/IMG20231227122128-150x150.jpg\" alt=\"\" class=\"wp-image-55287\"\/><\/a><\/figure>\n<\/figure>\n\n\n\n<hr class=\"wp-block-separator has-alpha-channel-opacity\"\/>\n\n\n\n<p class=\"has-text-align-center\"><strong>Delegaci\u00f3n de Cementerio: <\/strong><br>     Casa Consistorial Mijas Pueblo &#8211; Avenida Virgen de la Pe\u00f1a N<strong>\u00ba <\/strong>2, 29650 Mijas (M\u00e1laga)<br>     Tel\u00e9fono: 952 48 59 00 Extensi\u00f3n 6008 <br>     Correo: <a href=\"mailto:cementerio@mijas.es\">cementerio@mijas.es<\/a><\/p>\n\n\n\n<p><\/p>\n\n\n\n<p align=\"center\"><iframe src=\"https:\/\/www.google.com\/maps\/embed?pb=!1m18!1m12!1m3!1d3203.3054727359845!2d-4.65659818471588!3d36.594951279991456!2m3!1f0!2f0!3f0!3m2!1i1024!2i768!4f13.1!3m3!1m2!1s0xd72e1500e06fde9%3A0xc834fc60dae92821!2sCementerio+De+Mijas!5e0!3m2!1ses!2ses!4v1554113396162!5m2!1ses!2ses\" style=\"border:0\" allowfullscreen=\"\" width=\"600\" height=\"450\" frameborder=\"0\"><\/iframe><\/p>\n","protected":false},"excerpt":{"rendered":"<p>En esta p\u00e1gina las personas interesadas en acudir al Cementerio Municipal podr\u00e1n consultar el horario de apertura as\u00ed como la ubicaci\u00f3n del mismo. Delegaci\u00f3n de Cementerio: Casa Consistorial Mijas Pueblo &#8211; Avenida Virgen de la Pe\u00f1a N\u00ba 2, 29650 Mijas (M\u00e1laga) Tel\u00e9fono: 952 48 59 00 Extensi\u00f3n 6008 Correo: cementerio@mijas.es<\/p>\n","protected":false},"author":4,"featured_media":13852,"parent":0,"menu_order":0,"comment_status":"closed","ping_status":"closed","template":"page-departamental.php","meta":[],"_links":{"self":[{"href":"https:\/\/www.mijas.es\/portal\/wp-json\/wp\/v2\/pages\/14331"}],"collection":[{"href":"https:\/\/www.mijas.es\/portal\/wp-json\/wp\/v2\/pages"}],"about":[{"href":"https:\/\/www.mijas.es\/portal\/wp-json\/wp\/v2\/types\/page"}],"author":[{"embeddable":true,"href":"https:\/\/www.mijas.es\/portal\/wp-json\/wp\/v2\/users\/4"}],"replies":[{"embeddable":true,"href":"https:\/\/www.mijas.es\/portal\/wp-json\/wp\/v2\/comments?post=14331"}],"version-history":[{"count":58,"href":"https:\/\/www.mijas.es\/portal\/wp-json\/wp\/v2\/pages\/14331\/revisions"}],"predecessor-version":[{"id":59295,"href":"https:\/\/www.mijas.es\/portal\/wp-json\/wp\/v2\/pages\/14331\/revisions\/59295"}],"wp:featuredmedia":[{"embeddable":true,"href":"https:\/\/www.mijas.es\/portal\/wp-json\/wp\/v2\/media\/13852"}],"wp:attachment":[{"href":"https:\/\/www.mijas.es\/portal\/wp-json\/wp\/v2\/media?parent=14331"}],"curies":[{"name":"wp","href":"https:\/\/api.w.org\/{rel}","templated":true}]}}