{"id":14329,"date":"2019-04-01T10:03:27","date_gmt":"2019-04-01T10:03:27","guid":{"rendered":"http:\/\/192.168.0.42\/?page_id=14329"},"modified":"2025-12-22T12:12:16","modified_gmt":"2025-12-22T11:12:16","slug":"fiestas-y-tradiciones","status":"publish","type":"page","link":"https:\/\/www.mijas.es\/portal\/fiestas-y-tradiciones\/","title":{"rendered":"Fiestas y Tradiciones"},"content":{"rendered":"\n<p>Carta a Papa Noel  &#8211; <a rel=\"noreferrer noopener\" href=\"https:\/\/www.mijas.es\/wp-content\/uploads\/2025\/12\/CARTA-PAPA-NOEL.pdf\" data-type=\"URL\" data-id=\"https:\/\/www.mijas.es\/wp-content\/uploads\/2025\/12\/CARTA-PAPA-NOEL.pdf\" target=\"_blank\">Descargar<\/a><\/p>\n\n\n\n<p>Carta a los Reyes Magos &#8211; <a rel=\"noreferrer noopener\" href=\"https:\/\/www.mijas.es\/wp-content\/uploads\/2025\/12\/CARTA-REYES-MAGOS-2025.pdf\" data-type=\"URL\" data-id=\"https:\/\/www.mijas.es\/wp-content\/uploads\/2025\/12\/CARTA-REYES-MAGOS-2025.pdf\" target=\"_blank\">D<\/a><a rel=\"noreferrer noopener\" href=\"https:\/\/www.mijas.es\/wp-content\/uploads\/2025\/12\/CARTA-REYES-MAGOS-2025.pdf\" data-type=\"URL\" data-id=\"https:\/\/www.mijas.es\/wp-content\/uploads\/2025\/12\/CARTA-REYES-MAGOS-2025.pdf\" target=\"_blank\">e<\/a><a rel=\"noreferrer noopener\" href=\"https:\/\/www.mijas.es\/wp-content\/uploads\/2025\/12\/CARTA-REYES-MAGOS-2025.pdf\" data-type=\"URL\" data-id=\"https:\/\/www.mijas.es\/wp-content\/uploads\/2025\/12\/CARTA-REYES-MAGOS-2025.pdf\" target=\"_blank\">s<\/a><a rel=\"noreferrer noopener\" href=\"https:\/\/www.mijas.es\/wp-content\/uploads\/2025\/12\/CARTA-REYES-MAGOS-2025.pdf\" data-type=\"URL\" data-id=\"https:\/\/www.mijas.es\/wp-content\/uploads\/2025\/12\/CARTA-REYES-MAGOS-2025.pdf\" target=\"_blank\">c<\/a><a rel=\"noreferrer noopener\" href=\"https:\/\/www.mijas.es\/wp-content\/uploads\/2025\/12\/CARTA-REYES-MAGOS-2025.pdf\" data-type=\"URL\" data-id=\"https:\/\/www.mijas.es\/wp-content\/uploads\/2025\/12\/CARTA-REYES-MAGOS-2025.pdf\" target=\"_blank\">a<\/a><a rel=\"noreferrer noopener\" href=\"https:\/\/www.mijas.es\/wp-content\/uploads\/2025\/12\/CARTA-REYES-MAGOS-2025.pdf\" data-type=\"URL\" data-id=\"https:\/\/www.mijas.es\/wp-content\/uploads\/2025\/12\/CARTA-REYES-MAGOS-2025.pdf\" target=\"_blank\">r<\/a><a rel=\"noreferrer noopener\" href=\"https:\/\/www.mijas.es\/wp-content\/uploads\/2025\/12\/CARTA-REYES-MAGOS-2025.pdf\" data-type=\"URL\" data-id=\"https:\/\/www.mijas.es\/wp-content\/uploads\/2025\/12\/CARTA-REYES-MAGOS-2025.pdf\" target=\"_blank\">g<\/a><a rel=\"noreferrer noopener\" href=\"https:\/\/www.mijas.es\/wp-content\/uploads\/2025\/12\/CARTA-REYES-MAGOS-2025.pdf\" data-type=\"URL\" data-id=\"https:\/\/www.mijas.es\/wp-content\/uploads\/2025\/12\/CARTA-REYES-MAGOS-2025.pdf\" target=\"_blank\">a<\/a><a rel=\"noreferrer noopener\" href=\"https:\/\/www.mijas.es\/wp-content\/uploads\/2025\/12\/CARTA-REYES-MAGOS-2025.pdf\" data-type=\"URL\" data-id=\"https:\/\/www.mijas.es\/wp-content\/uploads\/2025\/12\/CARTA-REYES-MAGOS-2025.pdf\" target=\"_blank\">r<\/a><\/p>\n\n\n\n<figure class=\"wp-block-image size-large\"><img decoding=\"async\" width=\"724\" height=\"1024\" src=\"https:\/\/www.mijas.es\/wp-content\/uploads\/2025\/12\/CARTEL-REYES-MAGOS-2025-redes-724x1024.jpg\" alt=\"\" class=\"wp-image-63085\" srcset=\"https:\/\/www.mijas.es\/wp-content\/uploads\/2025\/12\/CARTEL-REYES-MAGOS-2025-redes-724x1024.jpg 724w, https:\/\/www.mijas.es\/wp-content\/uploads\/2025\/12\/CARTEL-REYES-MAGOS-2025-redes-212x300.jpg 212w, https:\/\/www.mijas.es\/wp-content\/uploads\/2025\/12\/CARTEL-REYES-MAGOS-2025-redes-768x1086.jpg 768w, https:\/\/www.mijas.es\/wp-content\/uploads\/2025\/12\/CARTEL-REYES-MAGOS-2025-redes-1086x1536.jpg 1086w, https:\/\/www.mijas.es\/wp-content\/uploads\/2025\/12\/CARTEL-REYES-MAGOS-2025-redes-1448x2048.jpg 1448w, https:\/\/www.mijas.es\/wp-content\/uploads\/2025\/12\/CARTEL-REYES-MAGOS-2025-redes-scaled.jpg 1810w\" sizes=\"(max-width: 724px) 100vw, 724px\" \/><\/figure>\n\n\n\n<figure class=\"wp-block-image size-full\"><img decoding=\"async\" width=\"568\" height=\"698\" src=\"https:\/\/www.mijas.es\/wp-content\/uploads\/2025\/12\/zambomba-las-lagunasnnnnnnn.png\" alt=\"\" class=\"wp-image-63083\" srcset=\"https:\/\/www.mijas.es\/wp-content\/uploads\/2025\/12\/zambomba-las-lagunasnnnnnnn.png 568w, https:\/\/www.mijas.es\/wp-content\/uploads\/2025\/12\/zambomba-las-lagunasnnnnnnn-244x300.png 244w\" sizes=\"(max-width: 568px) 100vw, 568px\" \/><\/figure>\n\n\n\n<figure class=\"wp-block-image size-full\"><img decoding=\"async\" width=\"520\" height=\"768\" src=\"https:\/\/www.mijas.es\/wp-content\/uploads\/2025\/12\/cuentacuentos.png\" alt=\"\" class=\"wp-image-63082\" srcset=\"https:\/\/www.mijas.es\/wp-content\/uploads\/2025\/12\/cuentacuentos.png 520w, https:\/\/www.mijas.es\/wp-content\/uploads\/2025\/12\/cuentacuentos-203x300.png 203w\" sizes=\"(max-width: 520px) 100vw, 520px\" \/><\/figure>\n\n\n\n<figure class=\"wp-block-image size-large\"><img decoding=\"async\" width=\"724\" height=\"1024\" src=\"https:\/\/www.mijas.es\/wp-content\/uploads\/2025\/12\/CARTEL-POBLADO-NAVIDENO-DEFINITIVO-redes-724x1024.jpg\" alt=\"\" class=\"wp-image-63079\" srcset=\"https:\/\/www.mijas.es\/wp-content\/uploads\/2025\/12\/CARTEL-POBLADO-NAVIDENO-DEFINITIVO-redes-724x1024.jpg 724w, https:\/\/www.mijas.es\/wp-content\/uploads\/2025\/12\/CARTEL-POBLADO-NAVIDENO-DEFINITIVO-redes-212x300.jpg 212w, https:\/\/www.mijas.es\/wp-content\/uploads\/2025\/12\/CARTEL-POBLADO-NAVIDENO-DEFINITIVO-redes-768x1086.jpg 768w, https:\/\/www.mijas.es\/wp-content\/uploads\/2025\/12\/CARTEL-POBLADO-NAVIDENO-DEFINITIVO-redes-1086x1536.jpg 1086w, https:\/\/www.mijas.es\/wp-content\/uploads\/2025\/12\/CARTEL-POBLADO-NAVIDENO-DEFINITIVO-redes.jpg 1240w\" sizes=\"(max-width: 724px) 100vw, 724px\" \/><\/figure>\n\n\n\n<figure class=\"wp-block-image size-large\"><img decoding=\"async\" width=\"724\" height=\"1024\" src=\"https:\/\/www.mijas.es\/wp-content\/uploads\/2025\/06\/CARTEL-FERIA-DE-LAS-LAGUNAS-2025-redes-724x1024.jpg\" alt=\"\" class=\"wp-image-61630\" srcset=\"https:\/\/www.mijas.es\/wp-content\/uploads\/2025\/06\/CARTEL-FERIA-DE-LAS-LAGUNAS-2025-redes-724x1024.jpg 724w, https:\/\/www.mijas.es\/wp-content\/uploads\/2025\/06\/CARTEL-FERIA-DE-LAS-LAGUNAS-2025-redes-212x300.jpg 212w, https:\/\/www.mijas.es\/wp-content\/uploads\/2025\/06\/CARTEL-FERIA-DE-LAS-LAGUNAS-2025-redes-768x1086.jpg 768w, https:\/\/www.mijas.es\/wp-content\/uploads\/2025\/06\/CARTEL-FERIA-DE-LAS-LAGUNAS-2025-redes-1086x1536.jpg 1086w, https:\/\/www.mijas.es\/wp-content\/uploads\/2025\/06\/CARTEL-FERIA-DE-LAS-LAGUNAS-2025-redes-1448x2048.jpg 1448w, https:\/\/www.mijas.es\/wp-content\/uploads\/2025\/06\/CARTEL-FERIA-DE-LAS-LAGUNAS-2025-redes.jpg 1754w\" sizes=\"(max-width: 724px) 100vw, 724px\" \/><\/figure>\n\n\n\n<figure class=\"wp-block-image size-large\"><img decoding=\"async\" width=\"819\" height=\"1024\" src=\"https:\/\/www.mijas.es\/wp-content\/uploads\/2025\/06\/caseta-de-la-juventud-819x1024.jpg\" alt=\"\" class=\"wp-image-61588\" srcset=\"https:\/\/www.mijas.es\/wp-content\/uploads\/2025\/06\/caseta-de-la-juventud-819x1024.jpg 819w, https:\/\/www.mijas.es\/wp-content\/uploads\/2025\/06\/caseta-de-la-juventud-240x300.jpg 240w, https:\/\/www.mijas.es\/wp-content\/uploads\/2025\/06\/caseta-de-la-juventud-768x960.jpg 768w, https:\/\/www.mijas.es\/wp-content\/uploads\/2025\/06\/caseta-de-la-juventud-1229x1536.jpg 1229w, https:\/\/www.mijas.es\/wp-content\/uploads\/2025\/06\/caseta-de-la-juventud.jpg 1500w\" sizes=\"(max-width: 819px) 100vw, 819px\" \/><\/figure>\n\n\n\n<figure class=\"wp-block-image size-large\"><img decoding=\"async\" width=\"1024\" height=\"681\" src=\"https:\/\/www.mijas.es\/wp-content\/uploads\/2025\/06\/02.libreto--1024x681.png\" alt=\"\" class=\"wp-image-61587\" srcset=\"https:\/\/www.mijas.es\/wp-content\/uploads\/2025\/06\/02.libreto--1024x681.png 1024w, https:\/\/www.mijas.es\/wp-content\/uploads\/2025\/06\/02.libreto--300x200.png 300w, https:\/\/www.mijas.es\/wp-content\/uploads\/2025\/06\/02.libreto--768x511.png 768w, https:\/\/www.mijas.es\/wp-content\/uploads\/2025\/06\/02.libreto-.png 1399w\" sizes=\"(max-width: 1024px) 100vw, 1024px\" \/><\/figure>\n\n\n\n<figure class=\"wp-block-image size-full\"><img decoding=\"async\" width=\"620\" height=\"935\" src=\"https:\/\/www.mijas.es\/wp-content\/uploads\/2025\/06\/01-CARTEL-ARTISTAS-FERIA-LAS-LAGUNAS-2025.jpg.png\" alt=\"\" class=\"wp-image-61586\" srcset=\"https:\/\/www.mijas.es\/wp-content\/uploads\/2025\/06\/01-CARTEL-ARTISTAS-FERIA-LAS-LAGUNAS-2025.jpg.png 620w, https:\/\/www.mijas.es\/wp-content\/uploads\/2025\/06\/01-CARTEL-ARTISTAS-FERIA-LAS-LAGUNAS-2025.jpg-199x300.png 199w\" sizes=\"(max-width: 620px) 100vw, 620px\" \/><\/figure>\n\n\n\n<figure class=\"wp-block-image size-large\"><img decoding=\"async\" width=\"744\" height=\"1024\" src=\"https:\/\/www.mijas.es\/wp-content\/uploads\/2025\/06\/pregon-feria-de-las-lagunas-2025-744x1024.jpeg\" alt=\"\" class=\"wp-image-61524\" srcset=\"https:\/\/www.mijas.es\/wp-content\/uploads\/2025\/06\/pregon-feria-de-las-lagunas-2025-744x1024.jpeg 744w, https:\/\/www.mijas.es\/wp-content\/uploads\/2025\/06\/pregon-feria-de-las-lagunas-2025-218x300.jpeg 218w, https:\/\/www.mijas.es\/wp-content\/uploads\/2025\/06\/pregon-feria-de-las-lagunas-2025-768x1058.jpeg 768w, https:\/\/www.mijas.es\/wp-content\/uploads\/2025\/06\/pregon-feria-de-las-lagunas-2025.jpeg 1079w\" sizes=\"(max-width: 744px) 100vw, 744px\" \/><\/figure>\n\n\n\n<hr class=\"wp-block-separator has-alpha-channel-opacity\"\/>\n\n\n\n<figure class=\"wp-block-image size-large\"><img decoding=\"async\" width=\"724\" height=\"1024\" src=\"https:\/\/www.mijas.es\/wp-content\/uploads\/2025\/05\/CARTEL-ROMERIA-LAS-LAGUNAS-2025-HERMANDAD-redes-724x1024.jpg\" alt=\"\" class=\"wp-image-61329\" srcset=\"https:\/\/www.mijas.es\/wp-content\/uploads\/2025\/05\/CARTEL-ROMERIA-LAS-LAGUNAS-2025-HERMANDAD-redes-724x1024.jpg 724w, https:\/\/www.mijas.es\/wp-content\/uploads\/2025\/05\/CARTEL-ROMERIA-LAS-LAGUNAS-2025-HERMANDAD-redes-212x300.jpg 212w, https:\/\/www.mijas.es\/wp-content\/uploads\/2025\/05\/CARTEL-ROMERIA-LAS-LAGUNAS-2025-HERMANDAD-redes-768x1086.jpg 768w, https:\/\/www.mijas.es\/wp-content\/uploads\/2025\/05\/CARTEL-ROMERIA-LAS-LAGUNAS-2025-HERMANDAD-redes-1086x1536.jpg 1086w, https:\/\/www.mijas.es\/wp-content\/uploads\/2025\/05\/CARTEL-ROMERIA-LAS-LAGUNAS-2025-HERMANDAD-redes-1448x2048.jpg 1448w, https:\/\/www.mijas.es\/wp-content\/uploads\/2025\/05\/CARTEL-ROMERIA-LAS-LAGUNAS-2025-HERMANDAD-redes-scaled.jpg 1810w\" sizes=\"(max-width: 724px) 100vw, 724px\" \/><\/figure>\n\n\n\n<hr class=\"wp-block-separator has-alpha-channel-opacity\"\/>\n\n\n\n<figure class=\"wp-block-image size-large\"><img decoding=\"async\" width=\"724\" height=\"1024\" src=\"https:\/\/www.mijas.es\/wp-content\/uploads\/2025\/04\/CARTEL-SARDINADA-2025-redes-724x1024.jpg\" alt=\"\" class=\"wp-image-61088\" srcset=\"https:\/\/www.mijas.es\/wp-content\/uploads\/2025\/04\/CARTEL-SARDINADA-2025-redes-724x1024.jpg 724w, https:\/\/www.mijas.es\/wp-content\/uploads\/2025\/04\/CARTEL-SARDINADA-2025-redes-212x300.jpg 212w, https:\/\/www.mijas.es\/wp-content\/uploads\/2025\/04\/CARTEL-SARDINADA-2025-redes-768x1086.jpg 768w, https:\/\/www.mijas.es\/wp-content\/uploads\/2025\/04\/CARTEL-SARDINADA-2025-redes-1086x1536.jpg 1086w, https:\/\/www.mijas.es\/wp-content\/uploads\/2025\/04\/CARTEL-SARDINADA-2025-redes-1448x2048.jpg 1448w, https:\/\/www.mijas.es\/wp-content\/uploads\/2025\/04\/CARTEL-SARDINADA-2025-redes.jpg 1754w\" sizes=\"(max-width: 724px) 100vw, 724px\" \/><\/figure>\n\n\n\n<hr class=\"wp-block-separator has-alpha-channel-opacity\"\/>\n\n\n\n<figure class=\"wp-block-image size-large\"><img decoding=\"async\" width=\"724\" height=\"1024\" src=\"https:\/\/www.mijas.es\/wp-content\/uploads\/2025\/02\/CARTEL-CARNAVAL-2025-redes-724x1024.jpg\" alt=\"\" class=\"wp-image-60377\" srcset=\"https:\/\/www.mijas.es\/wp-content\/uploads\/2025\/02\/CARTEL-CARNAVAL-2025-redes-724x1024.jpg 724w, https:\/\/www.mijas.es\/wp-content\/uploads\/2025\/02\/CARTEL-CARNAVAL-2025-redes-212x300.jpg 212w, https:\/\/www.mijas.es\/wp-content\/uploads\/2025\/02\/CARTEL-CARNAVAL-2025-redes-768x1086.jpg 768w, https:\/\/www.mijas.es\/wp-content\/uploads\/2025\/02\/CARTEL-CARNAVAL-2025-redes-1086x1536.jpg 1086w, https:\/\/www.mijas.es\/wp-content\/uploads\/2025\/02\/CARTEL-CARNAVAL-2025-redes-1448x2048.jpg 1448w, https:\/\/www.mijas.es\/wp-content\/uploads\/2025\/02\/CARTEL-CARNAVAL-2025-redes.jpg 1754w\" sizes=\"(max-width: 724px) 100vw, 724px\" \/><\/figure>\n\n\n\n<ul>\n<li>Bases &#8211; <a href=\"http:\/\/www.mijas.es\/wp-content\/uploads\/2025\/02\/BASES_CONV%20CONC%20DISFRACES%202025.pdf\" target=\"_blank\" rel=\"noreferrer noopener\">Descargar<\/a><\/li>\n<\/ul>\n\n\n\n<hr class=\"wp-block-separator has-alpha-channel-opacity\"\/>\n\n\n\n<p>Solicitud para la inscripci\u00f3n en las Carrozas Reales Majestades 2025 &#8211; <a rel=\"noreferrer noopener\" href=\"http:\/\/www.mijas.es\/wp-content\/uploads\/2024\/11\/SOLICITUD%20RRMM%202025.pdf\" target=\"_blank\">Descargar<\/a><\/p>\n\n\n\n<figure class=\"wp-block-image size-large\"><img decoding=\"async\" width=\"724\" height=\"1024\" src=\"https:\/\/www.mijas.es\/wp-content\/uploads\/2024\/11\/Cartel-inscripciones-Cabalgata-Reyes-2025-724x1024.png\" alt=\"\" class=\"wp-image-59648\" srcset=\"https:\/\/www.mijas.es\/wp-content\/uploads\/2024\/11\/Cartel-inscripciones-Cabalgata-Reyes-2025-724x1024.png 724w, https:\/\/www.mijas.es\/wp-content\/uploads\/2024\/11\/Cartel-inscripciones-Cabalgata-Reyes-2025-212x300.png 212w, https:\/\/www.mijas.es\/wp-content\/uploads\/2024\/11\/Cartel-inscripciones-Cabalgata-Reyes-2025-768x1086.png 768w, https:\/\/www.mijas.es\/wp-content\/uploads\/2024\/11\/Cartel-inscripciones-Cabalgata-Reyes-2025-1086x1536.png 1086w, https:\/\/www.mijas.es\/wp-content\/uploads\/2024\/11\/Cartel-inscripciones-Cabalgata-Reyes-2025.png 1414w\" sizes=\"(max-width: 724px) 100vw, 724px\" \/><\/figure>\n\n\n\n<hr class=\"wp-block-separator has-alpha-channel-opacity\"\/>\n\n\n\n<figure class=\"wp-block-image size-large\"><img decoding=\"async\" width=\"724\" height=\"1024\" src=\"https:\/\/www.mijas.es\/wp-content\/uploads\/2024\/11\/CARTEL-INAUGURACION-ALUMBRADO-NAVIDAD-2024-redes-724x1024.jpg\" alt=\"\" class=\"wp-image-59605\" srcset=\"https:\/\/www.mijas.es\/wp-content\/uploads\/2024\/11\/CARTEL-INAUGURACION-ALUMBRADO-NAVIDAD-2024-redes-724x1024.jpg 724w, https:\/\/www.mijas.es\/wp-content\/uploads\/2024\/11\/CARTEL-INAUGURACION-ALUMBRADO-NAVIDAD-2024-redes-212x300.jpg 212w, https:\/\/www.mijas.es\/wp-content\/uploads\/2024\/11\/CARTEL-INAUGURACION-ALUMBRADO-NAVIDAD-2024-redes-768x1086.jpg 768w, https:\/\/www.mijas.es\/wp-content\/uploads\/2024\/11\/CARTEL-INAUGURACION-ALUMBRADO-NAVIDAD-2024-redes-1086x1536.jpg 1086w, https:\/\/www.mijas.es\/wp-content\/uploads\/2024\/11\/CARTEL-INAUGURACION-ALUMBRADO-NAVIDAD-2024-redes-1448x2048.jpg 1448w, https:\/\/www.mijas.es\/wp-content\/uploads\/2024\/11\/CARTEL-INAUGURACION-ALUMBRADO-NAVIDAD-2024-redes-scaled.jpg 1810w\" sizes=\"(max-width: 724px) 100vw, 724px\" \/><\/figure>\n\n\n\n<hr class=\"wp-block-separator has-alpha-channel-opacity\"\/>\n\n\n\n<h1 class=\"wp-block-heading has-text-align-center\">Feria de La Cala de Mijas 2024<\/h1>\n\n\n\n<figure class=\"wp-block-image size-large is-resized\"><img decoding=\"async\" src=\"https:\/\/www.mijas.es\/wp-content\/uploads\/2024\/07\/CARTEL-FERIA-LA-CALA-2024-DEFINITIVO-724x1024.jpg\" alt=\"\" class=\"wp-image-57630\" width=\"810\" height=\"1146\" srcset=\"https:\/\/www.mijas.es\/wp-content\/uploads\/2024\/07\/CARTEL-FERIA-LA-CALA-2024-DEFINITIVO-724x1024.jpg 724w, https:\/\/www.mijas.es\/wp-content\/uploads\/2024\/07\/CARTEL-FERIA-LA-CALA-2024-DEFINITIVO-212x300.jpg 212w, https:\/\/www.mijas.es\/wp-content\/uploads\/2024\/07\/CARTEL-FERIA-LA-CALA-2024-DEFINITIVO-768x1086.jpg 768w, https:\/\/www.mijas.es\/wp-content\/uploads\/2024\/07\/CARTEL-FERIA-LA-CALA-2024-DEFINITIVO-1086x1536.jpg 1086w, https:\/\/www.mijas.es\/wp-content\/uploads\/2024\/07\/CARTEL-FERIA-LA-CALA-2024-DEFINITIVO-1448x2048.jpg 1448w, https:\/\/www.mijas.es\/wp-content\/uploads\/2024\/07\/CARTEL-FERIA-LA-CALA-2024-DEFINITIVO-scaled.jpg 1810w\" sizes=\"(max-width: 810px) 100vw, 810px\" \/><\/figure>\n\n\n\n<h1 class=\"wp-block-heading has-text-align-center\">Programaci\u00f3n Feria &#8211; <a href=\"https:\/\/www.mijas.es\/wp-content\/uploads\/2024\/07\/libro-feria-cala-2024.pdf\" data-type=\"URL\" data-id=\"https:\/\/www.mijas.es\/wp-content\/uploads\/2024\/07\/libro-feria-cala-2024.pdf\" target=\"_blank\" rel=\"noreferrer noopener\">Aqu\u00ed<\/a><\/h1>\n\n\n\n<hr class=\"wp-block-separator has-alpha-channel-opacity\"\/>\n\n\n\n<h1 class=\"wp-block-heading has-text-align-center\">Feria de Las Lagunas 2024<\/h1>\n\n\n<div class=\"wp-block-image\">\n<figure class=\"aligncenter size-large is-resized\"><a href=\"https:\/\/www.mijas.es\/wp-content\/uploads\/2024\/06\/INTERIOR-LIBRO-FERIA-LAS-LAGUNAS-2024-para-web.pdf\"><img decoding=\"async\" src=\"https:\/\/www.mijas.es\/wp-content\/uploads\/2024\/06\/DEFINITIVO-CARTEL-FERIA-LAS-LAGUNAS-2024-redes-724x1024.jpg\" alt=\"\" class=\"wp-image-57009\" width=\"804\" height=\"1137\" srcset=\"https:\/\/www.mijas.es\/wp-content\/uploads\/2024\/06\/DEFINITIVO-CARTEL-FERIA-LAS-LAGUNAS-2024-redes-724x1024.jpg 724w, https:\/\/www.mijas.es\/wp-content\/uploads\/2024\/06\/DEFINITIVO-CARTEL-FERIA-LAS-LAGUNAS-2024-redes-212x300.jpg 212w, https:\/\/www.mijas.es\/wp-content\/uploads\/2024\/06\/DEFINITIVO-CARTEL-FERIA-LAS-LAGUNAS-2024-redes-768x1086.jpg 768w, https:\/\/www.mijas.es\/wp-content\/uploads\/2024\/06\/DEFINITIVO-CARTEL-FERIA-LAS-LAGUNAS-2024-redes-1086x1536.jpg 1086w, https:\/\/www.mijas.es\/wp-content\/uploads\/2024\/06\/DEFINITIVO-CARTEL-FERIA-LAS-LAGUNAS-2024-redes-1448x2048.jpg 1448w, https:\/\/www.mijas.es\/wp-content\/uploads\/2024\/06\/DEFINITIVO-CARTEL-FERIA-LAS-LAGUNAS-2024-redes.jpg 1754w\" sizes=\"(max-width: 804px) 100vw, 804px\" \/><\/a><\/figure><\/div>\n\n\n<h1 class=\"wp-block-heading has-text-align-center\"><strong>Programaci\u00f3n Feria &#8211; <a href=\"https:\/\/www.mijas.es\/wp-content\/uploads\/2024\/06\/INTERIOR-LIBRO-FERIA-LAS-LAGUNAS-2024-para-web.pdf\" data-type=\"URL\" data-id=\"https:\/\/www.mijas.es\/wp-content\/uploads\/2024\/06\/INTERIOR-LIBRO-FERIA-LAS-LAGUNAS-2024-para-web.pdf\" target=\"_blank\" rel=\"noreferrer noopener\">Aqu\u00ed<\/a><\/strong><\/h1>\n\n\n\n<hr class=\"wp-block-separator has-alpha-channel-opacity\"\/>\n\n\n\n<h1 class=\"wp-block-heading has-text-align-center\">SAN JUAN 2024<\/h1>\n\n\n<div class=\"wp-block-image\">\n<figure class=\"aligncenter size-large is-resized\"><img decoding=\"async\" src=\"https:\/\/www.mijas.es\/wp-content\/uploads\/2024\/06\/CARTEL-SAN-JUAN-2024-DEFINITIVO-724x1024.jpg\" alt=\"\" class=\"wp-image-57136\" width=\"812\" height=\"1149\" srcset=\"https:\/\/www.mijas.es\/wp-content\/uploads\/2024\/06\/CARTEL-SAN-JUAN-2024-DEFINITIVO-724x1024.jpg 724w, https:\/\/www.mijas.es\/wp-content\/uploads\/2024\/06\/CARTEL-SAN-JUAN-2024-DEFINITIVO-212x300.jpg 212w, https:\/\/www.mijas.es\/wp-content\/uploads\/2024\/06\/CARTEL-SAN-JUAN-2024-DEFINITIVO-768x1086.jpg 768w, https:\/\/www.mijas.es\/wp-content\/uploads\/2024\/06\/CARTEL-SAN-JUAN-2024-DEFINITIVO-1086x1536.jpg 1086w, https:\/\/www.mijas.es\/wp-content\/uploads\/2024\/06\/CARTEL-SAN-JUAN-2024-DEFINITIVO-1448x2048.jpg 1448w, https:\/\/www.mijas.es\/wp-content\/uploads\/2024\/06\/CARTEL-SAN-JUAN-2024-DEFINITIVO-scaled.jpg 1810w\" sizes=\"(max-width: 812px) 100vw, 812px\" \/><\/figure><\/div>","protected":false},"excerpt":{"rendered":"<p>Carta a Papa Noel &#8211; Descargar Carta a los Reyes Magos &#8211; Descargar Solicitud para la inscripci\u00f3n en las Carrozas Reales Majestades 2025 &#8211; Descargar Feria de La Cala de Mijas 2024 Programaci\u00f3n Feria &#8211; Aqu\u00ed Feria de Las Lagunas 2024 Programaci\u00f3n Feria &#8211; Aqu\u00ed SAN JUAN 2024<\/p>\n","protected":false},"author":4,"featured_media":13852,"parent":0,"menu_order":0,"comment_status":"closed","ping_status":"closed","template":"page-departamental.php","meta":[],"_links":{"self":[{"href":"https:\/\/www.mijas.es\/portal\/wp-json\/wp\/v2\/pages\/14329"}],"collection":[{"href":"https:\/\/www.mijas.es\/portal\/wp-json\/wp\/v2\/pages"}],"about":[{"href":"https:\/\/www.mijas.es\/portal\/wp-json\/wp\/v2\/types\/page"}],"author":[{"embeddable":true,"href":"https:\/\/www.mijas.es\/portal\/wp-json\/wp\/v2\/users\/4"}],"replies":[{"embeddable":true,"href":"https:\/\/www.mijas.es\/portal\/wp-json\/wp\/v2\/comments?post=14329"}],"version-history":[{"count":99,"href":"https:\/\/www.mijas.es\/portal\/wp-json\/wp\/v2\/pages\/14329\/revisions"}],"predecessor-version":[{"id":63090,"href":"https:\/\/www.mijas.es\/portal\/wp-json\/wp\/v2\/pages\/14329\/revisions\/63090"}],"wp:featuredmedia":[{"embeddable":true,"href":"https:\/\/www.mijas.es\/portal\/wp-json\/wp\/v2\/media\/13852"}],"wp:attachment":[{"href":"https:\/\/www.mijas.es\/portal\/wp-json\/wp\/v2\/media?parent=14329"}],"curies":[{"name":"wp","href":"https:\/\/api.w.org\/{rel}","templated":true}]}}