{"id":14325,"date":"2019-04-01T10:01:52","date_gmt":"2019-04-01T10:01:52","guid":{"rendered":"http:\/\/192.168.0.42\/?page_id=14325"},"modified":"2023-06-30T07:45:52","modified_gmt":"2023-06-30T06:45:52","slug":"movilidad","status":"publish","type":"page","link":"https:\/\/www.mijas.es\/portal\/movilidad-urbana\/movilidad\/","title":{"rendered":"Actividades"},"content":{"rendered":"\n<p> <strong>AL COLE EN BICI<\/strong><\/p>\n\n\n\n<p><\/p>\n\n\n\n<figure class=\"wp-block-image is-resized\"><img decoding=\"async\" src=\"https:\/\/www.mijas.es\/files\/adjuntos\/transportes\/cats2.jpg\" alt=\"\" width=\"455\" height=\"341\"\/><\/figure>\n\n\n\n<figure class=\"wp-block-image is-resized\"><img decoding=\"async\" src=\"https:\/\/www.mijas.es\/files\/adjuntos\/transportes\/cats3.jpg\" alt=\"\" width=\"455\" height=\"341\"\/><\/figure>\n\n\n\n<figure class=\"wp-block-image is-resized\"><img decoding=\"async\" src=\"https:\/\/www.mijas.es\/files\/adjuntos\/transportes\/cats4.jpg\" alt=\"\" width=\"456\" height=\"343\"\/><\/figure>\n\n\n\n<figure class=\"wp-block-image is-resized\"><img decoding=\"async\" src=\"https:\/\/www.mijas.es\/files\/adjuntos\/transportes\/cats5.jpg\" alt=\"\" width=\"456\" height=\"343\"><\/figure>\n\n\n\n<figure class=\"wp-block-image is-resized\"><img decoding=\"async\" src=\"https:\/\/www.mijas.es\/files\/adjuntos\/transportes\/cats6.jpg\" alt=\"\" width=\"466\" height=\"350\"\/><\/figure>\n\n\n\n<figure class=\"wp-block-image is-resized\"><img decoding=\"async\" src=\"https:\/\/www.mijas.es\/files\/adjuntos\/transportes\/cats7.jpg\" alt=\"\" width=\"500\" height=\"375\"\/><\/figure>\n\n\n\n<figure class=\"wp-block-image is-resized\"><img decoding=\"async\" src=\"https:\/\/www.mijas.es\/files\/adjuntos\/transportes\/cats9.jpg\" alt=\"\" width=\"496\" height=\"372\"\/><\/figure>\n\n\n\n<figure class=\"wp-block-image is-resized\"><img decoding=\"async\" src=\"https:\/\/www.mijas.es\/files\/adjuntos\/transportes\/cats10.jpg\" alt=\"\" width=\"495\" height=\"371\"\/><\/figure>\n\n\n\n<p>\n\tItinerarios (Hacer click en la imagen para agrandar)<\/p>\n\n\n\n<p>\n\tIES SIERRA MIJAS E IES LAS LAGUNAS<\/p>\n\n\n\n<figure class=\"wp-block-image is-resized\"><a href=\"https:\/\/www.mijas.es\/files\/adjuntos\/transportes\/IES_LAS_LAGUNAS_-_SIERRA_DE_MIJAS.jpg\" target=\"_blank\" rel=\"noreferrer noopener\"><img decoding=\"async\" src=\"https:\/\/www.mijas.es\/files\/adjuntos\/transportes\/IES_LAS_LAGUNAS_-_SIERRA_DE_MIJAS.jpg\" alt=\"\" width=\"342\" height=\"214\"\/><\/a><\/figure>\n\n\n\n<p>\n\tIES TORRE ALMENARA<\/p>\n\n\n\n<figure class=\"wp-block-image is-resized\"><a href=\"https:\/\/www.mijas.es\/files\/adjuntos\/transportes\/IES_TORRE_ALMENARA.jpg\" target=\"_blank\" rel=\"noreferrer noopener\"><img decoding=\"async\" src=\"https:\/\/www.mijas.es\/files\/adjuntos\/transportes\/IES_TORRE_ALMENARA.jpg\" alt=\"\" width=\"343\" height=\"214\"\/><\/a><\/figure>\n\n\n\n<p>\n\tIES VEGA DE MIJAS<\/p>\n\n\n\n<figure class=\"wp-block-image is-resized\"><a href=\"https:\/\/www.mijas.es\/files\/adjuntos\/transportes\/IES_VEGA_DE_MIJAS.jpg\" target=\"_blank\" rel=\"noreferrer noopener\"><img decoding=\"async\" src=\"https:\/\/www.mijas.es\/files\/adjuntos\/transportes\/IES_VEGA_DE_MIJAS.jpg\" alt=\"\" width=\"343\" height=\"192\"\/><\/a><\/figure>\n\n\n\n<p>\n\tCEIP LAS CA\u00d1ADAS<\/p>\n\n\n\n<figure class=\"wp-block-image is-resized\"><a href=\"https:\/\/www.mijas.es\/files\/adjuntos\/transportes\/LAS_CAADAS.jpg\" target=\"_blank\" rel=\"noreferrer noopener\"><img decoding=\"async\" src=\"https:\/\/www.mijas.es\/files\/adjuntos\/transportes\/LAS_CAADAS.jpg\" alt=\"\" width=\"344\" height=\"215\"\/><\/a><\/figure>\n\n\n\n<p>\n\tCEIP VIRGEN DE LA PE\u00d1A<\/p>\n\n\n\n<figure class=\"wp-block-image is-resized\"><a href=\"https:\/\/www.mijas.es\/files\/adjuntos\/transportes\/VIRGEN_DE_LA_PEA.jpg\" target=\"_blank\" rel=\"noreferrer noopener\"><img decoding=\"async\" src=\"https:\/\/www.mijas.es\/files\/adjuntos\/transportes\/VIRGEN_DE_LA_PEA.jpg\" alt=\"\" width=\"347\" height=\"194\"\/><\/a><\/figure>\n\n\n\n<p>\n\tCEIP GARCIA DEL OLMO<\/p>\n\n\n\n<figure class=\"wp-block-image is-resized\"><a href=\"https:\/\/www.mijas.es\/files\/adjuntos\/transportes\/Garcia_Olmo.jpg\" target=\"_blank\" rel=\"noreferrer noopener\"><img decoding=\"async\" src=\"https:\/\/www.mijas.es\/files\/adjuntos\/transportes\/Garcia_Olmo.jpg\" alt=\"\" width=\"348\" height=\"195\"\/><\/a><\/figure>\n\n\n\n<p>\n\tCEIP EL ALBERO<\/p>\n\n\n\n<figure class=\"wp-block-image is-resized\"><a href=\"https:\/\/www.mijas.es\/files\/adjuntos\/transportes\/EL_ALBERO.jpg\" target=\"_blank\" rel=\"noreferrer noopener\"><img decoding=\"async\" src=\"https:\/\/www.mijas.es\/files\/adjuntos\/transportes\/EL_ALBERO.jpg\" alt=\"\" width=\"348\" height=\"195\"\/><\/a><\/figure>\n\n\n\n<p>\n\tCEIP CHAPARRAL<\/p>\n\n\n\n<figure class=\"wp-block-image is-resized\"><a href=\"https:\/\/www.mijas.es\/files\/adjuntos\/transportes\/CHAPARRAL.jpg\" target=\"_blank\" rel=\"noreferrer noopener\"><img decoding=\"async\" src=\"https:\/\/www.mijas.es\/files\/adjuntos\/transportes\/CHAPARRAL.jpg\" alt=\"\" width=\"349\" height=\"195\"\/><\/a><\/figure>\n\n\n\n<p>\n\tCEIP CAMPANALES<\/p>\n\n\n\n<figure class=\"wp-block-image is-resized\"><a href=\"https:\/\/www.mijas.es\/files\/adjuntos\/transportes\/CAMPANALES.jpg\" target=\"_blank\" rel=\"noreferrer noopener\"><img decoding=\"async\" src=\"https:\/\/www.mijas.es\/files\/adjuntos\/transportes\/CAMPANALES.jpg\" alt=\"\" width=\"350\" height=\"219\"\/><\/a><\/figure>\n\n\n\n<p>\n\tCEIP JARD\u00cdN BOT\u00c1NICO<\/p>\n\n\n\n<figure class=\"wp-block-image is-resized\"><a href=\"https:\/\/www.mijas.es\/files\/adjuntos\/transportes\/Jardn_Botanico.jpg\" target=\"_blank\" rel=\"noreferrer noopener\"><img decoding=\"async\" src=\"https:\/\/www.mijas.es\/files\/adjuntos\/transportes\/Jardn_Botanico.jpg\" alt=\"\" width=\"350\" height=\"196\"\/><\/a><\/figure>\n\n\n\n<p>\n\tCEIP MAR\u00cdA ZAMBRANO<\/p>\n\n\n\n<figure class=\"wp-block-image is-resized\"><a href=\"https:\/\/www.mijas.es\/files\/adjuntos\/transportes\/MARIA_ZAMBRANO.jpg\" target=\"_blank\" rel=\"noreferrer noopener\"><img decoding=\"async\" src=\"https:\/\/www.mijas.es\/files\/adjuntos\/transportes\/MARIA_ZAMBRANO.jpg\" alt=\"\" width=\"352\" height=\"220\"\/><\/a><\/figure>\n\n\n\n<p><strong>MIJAS MEJOR EN BICI:<\/strong><\/p>\n\n\n\n<figure class=\"wp-block-image is-resized\"><img decoding=\"async\" src=\"https:\/\/www.mijas.es\/files\/adjuntos\/transportes\/cats11.jpg\" alt=\"\" width=\"466\" height=\"350\"\/><\/figure>\n\n\n\n<figure class=\"wp-block-image is-resized\"><img decoding=\"async\" src=\"https:\/\/www.mijas.es\/files\/adjuntos\/transportes\/cats12.jpg\" alt=\"\" width=\"466\" height=\"350\"\/><\/figure>\n\n\n\n<figure class=\"wp-block-image is-resized\"><img decoding=\"async\" src=\"https:\/\/www.mijas.es\/files\/adjuntos\/transportes\/cats13.jpg\" alt=\"\" width=\"466\" height=\"350\"\/><\/figure>\n\n\n\n<figure class=\"wp-block-image is-resized\"><img decoding=\"async\" src=\"https:\/\/www.mijas.es\/files\/adjuntos\/transportes\/cats14.jpg\" alt=\"\" width=\"464\" height=\"348\"\/><\/figure>\n\n\n\n<figure class=\"wp-block-image is-resized\"><img decoding=\"async\" src=\"https:\/\/www.mijas.es\/files\/adjuntos\/transportes\/cats15.jpg\" alt=\"\" width=\"464\" height=\"348\"\/><\/figure>\n\n\n\n<figure class=\"wp-block-image is-resized\"><img decoding=\"async\" src=\"https:\/\/www.mijas.es\/files\/adjuntos\/transportes\/cats16.jpg\" alt=\"\" width=\"463\" height=\"347\"\/><\/figure>\n\n\n\n<figure class=\"wp-block-image is-resized\"><img decoding=\"async\" src=\"https:\/\/www.mijas.es\/files\/adjuntos\/transportes\/cats17.jpg\" alt=\"\" width=\"465\" height=\"349\"\/><\/figure>\n\n\n\n<figure class=\"wp-block-image is-resized\"><img decoding=\"async\" src=\"https:\/\/www.mijas.es\/files\/adjuntos\/transportes\/cats18.jpg\" alt=\"\" width=\"467\" height=\"350\"\/><\/figure>\n\n\n\n<p><strong>EDUCACI\u00d3N VIAL<\/strong><\/p>\n\n\n\n<figure class=\"wp-block-image is-resized\"><img decoding=\"async\" src=\"https:\/\/www.mijas.es\/files\/adjuntos\/transportes\/cats20.jpg\" alt=\"\" width=\"470\" height=\"353\"><\/figure>\n\n\n\n<figure class=\"wp-block-image is-resized\"><img decoding=\"async\" src=\"https:\/\/www.mijas.es\/files\/adjuntos\/transportes\/cats21.jpg\" alt=\"\" width=\"505\" height=\"379\"\/><\/figure>\n\n\n\n<figure class=\"wp-block-image is-resized\"><img decoding=\"async\" src=\"https:\/\/www.mijas.es\/files\/adjuntos\/transportes\/cats22.jpg\" alt=\"\" width=\"505\" height=\"379\"\/><\/figure>\n\n\n\n<figure class=\"wp-block-image is-resized\"><img decoding=\"async\" src=\"https:\/\/www.mijas.es\/files\/adjuntos\/transportes\/cats23.jpg\" alt=\"\" width=\"505\" height=\"379\"\/><\/figure>\n\n\n\n<figure class=\"wp-block-image is-resized\"><img decoding=\"async\" src=\"https:\/\/www.mijas.es\/files\/adjuntos\/transportes\/cats24.jpg\" alt=\"\" width=\"504\" height=\"378\"\/><\/figure>\n\n\n\n<figure class=\"wp-block-image is-resized\"><img decoding=\"async\" src=\"https:\/\/www.mijas.es\/files\/adjuntos\/transportes\/cats25.jpg\" alt=\"\" width=\"504\" height=\"378\"\/><\/figure>\n\n\n\n<figure class=\"wp-block-image is-resized\"><img decoding=\"async\" src=\"https:\/\/www.mijas.es\/files\/adjuntos\/transportes\/cats26.jpg\" alt=\"\" width=\"508\" height=\"381\"\/><\/figure>\n","protected":false},"excerpt":{"rendered":"<p>AL COLE EN BICI Itinerarios (Hacer click en la imagen para agrandar) IES SIERRA MIJAS E IES LAS LAGUNAS IES TORRE ALMENARA IES VEGA DE MIJAS CEIP LAS CA\u00d1ADAS CEIP VIRGEN DE LA PE\u00d1A CEIP GARCIA DEL OLMO CEIP EL ALBERO CEIP CHAPARRAL CEIP CAMPANALES CEIP JARD\u00cdN BOT\u00c1NICO CEIP MAR\u00cdA ZAMBRANO MIJAS MEJOR EN BICI: [&hellip;]<\/p>\n","protected":false},"author":4,"featured_media":13852,"parent":24524,"menu_order":0,"comment_status":"closed","ping_status":"closed","template":"page-departamental.php","meta":[],"_links":{"self":[{"href":"https:\/\/www.mijas.es\/portal\/wp-json\/wp\/v2\/pages\/14325"}],"collection":[{"href":"https:\/\/www.mijas.es\/portal\/wp-json\/wp\/v2\/pages"}],"about":[{"href":"https:\/\/www.mijas.es\/portal\/wp-json\/wp\/v2\/types\/page"}],"author":[{"embeddable":true,"href":"https:\/\/www.mijas.es\/portal\/wp-json\/wp\/v2\/users\/4"}],"replies":[{"embeddable":true,"href":"https:\/\/www.mijas.es\/portal\/wp-json\/wp\/v2\/comments?post=14325"}],"version-history":[{"count":13,"href":"https:\/\/www.mijas.es\/portal\/wp-json\/wp\/v2\/pages\/14325\/revisions"}],"predecessor-version":[{"id":51161,"href":"https:\/\/www.mijas.es\/portal\/wp-json\/wp\/v2\/pages\/14325\/revisions\/51161"}],"up":[{"embeddable":true,"href":"https:\/\/www.mijas.es\/portal\/wp-json\/wp\/v2\/pages\/24524"}],"wp:featuredmedia":[{"embeddable":true,"href":"https:\/\/www.mijas.es\/portal\/wp-json\/wp\/v2\/media\/13852"}],"wp:attachment":[{"href":"https:\/\/www.mijas.es\/portal\/wp-json\/wp\/v2\/media?parent=14325"}],"curies":[{"name":"wp","href":"https:\/\/api.w.org\/{rel}","templated":true}]}}