{"id":14293,"date":"2019-04-01T08:45:27","date_gmt":"2019-04-01T08:45:27","guid":{"rendered":"http:\/\/192.168.0.42\/?page_id=14293"},"modified":"2025-09-11T09:40:54","modified_gmt":"2025-09-11T08:40:54","slug":"tablon-de-anuncios-de-transportes","status":"publish","type":"page","link":"https:\/\/www.mijas.es\/portal\/movilidad-urbana\/tablon-de-anuncios-de-transportes\/","title":{"rendered":"Tabl\u00f3n de anuncios de transportes"},"content":{"rendered":"\n<ul>\n<li>(27\/04\/2021) <strong>Ordenanza Municipal para el Servicio de Transporte P\u00fablico de Viajeros y Viajeras en Autom\u00f3viles de Turismo (Taxi) del Ayuntamiento de Mijas<\/strong> <strong>(<a rel=\"noreferrer noopener\" href=\"http:\/\/www.mijas.es\/wp-content\/uploads\/2021\/04\/Anuncio%20Consulta%20P%C3%BAblica.pdf\" target=\"_blank\">PDF<\/a>)<\/strong><\/li>\n\n\n\n<li>(02\/06\/2021) <strong>Proyecto De La Nueva Ordenanza Municipal Para El Servicio De Transporte P\u00fablico De Viajeros Y Viajeras&nbsp; En Autom\u00f3viles De Turismo (Taxi) Del Ayuntamiento De Mijas.<\/strong> <strong>(<a rel=\"noreferrer noopener\" href=\"https:\/\/www.mijas.es\/wp-content\/uploads\/2021\/06\/Proyecto%20ORDENANZA%20TAXI%20MIJAS%202021.pdf\" target=\"_blank\">PDF<\/a>)<\/strong><\/li>\n\n\n\n<li>(15\/03\/2022) <strong>Procedimiento Para la Concesi\u00f3n de Licencias de Auto-Taxi Para Veh\u00edculos Adaptados en el Municipio de Mijas (n\u00ba 115, 116, 117 y 118)<\/strong>. <strong>(<a rel=\"noreferrer noopener\" href=\"https:\/\/www.mijas.es\/wp-content\/uploads\/2022\/03\/PUBLICACION_EXTRACTO_MESA__04-03-2022.pdf\" target=\"_blank\">PDF<\/a>)<\/strong><\/li>\n\n\n\n<li>(24\/01\/2024) <strong>Anuncio Consulta P\u00fablica<\/strong> <strong>previo elaboraci\u00f3n del proyecto de la Ordenanza Municipal Reguladora del Servicio P\u00fablico de Transporte Urbano en Autob\u00fas en Mijas<\/strong> <strong>(<a rel=\"noreferrer noopener\" href=\"https:\/\/www.mijas.es\/wp-content\/uploads\/2024\/01\/Anuncio-1.pdf\" target=\"_blank\">PDF<\/a>)<\/strong><\/li>\n\n\n\n<li>(09\/01\/2025) <strong>Relaci\u00f3n Provisional de Admitidos y Excluidos para la Adjudicaci\u00f3n Mediante Concurso Publico de Cuatro Licencias de Auto-Taxi (5+Pmr) Adaptadas para Personas de Movilidad Reducida Convocatoria 2024. (<a rel=\"noreferrer noopener\" href=\"http:\/\/www.mijas.es\/wp-content\/uploads\/2025\/01\/nota%20a%20EDICTOS%20LISTA%20PROV.pdf\" target=\"_blank\">PDF<\/a>)<\/strong><\/li>\n\n\n\n<li>(11\/09\/2025) \u00a0<strong>Borrador del acta de la comisi\u00f3n de valoraci\u00f3n de para la adjudicaci\u00f3n mediante concurso p\u00fablico de cuatro licencias de auto-taxi (5+pmr) adaptadas para personas de movilidad reducida<\/strong> <strong>(<a href=\"https:\/\/www.mijas.es\/wp-content\/uploads\/2025\/09\/20250911_Notificaci%C3%B3n_Notificaci%C3%B3n_INFORME%20BAREMACI%C3%93N%20SOBRE%202.pdf\" target=\"_blank\" rel=\"noreferrer noopener\">PDF<\/a>)<\/strong><\/li>\n<\/ul>\n\n\n\n<p><\/p>\n\n\n\n<p><\/p>\n","protected":false},"excerpt":{"rendered":"","protected":false},"author":4,"featured_media":13852,"parent":24524,"menu_order":0,"comment_status":"closed","ping_status":"closed","template":"page-departamental.php","meta":[],"_links":{"self":[{"href":"https:\/\/www.mijas.es\/portal\/wp-json\/wp\/v2\/pages\/14293"}],"collection":[{"href":"https:\/\/www.mijas.es\/portal\/wp-json\/wp\/v2\/pages"}],"about":[{"href":"https:\/\/www.mijas.es\/portal\/wp-json\/wp\/v2\/types\/page"}],"author":[{"embeddable":true,"href":"https:\/\/www.mijas.es\/portal\/wp-json\/wp\/v2\/users\/4"}],"replies":[{"embeddable":true,"href":"https:\/\/www.mijas.es\/portal\/wp-json\/wp\/v2\/comments?post=14293"}],"version-history":[{"count":8,"href":"https:\/\/www.mijas.es\/portal\/wp-json\/wp\/v2\/pages\/14293\/revisions"}],"predecessor-version":[{"id":62137,"href":"https:\/\/www.mijas.es\/portal\/wp-json\/wp\/v2\/pages\/14293\/revisions\/62137"}],"up":[{"embeddable":true,"href":"https:\/\/www.mijas.es\/portal\/wp-json\/wp\/v2\/pages\/24524"}],"wp:featuredmedia":[{"embeddable":true,"href":"https:\/\/www.mijas.es\/portal\/wp-json\/wp\/v2\/media\/13852"}],"wp:attachment":[{"href":"https:\/\/www.mijas.es\/portal\/wp-json\/wp\/v2\/media?parent=14293"}],"curies":[{"name":"wp","href":"https:\/\/api.w.org\/{rel}","templated":true}]}}