{"id":14245,"date":"2019-04-01T08:00:10","date_gmt":"2019-04-01T08:00:10","guid":{"rendered":"http:\/\/192.168.0.42\/?page_id=14245"},"modified":"2024-04-25T14:47:57","modified_gmt":"2024-04-25T13:47:57","slug":"modernizacion-digital","status":"publish","type":"page","link":"https:\/\/www.mijas.es\/portal\/modernizacion-digital\/","title":{"rendered":"Modernizaci\u00f3n Digital"},"content":{"rendered":"\n<p>El Departamento de Inform\u00e1tica dependiente de la Concejal\u00eda de Modernizaci\u00f3n Digital, est\u00e1 encargado de la gesti\u00f3n y explotaci\u00f3n de los Sistemas de Informaci\u00f3n municipales.<\/p>\n\n\n\n<p>Entre sus cometidos est\u00e1 el mantenimiento del parque microinform\u00e1tico municipal, administraci\u00f3n del Centro de Proceso de Datos, desarrollo y seguimiento de los aplicativos software del Ayuntamiento, seguimiento de la seguridad de los sistemas y de la red telem\u00e1tica corporativa, gesti\u00f3n del portal web municipal y asesoramiento sobre soluciones tecnol\u00f3gicas.<\/p>\n\n\n\n<p><br> El departamento est\u00e1 dividido en varias secciones:  <\/p>\n\n\n\n<ul><\/ul>\n\n\n\n<ul>\n<li> Secci\u00f3n de Soporte Inform\u00e1tico y P\u00e1gina Web    <\/li>\n\n\n\n<li> Secci\u00f3n de Administraci\u00f3n de Sistemas <\/li>\n\n\n\n<li> Secci\u00f3n de Comunicaciones<\/li>\n\n\n\n<li> Secci\u00f3n de Explotaci\u00f3n y  Desarrollador de Contenidos Internet <\/li>\n<\/ul>\n\n\n\n<p> <strong>Direcci\u00f3n:<\/strong> Casa Consistorial,&nbsp;Avenida Virgen de la Pe\u00f1a 2,&nbsp;29650 Mijas (M\u00e1laga)<br> <strong>Ubicaci\u00f3n:<\/strong> Planta 0. Ala Derecha<br> <strong>Tel\u00e9fono: <\/strong>952 58 90 12<br> <strong>E-mail:<\/strong> <a href=\"mailto:informatican@mijas.es\">informatica@mijas.es<\/a><\/p>\n\n\n\n<h4 class=\"wp-block-heading\"><strong> Personal<\/strong><\/h4>\n\n\n\n<p> Concejal Delegado de Modernizaci\u00f3n Digital<\/p>\n\n\n\n<ul>\n<li> D. Juan Jos\u00e9 Torres Trella<\/li>\n<\/ul>\n\n\n\n<p> Coordinador Servicios y Proyectos Inform\u00e1ticos<\/p>\n\n\n\n<ul>\n<li> <\/li>\n<\/ul>\n\n\n\n<p><\/p>\n","protected":false},"excerpt":{"rendered":"<p>El Departamento de Inform\u00e1tica dependiente de la Concejal\u00eda de Modernizaci\u00f3n Digital, est\u00e1 encargado de la gesti\u00f3n y explotaci\u00f3n de los Sistemas de Informaci\u00f3n municipales. Entre sus cometidos est\u00e1 el mantenimiento del parque microinform\u00e1tico municipal, administraci\u00f3n del Centro de Proceso de Datos, desarrollo y seguimiento de los aplicativos software del Ayuntamiento, seguimiento de la seguridad de [&hellip;]<\/p>\n","protected":false},"author":4,"featured_media":13852,"parent":0,"menu_order":0,"comment_status":"closed","ping_status":"closed","template":"page-departamental.php","meta":[],"_links":{"self":[{"href":"https:\/\/www.mijas.es\/portal\/wp-json\/wp\/v2\/pages\/14245"}],"collection":[{"href":"https:\/\/www.mijas.es\/portal\/wp-json\/wp\/v2\/pages"}],"about":[{"href":"https:\/\/www.mijas.es\/portal\/wp-json\/wp\/v2\/types\/page"}],"author":[{"embeddable":true,"href":"https:\/\/www.mijas.es\/portal\/wp-json\/wp\/v2\/users\/4"}],"replies":[{"embeddable":true,"href":"https:\/\/www.mijas.es\/portal\/wp-json\/wp\/v2\/comments?post=14245"}],"version-history":[{"count":28,"href":"https:\/\/www.mijas.es\/portal\/wp-json\/wp\/v2\/pages\/14245\/revisions"}],"predecessor-version":[{"id":56138,"href":"https:\/\/www.mijas.es\/portal\/wp-json\/wp\/v2\/pages\/14245\/revisions\/56138"}],"wp:featuredmedia":[{"embeddable":true,"href":"https:\/\/www.mijas.es\/portal\/wp-json\/wp\/v2\/media\/13852"}],"wp:attachment":[{"href":"https:\/\/www.mijas.es\/portal\/wp-json\/wp\/v2\/media?parent=14245"}],"curies":[{"name":"wp","href":"https:\/\/api.w.org\/{rel}","templated":true}]}}