{"id":14215,"date":"2019-04-01T07:17:11","date_gmt":"2019-04-01T07:17:11","guid":{"rendered":"http:\/\/192.168.0.42\/?page_id=14215"},"modified":"2019-07-19T10:28:11","modified_gmt":"2019-07-19T10:28:11","slug":"bases-de-seleccion-para-formacion-de-bolsa-de-trabajo-para-cobertura-de-necesidades-temporales-en-el-ayto-de-mijas","status":"publish","type":"page","link":"https:\/\/www.mijas.es\/portal\/recursos-humanos\/bases-de-seleccion-para-formacion-de-bolsa-de-trabajo-para-cobertura-de-necesidades-temporales-en-el-ayto-de-mijas\/","title":{"rendered":"Bases de Selecci\u00f3n para formaci\u00f3n de Bolsa de Trabajo para cobertura de necesidades temporales en el Ayto. de Mijas"},"content":{"rendered":"\n<p> Pinchar <a href=\"https:\/\/www.mijas.es\/files\/adjuntos\/servicios_municipales\/aBolsa_2009.pdf\">aqu\u00ed<\/a> para ver Bases (formato PDF)<\/p>\n\n\n\n<p> Pinchar <a href=\"https:\/\/www.mijas.es\/files\/adjuntos\/servicios_municipales\/aModificacion_Bases_Bolsa.pdf\" target=\"_blank\" rel=\"noreferrer noopener\" aria-label=\" (abre en una nueva pesta\u00f1a)\">aqu\u00ed<\/a> para ver Modificaci\u00f3n Bases (formato PDF)<\/p>\n","protected":false},"excerpt":{"rendered":"<p>Pinchar aqu\u00ed para ver Bases (formato PDF) Pinchar aqu\u00ed para ver Modificaci\u00f3n Bases (formato PDF)<\/p>\n","protected":false},"author":4,"featured_media":13852,"parent":17837,"menu_order":0,"comment_status":"closed","ping_status":"closed","template":"page-departamental.php","meta":[],"_links":{"self":[{"href":"https:\/\/www.mijas.es\/portal\/wp-json\/wp\/v2\/pages\/14215"}],"collection":[{"href":"https:\/\/www.mijas.es\/portal\/wp-json\/wp\/v2\/pages"}],"about":[{"href":"https:\/\/www.mijas.es\/portal\/wp-json\/wp\/v2\/types\/page"}],"author":[{"embeddable":true,"href":"https:\/\/www.mijas.es\/portal\/wp-json\/wp\/v2\/users\/4"}],"replies":[{"embeddable":true,"href":"https:\/\/www.mijas.es\/portal\/wp-json\/wp\/v2\/comments?post=14215"}],"version-history":[{"count":2,"href":"https:\/\/www.mijas.es\/portal\/wp-json\/wp\/v2\/pages\/14215\/revisions"}],"predecessor-version":[{"id":22241,"href":"https:\/\/www.mijas.es\/portal\/wp-json\/wp\/v2\/pages\/14215\/revisions\/22241"}],"up":[{"embeddable":true,"href":"https:\/\/www.mijas.es\/portal\/wp-json\/wp\/v2\/pages\/17837"}],"wp:featuredmedia":[{"embeddable":true,"href":"https:\/\/www.mijas.es\/portal\/wp-json\/wp\/v2\/media\/13852"}],"wp:attachment":[{"href":"https:\/\/www.mijas.es\/portal\/wp-json\/wp\/v2\/media?parent=14215"}],"curies":[{"name":"wp","href":"https:\/\/api.w.org\/{rel}","templated":true}]}}