{"id":14209,"date":"2019-04-01T07:10:53","date_gmt":"2019-04-01T07:10:53","guid":{"rendered":"http:\/\/192.168.0.42\/?page_id=14209"},"modified":"2019-07-19T10:27:53","modified_gmt":"2019-07-19T10:27:53","slug":"listados-definitivos-de-no-admitidos-as-bolsa-de-trabajo","status":"publish","type":"page","link":"https:\/\/www.mijas.es\/portal\/recursos-humanos\/listados-definitivos-de-no-admitidos-as-bolsa-de-trabajo\/","title":{"rendered":"Listados definitivos de no admitidos\/as Bolsa de Trabajo"},"content":{"rendered":"\n<p>\n\tPinchar en los distintos enlaces para ver listados (formato PDF).<br>\n\t<br>\n\t&nbsp;<\/p>\n<table width=\"614\" height=\"270\" cellspacing=\"1\" cellpadding=\"1\" border=\"1\" align=\"center\">\n\t<tbody>\n\t\t<tr>\n\t\t\t<td>\n\t\t\t\t&nbsp;<a href=\"https:\/\/www.mijas.es\/files\/adjuntos\/servicios_municipales\/aNAbogado.pdf\" target=\"_blank\" rel=\"noopener noreferrer\">Abogado<\/a><\/td>\n\t\t\t<td>\n\t\t\t\t&nbsp;<a href=\"https:\/\/www.mijas.es\/files\/adjuntos\/servicios_municipales\/aNAdministrativos.pdf\" target=\"_blank\" rel=\"noopener noreferrer\">Administrativos<\/a><\/td>\n\t\t\t<td>\n\t\t\t\t&nbsp;<a href=\"https:\/\/www.mijas.es\/files\/adjuntos\/servicios_municipales\/aNAuxiliar_de_Bibliotecas.pdf\" target=\"_blank\" rel=\"noopener noreferrer\">Auxiliar de Bibliotecas<\/a><\/td>\n\t\t\t<td>\n\t\t\t\t&nbsp;<a href=\"https:\/\/www.mijas.es\/files\/adjuntos\/servicios_municipales\/aNAuxiliares_Adminitrativos.pdf\" target=\"_blank\" rel=\"noopener noreferrer\">Auxiliares Adminitrativos<\/a><\/td>\n\t\t<\/tr>\n\t\t<tr>\n\t\t\t<td>\n\t\t\t\t<a href=\"https:\/\/www.mijas.es\/files\/adjuntos\/servicios_municipales\/aNAuxiliares_Ayuda_a_Domicilio.pdf\" target=\"_blank\" rel=\"noopener noreferrer\">&nbsp;Auxiliares Ayuda a Domicilio<\/a><\/td>\n\t\t\t<td>\n\t\t\t\t&nbsp;<a href=\"https:\/\/www.mijas.es\/files\/adjuntos\/servicios_municipales\/aNAyudante_Monitores_de_Ocio.pdf\" target=\"_blank\" rel=\"noopener noreferrer\">Ayudante Monitores de Ocio<\/a><\/td>\n\t\t\t<td>\n\t\t\t\t&nbsp;<a href=\"https:\/\/www.mijas.es\/files\/adjuntos\/servicios_municipales\/aNConserje.pdf\" target=\"_blank\" rel=\"noopener noreferrer\">Conserje<\/a><\/td>\n\t\t\t<td>\n\t\t\t\t&nbsp;<a href=\"https:\/\/www.mijas.es\/files\/adjuntos\/servicios_municipales\/aNEducador_Social.pdf\" target=\"_blank\" rel=\"noopener noreferrer\">Educador Social<\/a><\/td>\n\t\t<\/tr>\n\t\t<tr>\n\t\t\t<td>\n\t\t\t\t<a href=\"https:\/\/www.mijas.es\/files\/adjuntos\/servicios_municipales\/aNLimpiadores.pdf\" target=\"_blank\" rel=\"noopener noreferrer\">&nbsp;Limpiadores\/as<\/a><\/td>\n\t\t\t<td>\n\t\t\t\t&nbsp;<a href=\"https:\/\/www.mijas.es\/files\/adjuntos\/servicios_municipales\/aNMonitor_UP.pdf\" target=\"_blank\" rel=\"noopener noreferrer\">Monitor\/a Universidad P.<\/a><\/td>\n\t\t\t<td>\n\t\t\t\t&nbsp;<a href=\"https:\/\/www.mijas.es\/files\/adjuntos\/servicios_municipales\/aNMonitores_ocio.pdf\" target=\"_blank\" rel=\"noopener noreferrer\">Monitores ocio<\/a><\/td>\n\t\t\t<td>\n\t\t\t\t&nbsp;<a href=\"https:\/\/www.mijas.es\/files\/adjuntos\/servicios_municipales\/aNMonitor_UP.pdf\" target=\"_blank\" rel=\"noopener noreferrer\">Notificador<\/a><\/td>\n\t\t<\/tr>\n\t\t<tr>\n\t\t\t<td>\n\t\t\t\t&nbsp;<a href=\"https:\/\/www.mijas.es\/files\/adjuntos\/servicios_municipales\/aNOficial_Cantero.pdf\" target=\"_blank\" rel=\"noopener noreferrer\">Oficial cantero<\/a><\/td>\n\t\t\t<td>\n\t\t\t\t&nbsp;<a href=\"https:\/\/www.mijas.es\/files\/adjuntos\/servicios_municipales\/aNOficial_Conductor.pdf\" target=\"_blank\" rel=\"noopener noreferrer\">Oficial Conductor<\/a><\/td>\n\t\t\t<td>\n\t\t\t\t&nbsp;<a href=\"https:\/\/www.mijas.es\/files\/adjuntos\/servicios_municipales\/aNOficial_Fontanero.pdf\" target=\"_blank\" rel=\"noopener noreferrer\">Oficial Fontanero<\/a><\/td>\n\t\t\t<td>\n\t\t\t\t&nbsp;<a href=\"https:\/\/www.mijas.es\/files\/adjuntos\/servicios_municipales\/aNOficial_Mecanico.pdf\" target=\"_blank\" rel=\"noopener noreferrer\">Oficial Mec\u00e1nico<\/a><\/td>\n\t\t<\/tr>\n\t\t<tr>\n\t\t\t<td>\n\t\t\t\t<a href=\"https:\/\/www.mijas.es\/files\/adjuntos\/servicios_municipales\/aNOficial_Tecnico_Mantenimiento.pdf\" target=\"_blank\" rel=\"noopener noreferrer\">&nbsp;Oficial T\u00e9c. &nbsp;Mantenimiento<\/a><\/td>\n\t\t\t<td>\n\t\t\t\t&nbsp;<a href=\"https:\/\/www.mijas.es\/files\/adjuntos\/servicios_municipales\/aNOficiales_de_Albanileria.pdf\" target=\"_blank\" rel=\"noopener noreferrer\">Oficiales de Alba\u00f1iler\u00eda<\/a><\/td>\n\t\t\t<td>\n\t\t\t\t&nbsp;<a href=\"https:\/\/www.mijas.es\/files\/adjuntos\/servicios_municipales\/aNOficiales_de_Carpinteria.pdf\" target=\"_blank\" rel=\"noopener noreferrer\">Oficiales de Carpinter\u00eda<\/a><\/td>\n\t\t\t<td>\n\t\t\t\t&nbsp;<a href=\"https:\/\/www.mijas.es\/files\/adjuntos\/servicios_municipales\/aNOficiales_de_Electricidad.pdf\" target=\"_blank\" rel=\"noopener noreferrer\">Oficiales de Electricidad<\/a><\/td>\n\t\t<\/tr>\n\t\t<tr>\n\t\t\t<td>\n\t\t\t\t&nbsp;<a href=\"https:\/\/www.mijas.es\/files\/adjuntos\/servicios_municipales\/aNOficiales_de_Jardines.pdf\" target=\"_blank\" rel=\"noopener noreferrer\">Oficiales de Jardines<\/a><\/td>\n\t\t\t<td>\n\t\t\t\t&nbsp;<a href=\"https:\/\/www.mijas.es\/files\/adjuntos\/servicios_municipales\/aNOperarios_de_Pintura.pdf\" target=\"_blank\" rel=\"noopener noreferrer\">Oficiales de Pintura<\/a><\/td>\n\t\t\t<td>\n\t\t\t\t&nbsp;<a href=\"https:\/\/www.mijas.es\/files\/adjuntos\/servicios_municipales\/aNOficial_Herrero.pdf\" target=\"_blank\" rel=\"noopener noreferrer\">Oficiales Herreros\/as<\/a><\/td>\n\t\t\t<td>\n\t\t\t\t<a href=\"https:\/\/www.mijas.es\/files\/adjuntos\/servicios_municipales\/aNOperarios_de_Albanileria.pdf\" target=\"_blank\" rel=\"noopener noreferrer\">&nbsp;Operarios\/as&nbsp;Alba\u00f1ileria<\/a><\/td>\n\t\t<\/tr>\n\t\t<tr>\n\t\t\t<td>\n\t\t\t\t&nbsp;<a href=\"https:\/\/www.mijas.es\/files\/adjuntos\/servicios_municipales\/aNOperarios_de_Carpinteria.pdf\" target=\"_blank\" rel=\"noopener noreferrer\">Operarios\/as de Carpinter\u00eda<\/a><\/td>\n\t\t\t<td>\n\t\t\t\t&nbsp;<a href=\"https:\/\/www.mijas.es\/files\/adjuntos\/servicios_municipales\/aNOperarios_de_Electricidad.pdf\" target=\"_blank\" rel=\"noopener noreferrer\">Operarios\/as de Electricidad<\/a><\/td>\n\t\t\t<td>\n\t\t\t\t&nbsp;<a href=\"https:\/\/www.mijas.es\/files\/adjuntos\/servicios_municipales\/aNOperario_de_Herrero.pdf\" target=\"_blank\" rel=\"noopener noreferrer\">Operarios\/as de Herrero<\/a><\/td>\n\t\t\t<td>\n\t\t\t\t&nbsp;<a href=\"https:\/\/www.mijas.es\/files\/adjuntos\/servicios_municipales\/aNOperarios_de_Jardines.pdf\" target=\"_blank\" rel=\"noopener noreferrer\">Operarios\/as&nbsp;Jardines<\/a><\/td>\n\t\t<\/tr>\n\t\t<tr>\n\t\t\t<td>\n\t\t\t\t<a href=\"https:\/\/www.mijas.es\/files\/adjuntos\/servicios_municipales\/aNOperarios_de_Pintura.pdf\" target=\"_blank\" rel=\"noopener noreferrer\">&nbsp;Operarios\/as de Pintura<\/a><\/td>\n\t\t\t<td>\n\t\t\t\t&nbsp;<a href=\"https:\/\/www.mijas.es\/files\/adjuntos\/servicios_municipales\/aNProfesor_UP.pdf\" target=\"_blank\" rel=\"noopener noreferrer\">Profesor\/a Universidad P.<\/a><\/td>\n\t\t\t<td>\n\t\t\t\t&nbsp;<a href=\"https:\/\/www.mijas.es\/files\/adjuntos\/servicios_municipales\/aNSocorristas.pdf\" target=\"_blank\" rel=\"noopener noreferrer\">Socorristas<\/a><\/td>\n\t\t\t<td>\n\t\t\t\t&nbsp;<a href=\"https:\/\/www.mijas.es\/files\/adjuntos\/servicios_municipales\/aNTecnico_Biblioteca_Archivo.pdf\" target=\"_blank\" rel=\"noopener noreferrer\">T\u00e9c. Biblioteca Archivo<\/a><\/td>\n\t\t<\/tr>\n\t\t<tr>\n\t\t\t<td>\n\t\t\t\t&nbsp;<a href=\"https:\/\/www.mijas.es\/files\/adjuntos\/servicios_municipales\/aNTrabajadorSocial1.pdf\" target=\"_blank\" rel=\"noopener noreferrer\">Trabajador\/a Social<\/a><\/td>\n\t\t\t<td>\n\t\t\t\t&nbsp;<\/td>\n\t\t\t<td>\n\t\t\t\t&nbsp;<\/td>\n\t\t\t<td>\n\t\t\t\t&nbsp;<\/td>\n\t\t<\/tr>\n\t<\/tbody>\n<\/table>\n<p>\n\t&nbsp;<\/p>\n","protected":false},"excerpt":{"rendered":"<p>Pinchar en los distintos enlaces para ver listados (formato PDF). &nbsp; &nbsp;Abogado &nbsp;Administrativos &nbsp;Auxiliar de Bibliotecas &nbsp;Auxiliares Adminitrativos &nbsp;Auxiliares Ayuda a Domicilio &nbsp;Ayudante Monitores de Ocio &nbsp;Conserje &nbsp;Educador Social &nbsp;Limpiadores\/as &nbsp;Monitor\/a Universidad P. &nbsp;Monitores ocio &nbsp;Notificador &nbsp;Oficial cantero &nbsp;Oficial Conductor &nbsp;Oficial Fontanero &nbsp;Oficial Mec\u00e1nico &nbsp;Oficial T\u00e9c. &nbsp;Mantenimiento &nbsp;Oficiales de Alba\u00f1iler\u00eda &nbsp;Oficiales de Carpinter\u00eda &nbsp;Oficiales de [&hellip;]<\/p>\n","protected":false},"author":4,"featured_media":13852,"parent":17837,"menu_order":0,"comment_status":"closed","ping_status":"closed","template":"page-departamental.php","meta":[],"_links":{"self":[{"href":"https:\/\/www.mijas.es\/portal\/wp-json\/wp\/v2\/pages\/14209"}],"collection":[{"href":"https:\/\/www.mijas.es\/portal\/wp-json\/wp\/v2\/pages"}],"about":[{"href":"https:\/\/www.mijas.es\/portal\/wp-json\/wp\/v2\/types\/page"}],"author":[{"embeddable":true,"href":"https:\/\/www.mijas.es\/portal\/wp-json\/wp\/v2\/users\/4"}],"replies":[{"embeddable":true,"href":"https:\/\/www.mijas.es\/portal\/wp-json\/wp\/v2\/comments?post=14209"}],"version-history":[{"count":5,"href":"https:\/\/www.mijas.es\/portal\/wp-json\/wp\/v2\/pages\/14209\/revisions"}],"predecessor-version":[{"id":27012,"href":"https:\/\/www.mijas.es\/portal\/wp-json\/wp\/v2\/pages\/14209\/revisions\/27012"}],"up":[{"embeddable":true,"href":"https:\/\/www.mijas.es\/portal\/wp-json\/wp\/v2\/pages\/17837"}],"wp:featuredmedia":[{"embeddable":true,"href":"https:\/\/www.mijas.es\/portal\/wp-json\/wp\/v2\/media\/13852"}],"wp:attachment":[{"href":"https:\/\/www.mijas.es\/portal\/wp-json\/wp\/v2\/media?parent=14209"}],"curies":[{"name":"wp","href":"https:\/\/api.w.org\/{rel}","templated":true}]}}