{"id":14207,"date":"2019-04-01T07:07:20","date_gmt":"2019-04-01T07:07:20","guid":{"rendered":"http:\/\/192.168.0.42\/?page_id=14207"},"modified":"2022-06-06T11:36:29","modified_gmt":"2022-06-06T10:36:29","slug":"listados-definitivos-de-admitidos-as-bolsa-de-trabajo","status":"publish","type":"page","link":"https:\/\/www.mijas.es\/portal\/recursos-humanos\/listados-definitivos-de-admitidos-as-bolsa-de-trabajo\/","title":{"rendered":"Listados definitivos de admitidos\/as Bolsa de Trabajo"},"content":{"rendered":"\n<p>\n\tPinchar en los distintos enlaces para ver listados (formato PDF).<\/p>\n<table width=\"614\" height=\"270\" cellspacing=\"1\" cellpadding=\"1\" border=\"1\" align=\"center\">\n\t<tbody>\n\t\t<tr>\n\t\t\t<td>\n\t\t\t\t&nbsp;<a href=\"https:\/\/www.mijas.es\/files\/adjuntos\/servicios_municipales\/aAbogado.pdf\" target=\"_blank\" rel=\"noopener noreferrer\">Abogado<\/a><\/td>\n\t\t\t<td>\n\t\t\t\t&nbsp;<a href=\"https:\/\/www.mijas.es\/files\/adjuntos\/servicios_municipales\/aAdministrativos.pdf\" target=\"_blank\" rel=\"noopener noreferrer\">Administrativos<\/a><\/td>\n\t\t\t<td>\n\t\t\t\t&nbsp;<a href=\"https:\/\/www.mijas.es\/files\/adjuntos\/servicios_municipales\/aAuxiliar_de_Bibliotecas.pdf\" target=\"_blank\" rel=\"noopener noreferrer\">Auxiliar de Bibliotecas<\/a><\/td>\n\t\t\t<td>\n\t\t\t\t&nbsp;<a href=\"https:\/\/www.mijas.es\/files\/adjuntos\/servicios_municipales\/aAuxiliares_Adminitrativos.pdf\" target=\"_blank\" rel=\"noopener noreferrer\">Auxiliares Adminitrativos<\/a><\/td>\n\t\t<\/tr>\n\t\t<tr>\n\t\t\t<td>\n\t\t\t\t<a href=\"https:\/\/www.mijas.es\/files\/adjuntos\/servicios_municipales\/aAuxiliares_Ayuda_a_Domicilio.pdf\" target=\"_blank\" rel=\"noopener noreferrer\">&nbsp;Auxiliares Ayuda a Domicilio<\/a><\/td>\n\t\t\t<td>\n\t\t\t\t&nbsp;<a href=\"https:\/\/www.mijas.es\/files\/adjuntos\/servicios_municipales\/aAyudante_Monitores_de_Ocio.pdf\" target=\"_blank\" rel=\"noopener noreferrer\">Ayudante Monitores de Ocio<\/a><\/td>\n\t\t\t<td>\n\t\t\t\t&nbsp;<a href=\"https:\/\/www.mijas.es\/files\/adjuntos\/servicios_municipales\/aConserje.pdf\" target=\"_blank\" rel=\"noopener noreferrer\">Conserje<\/a><\/td>\n\t\t\t<td>\n\t\t\t\t&nbsp;<a href=\"https:\/\/www.mijas.es\/files\/adjuntos\/servicios_municipales\/aDTrabajador_Social.pdf\" target=\"_blank\" rel=\"noopener noreferrer\">Educador Social<\/a><\/td>\n\t\t<\/tr>\n\t\t<tr>\n\t\t\t<td>\n\t\t\t\t&nbsp;<a href=\"https:\/\/www.mijas.es\/files\/adjuntos\/servicios_municipales\/aLIMPIADORES-AS.pdf\" target=\"_blank\" rel=\"noopener noreferrer\">Limpiadores<\/a><\/td>\n\t\t\t<td>\n\t\t\t\t&nbsp;<a href=\"https:\/\/www.mijas.es\/files\/adjuntos\/servicios_municipales\/aMonitor_UP.pdf\" target=\"_blank\" rel=\"noopener noreferrer\">Monitor\/a Universidad P.<\/a><\/td>\n\t\t\t<td>\n\t\t\t\t&nbsp;<a href=\"https:\/\/www.mijas.es\/files\/adjuntos\/servicios_municipales\/aMonitores_ocio.pdf\" target=\"_blank\" rel=\"noopener noreferrer\">Monitores ocio<\/a><\/td>\n\t\t\t<td>\n\t\t\t\t&nbsp;<a href=\"https:\/\/www.mijas.es\/files\/adjuntos\/servicios_municipales\/aNotificador.pdf\" target=\"_blank\" rel=\"noopener noreferrer\">Notificador<\/a><\/td>\n\t\t<\/tr>\n\t\t<tr>\n\t\t\t<td>\n\t\t\t\t&nbsp;<a href=\"https:\/\/www.mijas.es\/files\/adjuntos\/servicios_municipales\/aOficial_cantero.pdf\" target=\"_blank\" rel=\"noopener noreferrer\">Oficial cantero<\/a><\/td>\n\t\t\t<td>\n\t\t\t\t&nbsp;<a href=\"https:\/\/www.mijas.es\/files\/adjuntos\/servicios_municipales\/aOficial_Conductor.pdf\" target=\"_blank\" rel=\"noopener noreferrer\">Oficial Conductor<\/a><\/td>\n\t\t\t<td>\n\t\t\t\t&nbsp;<a href=\"https:\/\/www.mijas.es\/files\/adjuntos\/servicios_municipales\/aOficial_Fontanero.pdf\" target=\"_blank\" rel=\"noopener noreferrer\">Oficial Fontanero<\/a><\/td>\n\t\t\t<td>\n\t\t\t\t&nbsp;<a href=\"https:\/\/www.mijas.es\/files\/adjuntos\/servicios_municipales\/aOficial_Mecanico.pdf\" target=\"_blank\" rel=\"noopener noreferrer\">Oficial Mec\u00e1nico<\/a><\/td>\n\t\t<\/tr>\n\t\t<tr>\n\t\t\t<td>\n\t\t\t\t&nbsp;<a href=\"https:\/\/www.mijas.es\/files\/adjuntos\/servicios_municipales\/aOficial_Tecnico_Mantenimiento.pdf\" target=\"_blank\" rel=\"noopener noreferrer\">Oficial T\u00e9c. &nbsp;Mantenimiento<\/a><\/td>\n\t\t\t<td>\n\t\t\t\t&nbsp;<a href=\"https:\/\/www.mijas.es\/files\/adjuntos\/servicios_municipales\/aOficiales_de_Albanileria.pdf\" target=\"_blank\" rel=\"noopener noreferrer\">Oficiales de Alba\u00f1iler\u00eda<\/a><\/td>\n\t\t\t<td>\n\t\t\t\t&nbsp;<a href=\"https:\/\/www.mijas.es\/files\/adjuntos\/servicios_municipales\/aOficiales_de_Carpinteria.pdf\" target=\"_blank\" rel=\"noopener noreferrer\">Oficiales de Carpinter\u00eda<\/a><\/td>\n\t\t\t<td>\n\t\t\t\t&nbsp;<a href=\"https:\/\/www.mijas.es\/files\/adjuntos\/servicios_municipales\/aOficiales_de_Electricidad.pdf\" target=\"_blank\" rel=\"noopener noreferrer\">Oficiales de Electricidad<\/a><\/td>\n\t\t<\/tr>\n\t\t<tr>\n\t\t\t<td>\n\t\t\t\t&nbsp;<a href=\"https:\/\/www.mijas.es\/files\/adjuntos\/servicios_municipales\/aOficiales_de_Jardines.pdf\" target=\"_blank\" rel=\"noopener noreferrer\">Oficiales de Jardines<\/a><\/td>\n\t\t\t<td>\n\t\t\t\t<a href=\"https:\/\/www.mijas.es\/files\/adjuntos\/servicios_municipales\/aOficiales_de_Pintura.pdf\" target=\"_blank\" rel=\"noopener noreferrer\">&nbsp;Oficiales de Pintura<\/a><\/td>\n\t\t\t<td>\n\t\t\t\t&nbsp;<a href=\"https:\/\/www.mijas.es\/files\/adjuntos\/servicios_municipales\/aOficiales_herreros.pdf\" target=\"_blank\" rel=\"noopener noreferrer\">Oficiales Herreros\/as<\/a><\/td>\n\t\t\t<td>\n\t\t\t\t&nbsp;<a href=\"https:\/\/www.mijas.es\/files\/adjuntos\/servicios_municipales\/aoperarios_de_Albanileria.pdf\" target=\"_blank\" rel=\"noopener noreferrer\">Operarios\/as&nbsp;Alba\u00f1ileria<\/a><\/td>\n\t\t<\/tr>\n\t\t<tr>\n\t\t\t<td>\n\t\t\t\t&nbsp;<a href=\"https:\/\/www.mijas.es\/files\/adjuntos\/servicios_municipales\/aOperarios_de_Carpinteria.pdf\" target=\"_blank\" rel=\"noopener noreferrer\">Operarios\/as de Carpinter\u00eda<\/a><\/td>\n\t\t\t<td>\n\t\t\t\t&nbsp;<a href=\"https:\/\/www.mijas.es\/files\/adjuntos\/servicios_municipales\/aOp__de_Electricidad.pdf\" target=\"_blank\" rel=\"noopener noreferrer\">Operarios\/as de Electricidad<\/a><\/td>\n\t\t\t<td>\n\t\t\t\t&nbsp;<a href=\"https:\/\/www.mijas.es\/files\/adjuntos\/servicios_municipales\/aOperarios-as_herreros.pdf\" target=\"_blank\" rel=\"noopener noreferrer\">Operarios\/as Herreros<\/a><\/td>\n\t\t\t<td>\n\t\t\t\t&nbsp;<a href=\"https:\/\/www.mijas.es\/files\/adjuntos\/servicios_municipales\/aOperarios-as_de_Jardines.pdf\" target=\"_blank\" rel=\"noopener noreferrer\">Operarios\/as&nbsp;Jardines<\/a><\/td>\n\t\t<\/tr>\n\t\t<tr>\n\t\t\t<td>\n\t\t\t\t&nbsp;<a href=\"https:\/\/www.mijas.es\/files\/adjuntos\/servicios_municipales\/aOp__de_Pintura.pdf\" target=\"_blank\" rel=\"noopener noreferrer\">Operarios\/as&nbsp;Pintura<\/a><\/td>\n\t\t\t<td>\n\t\t\t\t&nbsp;<a href=\"https:\/\/www.mijas.es\/files\/adjuntos\/servicios_municipales\/aProfesor_UP.pdf\" target=\"_blank\" rel=\"noopener noreferrer\">Profersor\/a Universidad P.<\/a><\/td>\n\t\t\t<td>\n\t\t\t\t&nbsp;<a href=\"https:\/\/www.mijas.es\/files\/adjuntos\/servicios_municipales\/aSocorristas.pdf\" target=\"_blank\" rel=\"noopener noreferrer\">Socorristas<\/a><\/td>\n\t\t\t<td>\n\t\t\t\t&nbsp;<a href=\"https:\/\/www.mijas.es\/files\/adjuntos\/servicios_municipales\/aTecnico_Biblioteca_Archivo.pdf\" target=\"_blank\" rel=\"noopener noreferrer\">T\u00e9c. Biblioteca Archivo<\/a><\/td>\n\t\t<\/tr>\n\t\t<tr>\n\t\t\t<td>\n\t\t\t\t&nbsp;<a href=\"https:\/\/www.mijas.es\/wp-content\/uploads\/2022\/06\/aTrabajadorSocial1v1.pdf\" target=\"_blank\" rel=\"noopener noreferrer\">Trabajador\/a Social<\/a><\/td>\n\t\t\t<td>\n\t\t\t\t&nbsp;<\/td>\n\t\t\t<td>\n\t\t\t\t&nbsp;<\/td>\n\t\t\t<td>\n\t\t\t\t&nbsp;<\/td>\n\t\t<\/tr>\n\t<\/tbody>\n<\/table>\n<p>\n\t&nbsp;<\/p>\n","protected":false},"excerpt":{"rendered":"<p>Pinchar en los distintos enlaces para ver listados (formato PDF). &nbsp;Abogado &nbsp;Administrativos &nbsp;Auxiliar de Bibliotecas &nbsp;Auxiliares Adminitrativos &nbsp;Auxiliares Ayuda a Domicilio &nbsp;Ayudante Monitores de Ocio &nbsp;Conserje &nbsp;Educador Social &nbsp;Limpiadores &nbsp;Monitor\/a Universidad P. &nbsp;Monitores ocio &nbsp;Notificador &nbsp;Oficial cantero &nbsp;Oficial Conductor &nbsp;Oficial Fontanero &nbsp;Oficial Mec\u00e1nico &nbsp;Oficial T\u00e9c. &nbsp;Mantenimiento &nbsp;Oficiales de Alba\u00f1iler\u00eda &nbsp;Oficiales de Carpinter\u00eda &nbsp;Oficiales de Electricidad [&hellip;]<\/p>\n","protected":false},"author":4,"featured_media":13852,"parent":17837,"menu_order":0,"comment_status":"closed","ping_status":"closed","template":"page-departamental.php","meta":[],"_links":{"self":[{"href":"https:\/\/www.mijas.es\/portal\/wp-json\/wp\/v2\/pages\/14207"}],"collection":[{"href":"https:\/\/www.mijas.es\/portal\/wp-json\/wp\/v2\/pages"}],"about":[{"href":"https:\/\/www.mijas.es\/portal\/wp-json\/wp\/v2\/types\/page"}],"author":[{"embeddable":true,"href":"https:\/\/www.mijas.es\/portal\/wp-json\/wp\/v2\/users\/4"}],"replies":[{"embeddable":true,"href":"https:\/\/www.mijas.es\/portal\/wp-json\/wp\/v2\/comments?post=14207"}],"version-history":[{"count":5,"href":"https:\/\/www.mijas.es\/portal\/wp-json\/wp\/v2\/pages\/14207\/revisions"}],"predecessor-version":[{"id":46473,"href":"https:\/\/www.mijas.es\/portal\/wp-json\/wp\/v2\/pages\/14207\/revisions\/46473"}],"up":[{"embeddable":true,"href":"https:\/\/www.mijas.es\/portal\/wp-json\/wp\/v2\/pages\/17837"}],"wp:featuredmedia":[{"embeddable":true,"href":"https:\/\/www.mijas.es\/portal\/wp-json\/wp\/v2\/media\/13852"}],"wp:attachment":[{"href":"https:\/\/www.mijas.es\/portal\/wp-json\/wp\/v2\/media?parent=14207"}],"curies":[{"name":"wp","href":"https:\/\/api.w.org\/{rel}","templated":true}]}}