{"id":14203,"date":"2019-04-01T07:03:42","date_gmt":"2019-04-01T07:03:42","guid":{"rendered":"http:\/\/192.168.0.42\/?page_id=14203"},"modified":"2019-07-19T10:27:12","modified_gmt":"2019-07-19T10:27:12","slug":"listados-baremados-de-personas-con-discapacidad","status":"publish","type":"page","link":"https:\/\/www.mijas.es\/portal\/recursos-humanos\/listados-baremados-de-personas-con-discapacidad\/","title":{"rendered":"Listados baremados de personas con discapacidad"},"content":{"rendered":"\n<p>\n\tPinchar en los distintos enlaces para ver listados (formato PDF).<br>\n\t<br>\n\t&nbsp;<\/p>\n<table width=\"614\" height=\"270\" cellspacing=\"1\" cellpadding=\"1\" border=\"1\" align=\"center\">\n\t<tbody>\n\t\t<tr>\n\t\t\t<td>\n\t\t\t\t&nbsp;Abogado<\/td>\n\t\t\t<td>\n\t\t\t\t<a href=\"https:\/\/www.mijas.es\/files\/adjuntos\/RRHH\/DAdministrativos.pdf\" target=\"_blank\" rel=\"noopener noreferrer\">&nbsp;Administrativos<\/a><\/td>\n\t\t\t<td>\n\t\t\t\t<a href=\"https:\/\/www.mijas.es\/files\/adjuntos\/servicios_municipales\/aDAuxiliar_de_Bibliotecas.pdf\" target=\"_blank\" rel=\"noopener noreferrer\">&nbsp;Auxiliar de Bibliotecas<\/a><\/td>\n\t\t\t<td>\n\t\t\t\t<a href=\"https:\/\/www.mijas.es\/files\/adjuntos\/servicios_municipales\/aDAuxiliares_Administrativos.pdf\" target=\"_blank\" rel=\"noopener noreferrer\">&nbsp;Auxiliares Adminitrativos<\/a><\/td>\n\t\t<\/tr>\n\t\t<tr>\n\t\t\t<td>\n\t\t\t\t<a href=\"https:\/\/www.mijas.es\/files\/adjuntos\/servicios_municipales\/aDAuxiliares_Ayuda_a_Domicilio.pdf\" target=\"_blank\" rel=\"noopener noreferrer\">&nbsp;Auxiliares Ayuda a Domicilio<\/a><\/td>\n\t\t\t<td>\n\t\t\t\t<a href=\"https:\/\/www.mijas.es\/files\/adjuntos\/servicios_municipales\/aDAyte_Animador_Sociocultural.pdf\" target=\"_blank\" rel=\"noopener noreferrer\">&nbsp;Ayudante Monitores de Ocio<\/a><\/td>\n\t\t\t<td>\n\t\t\t\t<a href=\"https:\/\/www.mijas.es\/files\/adjuntos\/servicios_municipales\/aDConserje.pdf\" target=\"_blank\" rel=\"noopener noreferrer\">&nbsp;Conserje<\/a><\/td>\n\t\t\t<td>\n\t\t\t\t&nbsp;Educador Social<\/td>\n\t\t<\/tr>\n\t\t<tr>\n\t\t\t<td>\n\t\t\t\t<a href=\"https:\/\/www.mijas.es\/files\/adjuntos\/servicios_municipales\/aDOp__de_Limpieza.pdf\" target=\"_blank\" rel=\"noopener noreferrer\">&nbsp;Limpiadores<\/a><\/td>\n\t\t\t<td>\n\t\t\t\t&nbsp;Monitor\/a Universidad P.<\/td>\n\t\t\t<td>\n\t\t\t\t<a href=\"https:\/\/www.mijas.es\/files\/adjuntos\/servicios_municipales\/aDAnimador_a_Sociocultural.pdf\" target=\"_blank\" rel=\"noopener noreferrer\">&nbsp;Monitores ocio<\/a><\/td>\n\t\t\t<td>\n\t\t\t\t<a href=\"https:\/\/www.mijas.es\/files\/adjuntos\/servicios_municipales\/aDNotificador.pdf\" target=\"_blank\" rel=\"noopener noreferrer\">&nbsp;Notificador<\/a><\/td>\n\t\t<\/tr>\n\t\t<tr>\n\t\t\t<td>\n\t\t\t\t<a href=\"https:\/\/www.mijas.es\/files\/adjuntos\/servicios_municipales\/aDOficial_cantero.pdf\" target=\"_blank\" rel=\"noopener noreferrer\">&nbsp;Oficial Cantero<\/a><\/td>\n\t\t\t<td>\n\t\t\t\t<a href=\"https:\/\/www.mijas.es\/files\/adjuntos\/servicios_municipales\/aDOficial_Conductor.pdf\" target=\"_blank\" rel=\"noopener noreferrer\">&nbsp;Oficial Conductor<\/a><\/td>\n\t\t\t<td>\n\t\t\t\t<a href=\"https:\/\/www.mijas.es\/files\/adjuntos\/servicios_municipales\/aDOficial_Fontanero.pdf\" target=\"_blank\" rel=\"noopener noreferrer\">&nbsp;Oficial Fontanero<\/a><\/td>\n\t\t\t<td>\n\t\t\t\t&nbsp;Oficial Mec\u00e1nico<\/td>\n\t\t<\/tr>\n\t\t<tr>\n\t\t\t<td>\n\t\t\t\t<a href=\"https:\/\/www.mijas.es\/files\/adjuntos\/servicios_municipales\/aDOficial_Tecnico_Mantenimiento.pdf\" target=\"_blank\" rel=\"noopener noreferrer\">&nbsp;Oficial T\u00e9c. &nbsp;Mantenimiento<\/a><\/td>\n\t\t\t<td>\n\t\t\t\t<a href=\"https:\/\/www.mijas.es\/files\/adjuntos\/servicios_municipales\/aDOficiales_de_Albanileria.pdf\" target=\"_blank\" rel=\"noopener noreferrer\">&nbsp;Oficiales de Alba\u00f1iler\u00eda<\/a><\/td>\n\t\t\t<td>\n\t\t\t\t&nbsp;Oficiales de Carpinter\u00eda<\/td>\n\t\t\t<td>\n\t\t\t\t&nbsp;Oficiales de Electricidad<\/td>\n\t\t<\/tr>\n\t\t<tr>\n\t\t\t<td>\n\t\t\t\t<a href=\"https:\/\/www.mijas.es\/files\/adjuntos\/servicios_municipales\/aDOficiales_de_Jardines.pdf\" target=\"_blank\" rel=\"noopener noreferrer\">&nbsp;Oficiales de Jardines<\/a><\/td>\n\t\t\t<td>\n\t\t\t\t<a href=\"https:\/\/www.mijas.es\/files\/adjuntos\/servicios_municipales\/aDOficiales_de_Pintura.pdf\" target=\"_blank\" rel=\"noopener noreferrer\">&nbsp;Oficiales de Pintura<\/a><\/td>\n\t\t\t<td>\n\t\t\t\t&nbsp;Oficiales Herreros\/as<\/td>\n\t\t\t<td>\n\t\t\t\t<a href=\"https:\/\/www.mijas.es\/files\/adjuntos\/servicios_municipales\/aDOp__de_Albanileria.pdf\" target=\"_blank\" rel=\"noopener noreferrer\">&nbsp;Operarios\/as&nbsp;Alba\u00f1ileria<\/a><\/td>\n\t\t<\/tr>\n\t\t<tr>\n\t\t\t<td>\n\t\t\t\t<a href=\"https:\/\/www.mijas.es\/files\/adjuntos\/servicios_municipales\/aDOp__de_Jardines.pdf\" target=\"_blank\" rel=\"noopener noreferrer\">&nbsp;Operarios\/as de Carpinter\u00eda<\/a><\/td>\n\t\t\t<td>\n\t\t\t\t<a href=\"https:\/\/www.mijas.es\/files\/adjuntos\/servicios_municipales\/aDOp__de_Electricidad.pdf\" target=\"_blank\" rel=\"noopener noreferrer\">&nbsp;Operarios\/as de Electricidad<\/a><\/td>\n\t\t\t<td>\n\t\t\t\t<a href=\"https:\/\/www.mijas.es\/files\/adjuntos\/servicios_municipales\/aDOp__de_Herrero.pdf\" target=\"_blank\" rel=\"noopener noreferrer\">&nbsp;Operarios\/as Herreros<\/a><\/td>\n\t\t\t<td>\n\t\t\t\t<a href=\"https:\/\/www.mijas.es\/files\/adjuntos\/servicios_municipales\/aDOp__de_Jardines.pdf\" target=\"_blank\" rel=\"noopener noreferrer\">&nbsp;Operarios\/as&nbsp;Jardines<\/a><\/td>\n\t\t<\/tr>\n\t\t<tr>\n\t\t\t<td>\n\t\t\t\t<a href=\"https:\/\/www.mijas.es\/files\/adjuntos\/servicios_municipales\/aOp__de_Pintura.pdf\" target=\"_blank\" rel=\"noopener noreferrer\">&nbsp;Operarios\/as&nbsp;Pintura<\/a><\/td>\n\t\t\t<td>\n\t\t\t\t&nbsp;Profersor\/a Universidad P.<\/td>\n\t\t\t<td>\n\t\t\t\t&nbsp;Socorristas<\/td>\n\t\t\t<td>\n\t\t\t\t&nbsp;T\u00e9c. Biblioteca Archivo<\/td>\n\t\t<\/tr>\n\t\t<tr>\n\t\t\t<td>\n\t\t\t\t<a href=\"https:\/\/www.mijas.es\/files\/adjuntos\/servicios_municipales\/aDTrabajador_Social.pdf\" target=\"_blank\" rel=\"noopener noreferrer\">&nbsp;Trabajador\/a Social<\/a><\/td>\n\t\t\t<td>\n\t\t\t\t&nbsp;<\/td>\n\t\t\t<td>\n\t\t\t\t&nbsp;<\/td>\n\t\t\t<td>\n\t\t\t\t&nbsp;<\/td>\n\t\t<\/tr>\n\t<\/tbody>\n<\/table>\n<p>\n\t&nbsp;<\/p>\n","protected":false},"excerpt":{"rendered":"<p>Pinchar en los distintos enlaces para ver listados (formato PDF). &nbsp; &nbsp;Abogado &nbsp;Administrativos &nbsp;Auxiliar de Bibliotecas &nbsp;Auxiliares Adminitrativos &nbsp;Auxiliares Ayuda a Domicilio &nbsp;Ayudante Monitores de Ocio &nbsp;Conserje &nbsp;Educador Social &nbsp;Limpiadores &nbsp;Monitor\/a Universidad P. &nbsp;Monitores ocio &nbsp;Notificador &nbsp;Oficial Cantero &nbsp;Oficial Conductor &nbsp;Oficial Fontanero &nbsp;Oficial Mec\u00e1nico &nbsp;Oficial T\u00e9c. &nbsp;Mantenimiento &nbsp;Oficiales de Alba\u00f1iler\u00eda &nbsp;Oficiales de Carpinter\u00eda &nbsp;Oficiales de [&hellip;]<\/p>\n","protected":false},"author":4,"featured_media":13852,"parent":17837,"menu_order":0,"comment_status":"closed","ping_status":"closed","template":"page-departamental.php","meta":[],"_links":{"self":[{"href":"https:\/\/www.mijas.es\/portal\/wp-json\/wp\/v2\/pages\/14203"}],"collection":[{"href":"https:\/\/www.mijas.es\/portal\/wp-json\/wp\/v2\/pages"}],"about":[{"href":"https:\/\/www.mijas.es\/portal\/wp-json\/wp\/v2\/types\/page"}],"author":[{"embeddable":true,"href":"https:\/\/www.mijas.es\/portal\/wp-json\/wp\/v2\/users\/4"}],"replies":[{"embeddable":true,"href":"https:\/\/www.mijas.es\/portal\/wp-json\/wp\/v2\/comments?post=14203"}],"version-history":[{"count":6,"href":"https:\/\/www.mijas.es\/portal\/wp-json\/wp\/v2\/pages\/14203\/revisions"}],"predecessor-version":[{"id":27010,"href":"https:\/\/www.mijas.es\/portal\/wp-json\/wp\/v2\/pages\/14203\/revisions\/27010"}],"up":[{"embeddable":true,"href":"https:\/\/www.mijas.es\/portal\/wp-json\/wp\/v2\/pages\/17837"}],"wp:featuredmedia":[{"embeddable":true,"href":"https:\/\/www.mijas.es\/portal\/wp-json\/wp\/v2\/media\/13852"}],"wp:attachment":[{"href":"https:\/\/www.mijas.es\/portal\/wp-json\/wp\/v2\/media?parent=14203"}],"curies":[{"name":"wp","href":"https:\/\/api.w.org\/{rel}","templated":true}]}}