{"id":14201,"date":"2019-04-01T07:01:12","date_gmt":"2019-04-01T07:01:12","guid":{"rendered":"http:\/\/192.168.0.42\/?page_id=14201"},"modified":"2022-06-06T11:34:11","modified_gmt":"2022-06-06T10:34:11","slug":"listados-baremados","status":"publish","type":"page","link":"https:\/\/www.mijas.es\/portal\/recursos-humanos\/listados-baremados\/","title":{"rendered":"Listados baremados"},"content":{"rendered":"\n<p>\n\tPinchar en los distintos enlaces para ver listados (formato PDF).<\/p>\n<table width=\"614\" height=\"270\" cellspacing=\"1\" cellpadding=\"1\" border=\"1\" align=\"center\">\n\t<tbody>\n\t\t<tr>\n\t\t\t<td>\n\t\t\t\t&nbsp;<a href=\"https:\/\/www.mijas.es\/files\/adjuntos\/servicios_municipales\/aAbogado.pdf\" target=\"_blank\" rel=\"noopener noreferrer\">Abogado<\/a><\/td>\n\t\t\t<td>\n\t\t\t\t&nbsp;<a href=\"https:\/\/www.mijas.es\/files\/adjuntos\/servicios_municipales\/aAdministrativos.pdf\" target=\"_blank\" rel=\"noopener noreferrer\">Administrativos<\/a><\/td>\n\t\t\t<td>\n\t\t\t\t<a href=\"https:\/\/www.mijas.es\/files\/adjuntos\/servicios_municipales\/aAuxiliar_de_Bibliotecas.pdf\" target=\"_blank\" rel=\"noopener noreferrer\">&nbsp;Auxiliar de Bibliotecas<\/a><\/td>\n\t\t\t<td>\n\t\t\t\t<a href=\"https:\/\/www.mijas.es\/files\/adjuntos\/servicios_municipales\/aAuxiliares_Adminitrativos.pdf\" target=\"_blank\" rel=\"noopener noreferrer\">&nbsp;Auxiliares Adminitrativos<\/a><\/td>\n\t\t<\/tr>\n\t\t<tr>\n\t\t\t<td>\n\t\t\t\t<a href=\"https:\/\/www.mijas.es\/files\/adjuntos\/servicios_municipales\/aAuxiliares_Ayuda_a_Domicilio.pdf\" target=\"_blank\" rel=\"noopener noreferrer\">&nbsp;Auxiliares Ayuda a Domicilio<\/a><\/td>\n\t\t\t<td>\n\t\t\t\t<a href=\"https:\/\/www.mijas.es\/files\/adjuntos\/servicios_municipales\/aAyte_Animador_Sociocultural.pdf\" target=\"_blank\" rel=\"noopener noreferrer\">&nbsp;Ayudante Monitores de Ocio<\/a><\/td>\n\t\t\t<td>\n\t\t\t\t<a href=\"https:\/\/www.mijas.es\/files\/adjuntos\/servicios_municipales\/aConserje.pdf\" target=\"_blank\" rel=\"noopener noreferrer\">&nbsp;Conserje<\/a><\/td>\n\t\t\t<td>\n\t\t\t\t<a href=\"https:\/\/www.mijas.es\/files\/adjuntos\/servicios_municipales\/aEducador_Social.pdf\" target=\"_blank\" rel=\"noopener noreferrer\">&nbsp;Educador Social<\/a><\/td>\n\t\t<\/tr>\n\t\t<tr>\n\t\t\t<td>\n\t\t\t\t<a href=\"https:\/\/www.mijas.es\/files\/adjuntos\/servicios_municipales\/aOp__Limpieza.pdf\" target=\"_blank\" rel=\"noopener noreferrer\">&nbsp;Limpiadores<\/a><\/td>\n\t\t\t<td>\n\t\t\t\t&nbsp;Monitor\/a Universidad P.<\/td>\n\t\t\t<td>\n\t\t\t\t<a href=\"https:\/\/www.mijas.es\/files\/adjuntos\/servicios_municipales\/aAnimadores_Socioculturales.pdf\" target=\"_blank\" rel=\"noopener noreferrer\">&nbsp;Monitores ocio<\/a><\/td>\n\t\t\t<td>\n\t\t\t\t<a href=\"https:\/\/www.mijas.es\/files\/adjuntos\/servicios_municipales\/aNotificador.pdf\" target=\"_blank\" rel=\"noopener noreferrer\">&nbsp;Notificador<\/a><\/td>\n\t\t<\/tr>\n\t\t<tr>\n\t\t\t<td>\n\t\t\t\t<a href=\"https:\/\/www.mijas.es\/files\/adjuntos\/servicios_municipales\/aOficial_cantero.pdf\" target=\"_blank\" rel=\"noopener noreferrer\">&nbsp;Oficial cantero<\/a><\/td>\n\t\t\t<td>\n\t\t\t\t<a href=\"https:\/\/www.mijas.es\/files\/adjuntos\/servicios_municipales\/aOficial_Conductor.pdf\" target=\"_blank\" rel=\"noopener noreferrer\">&nbsp;Oficial Conductor<\/a><\/td>\n\t\t\t<td>\n\t\t\t\t<a href=\"https:\/\/www.mijas.es\/files\/adjuntos\/servicios_municipales\/aOficial_Fontanero.pdf\" target=\"_blank\" rel=\"noopener noreferrer\">&nbsp;Oficial Fontanero<\/a><\/td>\n\t\t\t<td>\n\t\t\t\t<a href=\"https:\/\/www.mijas.es\/files\/adjuntos\/servicios_municipales\/aOficial_Mecanico.pdf\" target=\"_blank\" rel=\"noopener noreferrer\">&nbsp;Oficial Mec\u00e1nico<\/a><\/td>\n\t\t<\/tr>\n\t\t<tr>\n\t\t\t<td>\n\t\t\t\t<a href=\"https:\/\/www.mijas.es\/files\/adjuntos\/servicios_municipales\/aOficial_Tecnico_Mantenimiento.pdf\" target=\"_blank\" rel=\"noopener noreferrer\">&nbsp;Oficial T\u00e9c. &nbsp;Mantenimiento<\/a><\/td>\n\t\t\t<td>\n\t\t\t\t<a href=\"https:\/\/www.mijas.es\/files\/adjuntos\/servicios_municipales\/aOficiales_de_Albanileria.pdf\" target=\"_blank\" rel=\"noopener noreferrer\">&nbsp;Oficiales de Alba\u00f1iler\u00eda<\/a><\/td>\n\t\t\t<td>\n\t\t\t\t<a href=\"https:\/\/www.mijas.es\/files\/adjuntos\/servicios_municipales\/aOficiales_de_Carpinteria.pdf\" target=\"_blank\" rel=\"noopener noreferrer\">&nbsp;Oficiales de Carpinter\u00eda<\/a><\/td>\n\t\t\t<td>\n\t\t\t\t<a href=\"https:\/\/www.mijas.es\/files\/adjuntos\/servicios_municipales\/aOficiales_de_Electricidad.pdf\" target=\"_blank\" rel=\"noopener noreferrer\">&nbsp;Oficiales de Electricidad<\/a><\/td>\n\t\t<\/tr>\n\t\t<tr>\n\t\t\t<td>\n\t\t\t\t<a href=\"https:\/\/www.mijas.es\/files\/adjuntos\/servicios_municipales\/aOficiales_de_Jardines.pdf\" target=\"_blank\" rel=\"noopener noreferrer\">&nbsp;Oficiales de Jardines<\/a><\/td>\n\t\t\t<td>\n\t\t\t\t<a href=\"https:\/\/www.mijas.es\/files\/adjuntos\/servicios_municipales\/aOficiales_de_Pintura.pdf\" target=\"_blank\" rel=\"noopener noreferrer\">&nbsp;Oficiales de Pintura<\/a><\/td>\n\t\t\t<td>\n\t\t\t\t<a href=\"https:\/\/www.mijas.es\/files\/adjuntos\/servicios_municipales\/aOficial_Herrero.pdf\" target=\"_blank\" rel=\"noopener noreferrer\">&nbsp;Oficiales Herreros\/as<\/a><\/td>\n\t\t\t<td>\n\t\t\t\t<a href=\"https:\/\/www.mijas.es\/files\/adjuntos\/servicios_municipales\/aOp__Albanil.pdf\" target=\"_blank\" rel=\"noopener noreferrer\">&nbsp;Operarios\/as&nbsp;Alba\u00f1ileria<\/a><\/td>\n\t\t<\/tr>\n\t\t<tr>\n\t\t\t<td>\n\t\t\t\t<a href=\"https:\/\/www.mijas.es\/files\/adjuntos\/servicios_municipales\/aOp__de_Carpinteria.pdf\" target=\"_blank\" rel=\"noopener noreferrer\">&nbsp;Operarios\/as de Carpinter\u00eda<\/a><\/td>\n\t\t\t<td>\n\t\t\t\t<a href=\"https:\/\/www.mijas.es\/files\/adjuntos\/servicios_municipales\/aOp__de_Electricidad.pdf\" target=\"_blank\" rel=\"noopener noreferrer\">&nbsp;Operarios\/as de Electricidad<\/a><\/td>\n\t\t\t<td>\n\t\t\t\t<a href=\"https:\/\/www.mijas.es\/files\/adjuntos\/servicios_municipales\/aOp__de_Herrero.pdf\" target=\"_blank\" rel=\"noopener noreferrer\">&nbsp;Operarios\/as Herreros<\/a><\/td>\n\t\t\t<td>\n\t\t\t\t<a href=\"https:\/\/www.mijas.es\/files\/adjuntos\/servicios_municipales\/aOp__de_Jardines.pdf\" target=\"_blank\" rel=\"noopener noreferrer\">&nbsp;Operarios\/as&nbsp;Jardines<\/a><\/td>\n\t\t<\/tr>\n\t\t<tr>\n\t\t\t<td>\n\t\t\t\t<a href=\"https:\/\/www.mijas.es\/files\/adjuntos\/servicios_municipales\/aOp__de_Pintura.pdf\" target=\"_blank\" rel=\"noopener noreferrer\">&nbsp;Operarios\/as&nbsp;Pintura<\/a><\/td>\n\t\t\t<td>\n\t\t\t\t&nbsp;Profersor\/a Universidad P.<\/td>\n\t\t\t<td>\n\t\t\t\t<a href=\"https:\/\/www.mijas.es\/files\/adjuntos\/servicios_municipales\/aSocorristas.pdf\" target=\"_blank\" rel=\"noopener noreferrer\">&nbsp;Socorristas<\/a><\/td>\n\t\t\t<td>\n\t\t\t\t<a href=\"https:\/\/www.mijas.es\/files\/adjuntos\/servicios_municipales\/aTecnico_Biblioteca_Archivo.pdf\" target=\"_blank\" rel=\"noopener noreferrer\">&nbsp;T\u00e9c. Biblioteca Archivo<\/a><\/td>\n\t\t<\/tr>\n\t\t<tr>\n\t\t\t<td>\n\t\t\t\t<a href=\"https:\/\/www.mijas.es\/wp-content\/uploads\/2022\/06\/aTrabajador_Socialv1.pdf\" target=\"_blank\" rel=\"noopener noreferrer\">&nbsp;Trabajador\/a Social<\/a><\/td>\n\t\t\t<td>\n\t\t\t\t&nbsp;<\/td>\n\t\t\t<td>\n\t\t\t\t&nbsp;<\/td>\n\t\t\t<td>\n\t\t\t\t&nbsp;<\/td>\n\t\t<\/tr>\n\t<\/tbody>\n<\/table>\n<p>\n\t&nbsp;<\/p>\n<p>\n\tPinchar&nbsp;<a href=\"https:\/\/www.mijas.es\/files\/adjuntos\/servicios_municipales\/aNotif_4_junio_Resolucion_Listas_Prov_Baremadas_IIITANDA.pdf\" target=\"_blank\" rel=\"noopener noreferrer\">aqu\u00ed<\/a>&nbsp;para ver&nbsp;Resoluci\u00f3n&nbsp;(formato PDF).<\/p>\n<p>\n\tPinchar&nbsp;<a href=\"https:\/\/www.mijas.es\/files\/adjuntos\/servicios_municipales\/aRESOLUCION_REPOSICION_BOLSA_TRABAJO.pdf\" target=\"_blank\" rel=\"noopener noreferrer\">aqu\u00ed<\/a>&nbsp;para ver&nbsp;Resoluci\u00f3n&nbsp;(formato PDF).<\/p>\n","protected":false},"excerpt":{"rendered":"<p>Pinchar en los distintos enlaces para ver listados (formato PDF). &nbsp;Abogado &nbsp;Administrativos &nbsp;Auxiliar de Bibliotecas &nbsp;Auxiliares Adminitrativos &nbsp;Auxiliares Ayuda a Domicilio &nbsp;Ayudante Monitores de Ocio &nbsp;Conserje &nbsp;Educador Social &nbsp;Limpiadores &nbsp;Monitor\/a Universidad P. &nbsp;Monitores ocio &nbsp;Notificador &nbsp;Oficial cantero &nbsp;Oficial Conductor &nbsp;Oficial Fontanero &nbsp;Oficial Mec\u00e1nico &nbsp;Oficial T\u00e9c. &nbsp;Mantenimiento &nbsp;Oficiales de Alba\u00f1iler\u00eda &nbsp;Oficiales de Carpinter\u00eda &nbsp;Oficiales de Electricidad [&hellip;]<\/p>\n","protected":false},"author":4,"featured_media":13852,"parent":17837,"menu_order":0,"comment_status":"closed","ping_status":"closed","template":"page-departamental.php","meta":[],"_links":{"self":[{"href":"https:\/\/www.mijas.es\/portal\/wp-json\/wp\/v2\/pages\/14201"}],"collection":[{"href":"https:\/\/www.mijas.es\/portal\/wp-json\/wp\/v2\/pages"}],"about":[{"href":"https:\/\/www.mijas.es\/portal\/wp-json\/wp\/v2\/types\/page"}],"author":[{"embeddable":true,"href":"https:\/\/www.mijas.es\/portal\/wp-json\/wp\/v2\/users\/4"}],"replies":[{"embeddable":true,"href":"https:\/\/www.mijas.es\/portal\/wp-json\/wp\/v2\/comments?post=14201"}],"version-history":[{"count":6,"href":"https:\/\/www.mijas.es\/portal\/wp-json\/wp\/v2\/pages\/14201\/revisions"}],"predecessor-version":[{"id":46472,"href":"https:\/\/www.mijas.es\/portal\/wp-json\/wp\/v2\/pages\/14201\/revisions\/46472"}],"up":[{"embeddable":true,"href":"https:\/\/www.mijas.es\/portal\/wp-json\/wp\/v2\/pages\/17837"}],"wp:featuredmedia":[{"embeddable":true,"href":"https:\/\/www.mijas.es\/portal\/wp-json\/wp\/v2\/media\/13852"}],"wp:attachment":[{"href":"https:\/\/www.mijas.es\/portal\/wp-json\/wp\/v2\/media?parent=14201"}],"curies":[{"name":"wp","href":"https:\/\/api.w.org\/{rel}","templated":true}]}}