{"id":14164,"date":"2019-03-29T13:02:22","date_gmt":"2019-03-29T13:02:22","guid":{"rendered":"http:\/\/192.168.0.42\/?page_id=14164"},"modified":"2019-07-19T10:22:26","modified_gmt":"2019-07-19T10:22:26","slug":"resolucion-listas-definitivas-de-la-bolsa-de-trabajo","status":"publish","type":"page","link":"https:\/\/www.mijas.es\/portal\/recursos-humanos\/resolucion-listas-definitivas-de-la-bolsa-de-trabajo\/","title":{"rendered":"Resoluci\u00f3n listas definitivas de la bolsa de trabajo"},"content":{"rendered":"\n<p>\n\tRESOLUCION POR LA QUE SE APRUEBAN LOS LISTADOS DEFINITIVOS DE ADMITIDOS\/AS Y EXCLUIDOS\/AS A LA BOLSA DE TRABAJO MUNICIPAL..<\/p>\n\n\n\n<p> Pinchar <a href=\"https:\/\/www.mijas.es\/files\/adjuntos\/servicios_municipales\/aResolucion_Listas_definitivas_bolsa.pdf\" target=\"_blank\" rel=\"noreferrer noopener\" aria-label=\" (abre en una nueva pesta\u00f1a)\">aqu\u00ed<\/a> para ver resoluci\u00f3n (formato PDF)<\/p>\n\n\n\n<p> Pinchar <a href=\"https:\/\/www.mijas.es\/files\/adjuntos\/servicios_municipales\/aNOTIF_RESOL_LISTAS_DEFINITIVAS_BAREMADAS.pdf\" target=\"_blank\" rel=\"noreferrer noopener\" aria-label=\" (abre en una nueva pesta\u00f1a)\">aqu\u00ed<\/a> para ver resoluci\u00f3n (formato PDF)<\/p>\n","protected":false},"excerpt":{"rendered":"<p>RESOLUCION POR LA QUE SE APRUEBAN LOS LISTADOS DEFINITIVOS DE ADMITIDOS\/AS Y EXCLUIDOS\/AS A LA BOLSA DE TRABAJO MUNICIPAL.. Pinchar aqu\u00ed para ver resoluci\u00f3n (formato PDF) Pinchar aqu\u00ed para ver resoluci\u00f3n (formato PDF)<\/p>\n","protected":false},"author":4,"featured_media":13852,"parent":17837,"menu_order":0,"comment_status":"closed","ping_status":"closed","template":"page-departamental.php","meta":[],"_links":{"self":[{"href":"https:\/\/www.mijas.es\/portal\/wp-json\/wp\/v2\/pages\/14164"}],"collection":[{"href":"https:\/\/www.mijas.es\/portal\/wp-json\/wp\/v2\/pages"}],"about":[{"href":"https:\/\/www.mijas.es\/portal\/wp-json\/wp\/v2\/types\/page"}],"author":[{"embeddable":true,"href":"https:\/\/www.mijas.es\/portal\/wp-json\/wp\/v2\/users\/4"}],"replies":[{"embeddable":true,"href":"https:\/\/www.mijas.es\/portal\/wp-json\/wp\/v2\/comments?post=14164"}],"version-history":[{"count":2,"href":"https:\/\/www.mijas.es\/portal\/wp-json\/wp\/v2\/pages\/14164\/revisions"}],"predecessor-version":[{"id":22217,"href":"https:\/\/www.mijas.es\/portal\/wp-json\/wp\/v2\/pages\/14164\/revisions\/22217"}],"up":[{"embeddable":true,"href":"https:\/\/www.mijas.es\/portal\/wp-json\/wp\/v2\/pages\/17837"}],"wp:featuredmedia":[{"embeddable":true,"href":"https:\/\/www.mijas.es\/portal\/wp-json\/wp\/v2\/media\/13852"}],"wp:attachment":[{"href":"https:\/\/www.mijas.es\/portal\/wp-json\/wp\/v2\/media?parent=14164"}],"curies":[{"name":"wp","href":"https:\/\/api.w.org\/{rel}","templated":true}]}}