{"id":14159,"date":"2019-03-29T12:58:06","date_gmt":"2019-03-29T12:58:06","guid":{"rendered":"http:\/\/192.168.0.42\/?page_id=14159"},"modified":"2019-05-15T11:23:37","modified_gmt":"2019-05-15T11:23:37","slug":"impresos","status":"publish","type":"page","link":"https:\/\/www.mijas.es\/portal\/tu-ayuntamiento\/departamentos-servicios\/impresos\/","title":{"rendered":"Impresos"},"content":{"rendered":"\n<ul><li>\n\t\tConvenio colectivo &#8211; <a href=\"https:\/\/www.mijas.es\/files\/adjuntos\/RRHH\/mpdf.pdf\" target=\"_blank\" rel=\"noreferrer noopener\">Descargar <\/a>(PDF)<\/li><li>\n\t\tAutorizaci\u00f3n petici\u00f3n de datos antecedentes car\u00e1cter sexual. &#8211; <a href=\"https:\/\/www.mijas.es\/files\/Peticion_de_datos_antecedentes_caracter_sexual.pdf\" target=\"_blank\" rel=\"noreferrer noopener\">Descargar<\/a> (PDF)<\/li><\/ul>\n","protected":false},"excerpt":{"rendered":"<p>Convenio colectivo &#8211; Descargar (PDF) Autorizaci\u00f3n petici\u00f3n de datos antecedentes car\u00e1cter sexual. &#8211; Descargar (PDF)<\/p>\n","protected":false},"author":4,"featured_media":13852,"parent":13849,"menu_order":0,"comment_status":"closed","ping_status":"closed","template":"page-departamental.php","meta":[],"_links":{"self":[{"href":"https:\/\/www.mijas.es\/portal\/wp-json\/wp\/v2\/pages\/14159"}],"collection":[{"href":"https:\/\/www.mijas.es\/portal\/wp-json\/wp\/v2\/pages"}],"about":[{"href":"https:\/\/www.mijas.es\/portal\/wp-json\/wp\/v2\/types\/page"}],"author":[{"embeddable":true,"href":"https:\/\/www.mijas.es\/portal\/wp-json\/wp\/v2\/users\/4"}],"replies":[{"embeddable":true,"href":"https:\/\/www.mijas.es\/portal\/wp-json\/wp\/v2\/comments?post=14159"}],"version-history":[{"count":3,"href":"https:\/\/www.mijas.es\/portal\/wp-json\/wp\/v2\/pages\/14159\/revisions"}],"predecessor-version":[{"id":22215,"href":"https:\/\/www.mijas.es\/portal\/wp-json\/wp\/v2\/pages\/14159\/revisions\/22215"}],"up":[{"embeddable":true,"href":"https:\/\/www.mijas.es\/portal\/wp-json\/wp\/v2\/pages\/13849"}],"wp:featuredmedia":[{"embeddable":true,"href":"https:\/\/www.mijas.es\/portal\/wp-json\/wp\/v2\/media\/13852"}],"wp:attachment":[{"href":"https:\/\/www.mijas.es\/portal\/wp-json\/wp\/v2\/media?parent=14159"}],"curies":[{"name":"wp","href":"https:\/\/api.w.org\/{rel}","templated":true}]}}