{"id":14146,"date":"2019-03-29T12:41:38","date_gmt":"2019-03-29T12:41:38","guid":{"rendered":"http:\/\/192.168.0.42\/?page_id=14146"},"modified":"2026-04-16T12:03:51","modified_gmt":"2026-04-16T11:03:51","slug":"promocion-interna","status":"publish","type":"page","link":"https:\/\/www.mijas.es\/portal\/recursos-humanos\/promocion-interna\/","title":{"rendered":"Promoci\u00f3n Interna"},"content":{"rendered":"\n<p><strong>Convocatoria 3 plazas de Auxiliar Administrativo\/a OPE 2024<\/strong><\/p>\n\n\n\n<ul>\n<li>BOPMA Convocatoria y&nbsp;Bases &#8211; <a href=\"https:\/\/www.mijas.es\/wp-content\/uploads\/2026\/02\/BOPMA%20Convocatoria%203%20Aux%20Adtivo%20OEP%202024.pdf\" target=\"_blank\" rel=\"noreferrer noopener\">Descargar<\/a><\/li>\n<\/ul>\n\n\n\n<p><strong>Convocatoria 1 plaza de Ingeniero\/a T\u00e9cnico\/a de Obras P\u00fablicas OPE 2025<\/strong><\/p>\n\n\n\n<ul>\n<li>BOPMA Convocatoria y&nbsp;Bases &#8211; <a href=\"https:\/\/www.mijas.es\/var\/www\/html\/wp-content\/uploads\/2026\/02\/BOPMA%20Convocatoria%201%20ITOP%20OEP%202025.pdf\" target=\"_blank\" rel=\"noreferrer noopener\">Descarg<\/a><a href=\"https:\/\/www.mijas.es\/wp-content\/uploads\/2026\/02\/BOPMA%20Convocatoria%201%20ITOP%20OEP%202025.pdf\" target=\"_blank\" rel=\"noreferrer noopener\">ar<\/a><\/li>\n<\/ul>\n\n\n\n<p><strong>Convocatoria 3 plazas Oficial de la Polic\u00eda Local<\/strong><\/p>\n\n\n\n<ul>\n<li>Bases convocatoria BOPMA &#8211; <a rel=\"noreferrer noopener\" href=\"https:\/\/www.mijas.es\/wp-content\/uploads\/2025\/10\/01.-BOPMA-25-07-2025.pdf\" data-type=\"URL\" data-id=\"https:\/\/www.mijas.es\/wp-content\/uploads\/2025\/10\/01.-BOPMA-25-07-2025.pdf\" target=\"_blank\">Descargar<\/a><\/li>\n\n\n\n<li>Anuncio BOE &#8211; <a href=\"https:\/\/www.mijas.es\/wp-content\/uploads\/2025\/10\/BOE-A-2025-20648.pdf\" data-type=\"URL\" data-id=\"https:\/\/www.mijas.es\/wp-content\/uploads\/2025\/10\/BOE-A-2025-20648.pdf\" target=\"_blank\" rel=\"noreferrer noopener\">Descargar<\/a><\/li>\n\n\n\n<li>Modelo de solicitud &#8211; <a rel=\"noreferrer noopener\" href=\"https:\/\/www.mijas.es\/wp-content\/uploads\/2025\/10\/05.-ANEXO-II.-Modelo-de-solicitud.pdf\" data-type=\"URL\" data-id=\"https:\/\/www.mijas.es\/wp-content\/uploads\/2025\/10\/05.-ANEXO-II.-Modelo-de-solicitud.pdf\" target=\"_blank\">Descargar<\/a><\/li>\n\n\n\n<li>Resoluci\u00f3n listado provisional admitidos\/as &#8211; excluidos\/as &#8211; <a rel=\"noreferrer noopener\" href=\"https:\/\/www.mijas.es\/wp-content\/uploads\/2026\/02\/20260225_Resoluci%C3%B3n_DECRETO%202026-1628%20%5BResoluci%C3%B3n%20PR_2026_1983%20-%20CR%20-%20M000_%20Circuito%20de%20Resoluci%C3%B3n%20Gen%C3%A9rico%20(Fase%20Alegaciones)%5D.pdf\" target=\"_blank\">Descargar<\/a><\/li>\n\n\n\n<li>Resoluci\u00f3n listado definitivo admitidos\/as \u2013 excluidos\/as &#8211; <a href=\"https:\/\/www.mijas.es\/wp-content\/uploads\/2026\/04\/20260414_Resoluci%C3%B3n_DECRETO%202026-3199%20%5BResoluci%C3%B3n%20PR_2026_3935%20-%20CR%20-%20M000_%20Circuito%20de%20Resoluci%C3%B3n%20Gen%C3%A9rico%20(Fase%20Resoluci%C3%B3n)%5D.pdf\" target=\"_blank\" rel=\"noreferrer noopener\">Descargar<\/a><\/li>\n<\/ul>\n\n\n\n<p><strong>Convocatoria 4 plazas Administrativo<\/strong><\/p>\n\n\n\n<ul>\n<li>Bases BOPMA &#8211; <a href=\"https:\/\/www.mijas.es\/wp-content\/uploads\/2023\/04\/ANUNCIO%20BOPMA%20BASES%20PROMO%20INTERNA%204%20PLAZAS%20ADMTIVO.pdf\" target=\"_blank\" rel=\"noreferrer noopener\">Descargar<\/a><\/li>\n\n\n\n<li>Anuncio BOJA &#8211; <a rel=\"noreferrer noopener\" href=\"https:\/\/www.mijas.es\/wp-content\/uploads\/2023\/04\/Anuncio%20BOJA%2024%2004%202023.pdf\" target=\"_blank\">Descargar<\/a><\/li>\n\n\n\n<li>Anuncio BOE &#8211; <a rel=\"noreferrer noopener\" href=\"https:\/\/www.mijas.es\/wp-content\/uploads\/2023\/06\/BOE-A-2023-12479.pdf\" target=\"_blank\">Descargar<\/a><\/li>\n\n\n\n<li>Solicitud &#8211; <a href=\"https:\/\/www.mijas.es\/wp-content\/uploads\/2023\/06\/SOLICITUD%20AUTOBAREMACION.pdf\" target=\"_blank\" rel=\"noreferrer noopener\">Descargar<\/a><\/li>\n<\/ul>\n\n\n\n<p><strong>Convocatoria 4 plazas Oficial de la Polic\u00eda Local<\/strong><\/p>\n\n\n\n<ul>\n<li>Bases BOPMA &#8211; <a href=\"https:\/\/www.mijas.es\/wp-content\/uploads\/2023\/03\/4.-%20Publicaci%C3%B3n%20BOPMA%20bases%2010%2002%202023.pdf\" target=\"_blank\" rel=\"noreferrer noopener\">Descargar<\/a><\/li>\n\n\n\n<li>Anuncio BOJA &#8211; <a href=\"https:\/\/www.mijas.es\/wp-content\/uploads\/2023\/03\/6.%20Publicaci%C3%B3n%20BOJA%20bases.pdf\" target=\"_blank\" rel=\"noreferrer noopener\">Descargar<\/a><\/li>\n\n\n\n<li>Anuncio BOE &#8211; <a href=\"https:\/\/www.mijas.es\/wp-content\/uploads\/2023\/03\/BOE%20n%C3%BAm.%2067%20de%2020032023%201.pdf\" target=\"_blank\" rel=\"noreferrer noopener\">Descargar<\/a><\/li>\n\n\n\n<li>Solicitud &#8211; <a rel=\"noreferrer noopener\" href=\"https:\/\/www.mijas.es\/wp-content\/uploads\/2023\/03\/7.%20SOLICITUD%204%20OFICIAL%20DE%20LA%20POLICIA%20LOCAL%202023.pdf\" target=\"_blank\">Descargar<\/a><\/li>\n\n\n\n<li>Anuncio BOPMA Listado provisional admitidos\/as y excluidos\/as &#8211; <a href=\"https:\/\/www.mijas.es\/wp-content\/uploads\/2023\/04\/17.%20BOPMA%20Lista%20provisional%20admitidos%20excluidos%2028%2004%202023.pdf\" target=\"_blank\" rel=\"noreferrer noopener\">Descargar<\/a><\/li>\n\n\n\n<li>Listado provisional admitidos\/as y excluidos\/as &#8211; <a rel=\"noreferrer noopener\" href=\"https:\/\/www.mijas.es\/wp-content\/uploads\/2023\/04\/9.%20Resolucion%20listado%20provisional%20admitidos%20excluidos.pdf\" target=\"_blank\">Descargar<\/a><\/li>\n\n\n\n<li>Listado definitivo, Tribunal Calificador y Fecha de Oposici\u00f3n &#8211; <a rel=\"noreferrer noopener\" href=\"https:\/\/www.mijas.es\/wp-content\/uploads\/2023\/05\/20230516183208696.pdf\" target=\"_blank\">Descargar<\/a><\/li>\n\n\n\n<li>Baremaci\u00f3n Fase Concurso &#8211; <a href=\"https:\/\/www.mijas.es\/wp-content\/uploads\/2023\/05\/RS2023017446%20ANUNCIO_1_BAREMACIONES_PRIMERA_FASE_CONCURSO_OFICIALES_FIRMADO.pdf\" target=\"_blank\" rel=\"noreferrer noopener\">Descargar<\/a><\/li>\n\n\n\n<li>Normas 1\u00aa Prueba Examen Conocimientos Test Y Practico &#8211; <a rel=\"noreferrer noopener\" href=\"https:\/\/www.mijas.es\/wp-content\/uploads\/2023\/05\/RS2023017449%20ANUNCIO_2_NORMAS_EXAMEN_OFICIAL.pdf\" target=\"_blank\">Descargar<\/a><\/li>\n\n\n\n<li>Suspensi\u00f3n&nbsp; 1\u00aa Prueba Examen Conocimientos Test Y Practico &#8211; <a rel=\"noreferrer noopener\" href=\"https:\/\/www.mijas.es\/wp-content\/uploads\/2023\/05\/ANUNCIO%203_SUSPENSI%C3%93...TORIA%201%C2%AA%20PRUEBA%20EXAMEN%2020%20MAYO%202023.pdf\" target=\"_blank\">Descargar<\/a><\/li>\n\n\n\n<li>Anuncio modificaci\u00f3n Tribunal Calificador y nueva fecha 1\u00aa ejercicio &#8211; <a rel=\"noreferrer noopener\" href=\"https:\/\/www.mijas.es\/wp-content\/uploads\/2023\/05\/22.%20Anuncio%20tribunal%20recusaci%C3%B3n.pdf\" target=\"_blank\">Descargar<\/a><\/li>\n\n\n\n<li>Anuncio Hojas Correcci\u00f3n&nbsp;1\u00aa Prueba Examen Conocimientos Y Caso Pr\u00e1ctico &#8211; <a rel=\"noreferrer noopener\" href=\"https:\/\/www.mijas.es\/wp-content\/uploads\/2023\/05\/RS2023018779%20ANUNCIO_4__HOJAS_CORRECCION_1__PRUEBA_FASE_OPOSICION_TEST_CONOC___CASO_PRACTICO.pdf\" target=\"_blank\">Descargar<\/a><\/li>\n\n\n\n<li>Anuncio V Calificaciones Fase Oposici\u00f3n Y Nota Final &#8211; <a rel=\"noreferrer noopener\" href=\"https:\/\/www.mijas.es\/wp-content\/uploads\/2023\/05\/RS20236018958%20ANUNCIO_V_CALIFICACION_FINAL_OFICIALES.pdf\" target=\"_blank\">Descargar<\/a><\/li>\n\n\n\n<li>Anuncio V Calificaciones Finales Propuesta Nombramiento Funcionario Carrera Oficial Polic\u00eda Local &#8211; <a rel=\"noreferrer noopener\" href=\"https:\/\/www.mijas.es\/wp-content\/uploads\/2024\/02\/RS2024006160-ANUNCIO-RESOLUCION-FINAL_OFICIAL-POLICIA-LOCAL-FUNCIONARIO-CARRERA.pdf\" data-type=\"URL\" data-id=\"https:\/\/www.mijas.es\/wp-content\/uploads\/2024\/02\/RS2024006160-ANUNCIO-RESOLUCION-FINAL_OFICIAL-POLICIA-LOCAL-FUNCIONARIO-CARRERA.pdf\" target=\"_blank\">Descargar<\/a><\/li>\n\n\n\n<li>Anuncio BOPMA nombramiento Funcionario de Carrera &#8211; <a href=\"https:\/\/www.mijas.es\/wp-content\/uploads\/2024\/03\/40.-BOPMA-nombramiento-funcionario-de-carrera.pdf\" data-type=\"URL\" data-id=\"https:\/\/www.mijas.es\/wp-content\/uploads\/2024\/03\/40.-BOPMA-nombramiento-funcionario-de-carrera.pdf\" target=\"_blank\" rel=\"noreferrer noopener\">Descargar<\/a><\/li>\n<\/ul>\n\n\n\n<p><strong>Convocatoria 3 Plazas Subinspector de la Polic\u00eda Local<\/strong><\/p>\n\n\n\n<ul>\n<li>Bases BOPMA &#8211; <a href=\"https:\/\/www.mijas.es\/wp-content\/uploads\/2023\/03\/4.%20Publicaci%C3%B3n%20BOPMA%20Subinspector%2010%2002%202023.pdf\" target=\"_blank\" rel=\"noreferrer noopener\">Descargar<\/a><\/li>\n\n\n\n<li>Anuncio BOJA &#8211; <a href=\"https:\/\/www.mijas.es\/wp-content\/uploads\/2023\/03\/6.%20Publicaci%C3%B3n%20BOJA%2027%2002%202023.pdf\" target=\"_blank\" rel=\"noreferrer noopener\">Descargar<\/a><\/li>\n\n\n\n<li>Anuncio BOE &#8211; <a href=\"https:\/\/www.mijas.es\/wp-content\/uploads\/2023\/03\/BOE%20n%C3%BAm.%2067%20de%2020032023.pdf\" target=\"_blank\" rel=\"noreferrer noopener\">Descargar<\/a><\/li>\n\n\n\n<li>Solicitud &#8211; <a rel=\"noreferrer noopener\" href=\"https:\/\/www.mijas.es\/wp-content\/uploads\/2023\/03\/7.%20SOLICITUD%203%20SUBINSPECTOR%20%20POLICIA%202023.pdf\" target=\"_blank\">Descargar<\/a><\/li>\n\n\n\n<li>Anuncio BOPMA Listado provisional admitidos\/as y excluidos\/as &#8211; <a href=\"https:\/\/www.mijas.es\/wp-content\/uploads\/2023\/04\/18.%20BOPMA%20Listado%20provisional%20admitidos%20excluidos%2028%2004%202023.pdf\" target=\"_blank\" rel=\"noreferrer noopener\">Descargar<\/a><\/li>\n\n\n\n<li>Listado provisional admitidos\/as y excluidos\/as &#8211; <a rel=\"noreferrer noopener\" href=\"https:\/\/www.mijas.es\/wp-content\/uploads\/2023\/04\/11.%20Resolucion%20listado%20provisional%20admitidos%20excluidos.pdf\" target=\"_blank\">Descargar<\/a><\/li>\n\n\n\n<li>Listado definitivo, Tribunal Calificador y Fecha de Oposici\u00f3n &#8211; <a rel=\"noreferrer noopener\" href=\"https:\/\/www.mijas.es\/wp-content\/uploads\/2023\/05\/20-Resolucion_lista_definitiva-3subinspectores.pdf\" target=\"_blank\">Descargar<\/a><\/li>\n\n\n\n<li>Baremaci\u00f3n Fase Concurso &#8211; <a href=\"https:\/\/www.mijas.es\/wp-content\/uploads\/2023\/05\/RS2023017395%20ANUNCIO%20I%20BAREMACION%20FASE%20CONCURSO%20SUBINSPECTOR.pdf\" target=\"_blank\" rel=\"noreferrer noopener\">Descargar<\/a><\/li>\n\n\n\n<li>Normas 1\u00ba Prueba Examen, Test Conocimientos y Caso Practico &#8211; <a rel=\"noreferrer noopener\" href=\"https:\/\/www.mijas.es\/wp-content\/uploads\/2023\/05\/RS2023017398%20ANUNCIO%20II%20NORMAS%20EXAMEN.pdf\" target=\"_blank\">Descargar<\/a><\/li>\n\n\n\n<li>Hojas De Correcci\u00f3n Examen Test Conocimientos Y Caso Pr\u00e1ctico &#8211; <a rel=\"noreferrer noopener\" href=\"https:\/\/www.mijas.es\/wp-content\/uploads\/2023\/05\/RS2023018073%20ANUNCIO_3__HOJAS_CORRECCION_1__PRUEBA_FASE_OPOSICION_TEST_CONO___CASO_PRACTICO_SUBINSPECTOR.pdf\" target=\"_blank\">Descargar<\/a><\/li>\n\n\n\n<li>Anuncio IV Calificaciones Fase Oposici\u00f3n Y Calificaci\u00f3n Final &#8211; <a rel=\"noreferrer noopener\" href=\"https:\/\/www.mijas.es\/wp-content\/uploads\/2023\/05\/RS2023018925%20ANUNCIO%20IV%20TRIBUNAL%20SUBINSPECTOR%20CALIFICACION%20FASE%20OPOSICION%20Y%20NOTA%20FINAL.pdf\" target=\"_blank\">Descargar<\/a><\/li>\n\n\n\n<li>Anuncio Recurso &#8211; <a rel=\"noreferrer noopener\" href=\"https:\/\/www.mijas.es\/wp-content\/uploads\/2023\/10\/Anuncio%20_recurso%20bases%20Subinspector.pdf\" target=\"_blank\">Descargar<\/a><\/li>\n\n\n\n<li>Anuncio V Calificaciones Finales, Propuesta Nombramiento Funcionario Carrera Subinspector Polic\u00eda Local &#8211; <a rel=\"noreferrer noopener\" href=\"https:\/\/www.mijas.es\/wp-content\/uploads\/2024\/02\/RS2024004193-ANUNCIO_V__RESOLUCION_FINAL_FUNCIONARIO_CARRERA_firmada.pdf\" data-type=\"URL\" data-id=\"https:\/\/www.mijas.es\/wp-content\/uploads\/2024\/02\/RS2024004193-ANUNCIO_V__RESOLUCION_FINAL_FUNCIONARIO_CARRERA_firmada.pdf\" target=\"_blank\">Descargar<\/a><\/li>\n\n\n\n<li>Anuncio BOPMA nombramiento Funcionario de Carrera &#8211; <a rel=\"noreferrer noopener\" href=\"https:\/\/www.mijas.es\/wp-content\/uploads\/2024\/03\/26.-BOPMA-nombramiento-3-subinspectores.pdf\" data-type=\"URL\" data-id=\"https:\/\/www.mijas.es\/wp-content\/uploads\/2024\/03\/26.-BOPMA-nombramiento-3-subinspectores.pdf\" target=\"_blank\">Descargar<\/a><\/li>\n<\/ul>\n\n\n\n<ul>\n<li><\/li>\n<\/ul>\n\n\n\n<p><strong>Convocatoria Oficial Pintor<\/strong><\/p>\n\n\n\n<ul>\n<li>BOPMA &#8211; <a href=\"http:\/\/www.mijas.es\/wp-content\/uploads\/2020\/11\/PROMOCION%20OF%20PINTOR.pdf\">Ver<\/a><\/li>\n\n\n\n<li>Solicitud &#8211; <a href=\"http:\/\/www.mijas.es\/wp-content\/uploads\/2020\/11\/SOLICITUD.doc\">Ver<\/a><\/li>\n\n\n\n<li>Lista Provisonal Admitidos\/as Excluidos\/as, Composici\u00f3n Comisi\u00f3n De Valoraci\u00f3n &#8211; <a rel=\"noreferrer noopener\" href=\"https:\/\/www.mijas.es\/wp-content\/uploads\/2023\/02\/4.%20Resoluci%C3%B3n%20listado%20provisional%2C%20composici%C3%B3n%20del%20Comision%20de%20Valoraci%C3%B3n%20admitidos%20y%20excluidos.pdf\" target=\"_blank\">Descargar<\/a><\/li>\n\n\n\n<li>Litado definitivo admitidos\/as excluidos\/as &#8211; <a rel=\"noreferrer noopener\" href=\"https:\/\/www.mijas.es\/wp-content\/uploads\/2023\/03\/6.-Resolucion-listado-definitivo-admitidos-y-excluidos.pdf\" target=\"_blank\">Descargar<\/a><\/li>\n\n\n\n<li>Anuncio Provisional Baremado &#8211; <a href=\"https:\/\/www.mijas.es\/wp-content\/uploads\/2023\/11\/9.Anuncio%20listado%20baremado%20provisional%202%20Ofi%20Pintor.pdf\" target=\"_blank\" rel=\"noreferrer noopener\">Descargar<\/a><\/li>\n<\/ul>\n\n\n\n<p><strong>Convocatoria Capataz<\/strong><\/p>\n\n\n\n<ul>\n<li>BOPMA &#8211; <a href=\"http:\/\/www.mijas.es\/wp-content\/uploads\/2020\/11\/CAPATAZ%20PROMOCION.pdf\">Ve<\/a><a href=\"http:\/\/www.mijas.es\/wp-content\/uploads\/2020\/11\/OFICIAL%20CAPATAZ.pdf\">r<\/a><\/li>\n\n\n\n<li>Solicitud &#8211; <a href=\"http:\/\/www.mijas.es\/wp-content\/uploads\/2020\/11\/SOLICITUD.doc\">Ver<\/a> <\/li>\n\n\n\n<li>Listado provisional de admitidos\/as &#8211; excluidos\/as y comisi\u00f3n de valoraci\u00f3n &#8211; <a rel=\"noreferrer noopener\" href=\"https:\/\/www.mijas.es\/wp-content\/uploads\/2023\/06\/Resoluci%C3%B3n%20listado%20provisional%204%20Capataces%20composici%C3%B3n%20del%20Comision%20de%20admitidos%20y%20excluidos.pdf\" target=\"_blank\">Descargar<\/a><\/li>\n\n\n\n<li>Listado Definitivo Admitidos\/as &#8211; Excluidos\/as &#8211; <a rel=\"noreferrer noopener\" href=\"https:\/\/www.mijas.es\/wp-content\/uploads\/2023\/07\/6.%20Resoluci%C3%B3n%20listado%20definitivo%204%20Capataces%20admitidos%20y%20excluidos.pdf\" target=\"_blank\">Descargar<\/a><\/li>\n\n\n\n<li>Composici\u00f3n comisi\u00f3n de valoraci\u00f3n &#8211; <a rel=\"noreferrer noopener\" href=\"https:\/\/www.mijas.es\/wp-content\/uploads\/2023\/08\/composicion-COMISION-VALORACION-capataz.pdf\" data-type=\"URL\" data-id=\"https:\/\/www.mijas.es\/wp-content\/uploads\/2023\/08\/composicion-COMISION-VALORACION-capataz.pdf\" target=\"_blank\">Descargar<\/a><\/li>\n\n\n\n<li>Anuncio Provisional Baremado &#8211; <a rel=\"noreferrer noopener\" href=\"https:\/\/www.mijas.es\/wp-content\/uploads\/2023\/11\/11.Anuncio%20listado%20baremado%20provisional%204%20CAPATACES.pdf\" target=\"_blank\">Descargar<\/a><\/li>\n\n\n\n<li>Anuncio definitivo baremado <a rel=\"noreferrer noopener\" href=\"https:\/\/www.mijas.es\/wp-content\/uploads\/2023\/11\/Anuncio-listado-baremado-definitivo-4-CAPATACES.pdf\" data-type=\"URL\" data-id=\"https:\/\/www.mijas.es\/wp-content\/uploads\/2023\/11\/Anuncio-listado-baremado-definitivo-4-CAPATACES.pdf\" target=\"_blank\">Descargar<\/a><\/li>\n\n\n\n<li>Decreto correcci\u00f3n error listado definitivo &#8211;<a rel=\"noreferrer noopener\" href=\"https:\/\/www.mijas.es\/wp-content\/uploads\/2023\/12\/16.-Decreto-Correccion-Error-EXCLUSION-RUIZ-ARJONA.pdf\" target=\"_blank\">Descargar<\/a><\/li>\n<\/ul>\n\n\n\n<p><strong>Convocatoria Oficial Alba\u00f1il<\/strong><\/p>\n\n\n\n<ul>\n<li>BOPMA &#8211; <a href=\"http:\/\/www.mijas.es\/wp-content\/uploads\/2020\/11\/OFICIAL%20ALBA%C3%91IL%20PROMOCION.pdf\">Ver<\/a><\/li>\n\n\n\n<li>Solicitud &#8211; <a href=\"http:\/\/www.mijas.es\/wp-content\/uploads\/2020\/11\/SOLICITUD.doc\">Ver<\/a>  <\/li>\n\n\n\n<li>Listado provisional admitidos\/as y excluidos y composici\u00f3n de la Comisi\u00f3n de Valoraci\u00f3n &#8211; <a href=\"https:\/\/www.mijas.es\/wp-content\/uploads\/2023\/03\/3.%20Resol.%20listado%20provisional%2C%20composici%C3%B3n%20Comision%20de%20Valor%20OFICIAL%20ALBA%C3%91IL%20OEP%202017.pdf\">Ver<\/a><\/li>\n\n\n\n<li>Listado definitivo admitidos\/as excluidos\/as &#8211; <a rel=\"noreferrer noopener\" href=\"https:\/\/www.mijas.es\/wp-content\/uploads\/2023\/04\/4.-Resolucion-listado-definitivo-admitidos-excluidos.pdf\" target=\"_blank\">Ver<\/a><\/li>\n\n\n\n<li>Acuerdo Correcci\u00f3n Error &#8211; <a rel=\"noreferrer noopener\" href=\"https:\/\/www.mijas.es\/wp-content\/uploads\/2023\/10\/8.-%20Decreto%20Correccion%20Error%20ADMITIR%20JUAN%20MARISCAL.pdf\" target=\"_blank\">Descargar<\/a><\/li>\n\n\n\n<li>Anuncio Provisional Baremado &#8211; <a href=\"https:\/\/www.mijas.es\/wp-content\/uploads\/2023\/11\/11.Anuncio%20listado%20baremado%20provisional%207%20Alba%C3%B1iles.pdf\" target=\"_blank\" rel=\"noreferrer noopener\">Descargar<\/a><\/li>\n<\/ul>\n\n\n\n<p><strong>CONVOCATORIA COORDINADOR\/A DEL S.E.I.S.<\/strong> <\/p>\n\n\n\n<ul>\n<li>Anuncio Convocatoria &#8211; <a href=\"http:\/\/www.mijas.es\/files\/adjuntos\/RRHH\/promocion%20interna\/2019\/Convocatoria_Coordinador_SEIS.pdf\">Ver<\/a><\/li>\n\n\n\n<li>Resoluci\u00f3n Convocatoria &#8211; <a href=\"http:\/\/www.mijas.es\/wp-content\/uploads\/2020\/03\/ANUNCIO%20CONVOCATORIA%20COORD.%20SEIS.pdf\">Ver<\/a><\/li>\n<\/ul>\n\n\n\n<p><strong>CONVOCATORIA INTERNA PARA PROVISI\u00d3N  TEMPORAL PARA TRABAJADOR\/A SOCIAL<\/strong> <\/p>\n\n\n\n<ul>\n<li>Anuncio baremaci\u00f3n superior categor\u00eda &#8211; <a href=\"http:\/\/www.mijas.es\/files\/adjuntos\/RRHH\/promocion%20interna\/2019\/20200205083537797.pdf\">Ver<\/a><\/li>\n\n\n\n<li>Listado admitidos y excluidos &#8211; <a href=\"http:\/\/www.mijas.es\/files\/adjuntos\/RRHH\/promocion%20interna\/2019\/Admitidos%20-%20Excluidos%20Trabajo%20Social.pdf\">Ver<\/a><\/li>\n\n\n\n<li>Anuncio &#8211; <a href=\"http:\/\/www.mijas.es\/files\/adjuntos\/RRHH\/promocion%20interna\/2019\/Convocatoria%20superior%20categoria%20Trabajador%20Social%202019.pdf\">Ver<\/a><\/li>\n<\/ul>\n\n\n\n<p><strong>CONVOCATORIA PROMOCION INTERNA CONCURSO-OPOSICI\u00d3N DE CINCO PLAZAS DE CABO ESPECIALISTA DE BOMBEROS&nbsp;<\/strong><\/p>\n\n\n\n<ul>\n<li>Modificaci\u00f3n \u00f3rgano de selecci\u00f3n &#8211; <a href=\"http:\/\/www.mijas.es\/wp-content\/uploads\/2020\/03\/BOPMA.pdf\">Descargar<\/a> <\/li>\n\n\n\n<li><a href=\"http:\/\/www.mijas.es\/files\/adjuntos\/RRHH\/promocion%20interna\/2019\/20200207-00673-2020-01.pdf\">Publicaci\u00f3n Listado Provisional Admitidos y Excluidos<\/a><\/li>\n\n\n\n<li><a rel=\"noopener noreferrer\" href=\"https:\/\/www.mijas.es\/files\/adjuntos\/RRHH\/promocion interna\/Bases.pdf\" target=\"_blank\">Bases de la convocatoria<\/a><\/li>\n\n\n\n<li><a rel=\"noopener noreferrer\" href=\"https:\/\/www.mijas.es\/files\/adjuntos\/RRHH\/promocion interna\/Solicitud_Cabo.pdf\" target=\"_blank\">Solicitud<\/a><\/li>\n<\/ul>\n\n\n\n<p>\n\t<strong>OPOSICI\u00d3N DE 5 PLAZAS DE ADMINISTRATIVO<\/strong><\/p>\n\n\n\n<ul>\n<li>\n\t\tBases de la convocatoria &#8211; <a href=\"https:\/\/www.mijas.es\/files\/adjuntos\/servicios_municipales\/rrhh\/Convocatoria Promocion interna administrativos integradas total.pdf\" target=\"_blank\" rel=\"noopener noreferrer\">Ver<\/a><\/li>\n\n\n\n<li>\n\t\tBOE, Bolet\u00edn Oficial del Estado &#8211; <a href=\"https:\/\/www.mijas.es\/files\/adjuntos\/servicios_municipales\/rrhh\/ANUNCIO BOE.pdf\" target=\"_blank\" rel=\"noopener noreferrer\">Ver<\/a><\/li>\n\n\n\n<li>\n\t\tSolicitud de participaci\u00f3n en la convocatoria &#8211; <a href=\"https:\/\/www.mijas.es\/files\/adjuntos\/servicios_municipales\/rrhh\/SOLICITUD ADMINISTRATIVO 2015.doc\">Descargar<\/a><\/li>\n\n\n\n<li>\n\t\tListado provisional de admitidos y excluidos &#8211; <a href=\"https:\/\/www.mijas.es\/files\/adjuntos\/servicios_municipales\/rrhh\/201506290846.pdf\" target=\"_blank\" rel=\"noopener noreferrer\">Ver<\/a><\/li>\n\n\n\n<li>\n\t\tDesignaci\u00f3n del \u00f3rgano de selecci\u00f3n para las pruebas selectivas de 5 plazas de Administrativos &#8211; <a href=\"https:\/\/www.mijas.es\/files\/adjuntos\/servicios_municipales\/rrhh\/201507010815.pdf\" target=\"_blank\" rel=\"noopener noreferrer\">Ver<\/a><\/li>\n<\/ul>\n","protected":false},"excerpt":{"rendered":"<p>Convocatoria 3 plazas de Auxiliar Administrativo\/a OPE 2024 Convocatoria 1 plaza de Ingeniero\/a T\u00e9cnico\/a de Obras P\u00fablicas OPE 2025 Convocatoria 3 plazas Oficial de la Polic\u00eda Local Convocatoria 4 plazas Administrativo Convocatoria 4 plazas Oficial de la Polic\u00eda Local Convocatoria 3 Plazas Subinspector de la Polic\u00eda Local Convocatoria Oficial Pintor Convocatoria Capataz Convocatoria Oficial Alba\u00f1il [&hellip;]<\/p>\n","protected":false},"author":4,"featured_media":13852,"parent":17837,"menu_order":0,"comment_status":"closed","ping_status":"closed","template":"page-departamental.php","meta":[],"_links":{"self":[{"href":"https:\/\/www.mijas.es\/portal\/wp-json\/wp\/v2\/pages\/14146"}],"collection":[{"href":"https:\/\/www.mijas.es\/portal\/wp-json\/wp\/v2\/pages"}],"about":[{"href":"https:\/\/www.mijas.es\/portal\/wp-json\/wp\/v2\/types\/page"}],"author":[{"embeddable":true,"href":"https:\/\/www.mijas.es\/portal\/wp-json\/wp\/v2\/users\/4"}],"replies":[{"embeddable":true,"href":"https:\/\/www.mijas.es\/portal\/wp-json\/wp\/v2\/comments?post=14146"}],"version-history":[{"count":72,"href":"https:\/\/www.mijas.es\/portal\/wp-json\/wp\/v2\/pages\/14146\/revisions"}],"predecessor-version":[{"id":64209,"href":"https:\/\/www.mijas.es\/portal\/wp-json\/wp\/v2\/pages\/14146\/revisions\/64209"}],"up":[{"embeddable":true,"href":"https:\/\/www.mijas.es\/portal\/wp-json\/wp\/v2\/pages\/17837"}],"wp:featuredmedia":[{"embeddable":true,"href":"https:\/\/www.mijas.es\/portal\/wp-json\/wp\/v2\/media\/13852"}],"wp:attachment":[{"href":"https:\/\/www.mijas.es\/portal\/wp-json\/wp\/v2\/media?parent=14146"}],"curies":[{"name":"wp","href":"https:\/\/api.w.org\/{rel}","templated":true}]}}