{"id":14121,"date":"2019-03-29T12:06:21","date_gmt":"2019-03-29T12:06:21","guid":{"rendered":"http:\/\/192.168.0.42\/?page_id=14121"},"modified":"2020-01-09T16:57:14","modified_gmt":"2020-01-09T16:57:14","slug":"malos-tratos","status":"publish","type":"page","link":"https:\/\/www.mijas.es\/portal\/familia-e-igualdad-de-oportunidades\/malos-tratos\/","title":{"rendered":"Violencia hacia la mujer"},"content":{"rendered":"\n<p> <a href=\"#hablamos\">\u00bfCu\u00e1ndo hablamos de maltrato?<br><\/a><\/p>\n\n\n\n<p style=\"text-align:left\"><a href=\"#saber\">Debes saber<\/a><br> <br>  <a href=\"#maltratador\">El Maltratador<\/a><br> <br>  <a href=\"#formas\">Formas de violencia y maltrato<\/a><br> <br>  <a href=\"#siendo\">Si est\u00e1s siendo maltratada<\/a><br> <br>  <a href=\"#donde\">D\u00f3nde dirigirte y que puedes solicitar<\/a><br> <br>  <a href=\"#defensa\">La defensa jur\u00eddica<\/a><br> <br>  <a href=\"#orden\">\u00bfQu\u00e9 es una orden de protecci\u00f3n?<\/a><\/p>\n\n\n\n<p>\n\t<strong><div id=\"hablamos\">\u00bfCu\u00e1ndo hablamos de maltrato?<\/strong><\/p><\/div>\n\n\n\n<img decoding=\"async\" src=\"https:\/\/www.mijas.es\/files\/imagen\/servicios\/bienestar\/a8811_mujer_maltratada.jpg\" width=\"40%\">\n\n\n\n<p> Eres una mujer maltratada cuando tu novio, compa\u00f1ero o marido<br> Te pega, te insulta, te amenaza, te humilla\u2026.<br> Te impide ver a tu familia, a tus amistades, tus vecinos\/as\u2026<br> Te controla, decide por ti, te acosa\u2026<br> no te deja trabajar o estudiar \u2026<br> Te quita el dinero que ganas o no te da suficiente para las necesidades b\u00e1sicas de la familia.<br> Te castiga con la incomunicaci\u00f3n verbal o no escucha tus manifestaciones.<br> Te desautoriza constantemente en presencia de tus hijos, familia, amigos\u2026.<br> Te impone el acto sexual.<\/p>\n\n\n\n<div id=\"saber\"><\/div>\n\n\n\n<p>\n\t<strong>Debes saber<\/strong><\/p>\n\n\n\n<p>\n\tLo que te est\u00e1 pasando les sucede a muchas mujeres en nuestro pa\u00eds y en el mundo.<br>\n\tLos maltratadores no s\u00f3lo proceden de sectores marginales, pueden ser \npolic\u00edas, abogados, pol\u00edticos, m\u00e9dicos, militares etc. Ocurre en todos \nlos grupos sociales, sin distinci\u00f3n de edad, clase social, religi\u00f3n o \nraza.<br>\n\tEl hombre que golpea a la mujer utiliza la violencia para dominar e infundir temor.<br>\n\tEl maltratador est\u00e1 convencido de que le perteneces en exclusividad y por tanto puede hacer contigo lo que le venga en gana.<br>\n\tEl agresor justifica su conducta atribuy\u00e9ndola a que tu comportamiento \nes inadecuado, porque no respetas sus deseos o no le prestas la atenci\u00f3n\n que exige.<br>\n\tComenzar\u00e1s a vivir pendiente de sus ataques inesperados de ira y de unos comportamientos que no podr\u00e1s controlar nunca.<br>\n\tDebes saber que tus intentos por encauzar la situaci\u00f3n ser\u00e1n in\u00fatiles.<br>\n\tNo tienes la culpa de su descontrol. T\u00fa eres la v\u00edctima de sus frustraciones.<\/p>\n\n\n\n<div id=\"maltratador\"><\/div>\n\n\n\n<p>\n\t<strong>El Maltratador<\/strong><\/p>\n\n\n\n<p> No es un enfermo mental.<br> Critica constantemente con el \u00e1nimo de crear inseguridad y fomentar la dependencia.<br> No asume la responsabilidad de sus actos violentos ni considera el problema como propio.<br> Tiene gran capacidad de persuasi\u00f3n. Con personas extra\u00f1as utiliza la seducci\u00f3n para imponer sus criterios.<br> Utiliza todo tipo de estrategias para lograr su \u00fanico fin: que la mujer no se aleje o que vuelva a su lado.<br> Atribuye el problema a la propia conducta de la v\u00edctima, a la familia, el trabajo, la situaci\u00f3n socioecon\u00f3mica.<br> Fuera de casa puede ser educado, alegre, amable, seductor, atento, respetuoso.<br> Utiliza las visitas a los\/as hijos\/as para acercarse a su v\u00edctima y seguir maltrat\u00e1ndola.<br> Siempre pide una segunda oportunidad.<br> Generalmente hay antecedentes de violencia en la familia de origen.<br> Repetir\u00e1 su conducta violenta en relaciones que mantenga con otras mujeres.<\/p>\n\n\n\n<div id=\"formas\"><\/div>\n\n\n\n<p>\n\t<strong>Formas de violencia y maltrato<\/strong><\/p>\n\n\n\n<p> Violencia f\u00edsica: Golpear, tirar del pelo, abofetear, agarrar, morder,  patear, fracturas \u00f3seas, magullar, torcer brazos, empujar, intentar  estrangular, provocar abortos, tirar contra las paredes, tirar objetos,  utilizar armas, quemar, asesinar etc.<br> Violencia sexual: Coacci\u00f3n para mantener relaciones sexuales contra tu  voluntad. En la violaci\u00f3n puede o no haber fuerza f\u00edsica.<br> Violencia ps\u00edquica:<\/p>\n\n\n\n<p><br> a) Maltrato verbal: Comentarios degradantes, insultos, observaciones  humillantes sobre la falta de atracci\u00f3n f\u00edsica, la inferioridad o la  incompetencia, grita, insulta, acusa hace burla, hace gestos  humillantes. La humillaci\u00f3n continuada destruye la autoestima y afecta  seriamente la dignidad. La mujer maltratada comienza a interiorizar la  cr\u00edtica y termina por aprobar la violencia como \u201ccastigo\u201d por sus  faltas. Tambi\u00e9n incluye las amenazas de violencia f\u00edsica y estallidos  verbales de violencia.<\/p>\n\n\n\n<p><br> b) Maltrato emocional: Relacionado con el maltrato verbal, pretende  despojar de autoestima a la v\u00edctima. Incluye la destrucci\u00f3n de objetos  con valor sentimental, privaci\u00f3n de necesidades b\u00e1sicas (alimento,  sue\u00f1o\u2026), insistencia en considerar a la v\u00edctima loca, est\u00fapida, in\u00fatil.  El efecto es acumulativo y su reiteraci\u00f3n trae con el tiempo  consecuencias destructivas en la personalidad de la v\u00edctima.<\/p>\n\n\n\n<p><br> c) Maltrato econ\u00f3mico: El maltratador entrega asignaciones  insuficientes para el mantenimiento de las necesidades familiares y  acusa a la mujer de no \u201cadministrar\u201d adecuadamente. Implica no  participar en la toma de decisiones sobre c\u00f3mo distribuir el gasto del  dinero.<\/p>\n\n\n\n<p><br> d) Maltrato social: Incluye el maltrato en presencia de terceras  personas, control de las relaciones externas (familia, amistades,  llamadas de tel\u00e9fono). Incluye el control constante de las actividades y  provoca que la v\u00edctima se autoaisle para no enfurecer al maltratador y  evitar \u201cponerse en evidencia\u201d ante amigos o familiares. La v\u00edctima pasa a  rendir cuentas de cada movimiento. El resultado para la v\u00edctima es la  humillaci\u00f3n p\u00fablica y el autoaislamiento.<\/p>\n\n\n\n<div id=\"siendo\"><\/div>\n\n\n\n<p>\n\t<br>\n\t<strong>Si est\u00e1s siendo maltratada<\/strong><\/p>\n\n\n\n<p>\n\tActuaciones ante un ataque violento:<br>\n\tSi puedes salir, vete a la Comisar\u00eda m\u00e1s pr\u00f3xima y haz la denuncia (pide siempre copia).<br>\n\tSi el ataque es inevitable procura convertirte en un blanco peque\u00f1o. Prot\u00e9gete con los brazos la cara y la cabeza.<br>\n\tConcierta con tus vecinos\/as una se\u00f1al para que llamen a la polic\u00eda cuando necesites ayuda.<\/p>\n\n\n\n<p>\n\tSi no puedes llamar a la polic\u00eda o te impide salir, abre puertas y ventanas, grita, pide socorro, llama a los\/as vecinos\/as\u2026<\/p>\n\n\n\n<p>\n\tNO TE CALLES<\/p>\n\n\n\n<p>\n\tPlanificar la huida:<br>\n\tSi has decidido irte de casa antes de que se produzca otro ataque, elige un momento en que la situaci\u00f3n est\u00e9 m\u00e1s tranquila.<br>\n\tProcura que tu agresor no est\u00e9 en casa y si est\u00e1 procura abandonar la casa sin levantar sospechas.<br>\n\tNo des informaci\u00f3n ni indicios de tus planes, para evitar el control.<br>\n\tHas de conocer previamente los lugares donde puedes recibir ayuda o contar con alguien de confianza.<br>\n\tAcude al Centro de Informaci\u00f3n a la Mujer y averigua los recursos de ayuda de los que puedes disponer.<br>\n\tPrepara una lista de tel\u00e9fonos de amigos\/as, parientes, Polic\u00eda, \nJuzgado, Centro de Informaci\u00f3n a la mujer, Servicios Sociales y guarda \ntus documentos m\u00e1s importantes (libro de familia, DNI, contrato de \narrendamiento, escrituras de propiedad, tarjeta Seguridad Social, \ntarjeta de cr\u00e9dito, recibos del banco, n\u00ba de cuentas bancarias etc).<\/p>\n\n\n\n<p> Si no tienes tiempo, M\u00c1RCHATE y no te preocupes por nada. NO PIERDES  NING\u00daN DERECHO. Tu vida y la de tus hijos\/as es lo m\u00e1s importante. Una  vez fuera solicita asesoramiento especializado.<\/p>\n\n\n\n<div id=\"donde\"><\/div>\n\n\n\n<p>\n\t<strong>D\u00f3nde dirigirte y que puedes solicitar:<\/strong><\/p>\n\n\n\n<p> Hospital\/Urgencias.<br> Parte de lesiones.<br> Solicitud de medida de orden de protecci\u00f3n.<br> <br> Guardia Civil\/ Polic\u00eda Local.<br> Llevar el parte de lesiones.<br> Hacer la denuncia y pedir copia de la misma.<br> Acudir preferentemente a Comisar\u00edas con servicio de atenci\u00f3n a mujeres.<br> Solicitar abogado\/a de oficio en caso de juicio r\u00e1pido.<br> Solicitud de medida de orden de protecci\u00f3n.<br> <br> Centro de Informaci\u00f3n a la mujer\/ Servicios Sociales.<br> Informaci\u00f3n sobre casas de acogida.<br> Informaci\u00f3n sobre ayudas econ\u00f3micas.<br> Solicitud de medida de orden de protecci\u00f3n.<br> <br> Juzgado de Guardia.<br> Llevar el parte de lesiones.<br> Hacer la denuncia y pedir copia de la misma.<br> Solicitud de medida de orden de protecci\u00f3n.<\/p>\n\n\n\n<div id=\"defensa\"><\/div>\n\n\n\n<p>\n\t<strong>La defensa jur\u00eddica<\/strong><\/p>\n\n\n\n<p>\n\tAcude al Centro de Informaci\u00f3n a la mujer. Aqu\u00ed recibir\u00e1s asesor\u00eda \njur\u00eddica y las indicaciones para solicitar abogado\/a de oficio si no \ntienes recursos econ\u00f3micos.<br>\n\tAdem\u00e1s se realizar\u00e1 un seguimiento de tu caso con el\/la abogado\/a que t\u00fa hayas elegido o que te haya correspondido de oficio.<br>\n\tPara cualquier asunto, consulta a tu abogado\/a quien debe aconsejarte, pero la DECISION final sobre cada asunto es TUYA.<\/p>\n\n\n\n<p>\n\tLa Polic\u00eda\/ Los\/as Jueces\/zas<\/p>\n\n\n\n<p>\n\tLee siempre la denuncia antes de firmarla y exige que incluya aquello \nque consideres importante aunque haya ocurrido con anterioridad.<br>\n\tS\u00f3lo debes firmar cuando la denuncia diga lo que t\u00fa quieres que diga.<br>\n\tSi tras presentar tu denuncia no te quedas conforme, puedes pedir una \nampliaci\u00f3n de denuncia en la que hagas constar todo lo que se te haya \nolvidado anteriormente.<br>\n\tSi en Comisar\u00eda no se te toma en serio, pide hablar con el Comisario o \ncon alg\u00fan superior del funcionamiento. Tambi\u00e9n puede dirigirte al \nJuzgado de guardia.<br>\n\tSiempre que sea posible, denuncia en los departamentos policiales \ncreados espec\u00edficamente para la atenci\u00f3n de las mujeres que sufren \nviolencia.<br>\n\tSolicita declarar por separado.<br>\n\tNo tengas verg\u00fcenza al contar tu historia a la polic\u00eda, abogados\/as, \nm\u00e9dicos\/as o jueces\/zas. Debes contarle todo lo sucedido, aunque algunos\n detalles te causen verg\u00fcenza.<br>\n\tNo tengas miedo de preguntar qu\u00e9 significan los t\u00e9rminos o los puntos jur\u00eddicos que te planteen, si no los entiendes.<br>\n\tLee con cuidado todos los papeles antes de firmar.<\/p>\n\n\n\n<p>\n\tLos\/as M\u00e9dicos\/as<\/p>\n\n\n\n<p>\n\tPresta atenci\u00f3n a las heridas y golpes. Puedes tener huesos fracturados o fisuras.<br>\n\tEs conveniente que te vean las facultativos\/as para evitar hemorragias o infecciones.<br>\n\tExplica siempre al personal sanitario el origen de las lesiones. Si son\n graves, acude al Hospital, todas las veces que necesites y exige \nsiempre un parte de lesiones. Guarda estos en lugar seguro.<br>\n\tPide a alguien de tu confianza que te acompa\u00f1e<\/p>\n\n\n\n<p> \u00a1Cuidado, que \u00e9l no te acompa\u00f1e al hospital! Intentar\u00e1 controlar lo que  cuentes o hacerte pasar por nerviosa o desequilibrada ante los\/as  m\u00e9dicos\/as.<\/p>\n\n\n\n<div id=\"orden\"><\/div>\n\n\n\n<p>\n\t&nbsp;<br>\n\t<strong>\u00bfQu\u00e9 es una orden de protecci\u00f3n?<\/strong><\/p>\n\n\n\n<p>\n\tEs una resoluci\u00f3n legal en la que un\/a juez\/a establece tanto medidas \npenales orientadas a impedir la realizaci\u00f3n de nuevos actos violentos \n(alejamiento\u2026), como protectoras de \u00edndole civil (uso del domicilio \nconyugal, guardia y custodia de menores, pensi\u00f3n por alimentos,\u2026) y \nsocial para evitar el desamparo de las v\u00edctimas (ayuda econ\u00f3mica,\u2026).<br>\n\tLa Orden es r\u00e1pida y activa inmediatamente los instrumentos de protecci\u00f3n social.<br>\n\tLas \u00f3rdenes tienen un plazo determinado de duraci\u00f3n, pueden prorrogarse o renovarse, si se eval\u00faan los riesgos para la v\u00edctima.<br>\n\tLa Orden puede hacerse extensiva a los\/as hijos\/as. Si comprende a \nestos\/as debe entregarse copia en la escuela y la direcci\u00f3n comunicarlo \nal profesorado.<br>\n\tSe puede solicitar cuando haya peligro de ser objeto de actos violentos por parte de tu compa\u00f1ero o excompa\u00f1ero sentimental.<br>\n\tLa puedes solicitar a trav\u00e9s de un modelo que te proporcionar\u00e1n en \ninstituciones dependientes de la administraci\u00f3n p\u00fablica (Juzgados, \nCentros de la Mujer, Polic\u00eda, Servicios Sociales, Hospitales,\u2026).<\/p>\n","protected":false},"excerpt":{"rendered":"<p>\u00bfCu\u00e1ndo hablamos de maltrato? Debes saber El Maltratador Formas de violencia y maltrato Si est\u00e1s siendo maltratada D\u00f3nde dirigirte y que puedes solicitar La defensa jur\u00eddica \u00bfQu\u00e9 es una orden de protecci\u00f3n? \u00bfCu\u00e1ndo hablamos de maltrato? Eres una mujer maltratada cuando tu novio, compa\u00f1ero o marido Te pega, te insulta, te amenaza, te humilla\u2026. Te [&hellip;]<\/p>\n","protected":false},"author":4,"featured_media":13852,"parent":14105,"menu_order":0,"comment_status":"closed","ping_status":"closed","template":"page-departamental.php","meta":[],"_links":{"self":[{"href":"https:\/\/www.mijas.es\/portal\/wp-json\/wp\/v2\/pages\/14121"}],"collection":[{"href":"https:\/\/www.mijas.es\/portal\/wp-json\/wp\/v2\/pages"}],"about":[{"href":"https:\/\/www.mijas.es\/portal\/wp-json\/wp\/v2\/types\/page"}],"author":[{"embeddable":true,"href":"https:\/\/www.mijas.es\/portal\/wp-json\/wp\/v2\/users\/4"}],"replies":[{"embeddable":true,"href":"https:\/\/www.mijas.es\/portal\/wp-json\/wp\/v2\/comments?post=14121"}],"version-history":[{"count":19,"href":"https:\/\/www.mijas.es\/portal\/wp-json\/wp\/v2\/pages\/14121\/revisions"}],"predecessor-version":[{"id":29604,"href":"https:\/\/www.mijas.es\/portal\/wp-json\/wp\/v2\/pages\/14121\/revisions\/29604"}],"up":[{"embeddable":true,"href":"https:\/\/www.mijas.es\/portal\/wp-json\/wp\/v2\/pages\/14105"}],"wp:featuredmedia":[{"embeddable":true,"href":"https:\/\/www.mijas.es\/portal\/wp-json\/wp\/v2\/media\/13852"}],"wp:attachment":[{"href":"https:\/\/www.mijas.es\/portal\/wp-json\/wp\/v2\/media?parent=14121"}],"curies":[{"name":"wp","href":"https:\/\/api.w.org\/{rel}","templated":true}]}}