{"id":14105,"date":"2019-03-29T11:32:23","date_gmt":"2019-03-29T11:32:23","guid":{"rendered":"http:\/\/192.168.0.42\/?page_id=14105"},"modified":"2024-02-23T14:01:32","modified_gmt":"2024-02-23T13:01:32","slug":"familia-e-igualdad-de-oportunidades","status":"publish","type":"page","link":"https:\/\/www.mijas.es\/portal\/familia-e-igualdad-de-oportunidades\/","title":{"rendered":"Familia e Igualdad de Oportunidades"},"content":{"rendered":"\n<p> <a href=\"https:\/\/www.mijas.es\/portal\/bienestar-social\/area-para-la-igualdad\/#contacto\">Datos de contacto<\/a><\/p>\n\n\n\n<p> <a href=\"https:\/\/www.mijas.es\/portal\/bienestar-social\/area-para-la-igualdad\/#acudir\">\u00bfCu\u00e1ndo acudir al Servicio?<\/a><\/p>\n\n\n\n<p> <a href=\"https:\/\/www.mijas.es\/portal\/bienestar-social\/area-para-la-igualdad\/#ofrecemos\">\u00bfQu\u00e9 ofrecemos?<\/a><\/p>\n\n\n\n<p> <a href=\"https:\/\/www.mijas.es\/portal\/bienestar-social\/area-para-la-igualdad\/#actividades\">Actividades conmemorativas<\/a><\/p>\n\n\n\n<p> <a href=\"https:\/\/www.mijas.es\/portal\/bienestar-social\/area-para-la-igualdad\/#directorio\">Directorio de asociaciones de mujeres<\/a><\/p>\n\n\n\n<p> <a href=\"https:\/\/www.mijas.es\/portal\/bienestar-social\/area-para-la-igualdad\/#telefonos\">Tel\u00e9fonos de inter\u00e9s<\/a><\/p>\n\n\n<div class=\"wp-block-image\">\n<figure class=\"alignright is-resized\"><img decoding=\"async\" src=\"https:\/\/www.mijas.es\/files\/imagen\/servicios\/bienestar\/a1532_T_A_Las_Lagunas.JPG\" alt=\"\" width=\"198\" height=\"133\"\/><\/figure><\/div>\n\n\n<p> <a href=\"https:\/\/www.mijas.es\/portal\/bienestar-social\/area-para-la-igualdad\/#enlaces\">Enlaces de inter\u00e9s<\/a><br> <br> <strong> SERVICIO DE ATENCI\u00d3N A MUJERES V\u00cdCTIMAS<\/strong><\/p>\n\n\n\n<p>\n\tEs un servicio gratuito para todas las mujeres de nuestra localidad. \nOfrece a las mujeres informaci\u00f3n sobre sus derechos e igualdad de \noportunidades, facilitando la orientaci\u00f3n y asesoramiento en materia \njur\u00eddica, psicol\u00f3gica, empleo, empresas, recursos sociales y \nasociaciones, realizando actividades &nbsp;y programas que permitan la plena \nincorporaci\u00f3n de las mujeres en la vida social, superando desigualdades y\n cualquier tipo de discriminaci\u00f3n.<br>\n\tSe trata de un espacio pensado para avanzar y consolidar la plena \nincorporaci\u00f3n de la mujer a la vida social, superando toda \ndiscriminaci\u00f3n laboral, social, cultural, econ\u00f3mica y pol\u00edtica.<br>\n\tEl Centro de la Mujer ofrece un servicio integrado por distintas \nunidades de actuaci\u00f3n que dan una respuesta global e inmediata a las \ndemandas de las mujeres, asegurando la calidad y la confidencialidad del\n servicio.<\/p>\n\n\n\n<p>\n\t<div id=\"contacto\"><strong>Datos de contacto<\/strong><\/p><\/div>\n\n\n\n<p>  Centro Municipal de Informaci\u00f3n a la Mujer<\/p>\n\n\n\n<p>Direcci\u00f3n:  C\/ San Braulio, 1, Las Lagunas, Mijas Costa. <\/p>\n\n\n\n<p>Tel\u00e9fono:  952589001 <\/p>\n\n\n\n<p>Correos electr\u00f3nicos:   <a href=\"mailto:cmujer@mijas.es\">cmujer@mijas.es<\/a> y  <a href=\"mailto:diversidad@mijas.es\">diversidad@mijas.es<\/a> <\/p>\n\n\n\n<p><a href=\"https:\/\/es-es.facebook.com\/mijasigualdad\/\">S\u00edguenos en Facebook (Mijas Igualdad)<\/a><\/p>\n\n\n\n<iframe src=\"https:\/\/www.google.com\/maps\/embed?pb=!1m18!1m12!1m3!1d3205.475996888536!2d-4.636438684390182!3d36.54263428985456!2m3!1f0!2f0!3f0!3m2!1i1024!2i768!4f13.1!3m3!1m2!1s0xd72e23d3649b351%3A0xed4b5e5a98ef09d5!2sCalle%20San%20Braulio%2C%201%2C%2029651%20Las%20Lagunas%20de%20Mijas%2C%20M%C3%A1laga!5e0!3m2!1ses!2ses!4v1578568520459!5m2!1ses!2ses\" width=\"600\" height=\"450\" frameborder=\"0\" style=\"border:0;\" allowfullscreen=\"\"><\/iframe>\n\n\n\n<p>\n\t<div id=\"acudir\"><strong>\u00bfCu\u00e1ndo acudir al Servicio?<\/strong><\/p><\/div>\n\n\n\n<p>\n\t<br>\n\tCuando desees informaci\u00f3n jur\u00eddica de cualquier tipo.<\/p>\n\n\n\n<p>\n\t<br>\n\tSi est\u00e1s siendo objeto de maltrato, acoso, amenazas y\/o agresiones.<\/p>\n\n\n\n<p>\n\tCuando quieras informaci\u00f3n sobre c\u00f3mo acceder al mundo laboral o ampliar tu formaci\u00f3n.<\/p>\n\n\n\n<p>\n\tSi deseas realizar alguna actividad en beneficio de la mujer.<\/p>\n\n\n\n<p>\n\tSi has pensado formar una asociaci\u00f3n o te gustar\u00eda informarte sobre las existentes<br>\n\tCuando necesites documentaci\u00f3n sobre todo tipo de temas, programas y ofertas referentes a la mujer.<\/p>\n\n\n\n<p>\n\tSi deseas compartir tus problem\u00e1ticas y encontrar un apoyo \u201cde mujer a mujer\u201d.<\/p>\n\n\n\n<p>\n\t<br>\n\tSiempre que quieras aportarnos tu opini\u00f3n y tus ideas.<\/p>\n\n\n\n<p>\n\t<div id=\"ofrecemos\"><strong>\u00bfQu\u00e9 ofrecemos?<\/strong><\/p><\/div>\n\n\n\n<p>\n\tUn servicio integrado por distintas unidades de actuaci\u00f3n que dan \nrespuesta global e inmediata a tus necesidades, asegurando calidad, \nseguridad y privacidad. Adem\u00e1s facilita informaci\u00f3n, atenci\u00f3n y \nasesoramiento en pol\u00edticas de igualdad y el fomento de la participaci\u00f3n.\n Se realizan programas espec\u00edficos de desarrollo personal, educativo y \nde salud, as\u00ed como de orientaci\u00f3n profesional y laboral.<\/p>\n\n\n\n<p>\n\t<div id=\"actividades\"><strong>Actividades conmemorativas<\/strong><\/div><br>\n\t<br>\n\t8 de marzo. D\u00eda internacional de la mujer.<br>\n\t28 de mayo. D\u00eda internacional por la salud de las mujeres.<br>\n        25 de noviembre. D\u00eda Internacional de la eliminaci\u00f3n de la violencia contra la mujer.<\/p>\n\n\n\n<p>\n\t<div id=\"directorio\"><strong>Directorio de asociaciones de mujeres<br><\/div>\n\t<\/strong><br>\n\tASOCIACI\u00d3N DE MUJERES MIJITAS (LAS LAGUNAS)<br>\n\tASOCAIC\u00d3N DE MUJERES VILLA DE MIJAS (MIJAS PUEBLO)<br>\n\tASOCIACI\u00d3N DE MUJERES CALE\u00d1AS (LA CALA)<br>\n\tSOROPTIMIST<br>\n        MUJERES EN IGUALDAD<br>\n        IVIGEM<br>\n        APAFFER<br>\n        CIRCULO DE MUJERES CASA LUNA<br>\n        NUEVA CULTURA DEL DESARROLLO GITANO<\/p>\n\n\n\n<p>\n\t<div id=\"telefonos\"><strong>Tel\u00e9fonos de inter\u00e9s<\/strong><\/p><\/div>\n\n\n\n<p> Centro Provincial de la Mujer del Instituto Andaluz de la Mujer 951 040 847<br> Servicio Provincial de la Mujer de la Diputaci\u00f3n Provincial de M\u00e1laga 952 069 450<br> Tel\u00e9fono de atenci\u00f3n a las mujeres 24 horas 900 200 999<br> Tel\u00e9fono de urgencia de la Diputaci\u00f3n Provincial de M\u00e1laga 900 771 177<br> Emergencias 112<br> Polic\u00eda Local de Mijas 952 46 08 08 &#8211; 952 46 09 09<br> Cuartel de la Guardia Civil de Mijas 952 59 10 07<br> Centro de Salud Las Lagunas Tel.:&nbsp;902 50 50 61<br> Juzgados N\u00ba 1 952 843 131 &#8211; 952 843 152<br> N\u00ba 2 952 703 545 &#8211; 952 843 535<br> N\u00ba 3 952 840 755<br> Colegio de abogados\/as de Mijas- Fuengirola 952 467 397 <\/p>\n\n\n\n<figure class=\"wp-block-image size-large\"><img decoding=\"async\" width=\"640\" height=\"1024\" src=\"https:\/\/www.mijas.es\/wp-content\/uploads\/2021\/05\/CMIM-mijas-min-1-640x1024.jpg\" alt=\"\" class=\"wp-image-39754\" srcset=\"https:\/\/www.mijas.es\/wp-content\/uploads\/2021\/05\/CMIM-mijas-min-1-640x1024.jpg 640w, https:\/\/www.mijas.es\/wp-content\/uploads\/2021\/05\/CMIM-mijas-min-1-188x300.jpg 188w, https:\/\/www.mijas.es\/wp-content\/uploads\/2021\/05\/CMIM-mijas-min-1-768x1229.jpg 768w, https:\/\/www.mijas.es\/wp-content\/uploads\/2021\/05\/CMIM-mijas-min-1-960x1536.jpg 960w, https:\/\/www.mijas.es\/wp-content\/uploads\/2021\/05\/CMIM-mijas-min-1-1280x2048.jpg 1280w, https:\/\/www.mijas.es\/wp-content\/uploads\/2021\/05\/CMIM-mijas-min-1-scaled.jpg 1600w\" sizes=\"(max-width: 640px) 100vw, 640px\" \/><\/figure>\n\n\n\n<p>\n\t<div id=\"enlaces\"><strong>Enlaces de inter\u00e9s<\/strong><\/p><\/div>\n\n\n\n<p>\n\t<a href=\"http:\/\/www.juntadeandalucia.es\/institutodelamujer\" target=\"_blank\" rel=\"noreferrer noopener\">Instituto Andaluz de la Mujer<\/a><br>\n\t<br>\n\t<a href=\"http:\/\/www.mujeresenred.net\" target=\"_blank\" rel=\"noreferrer noopener\">Mujeres en red. Portal de g\u00e9nero en Internet&nbsp;<\/a><\/p>\n\n\n\n<p>\n\t<a href=\"http:\/\/www.redfeminista.org\" target=\"_blank\" rel=\"noreferrer noopener\">Red feminista. Red feminista de organizaciones feministas contra la violencia de g\u00e9nero.<\/a><\/p>\n\n\n\n<p>\n\t<a href=\"http:\/\/www.separadasydivorciadas.org\" target=\"_blank\" rel=\"noreferrer noopener\">Federaci\u00f3n de asociaciones de mujeres separadas y divorciadas&nbsp;<\/a><\/p>\n\n\n\n<p>\n\t<a href=\"http:\/\/www.e-leusis.net\" target=\"_blank\" rel=\"noreferrer noopener\">Bolet\u00edn de noticias e-leusis. Otra mirada <\/a><\/p>\n\n\n\n<p>\n\t<a href=\"http:\/\/www.democraciaparitaria.com\" target=\"_blank\" rel=\"noreferrer noopener\">Asociaci\u00f3n de mujeres juristas Themis<\/a><\/p>\n\n\n\n<p>\n\t<a href=\"http:\/\/www.olvg.uma.es\/\" target=\"_blank\" rel=\"noreferrer noopener\">Observatorio Jur\u00eddicolaboral de la violencia de g\u00e9nero<\/a><\/p>\n\n\n\n<p>\n\t<a href=\"http:\/\/%20www.malaga.es\/areas\/servicios\/archivos.asp?cod=54\" target=\"_blank\" rel=\"noreferrer noopener\">Servicio Provincial de la Diputaci\u00f3n de M\u00e1laga<\/a><\/p>\n\n\n\n<p>\n\t<a href=\"http:\/\/www.migualdad.es\/igualdad\/\" target=\"_blank\" rel=\"noreferrer noopener\">Secretar\u00eda General de Pol\u00edticas de Igualdad<\/a>:<\/p>\n","protected":false},"excerpt":{"rendered":"<p>Datos de contacto \u00bfCu\u00e1ndo acudir al Servicio? \u00bfQu\u00e9 ofrecemos? Actividades conmemorativas Directorio de asociaciones de mujeres Tel\u00e9fonos de inter\u00e9s Enlaces de inter\u00e9s SERVICIO DE ATENCI\u00d3N A MUJERES V\u00cdCTIMAS Es un servicio gratuito para todas las mujeres de nuestra localidad. Ofrece a las mujeres informaci\u00f3n sobre sus derechos e igualdad de oportunidades, facilitando la orientaci\u00f3n y [&hellip;]<\/p>\n","protected":false},"author":4,"featured_media":13852,"parent":0,"menu_order":0,"comment_status":"closed","ping_status":"closed","template":"page-departamental.php","meta":[],"_links":{"self":[{"href":"https:\/\/www.mijas.es\/portal\/wp-json\/wp\/v2\/pages\/14105"}],"collection":[{"href":"https:\/\/www.mijas.es\/portal\/wp-json\/wp\/v2\/pages"}],"about":[{"href":"https:\/\/www.mijas.es\/portal\/wp-json\/wp\/v2\/types\/page"}],"author":[{"embeddable":true,"href":"https:\/\/www.mijas.es\/portal\/wp-json\/wp\/v2\/users\/4"}],"replies":[{"embeddable":true,"href":"https:\/\/www.mijas.es\/portal\/wp-json\/wp\/v2\/comments?post=14105"}],"version-history":[{"count":68,"href":"https:\/\/www.mijas.es\/portal\/wp-json\/wp\/v2\/pages\/14105\/revisions"}],"predecessor-version":[{"id":54769,"href":"https:\/\/www.mijas.es\/portal\/wp-json\/wp\/v2\/pages\/14105\/revisions\/54769"}],"wp:featuredmedia":[{"embeddable":true,"href":"https:\/\/www.mijas.es\/portal\/wp-json\/wp\/v2\/media\/13852"}],"wp:attachment":[{"href":"https:\/\/www.mijas.es\/portal\/wp-json\/wp\/v2\/media?parent=14105"}],"curies":[{"name":"wp","href":"https:\/\/api.w.org\/{rel}","templated":true}]}}