{"id":14103,"date":"2019-03-29T11:29:01","date_gmt":"2019-03-29T11:29:01","guid":{"rendered":"http:\/\/192.168.0.42\/?page_id=14103"},"modified":"2024-02-14T16:54:01","modified_gmt":"2024-02-14T15:54:01","slug":"cooperacion-social","status":"publish","type":"page","link":"https:\/\/www.mijas.es\/portal\/inclusion-social\/cooperacion-social\/","title":{"rendered":"Cooperaci\u00f3n Social"},"content":{"rendered":"\n<h3 class=\"wp-block-heading\">COOPERACI\u00d3N SOCIAL Y PROMOCI\u00d3N DEL VOLUNTARIADO<\/h3>\n\n\n\n<p> Constituye una de las prestaciones b\u00e1sicas del \u00c1rea de Servicios Sociales.<br> La Cooperaci\u00f3n Social y la promoci\u00f3n  del Voluntariado, responden a la necesidad de participaci\u00f3n y  solidaridad ciudadana en el medio comunitario.&nbsp;Trabajamos en el  desarrollo de actuaciones dirigidas a fomentar y apoyar las  manifestaciones de solidaridad de la comunidad, impulsar y promover el  asociacionismo, potenciar las asociaciones ya existentes y ofrecer  cauces que favorezcan la participaci\u00f3n de la comunidad.<br><br> Para que el conjunto de asociaciones del municipio de Mijas prospere y  progresivamente se consoliden, se necesita una estrategia dirigida,  desde la Delegaci\u00f3n de Servicios Sociales y la de Participaci\u00f3n Ciudadana,  para reforzar las estructuras participativas y asociativas atendiendo a  las necesidades prioritarias de las Asociaciones y Entidades  ayud\u00e1ndolas a superar sus debilidades, con prioridad absoluta de  aquellas asociaciones o colectivos que tienen un fin social. &nbsp; <\/p>\n\n\n\n<p>Su finalidad es <\/p>\n\n\n\n<p class=\"has-text-align-left\">\u2022        La promoci\u00f3n y potenciaci\u00f3n de la vida comunitaria, impulsando el asociacionismo.<\/p>\n\n\n\n<p> \u2022&nbsp;&nbsp;&nbsp;&nbsp;&nbsp;&nbsp; Promover el voluntariado social en el municipio de Mijas Actualmente trabajamos en varios proyectos: &nbsp; <\/p>\n\n\n\n<p>\u2022&nbsp;&nbsp;&nbsp;&nbsp;&nbsp;&nbsp;&nbsp;&nbsp; Alimentos Para la Solidaridad (en colaboraci\u00f3n&nbsp;ONGs) <\/p>\n\n\n\n<p>\u2022&nbsp;&nbsp;&nbsp;&nbsp;&nbsp;&nbsp;&nbsp;&nbsp; Promoci\u00f3n del Voluntariado <\/p>\n\n\n\n<p>\u2022&nbsp;&nbsp;&nbsp;&nbsp;&nbsp;&nbsp;&nbsp;&nbsp; Colaboraci\u00f3n con Asociaciones con fines sociales    <\/p>\n","protected":false},"excerpt":{"rendered":"<p>COOPERACI\u00d3N SOCIAL Y PROMOCI\u00d3N DEL VOLUNTARIADO Constituye una de las prestaciones b\u00e1sicas del \u00c1rea de Servicios Sociales. La Cooperaci\u00f3n Social y la promoci\u00f3n del Voluntariado, responden a la necesidad de participaci\u00f3n y solidaridad ciudadana en el medio comunitario.&nbsp;Trabajamos en el desarrollo de actuaciones dirigidas a fomentar y apoyar las manifestaciones de solidaridad de la comunidad, [&hellip;]<\/p>\n","protected":false},"author":4,"featured_media":13852,"parent":16646,"menu_order":0,"comment_status":"closed","ping_status":"closed","template":"page-departamental.php","meta":[],"_links":{"self":[{"href":"https:\/\/www.mijas.es\/portal\/wp-json\/wp\/v2\/pages\/14103"}],"collection":[{"href":"https:\/\/www.mijas.es\/portal\/wp-json\/wp\/v2\/pages"}],"about":[{"href":"https:\/\/www.mijas.es\/portal\/wp-json\/wp\/v2\/types\/page"}],"author":[{"embeddable":true,"href":"https:\/\/www.mijas.es\/portal\/wp-json\/wp\/v2\/users\/4"}],"replies":[{"embeddable":true,"href":"https:\/\/www.mijas.es\/portal\/wp-json\/wp\/v2\/comments?post=14103"}],"version-history":[{"count":5,"href":"https:\/\/www.mijas.es\/portal\/wp-json\/wp\/v2\/pages\/14103\/revisions"}],"predecessor-version":[{"id":54448,"href":"https:\/\/www.mijas.es\/portal\/wp-json\/wp\/v2\/pages\/14103\/revisions\/54448"}],"up":[{"embeddable":true,"href":"https:\/\/www.mijas.es\/portal\/wp-json\/wp\/v2\/pages\/16646"}],"wp:featuredmedia":[{"embeddable":true,"href":"https:\/\/www.mijas.es\/portal\/wp-json\/wp\/v2\/media\/13852"}],"wp:attachment":[{"href":"https:\/\/www.mijas.es\/portal\/wp-json\/wp\/v2\/media?parent=14103"}],"curies":[{"name":"wp","href":"https:\/\/api.w.org\/{rel}","templated":true}]}}