{"id":14101,"date":"2019-03-29T11:27:08","date_gmt":"2019-03-29T11:27:08","guid":{"rendered":"http:\/\/192.168.0.42\/?page_id=14101"},"modified":"2019-04-23T11:40:27","modified_gmt":"2019-04-23T11:40:27","slug":"personas-con-dependencia","status":"publish","type":"page","link":"https:\/\/www.mijas.es\/portal\/inclusion-social\/personas-con-dependencia\/","title":{"rendered":"Personas con dependencia"},"content":{"rendered":"\n<p> <strong><em>Prestaci\u00f3n Ley de promoci\u00f3n de la autonom\u00eda personal y atenci\u00f3n a personas en situaci\u00f3n de dependencia.<\/em><\/strong><\/p>\n\n\n\n<p> Corresponde a los Servicios Sociales  Comunitarios el inicio de la tramitaci\u00f3n, tras la petici\u00f3n de la persona  solicitante, del procedimiento para el reconocimiento de la situaci\u00f3n  de dependencia, convirti\u00e9ndose en la puerta de entrada al Sistema para  la Autonom\u00eda y Atenci\u00f3n a la Dependencia, como ya lo es al Sistema  P\u00fablico de Servicios Sociales de Andaluc\u00eda. &nbsp; Por otro lado, corresponde a los  Servicios Sociales Comunitarios la elaboraci\u00f3n de la propuesta del  Programa Individual de Atenci\u00f3n (PIA), para lo que se hace necesario la  recogida de informaci\u00f3n en relaci\u00f3n a la situaci\u00f3n social, familiar y  del entorno de la persona en situaci\u00f3n de dependencia y a su familia o  entidades tutelares que la representen.    <\/p>\n","protected":false},"excerpt":{"rendered":"<p>Prestaci\u00f3n Ley de promoci\u00f3n de la autonom\u00eda personal y atenci\u00f3n a personas en situaci\u00f3n de dependencia. Corresponde a los Servicios Sociales Comunitarios el inicio de la tramitaci\u00f3n, tras la petici\u00f3n de la persona solicitante, del procedimiento para el reconocimiento de la situaci\u00f3n de dependencia, convirti\u00e9ndose en la puerta de entrada al Sistema para la Autonom\u00eda [&hellip;]<\/p>\n","protected":false},"author":4,"featured_media":13852,"parent":16646,"menu_order":0,"comment_status":"closed","ping_status":"closed","template":"page-departamental.php","meta":[],"_links":{"self":[{"href":"https:\/\/www.mijas.es\/portal\/wp-json\/wp\/v2\/pages\/14101"}],"collection":[{"href":"https:\/\/www.mijas.es\/portal\/wp-json\/wp\/v2\/pages"}],"about":[{"href":"https:\/\/www.mijas.es\/portal\/wp-json\/wp\/v2\/types\/page"}],"author":[{"embeddable":true,"href":"https:\/\/www.mijas.es\/portal\/wp-json\/wp\/v2\/users\/4"}],"replies":[{"embeddable":true,"href":"https:\/\/www.mijas.es\/portal\/wp-json\/wp\/v2\/comments?post=14101"}],"version-history":[{"count":2,"href":"https:\/\/www.mijas.es\/portal\/wp-json\/wp\/v2\/pages\/14101\/revisions"}],"predecessor-version":[{"id":16715,"href":"https:\/\/www.mijas.es\/portal\/wp-json\/wp\/v2\/pages\/14101\/revisions\/16715"}],"up":[{"embeddable":true,"href":"https:\/\/www.mijas.es\/portal\/wp-json\/wp\/v2\/pages\/16646"}],"wp:featuredmedia":[{"embeddable":true,"href":"https:\/\/www.mijas.es\/portal\/wp-json\/wp\/v2\/media\/13852"}],"wp:attachment":[{"href":"https:\/\/www.mijas.es\/portal\/wp-json\/wp\/v2\/media?parent=14101"}],"curies":[{"name":"wp","href":"https:\/\/api.w.org\/{rel}","templated":true}]}}