{"id":14097,"date":"2019-03-29T11:24:49","date_gmt":"2019-03-29T11:24:49","guid":{"rendered":"http:\/\/192.168.0.42\/?page_id=14097"},"modified":"2019-05-29T11:54:23","modified_gmt":"2019-05-29T11:54:23","slug":"personas-mayores","status":"publish","type":"page","link":"https:\/\/www.mijas.es\/portal\/inclusion-social\/personas-mayores\/","title":{"rendered":"Personas mayores"},"content":{"rendered":"\n<p>    La proporci\u00f3n de personas mayores crece  en todo el mundo m\u00e1s r\u00e1pidamente que cualquier otro grupo de edad  produci\u00e9ndose un envejecimiento acelerado de la poblaci\u00f3n y un aumento  en la esperanza de vida. &nbsp; Con independencia de las actuaciones  que desde otros \u00e1mbitos municipales se realizan en relaci\u00f3n a la  promoci\u00f3n del envejecimiento activo, desde el \u00c1rea de Bienestar Social  atendemos las necesidades de esta poblaci\u00f3n en la l\u00ednea de procurar la  permanencia de las personas en su medio habitual, su vivienda y su  entorno. &nbsp; <\/p>\n\n\n\n<p>\u00b7&nbsp;&nbsp;&nbsp;&nbsp;&nbsp;&nbsp;&nbsp; <strong><em>Programa de Ayuda a Domicilio<\/em><\/strong><\/p>\n\n\n\n<div class=\"wp-block-image\"><figure class=\"alignleft\"><img decoding=\"async\" src=\"https:\/\/www.mijas.es\/files\/imagen\/servicios\/bienestar\/a5828_ayuda_domicilio.jpg\" alt=\"\" class=\"wp-image-22183\"\/><\/figure><\/div>\n\n\n\n<p>&nbsp; El Servicio de Ayuda a Domicilio lo  constituye el conjunto de actuaciones preventivas, formativas, y  rehabilitadoras llevadas a cabo por profesionales cualificados en el  propio domicilio, con el objetivo de atender en las actividades b\u00e1sicas  de la vida diaria que necesite la persona usuaria del servicio. &nbsp; <\/p>\n\n\n\n<p><\/p>\n\n\n\n<p><br>\n<br><p>\u00b7&nbsp;&nbsp;&nbsp;&nbsp;&nbsp;&nbsp;&nbsp;  &nbsp; &nbsp; &nbsp; &nbsp; &nbsp; <strong><em>Programa de Teleasistencia Domiciliaria<\/em><\/strong><\/p><\/p>\n\n\n\n<p><br> Consiste en la atenci\u00f3n directa y  personalizada ante situaciones de emergencia, inseguridad, soledad o  aislamiento, a trav\u00e9s de profesionales especializados que proporcionan  los apoyos necesarios para poder resolver situaciones de diversa  naturaleza, movilizando los recursos m\u00e1s adecuados para cada caso. &nbsp; Se trata de un dispositivo especial  conectado a la l\u00ednea telef\u00f3nica 24 horas\/d\u00eda los 365 d\u00edas del a\u00f1o, que  permite contactar de forma inmediata con el servicio a trav\u00e9s de un  pulsador (tipo colgante) desde cualquier lugar del domicilio.    <\/p>\n","protected":false},"excerpt":{"rendered":"<p>La proporci\u00f3n de personas mayores crece en todo el mundo m\u00e1s r\u00e1pidamente que cualquier otro grupo de edad produci\u00e9ndose un envejecimiento acelerado de la poblaci\u00f3n y un aumento en la esperanza de vida. &nbsp; Con independencia de las actuaciones que desde otros \u00e1mbitos municipales se realizan en relaci\u00f3n a la promoci\u00f3n del envejecimiento activo, desde [&hellip;]<\/p>\n","protected":false},"author":4,"featured_media":13852,"parent":16646,"menu_order":0,"comment_status":"closed","ping_status":"closed","template":"page-departamental.php","meta":[],"_links":{"self":[{"href":"https:\/\/www.mijas.es\/portal\/wp-json\/wp\/v2\/pages\/14097"}],"collection":[{"href":"https:\/\/www.mijas.es\/portal\/wp-json\/wp\/v2\/pages"}],"about":[{"href":"https:\/\/www.mijas.es\/portal\/wp-json\/wp\/v2\/types\/page"}],"author":[{"embeddable":true,"href":"https:\/\/www.mijas.es\/portal\/wp-json\/wp\/v2\/users\/4"}],"replies":[{"embeddable":true,"href":"https:\/\/www.mijas.es\/portal\/wp-json\/wp\/v2\/comments?post=14097"}],"version-history":[{"count":7,"href":"https:\/\/www.mijas.es\/portal\/wp-json\/wp\/v2\/pages\/14097\/revisions"}],"predecessor-version":[{"id":24206,"href":"https:\/\/www.mijas.es\/portal\/wp-json\/wp\/v2\/pages\/14097\/revisions\/24206"}],"up":[{"embeddable":true,"href":"https:\/\/www.mijas.es\/portal\/wp-json\/wp\/v2\/pages\/16646"}],"wp:featuredmedia":[{"embeddable":true,"href":"https:\/\/www.mijas.es\/portal\/wp-json\/wp\/v2\/media\/13852"}],"wp:attachment":[{"href":"https:\/\/www.mijas.es\/portal\/wp-json\/wp\/v2\/media?parent=14097"}],"curies":[{"name":"wp","href":"https:\/\/api.w.org\/{rel}","templated":true}]}}