{"id":14094,"date":"2019-03-29T11:19:58","date_gmt":"2019-03-29T11:19:58","guid":{"rendered":"http:\/\/192.168.0.42\/?page_id=14094"},"modified":"2019-05-29T11:52:16","modified_gmt":"2019-05-29T11:52:16","slug":"minorias-etnicas","status":"publish","type":"page","link":"https:\/\/www.mijas.es\/portal\/inclusion-social\/minorias-etnicas\/","title":{"rendered":"Minorias \u00e9tnicas"},"content":{"rendered":"\n<p>    \u00b7&nbsp;&nbsp;&nbsp;&nbsp;&nbsp;&nbsp;&nbsp; <strong><em>Plan Integral de la Comunidad Gitana<\/em><\/strong> &nbsp; <\/p>\n\n\n\n<p>Desde el \u00c1rea de Bienestar se mantiene  un compromiso con el colectivo gitano, pretendiendo la integraci\u00f3n  sociolaboral de esta comunidad. Todo ello a trav\u00e9s de actuaciones en  tres grandes ejes: Educaci\u00f3n, Salud y Empleo. &nbsp; <\/p>\n\n\n\n<div class=\"wp-block-image\"><figure class=\"aligncenter\"><img decoding=\"async\" src=\"https:\/\/www.mijas.es\/files\/imagen\/servicios\/bienestar\/a709_silvia_marin_con_minoria_gitana.jpg\" alt=\"\"\/><\/figure><\/div>\n\n\n\n<p>De\n esta forma se pretende la normalizaci\u00f3n de esta poblaci\u00f3n as\u00ed como el \nhecho de que desaparezcan las zonas de Marginaci\u00f3n y Exclusi\u00f3n Social.\n\n\t&nbsp;\n\n\tEl Plan Integral de la Comunidad \nGitana&nbsp;tiene el objetivo, por tanto,&nbsp;de mejorar las condiciones de vida \ndel colectivo gitano procurando su participaci\u00f3n.\n\n\t&nbsp;\n\n\tSe trabajan \u00e1reas tan variadas como \nSalud e higiene, Vivienda, Ocio y Tiempo Libre, Educaci\u00f3n, Formaci\u00f3n y \nEmpleo y&nbsp;atenci\u00f3n sociofamiliar.\t  \n\n<\/p>\n","protected":false},"excerpt":{"rendered":"<p>\u00b7&nbsp;&nbsp;&nbsp;&nbsp;&nbsp;&nbsp;&nbsp; Plan Integral de la Comunidad Gitana &nbsp; Desde el \u00c1rea de Bienestar se mantiene un compromiso con el colectivo gitano, pretendiendo la integraci\u00f3n sociolaboral de esta comunidad. Todo ello a trav\u00e9s de actuaciones en tres grandes ejes: Educaci\u00f3n, Salud y Empleo. &nbsp; De esta forma se pretende la normalizaci\u00f3n de esta poblaci\u00f3n as\u00ed como [&hellip;]<\/p>\n","protected":false},"author":4,"featured_media":13852,"parent":16646,"menu_order":0,"comment_status":"closed","ping_status":"closed","template":"page-departamental.php","meta":[],"_links":{"self":[{"href":"https:\/\/www.mijas.es\/portal\/wp-json\/wp\/v2\/pages\/14094"}],"collection":[{"href":"https:\/\/www.mijas.es\/portal\/wp-json\/wp\/v2\/pages"}],"about":[{"href":"https:\/\/www.mijas.es\/portal\/wp-json\/wp\/v2\/types\/page"}],"author":[{"embeddable":true,"href":"https:\/\/www.mijas.es\/portal\/wp-json\/wp\/v2\/users\/4"}],"replies":[{"embeddable":true,"href":"https:\/\/www.mijas.es\/portal\/wp-json\/wp\/v2\/comments?post=14094"}],"version-history":[{"count":7,"href":"https:\/\/www.mijas.es\/portal\/wp-json\/wp\/v2\/pages\/14094\/revisions"}],"predecessor-version":[{"id":24204,"href":"https:\/\/www.mijas.es\/portal\/wp-json\/wp\/v2\/pages\/14094\/revisions\/24204"}],"up":[{"embeddable":true,"href":"https:\/\/www.mijas.es\/portal\/wp-json\/wp\/v2\/pages\/16646"}],"wp:featuredmedia":[{"embeddable":true,"href":"https:\/\/www.mijas.es\/portal\/wp-json\/wp\/v2\/media\/13852"}],"wp:attachment":[{"href":"https:\/\/www.mijas.es\/portal\/wp-json\/wp\/v2\/media?parent=14094"}],"curies":[{"name":"wp","href":"https:\/\/api.w.org\/{rel}","templated":true}]}}