{"id":14089,"date":"2019-03-29T11:11:30","date_gmt":"2019-03-29T11:11:30","guid":{"rendered":"http:\/\/192.168.0.42\/?page_id=14089"},"modified":"2019-05-29T11:26:53","modified_gmt":"2019-05-29T11:26:53","slug":"personas-con-diversidad-funcional","status":"publish","type":"page","link":"https:\/\/www.mijas.es\/portal\/inclusion-social\/personas-con-diversidad-funcional\/","title":{"rendered":"Personas con diversidad funcional"},"content":{"rendered":"\n<table class=\"wp-block-table aligncenter\"><tbody><tr><td> Es objetivo del \u00c1rea de Bienestar  Social del Ayuntamiento de Mijas otorgar al colectivo de personas con  diversidad funcional de nuestro municipio un apoyo social integral desde  el \u00e1mbito local.<br><br> \u00a0 \u00b7\u00a0\u00a0\u00a0\u00a0\u00a0\u00a0\u00a0 <strong><em>Programa de Equinoterapia<\/em><\/strong> \u00a0 <br><br>La equinoterapia es una modalidad  de tratamiento bio-psico-social, que aprovecha los movimientos naturales  del caballo para estimular a quienes montan, dentro de un abordaje  multidisciplinario, buscando el desarrollo de personas con diversidad  funcional y\/o con necesidades especiales, con el prop\u00f3sito de conseguir,  gracias al v\u00ednculo constante con el animal, mejoras f\u00edsicas y de los  niveles cognitivos, de comunicaci\u00f3n y personalidad. \u00a0 El \u00c1rea de Bienestar Social  contempla entre sus objetivos con la poblaci\u00f3n con diversidad funcional  un programa de ayudas a estas terapias que tantos beneficios reporta.  Las terapias se llevan a cabo en las instalaciones del Hip\u00f3dromo Costa  del Sol.<br><br> \u00a0 \u00a0 \u00b7\u00a0\u00a0\u00a0\u00a0\u00a0\u00a0\u00a0 <strong><em>Programa de Apoyo Social a Personas con Diversidad Funcional<\/em><\/strong><br><img decoding=\"async\" width=\"291\" height=\"194\" src=\"https:\/\/www.mijas.es\/files\/imagen\/servicios\/bienestar\/a7356_dia_discapacidad.jpg\"> \u00a0 <br><br>Este  Programa engloba tanto la prestaci\u00f3n econ\u00f3mica de terapias como  actividades de sensibilizaci\u00f3n, de ocio y tiempo libre, y trabajo con  asociaciones de personas con Diversidad Funcional del municipio. \u00a0 Y esto con la premisa de  que\u00a0otorgar al colectivo de la discapacidad un apoyo social integral  mejora\u00a0la calidad de vida de la persona, de su familia, y, en definitiva  de su entorno. \u00a0 Igualmente se hace necesaria la participaci\u00f3n de las asociaciones y la\u00a0sensibilizaci\u00f3n de la poblaci\u00f3n.  \u00a0 Promover la no discriminaci\u00f3n por raz\u00f3n de discapacidad se convierte en nuestro objetivo de trabajo.<br><br> \u00a0 \u00a0 \u00b7\u00a0\u00a0\u00a0\u00a0\u00a0\u00a0\u00a0 <strong><em>Programa de Ocio y Tiempo Libre de Personas con Discapacidad<\/em><\/strong> \u00a0 <br><br>La discapacidad , como  circunstancia vital del individuo que la posee, precisa de un apoyo  espec\u00edfico, de unos recursos sociales, dispositivos t\u00e9cnicos y  econ\u00f3micos destinados a aumentar el deserrollo personal, la capacidad  para moverse, desplazarse, integrarse en la sociedad y controlar su  entorno. Los Servicios Sociales Comunitarios trabajan\u00a0tanto a nivel  individual como grupal, dando apoyo a las asociaciones\u00a0de personas con  discapacidad, a sus familiares o a sus representantes legales,  promoviendo, en su caso, recursos sociales especializados. \u00a0 <br><br>El objetivo general de  este\u00a0programa es\u00a0adaptar y dotar tanto de material didactico como de  recursos humanos\u00a0el albergue entrerios para el verano , con el objetivo  de que las personas con discapacidad, j\u00f3venes y menores, dispongan de un  espacio adecuado en la \u00e9poca estival. <\/td><\/tr><tr><\/tr><tr><\/tr><\/tbody><\/table>\n","protected":false},"excerpt":{"rendered":"<p>Es objetivo del \u00c1rea de Bienestar Social del Ayuntamiento de Mijas otorgar al colectivo de personas con diversidad funcional de nuestro municipio un apoyo social integral desde el \u00e1mbito local. \u00a0 \u00b7\u00a0\u00a0\u00a0\u00a0\u00a0\u00a0\u00a0 Programa de Equinoterapia \u00a0 La equinoterapia es una modalidad de tratamiento bio-psico-social, que aprovecha los movimientos naturales del caballo para estimular a quienes [&hellip;]<\/p>\n","protected":false},"author":4,"featured_media":13852,"parent":16646,"menu_order":0,"comment_status":"closed","ping_status":"closed","template":"page-departamental.php","meta":[],"_links":{"self":[{"href":"https:\/\/www.mijas.es\/portal\/wp-json\/wp\/v2\/pages\/14089"}],"collection":[{"href":"https:\/\/www.mijas.es\/portal\/wp-json\/wp\/v2\/pages"}],"about":[{"href":"https:\/\/www.mijas.es\/portal\/wp-json\/wp\/v2\/types\/page"}],"author":[{"embeddable":true,"href":"https:\/\/www.mijas.es\/portal\/wp-json\/wp\/v2\/users\/4"}],"replies":[{"embeddable":true,"href":"https:\/\/www.mijas.es\/portal\/wp-json\/wp\/v2\/comments?post=14089"}],"version-history":[{"count":5,"href":"https:\/\/www.mijas.es\/portal\/wp-json\/wp\/v2\/pages\/14089\/revisions"}],"predecessor-version":[{"id":24200,"href":"https:\/\/www.mijas.es\/portal\/wp-json\/wp\/v2\/pages\/14089\/revisions\/24200"}],"up":[{"embeddable":true,"href":"https:\/\/www.mijas.es\/portal\/wp-json\/wp\/v2\/pages\/16646"}],"wp:featuredmedia":[{"embeddable":true,"href":"https:\/\/www.mijas.es\/portal\/wp-json\/wp\/v2\/media\/13852"}],"wp:attachment":[{"href":"https:\/\/www.mijas.es\/portal\/wp-json\/wp\/v2\/media?parent=14089"}],"curies":[{"name":"wp","href":"https:\/\/api.w.org\/{rel}","templated":true}]}}