{"id":14086,"date":"2019-03-29T11:05:44","date_gmt":"2019-03-29T11:05:44","guid":{"rendered":"http:\/\/192.168.0.42\/?page_id=14086"},"modified":"2019-05-29T11:16:23","modified_gmt":"2019-05-29T11:16:23","slug":"inmigracion","status":"publish","type":"page","link":"https:\/\/www.mijas.es\/portal\/inclusion-social\/inmigracion\/","title":{"rendered":"Inmigraci\u00f3n"},"content":{"rendered":"\n<p>    Una persona extranjera no comunitaria, puede encontrarse en Espa\u00f1a en situaci\u00f3n de estancia o en situaci\u00f3n de residencia.<\/p>\n\n\n\n<p><br> &nbsp; El R\u00e9gimen General de Extranjer\u00eda est\u00e1  establecido para todas las personas extranjeras que no sean comunitarias  o familiares de comunitarias ni peticionarias de asilo y refugio.<\/p>\n\n\n\n<p><br> &nbsp; Como norma general todas las  Autorizaciones en este R\u00e9gimen General de Extranjer\u00eda llevan aparejada  la concesi\u00f3n previa de su correspondiente visado, que se solicita  personalmente en las misiones diplom\u00e1ticas espa\u00f1olas en los pa\u00edses de  origen.<\/p>\n\n\n\n<p><br> &nbsp; Existen dos tipos de autorizaciones: Autorizaci\u00f3n de Trabajo y Residencia y Autorizaciones de Residencia. En cuanto a&nbsp;las segundas.<\/p>\n\n\n\n<p><br> &nbsp; Las Autorizaciones de Residencia pueden ser: <\/p>\n\n\n\n<p>\u00b7&nbsp;&nbsp;&nbsp;&nbsp;&nbsp;&nbsp;&nbsp;&nbsp; de Residencia por Reagrupaci\u00f3n familiar.  <\/p>\n\n\n\n<p>\u00b7&nbsp;&nbsp;&nbsp;&nbsp;&nbsp;&nbsp;&nbsp;&nbsp; de Residencia por Arraigo social. <\/p>\n\n\n\n<p> \u00b7&nbsp;&nbsp;&nbsp;&nbsp;&nbsp;&nbsp;&nbsp;&nbsp; de Residencia por Arraigo laboral. <\/p>\n\n\n\n<p> \u00b7&nbsp;&nbsp;&nbsp;&nbsp;&nbsp;&nbsp;&nbsp;&nbsp; de Residencia por Circunstancias excepcionales o humanitarias.  <\/p>\n\n\n\n<p>\u00b7&nbsp;&nbsp;&nbsp;&nbsp;&nbsp;&nbsp;&nbsp;&nbsp; de Residencia permanente.  <\/p>\n\n\n\n<p><br> Para consultas sobre c\u00f3mo conseguir estas autorizaciones, las personas extranjeras pueden acudir al \u00c1rea de Bienestar Social. &nbsp; Desde el Departamento de Integraci\u00f3n se  orienta hacia los organismos competentes en materia de regularizaci\u00f3n  de residencia, adem\u00e1s se organizan jornadas de formaci\u00f3n y actividades  encaminadas a la inserci\u00f3n socio-laboral de los y las usuarios\/as de  nacionalidad extrajera: <br> <\/p>\n\n\n\n<p>Jornada para emprendedores Taller de Prevenci\u00f3n y Salud Taller de EDATI, Equipo de Atenci\u00f3n al Inmigrante de la Guardia Civil &nbsp;<\/p>\n\n\n\n<p> <strong>III CONCURSO L\u00c1PICES POR LA SOLIDARIDAD<\/strong><\/p>\n\n\n\n<figure class=\"wp-block-image\"><img decoding=\"async\" src=\"https:\/\/www.mijas.es\/files\/imagen\/servicios\/bienestar\/a3343_lapices2012.png\" alt=\"\"\/><\/figure>\n\n\n\n<p> Para m\u00e1s informaci\u00f3n <a href=\"https:\/\/www.mijas.es\/files\/adjuntos\/servicios_municipales\/a2852_CARTEL_A3_LAPICES_SOLIDARIDAD_2012.pdf\">pinche aqu\u00ed<\/a>&nbsp;(formato PDF).    <\/p>\n","protected":false},"excerpt":{"rendered":"<p>Una persona extranjera no comunitaria, puede encontrarse en Espa\u00f1a en situaci\u00f3n de estancia o en situaci\u00f3n de residencia. &nbsp; El R\u00e9gimen General de Extranjer\u00eda est\u00e1 establecido para todas las personas extranjeras que no sean comunitarias o familiares de comunitarias ni peticionarias de asilo y refugio. &nbsp; Como norma general todas las Autorizaciones en este R\u00e9gimen [&hellip;]<\/p>\n","protected":false},"author":4,"featured_media":13852,"parent":16646,"menu_order":0,"comment_status":"closed","ping_status":"closed","template":"page-departamental.php","meta":[],"_links":{"self":[{"href":"https:\/\/www.mijas.es\/portal\/wp-json\/wp\/v2\/pages\/14086"}],"collection":[{"href":"https:\/\/www.mijas.es\/portal\/wp-json\/wp\/v2\/pages"}],"about":[{"href":"https:\/\/www.mijas.es\/portal\/wp-json\/wp\/v2\/types\/page"}],"author":[{"embeddable":true,"href":"https:\/\/www.mijas.es\/portal\/wp-json\/wp\/v2\/users\/4"}],"replies":[{"embeddable":true,"href":"https:\/\/www.mijas.es\/portal\/wp-json\/wp\/v2\/comments?post=14086"}],"version-history":[{"count":6,"href":"https:\/\/www.mijas.es\/portal\/wp-json\/wp\/v2\/pages\/14086\/revisions"}],"predecessor-version":[{"id":24197,"href":"https:\/\/www.mijas.es\/portal\/wp-json\/wp\/v2\/pages\/14086\/revisions\/24197"}],"up":[{"embeddable":true,"href":"https:\/\/www.mijas.es\/portal\/wp-json\/wp\/v2\/pages\/16646"}],"wp:featuredmedia":[{"embeddable":true,"href":"https:\/\/www.mijas.es\/portal\/wp-json\/wp\/v2\/media\/13852"}],"wp:attachment":[{"href":"https:\/\/www.mijas.es\/portal\/wp-json\/wp\/v2\/media?parent=14086"}],"curies":[{"name":"wp","href":"https:\/\/api.w.org\/{rel}","templated":true}]}}