{"id":14082,"date":"2019-03-29T10:59:54","date_gmt":"2019-03-29T10:59:54","guid":{"rendered":"http:\/\/192.168.0.42\/?page_id=14082"},"modified":"2019-04-23T11:32:30","modified_gmt":"2019-04-23T11:32:30","slug":"igualdad","status":"publish","type":"page","link":"https:\/\/www.mijas.es\/portal\/inclusion-social\/igualdad\/","title":{"rendered":"Igualdad"},"content":{"rendered":"\n<p> Es fundamental comprender que las  actuaciones y propuestas que se plantean desde el Servicio de Igualdad  no sirven para beneficiar solo a las mujeres, sino que forma parte de  una apuesta m\u00e1s amplia a favor de la sostenibilidad social y la calidad  de vida. &nbsp; La articulaci\u00f3n racional de las  relaciones entre hombres y mujeres es uno de los factores que m\u00e1s  influyen en el desarrollo y bienestar de una sociedad. &nbsp; Una sociedad sostenible es la que tiene  en cuenta las necesidades de los seres humanos y su calidad de vida.  Para ello, debemos considerar, al menos, tres \u00e1mbitos en la vida de una  persona, sea hombre o mujer: la vida con los dem\u00e1s y las atenciones que  ello supone, el trabajo remunerado, que nos socializa y nos da  independencia econ\u00f3mica, y el uso del tiempo de cada cual. Por ello  trabajamos en dos l\u00edneas fundamentales: &nbsp; <\/p>\n\n\n\n<p>?&nbsp;&nbsp;&nbsp;&nbsp; Acciones encaminadas a la promoci\u00f3n de la Conciliaci\u00f3n de la vida laboral y familiar <\/p>\n\n\n\n<p>?&nbsp;&nbsp;&nbsp;&nbsp; Atenci\u00f3n a las mujeres v\u00edctimas de violencia de g\u00e9nero &nbsp;<\/p>\n\n\n\n<p> Para el desarrollo de acciones en pro  de la Igualdad real entre hombres y mujeres, se ha contemplado este  Servicio como una Concejal\u00eda independiente.    <\/p>\n","protected":false},"excerpt":{"rendered":"<p>Es fundamental comprender que las actuaciones y propuestas que se plantean desde el Servicio de Igualdad no sirven para beneficiar solo a las mujeres, sino que forma parte de una apuesta m\u00e1s amplia a favor de la sostenibilidad social y la calidad de vida. &nbsp; La articulaci\u00f3n racional de las relaciones entre hombres y mujeres [&hellip;]<\/p>\n","protected":false},"author":4,"featured_media":13852,"parent":16646,"menu_order":0,"comment_status":"closed","ping_status":"closed","template":"page-departamental.php","meta":[],"_links":{"self":[{"href":"https:\/\/www.mijas.es\/portal\/wp-json\/wp\/v2\/pages\/14082"}],"collection":[{"href":"https:\/\/www.mijas.es\/portal\/wp-json\/wp\/v2\/pages"}],"about":[{"href":"https:\/\/www.mijas.es\/portal\/wp-json\/wp\/v2\/types\/page"}],"author":[{"embeddable":true,"href":"https:\/\/www.mijas.es\/portal\/wp-json\/wp\/v2\/users\/4"}],"replies":[{"embeddable":true,"href":"https:\/\/www.mijas.es\/portal\/wp-json\/wp\/v2\/comments?post=14082"}],"version-history":[{"count":2,"href":"https:\/\/www.mijas.es\/portal\/wp-json\/wp\/v2\/pages\/14082\/revisions"}],"predecessor-version":[{"id":16702,"href":"https:\/\/www.mijas.es\/portal\/wp-json\/wp\/v2\/pages\/14082\/revisions\/16702"}],"up":[{"embeddable":true,"href":"https:\/\/www.mijas.es\/portal\/wp-json\/wp\/v2\/pages\/16646"}],"wp:featuredmedia":[{"embeddable":true,"href":"https:\/\/www.mijas.es\/portal\/wp-json\/wp\/v2\/media\/13852"}],"wp:attachment":[{"href":"https:\/\/www.mijas.es\/portal\/wp-json\/wp\/v2\/media?parent=14082"}],"curies":[{"name":"wp","href":"https:\/\/api.w.org\/{rel}","templated":true}]}}