{"id":14079,"date":"2019-03-29T10:52:53","date_gmt":"2019-03-29T10:52:53","guid":{"rendered":"http:\/\/192.168.0.42\/?page_id=14079"},"modified":"2020-08-24T11:17:26","modified_gmt":"2020-08-24T11:17:26","slug":"familia-infancia","status":"publish","type":"page","link":"https:\/\/www.mijas.es\/portal\/inclusion-social\/familia-infancia\/","title":{"rendered":"Familia, infancia"},"content":{"rendered":"\n<p> <strong><em>FAMILIA, INFANCIA, <\/em><\/strong><\/p>\n\n\n\n<p><strong><em>Programa Emergencia Social<\/em><\/strong><\/p>\n\n\n\n<p>Requisitos del Programa de Emergencia Social &#8211; <a href=\"http:\/\/www.mijas.es\/wp-content\/uploads\/2020\/08\/REQUISITOS%20PROGRAMA%20DE%20EMERGENCIA%20SOCIAL.pdf\">Descargar<\/a><\/p>\n\n\n\n<p><strong><em>Programa de Ayudas Econ\u00f3micas Familiares<\/em><\/strong><\/p>\n\n\n\n<p>Requisitos del Programa de Ayudas Econ\u00f3micas Familiares &#8211; <a href=\"http:\/\/www.mijas.es\/wp-content\/uploads\/2020\/08\/REQUISITOS%20PROGRAMA%20AYUDA%20ECON%C3%93MICA%20FAMILIAR.pdf\">Descargar<\/a><\/p>\n\n\n\n<p><strong><em>Programa de Ayuda al Alquiler de Vivienda<\/em><\/strong><\/p>\n\n\n\n<p>Requisitos del Programa de Ayuda al Alquiler de Vivienda &#8211; <a href=\"http:\/\/www.mijas.es\/wp-content\/uploads\/2020\/08\/REQUISITOS%20AYUDA%20ALQUILER%20VIVIENDA.pdf\">Descargar<\/a><\/p>\n\n\n\n<p><strong><em>Programa de Absentismo Escolar<\/em><\/strong> <\/p>\n\n\n\n<p>Es un  programa de car\u00e1cter preventivo y de sensibilizaci\u00f3n para la prevenci\u00f3n,  reducci\u00f3n y control del nivel de absentismo escolar en el municipio de  Mijas. Se realiza una intervenci\u00f3n directa con las familias de los menores absentistas escolares. Se mantiene  una coordinaci\u00f3n sistem\u00e1tica con los colegios e IES del municipio as\u00ed  como con otras entidades, \u00e1mbitos y profesionales relacionados con la  materia. A nivel  preventivo y de sensibilizaci\u00f3n se dirige al conjunto de la poblaci\u00f3n y  especialmente, a padres, madres y familiares con menores en edad escolar  obligatoria. El objetivo de este programa es prevenir, reducir y controlar el n\u00famero de alumnos\/as absentistas en el municipio. <\/p>\n\n\n\n<p><br><strong><em>Escuela de padres y madres: Un espacio para el encuentro<\/em><\/strong><\/p>\n\n\n\n<figure class=\"wp-block-image\"><img decoding=\"async\" src=\"https:\/\/www.mijas.es\/files\/imagen\/servicios\/bienestar\/a4032_escuela_padres.jpg\" alt=\"\"\/><\/figure>\n\n\n\n<p>Es  un\u00a0proyecto\u00a0interactivo, entre padres\/madres que atraviesan una  situaci\u00f3n com\u00fan . Persigue una formaci\u00f3n en diversos temas  interrelacionados a trav\u00e9s de la reflexi\u00f3n com\u00fan sobre la convivencia  familiar, el intercambio de experiencias y del aprendizaje de nuevas  t\u00e9cnicas educativas , en un clima de cercan\u00eda y amistad que permitan el  di\u00e1logo y capaciten para la aceptaci\u00f3n mutua. \u00a0 El objetivo  de este Espacio para el encuentro es ayudar a encauzar los problemas que  afectan a padres y madres y generar soluciones, consensuar pautas a  aplicar\u00a0para conseguir\u00a0prevenir\u00a0situaciones conflictivas en torno a la  educaci\u00f3n de nuestros hijos e hijas en el \u00e1mbito familiar pero sin dejar  de lado la escuela, pilar b\u00e1sico en el que debemos apoyarnos. Algunos de  los temas que se abordan son: Autoestima para padres y autoestima para  hijos e hijas, Asertividad, H\u00e1bitos de estudio, Estrategias de  afrontamiento en situaciones conflictivas, Comunicaci\u00f3n familiar, etc. La Escuela  de Padres y madres se lleva a cabo durante el curso escolar con una  periodicidad mensual. Se celebran reuniones en los tres n\u00facleos de  poblaci\u00f3n: Mijas Pueblo: CEIP San Sebasti\u00e1n La Cala de Mijas: CEIP Chaparral Las Lagunas: CEIP Tamixa <strong>las proximas fechas ser\u00e1n:<\/strong><\/p>\n\n\n\n<p><strong><em>Programa de Prevenci\u00f3n de Trastornos de Conducta Alimentaria<\/em><\/strong><\/p>\n\n\n\n<p><strong><em><br> <\/em><\/strong> Los trastornos de la conducta  alimentaria abarcan un amplio grupo de problemas cl\u00ednicos en los que se  entrelazan aspectos de diversa \u00edndole, entre otros&nbsp;psicopatol\u00f3gicos y  relacionales.  &nbsp; Todo conforma una entidad cl\u00ednica  grave, con frecuencia cr\u00f3nica, que requiere un tratamiento  multidisciplinar con un seguimiento largo y costoso, tanto econ\u00f3mico  como social. Y que ocasiona un gran sufrimiento a las personas que los  padecen y a sus familiares m\u00e1s cercanos. &nbsp; La experiencia&nbsp;indica que&nbsp;en los  trastornos de la alimentaci\u00f3n, adem\u00e1s del tratamiento, las medidas de  prevenci\u00f3n pueden reducir la incidencia de la enfermedad o mejorar su  pron\u00f3stico, ahorrando costos y mejorando los rendimientos. &nbsp; Y estas medidas de prevenci\u00f3n deben  incidir en modificar los aspectos que son comunes a una gran parte de la  poblaci\u00f3n, como los factores socioculturales, actuando de frente  al&nbsp;desarrollo de la enfermedad y reduciendo su incidencia. Es lo m\u00e1s  efectivo a largo plazo. &nbsp; En colaboraci\u00f3n con el sistema de  salud, el \u00c1rea de Bienestar Social, en uso de sus funciones de  Prevenci\u00f3n, pone en marcha este proyecto que v\u00e1 dirigido a: &nbsp; <\/p>\n\n\n\n<p>?&nbsp; los chicos y chicas adolescentes de 3\u00ba de la ESO de todos los IES del municipio de Mijas.<\/p>\n\n\n\n<p><br> &nbsp; ? Padres  y madres que reciben formaci\u00f3n en relaci\u00f3n a pautas para la  implantaci\u00f3n de h\u00e1bitos saludables, convocados a trav\u00e9s de las AMPAS. &nbsp; <\/p>\n\n\n\n<p><strong><em>Programa de Intervenci\u00f3n con menores en situaci\u00f3n de riesgo<\/em><\/strong> <\/p>\n\n\n\n<p>Es  objetivo de este programa conseguir que los menores que han comenzado o  est\u00e1n ya en situaciones de necesidad asociadas a&nbsp;conductas conflictivas,  lleguen a una situaci\u00f3n de adaptaci\u00f3n psicosocial positiva, tanto  personalmente como en su relaci\u00f3n con el contexto familiar, escolar y  social.<br><br> En  general, la poblaci\u00f3n adolescente en conflicto es llevada de  forma&nbsp;obligada&nbsp;a acudir a nuestro servicio por exigencia de los padres,  el sistema escolar o el sistema judicial. Este proyecto pretende  conseguir, a trav\u00e9s de estrategias motivacionales, la adherencia de  estos\/as adolescentes al programa. Para ello se trabaja en dos l\u00edneas:  la reeducaci\u00f3n e intervenci\u00f3n para eliminar conductas de riesgo y  conflictivas que lleve a los chicos y chicas a la integraci\u00f3n  psicosocial y, por otra parte, el trabajo en actividades educativas de  ocio y tiempo libre. &nbsp; Desde el \u00c1rea de Bienestar Social del  Ayuntamiento de Mijas, el Programa de Intervenci\u00f3n con Menores, trabaja  directamente con los menores del municipio, las familias y los&nbsp;Centros  Educativos de Educaci\u00f3n Secundaria, de forma coordinada y global para  integrar y guiar a estos adolescentes proponi\u00e9ndoles otras alternativas y  herramientas, evitando posibles situaciones de riesgo social. &nbsp; &nbsp; <\/p>\n\n\n\n<p><strong><em>Equipo de Intervenci\u00f3n Comunitaria<\/em><\/strong> <\/p>\n\n\n\n<p>La intervenci\u00f3n comunitaria es aquella  actividad profesional que se realiza con la participaci\u00f3n consciente de  grupos de personas. &nbsp; Los Equipos de Intervenci\u00f3n comunitaria  est\u00e1n formados por Trabajador\/a Social, Educador\/a Social y  Psic\u00f3loga\/o. Estos profesionales trabajan con situaciones familiares  conflictivas que requieren, bien a petici\u00f3n propia, bien por derivaci\u00f3n  de otras instituciones, de un trabajo especializado para tratar  situaciones de riesgo leve&nbsp;que pudiesen derivar en una problem\u00e1tica  social y familiar de gran importancia. &nbsp; Algunos de los conflictos familiares que se abordan  &nbsp;<\/p>\n\n\n\n<p> \u2022&nbsp;&nbsp;&nbsp;&nbsp;&nbsp;&nbsp;&nbsp;&nbsp; Crisis familiares vitales que requieran ayuda de otras personas <\/p>\n\n\n\n<p> \u2022&nbsp;&nbsp;&nbsp;&nbsp;&nbsp;&nbsp;&nbsp;&nbsp; Incorporaci\u00f3n del hijo al \u00e1mbito escolar<\/p>\n\n\n\n<p>  \u2022&nbsp;&nbsp;&nbsp;&nbsp;&nbsp;&nbsp;&nbsp;&nbsp; Conflictividad&nbsp;en las relaciones paterno- filiales <\/p>\n\n\n\n<p>\u2022&nbsp;&nbsp;&nbsp;&nbsp;&nbsp;&nbsp;&nbsp;&nbsp; Incumplimiento de las normas de casa <\/p>\n\n\n\n<p> \u2022&nbsp;&nbsp;&nbsp;&nbsp;&nbsp;&nbsp;&nbsp;&nbsp; Hijos con problemas de conducta y\/o aislamiento <\/p>\n\n\n\n<p> \u2022&nbsp;&nbsp;&nbsp;&nbsp;&nbsp;&nbsp;&nbsp;&nbsp; Adolescentes problem\u00e1ticos  &nbsp; <\/p>\n\n\n\n<p><strong><em>Equipo de Tratamiento Familiar<\/em><\/strong> <\/p>\n\n\n\n<p>Constituye el siguiente nivel de  intervenci\u00f3n, problem\u00e1tica de riesgo moderado. Este Equipo est\u00e1 formado  por Psic\u00f3logos\/as, Educadora Social y Trabajadora Social&nbsp;y tiene  como&nbsp;finalidad principal&nbsp;preservar los derechos y el desarrollo integral  de aquellos menores en situaci\u00f3n de riesgo por circunstancias de  dificultad familiar, evitando la separaci\u00f3n de la familia, mediante un  tratamiento e intervenci\u00f3n espec\u00edfica e integradora que permita la  adquisici\u00f3n de pautas rehabilitadoras que compensen la situaci\u00f3n de  desventaja social que pueda afectar directa o indirectamente el  desarrollo de los ni\u00f1os &nbsp; El Equipo de tratamiento Familiar se  integra dentro de los Servicios Sociales Municipales y desarrolla sus  actuaciones a trav\u00e9s de un Proyecto de Intervenci\u00f3n Familiar, en  constante colaboraci\u00f3n y coordinaci\u00f3n tanto con los Servicios Sociales  Comunitarios como con los Servicios de Protecci\u00f3n de Menores de la  Delegaci\u00f3 Provincial de la Consejer\u00eda de Asuntos Sociales. <\/p>\n\n\n\n<p><br> Junto a las actuaciones con menores en  situaci\u00f3n de riesgo, se abordan igualmente los casos en los que sea  factible la reunificaci\u00f3n familiar de los menores con los que se haya  adoptado una medida de protecci\u00f3n.    <\/p>\n","protected":false},"excerpt":{"rendered":"<p>FAMILIA, INFANCIA, Programa Emergencia Social Requisitos del Programa de Emergencia Social &#8211; Descargar Programa de Ayudas Econ\u00f3micas Familiares Requisitos del Programa de Ayudas Econ\u00f3micas Familiares &#8211; Descargar Programa de Ayuda al Alquiler de Vivienda Requisitos del Programa de Ayuda al Alquiler de Vivienda &#8211; Descargar Programa de Absentismo Escolar Es un programa de car\u00e1cter preventivo [&hellip;]<\/p>\n","protected":false},"author":4,"featured_media":13852,"parent":16646,"menu_order":0,"comment_status":"closed","ping_status":"closed","template":"page-departamental.php","meta":[],"_links":{"self":[{"href":"https:\/\/www.mijas.es\/portal\/wp-json\/wp\/v2\/pages\/14079"}],"collection":[{"href":"https:\/\/www.mijas.es\/portal\/wp-json\/wp\/v2\/pages"}],"about":[{"href":"https:\/\/www.mijas.es\/portal\/wp-json\/wp\/v2\/types\/page"}],"author":[{"embeddable":true,"href":"https:\/\/www.mijas.es\/portal\/wp-json\/wp\/v2\/users\/4"}],"replies":[{"embeddable":true,"href":"https:\/\/www.mijas.es\/portal\/wp-json\/wp\/v2\/comments?post=14079"}],"version-history":[{"count":8,"href":"https:\/\/www.mijas.es\/portal\/wp-json\/wp\/v2\/pages\/14079\/revisions"}],"predecessor-version":[{"id":32411,"href":"https:\/\/www.mijas.es\/portal\/wp-json\/wp\/v2\/pages\/14079\/revisions\/32411"}],"up":[{"embeddable":true,"href":"https:\/\/www.mijas.es\/portal\/wp-json\/wp\/v2\/pages\/16646"}],"wp:featuredmedia":[{"embeddable":true,"href":"https:\/\/www.mijas.es\/portal\/wp-json\/wp\/v2\/media\/13852"}],"wp:attachment":[{"href":"https:\/\/www.mijas.es\/portal\/wp-json\/wp\/v2\/media?parent=14079"}],"curies":[{"name":"wp","href":"https:\/\/api.w.org\/{rel}","templated":true}]}}