{"id":14076,"date":"2019-03-29T10:42:48","date_gmt":"2019-03-29T10:42:48","guid":{"rendered":"http:\/\/192.168.0.42\/?page_id=14076"},"modified":"2019-05-14T09:32:50","modified_gmt":"2019-05-14T09:32:50","slug":"colectivos-de-intervencion","status":"publish","type":"page","link":"https:\/\/www.mijas.es\/portal\/inclusion-social\/colectivos-de-intervencion\/","title":{"rendered":"Colectivos de intervenci\u00f3n"},"content":{"rendered":"\n<p><strong><em>FAMILIA, INFANCIA,<\/em><\/strong><br> Los Servicios Sociales Comunitarios desarrollan intervenciones con  menores y familias a trav\u00e9s de programas de car\u00e1cter comunitario o bien  dirigidos especialmente a la familia e infancia, as\u00ed como proyectos  individualizados de intervenci\u00f3n. &nbsp;<\/p>\n\n\n\n<p> &#8211;\u00a0\u00a0\u00a0\u00a0 Programa de absentismo escolar<\/p>\n\n\n\n<p> &#8211;\u00a0\u00a0\u00a0\u00a0 Escuela de Padres y Madres <\/p>\n\n\n\n<p>&#8211;\u00a0\u00a0\u00a0\u00a0 Programa de Prevenci\u00f3n de Trastornos de Conducta Alimentaria <\/p>\n\n\n\n<p>&#8211;\u00a0\u00a0\u00a0\u00a0 Programa de Intervenci\u00f3n con menores <\/p>\n\n\n\n<p>&#8211;\u00a0\u00a0\u00a0\u00a0 Equipo de Intervenci\u00f3n Comunitaria<\/p>\n\n\n\n<p> &#8211;\u00a0\u00a0\u00a0 Equipo de Tratamiento Familiar \u00a0 <\/p>\n\n\n\n<p><strong><em>IGUALDAD<\/em><\/strong><br> La violencia contra las mujeres es una de las violaciones de los  derechos humanos m\u00e1s&nbsp;habitual en todo el mundo. Este hecho exige  enfrentarla como una preocupaci\u00f3n clave que reclama la activa  participaci\u00f3n e interlocuci\u00f3n de las instituciones y la &nbsp;defensa de cuantas iniciativas tiendan a la erradicaci\u00f3n de la Violencia de G\u00e9nero. <br> Adem\u00e1s es objetivo del Servicio de Igualdad la realizaci\u00f3n de  actividades y programas que permitan la plena incorporaci\u00f3n de las  mujeres en la vida social, superando desigualdades y cualquier tipo de  discriminaci\u00f3n. <\/p>\n\n\n\n<p><br><strong><em>INMIGRACI\u00d3N<\/em><\/strong> <\/p>\n\n\n\n<p>Desde los Servicios Sociales, la integraci\u00f3n de las personas  inmigrantes es el objetivo final de las atenciones prestadas a trav\u00e9s  de: un servicio de informaci\u00f3n, la acreditaci\u00f3n del arraigo en la  comunidad de Mijas y una dinamizaci\u00f3n de las redes asociativas del  colectivo; as\u00ed como asistencia jur\u00eddica individualizada. &nbsp; <\/p>\n\n\n\n<p><strong><em>PERSONAS CON DIVERSIDAD FUNCIONAL<\/em><\/strong><\/p>\n\n\n\n<p> &#8211;\u00a0\u00a0\u00a0\u00a0 Programa de Equinoterapia <\/p>\n\n\n\n<p>&#8211;\u00a0\u00a0\u00a0\u00a0 Programa de Apoyo Social a Personas con Diversidad Funcional <\/p>\n\n\n\n<p>&#8211;\u00a0\u00a0\u00a0\u00a0 Programa de Ocio y Tiempo Libre de Personas con Discapacidad <\/p>\n\n\n\n<p><br><strong><em>MINOR\u00cdAS \u00c9TNICAS<\/em><\/strong> <\/p>\n\n\n\n<p>&#8211;\u00a0\u00a0\u00a0\u00a0 Plan Integral de la Comunidad Gitana \u00a0 <br><strong><em>PERSONAS MAYORES<\/em><\/strong> <\/p>\n\n\n\n<p>Con independencia de las actuaciones que desde otros \u00e1mbitos  municipales se realizan en relaci\u00f3n a la promoci\u00f3n del envejecimiento  activo, desde el \u00c1rea de Bienestar Social atendemos las necesidades de  esta poblaci\u00f3n en la l\u00ednea de procurar la permanencia de las personas en  su medio habitual, su vivienda y su entorno. &nbsp; <\/p>\n\n\n\n<p>&#8211;\u00a0\u00a0\u00a0\u00a0 Programa de Ayuda a Domicilio <\/p>\n\n\n\n<p>&#8211;\u00a0\u00a0\u00a0\u00a0 Programa de Teleasistencia Domiciliaria <\/p>\n\n\n\n<p><br><strong><em>PERSONAS CON DEPENDENCIA<\/em><\/strong> <\/p>\n\n\n\n<p>&#8211;\u00a0\u00a0\u00a0\u00a0 Prestaci\u00f3n Ley de promoci\u00f3n de la autonom\u00eda personal y atenci\u00f3n a personas en situaci\u00f3n de dependencia <\/p>\n","protected":false},"excerpt":{"rendered":"<p>FAMILIA, INFANCIA, Los Servicios Sociales Comunitarios desarrollan intervenciones con menores y familias a trav\u00e9s de programas de car\u00e1cter comunitario o bien dirigidos especialmente a la familia e infancia, as\u00ed como proyectos individualizados de intervenci\u00f3n. &nbsp; &#8211;\u00a0\u00a0\u00a0\u00a0 Programa de absentismo escolar &#8211;\u00a0\u00a0\u00a0\u00a0 Escuela de Padres y Madres &#8211;\u00a0\u00a0\u00a0\u00a0 Programa de Prevenci\u00f3n de Trastornos de Conducta Alimentaria [&hellip;]<\/p>\n","protected":false},"author":4,"featured_media":13852,"parent":16646,"menu_order":0,"comment_status":"closed","ping_status":"closed","template":"page-departamental.php","meta":[],"_links":{"self":[{"href":"https:\/\/www.mijas.es\/portal\/wp-json\/wp\/v2\/pages\/14076"}],"collection":[{"href":"https:\/\/www.mijas.es\/portal\/wp-json\/wp\/v2\/pages"}],"about":[{"href":"https:\/\/www.mijas.es\/portal\/wp-json\/wp\/v2\/types\/page"}],"author":[{"embeddable":true,"href":"https:\/\/www.mijas.es\/portal\/wp-json\/wp\/v2\/users\/4"}],"replies":[{"embeddable":true,"href":"https:\/\/www.mijas.es\/portal\/wp-json\/wp\/v2\/comments?post=14076"}],"version-history":[{"count":3,"href":"https:\/\/www.mijas.es\/portal\/wp-json\/wp\/v2\/pages\/14076\/revisions"}],"predecessor-version":[{"id":22095,"href":"https:\/\/www.mijas.es\/portal\/wp-json\/wp\/v2\/pages\/14076\/revisions\/22095"}],"up":[{"embeddable":true,"href":"https:\/\/www.mijas.es\/portal\/wp-json\/wp\/v2\/pages\/16646"}],"wp:featuredmedia":[{"embeddable":true,"href":"https:\/\/www.mijas.es\/portal\/wp-json\/wp\/v2\/media\/13852"}],"wp:attachment":[{"href":"https:\/\/www.mijas.es\/portal\/wp-json\/wp\/v2\/media?parent=14076"}],"curies":[{"name":"wp","href":"https:\/\/api.w.org\/{rel}","templated":true}]}}