{"id":14066,"date":"2019-03-29T09:52:05","date_gmt":"2019-03-29T09:52:05","guid":{"rendered":"http:\/\/192.168.0.42\/?page_id=14066"},"modified":"2024-02-26T11:58:46","modified_gmt":"2024-02-26T10:58:46","slug":"servicios-operativos","status":"publish","type":"page","link":"https:\/\/www.mijas.es\/portal\/servicios-operativos\/","title":{"rendered":"Servicios Operativos"},"content":{"rendered":"<div class=\"wp-block-image\">\n<figure class=\"aligncenter\"><img decoding=\"async\" src=\"https:\/\/www.mijas.es\/files\/imagen\/servicios\/operativos\/soperativos.jpg\" alt=\"\"\/><\/figure><\/div>\n\n\n<p>\n\tLos Servicios Operativos del Ayuntamiento de Mijas, tienen como su \nprincipal cometido el mantenimiento de todas las dependencias \nMunicipales. Tambi\u00e9n realizan las actuaciones para el mantenimiento de \nlas distintas zonas y n\u00facleos, realizando la reparaci\u00f3n de calles, \naceras, calzadas, zonas rurales. As\u00ed como el mantenimiento de las \ninfraestructuras incluidas en nuestras competencias.<\/p>\n\n\n\n<p>\n\tDentro de los Servicios Operativos contamos con un servicio de \nactuaci\u00f3n inmediata e intervenci\u00f3n de urgencia, para todas aquellas \naver\u00edas que precisen de una soluci\u00f3n r\u00e1pida.<\/p>\n\n\n\n<p>\n\tPara ello contamos con las siguientes instalaciones:<\/p>\n\n\n\n<p>\n\t\u2022 Nave de Las Lagunas en el Pol\u00edgono San Rafael C\/R\u00edo Aguas.<\/p>\n\n\n\n<p>\n\t\u2022 Nave de la Cala en el Km. 1,8 de la Carretera de la Cala direcci\u00f3n a Entrerrios.<\/p>\n\n\n\n<p>\n\t\u2022 Local de acopio de materiales en Mijas Pueblo en C\/Matadero.<\/p>\n\n\n\n<p>\n\t<strong>T\u00e9lefonos:<\/strong>&nbsp;952494441 \/ 952494452<\/p>\n","protected":false},"excerpt":{"rendered":"<p>Los Servicios Operativos del Ayuntamiento de Mijas, tienen como su principal cometido el mantenimiento de todas las dependencias Municipales. Tambi\u00e9n realizan las actuaciones para el mantenimiento de las distintas zonas y n\u00facleos, realizando la reparaci\u00f3n de calles, aceras, calzadas, zonas rurales. As\u00ed como el mantenimiento de las infraestructuras incluidas en nuestras competencias. Dentro de los [&hellip;]<\/p>\n","protected":false},"author":4,"featured_media":13852,"parent":0,"menu_order":0,"comment_status":"closed","ping_status":"closed","template":"page-departamental.php","meta":[],"_links":{"self":[{"href":"https:\/\/www.mijas.es\/portal\/wp-json\/wp\/v2\/pages\/14066"}],"collection":[{"href":"https:\/\/www.mijas.es\/portal\/wp-json\/wp\/v2\/pages"}],"about":[{"href":"https:\/\/www.mijas.es\/portal\/wp-json\/wp\/v2\/types\/page"}],"author":[{"embeddable":true,"href":"https:\/\/www.mijas.es\/portal\/wp-json\/wp\/v2\/users\/4"}],"replies":[{"embeddable":true,"href":"https:\/\/www.mijas.es\/portal\/wp-json\/wp\/v2\/comments?post=14066"}],"version-history":[{"count":3,"href":"https:\/\/www.mijas.es\/portal\/wp-json\/wp\/v2\/pages\/14066\/revisions"}],"predecessor-version":[{"id":54831,"href":"https:\/\/www.mijas.es\/portal\/wp-json\/wp\/v2\/pages\/14066\/revisions\/54831"}],"wp:featuredmedia":[{"embeddable":true,"href":"https:\/\/www.mijas.es\/portal\/wp-json\/wp\/v2\/media\/13852"}],"wp:attachment":[{"href":"https:\/\/www.mijas.es\/portal\/wp-json\/wp\/v2\/media?parent=14066"}],"curies":[{"name":"wp","href":"https:\/\/api.w.org\/{rel}","templated":true}]}}