{"id":14032,"date":"2019-03-29T08:17:58","date_gmt":"2019-03-29T08:17:58","guid":{"rendered":"http:\/\/192.168.0.42\/?page_id=14032"},"modified":"2024-03-13T16:19:13","modified_gmt":"2024-03-13T15:19:13","slug":"centros-para-la-venta-adiestramiento-y-cuidado-de-los-animales-de-compania","status":"publish","type":"page","link":"https:\/\/www.mijas.es\/portal\/bienestar-animal\/centros-para-la-venta-adiestramiento-y-cuidado-de-los-animales-de-compania\/","title":{"rendered":"Centros para la Venta, Adiestramiento y Cuidado de los Animales de Compa\u00f1ia."},"content":{"rendered":"\n<p><\/p>\n\n\n\n<p><strong>Dirigido a propietarios de perros y gatos residentes en Mijas.<\/strong><\/p>\n\n\n\n<p>Cl\u00ednicas colaboradoras : <a href=\"http:\/\/www.mijas.es\/files\/adjuntos\/Sanidad_salud\/CLINICAS%20COLABORADORAS%20ATENCION%20CIUDADANA%20animalvet.doc\">Ver documento<\/a><\/p>\n\n\n\n<p>Ficha de la intervenci\u00f3n quir\u00fargica (las cl\u00ednicas tambi\u00e9n disponen de copia): <a href=\"http:\/\/www.mijas.es\/files\/adjuntos\/Sanidad_salud\/FICHA%20INTERVENCION%20QUIRURGICA.docx\">Ver documento<\/a><\/p>\n\n\n\n<p><\/p>\n\n\n\n<h2 class=\"wp-block-heading\">Centros veterinarios<\/h2>\n\n\n\n<p> <a href=\"https:\/\/www.mijas.es\/files\/adjuntos\/servicios_municipales\/sanidad\/solicitud-de-inscripcion-en-el-reg_-mpal_-de-centros-veterinarios_W.doc\">Solicitud de inscripci\u00f3n en el registro mpal de centros veterinarios<\/a><\/p>\n\n\n\n<p> <a href=\"https:\/\/www.mijas.es\/files\/adjuntos\/servicios_municipales\/sanidad\/a8900_REGLAMENTO_DEL_REGISTRO_CENTROS_VETERINARIOS.pdf\" target=\"_blank\" rel=\"noreferrer noopener\" aria-label=\" (abre en una nueva pesta\u00f1a)\">Reglamento del registro de centros veterinarios<\/a><\/p>\n","protected":false},"excerpt":{"rendered":"<p>Dirigido a propietarios de perros y gatos residentes en Mijas. Cl\u00ednicas colaboradoras : Ver documento Ficha de la intervenci\u00f3n quir\u00fargica (las cl\u00ednicas tambi\u00e9n disponen de copia): Ver documento Centros veterinarios Solicitud de inscripci\u00f3n en el registro mpal de centros veterinarios Reglamento del registro de centros veterinarios<\/p>\n","protected":false},"author":4,"featured_media":13852,"parent":54673,"menu_order":0,"comment_status":"closed","ping_status":"closed","template":"page-departamental.php","meta":[],"_links":{"self":[{"href":"https:\/\/www.mijas.es\/portal\/wp-json\/wp\/v2\/pages\/14032"}],"collection":[{"href":"https:\/\/www.mijas.es\/portal\/wp-json\/wp\/v2\/pages"}],"about":[{"href":"https:\/\/www.mijas.es\/portal\/wp-json\/wp\/v2\/types\/page"}],"author":[{"embeddable":true,"href":"https:\/\/www.mijas.es\/portal\/wp-json\/wp\/v2\/users\/4"}],"replies":[{"embeddable":true,"href":"https:\/\/www.mijas.es\/portal\/wp-json\/wp\/v2\/comments?post=14032"}],"version-history":[{"count":19,"href":"https:\/\/www.mijas.es\/portal\/wp-json\/wp\/v2\/pages\/14032\/revisions"}],"predecessor-version":[{"id":55140,"href":"https:\/\/www.mijas.es\/portal\/wp-json\/wp\/v2\/pages\/14032\/revisions\/55140"}],"up":[{"embeddable":true,"href":"https:\/\/www.mijas.es\/portal\/wp-json\/wp\/v2\/pages\/54673"}],"wp:featuredmedia":[{"embeddable":true,"href":"https:\/\/www.mijas.es\/portal\/wp-json\/wp\/v2\/media\/13852"}],"wp:attachment":[{"href":"https:\/\/www.mijas.es\/portal\/wp-json\/wp\/v2\/media?parent=14032"}],"curies":[{"name":"wp","href":"https:\/\/api.w.org\/{rel}","templated":true}]}}