{"id":14030,"date":"2019-03-29T08:16:50","date_gmt":"2019-03-29T08:16:50","guid":{"rendered":"http:\/\/192.168.0.42\/?page_id=14030"},"modified":"2024-02-21T12:23:56","modified_gmt":"2024-02-21T11:23:56","slug":"licencia-de-animales-potencialmente-peligrosos","status":"publish","type":"page","link":"https:\/\/www.mijas.es\/portal\/bienestar-animal\/licencia-de-animales-potencialmente-peligrosos\/","title":{"rendered":"Licencia de animales potencialmente peligrosos"},"content":{"rendered":"\n<p><strong>\u00bfQui\u00e9n lo puede solicitar?<\/strong><\/p>\n\n\n\n<p>\n\t\tEs obligatorio para cualquier \nciudadano que resida en el municipio de Mijas y sea propietario de un \nanimal potencialmente peligroso, o bien que, sin serlo, ocasionalmente \nlo pasee o se haga cargo del mismo.<\/p>\n\n\n\n<p>\n\t\t<strong>Fecha y plazos:<\/strong><\/p>\n\n\n\n<p>\n\t\t&#8211; Fecha de solicitud: Todo el a\u00f1o.<br>\n\t\t&#8211; Plazo de validez: Plazo de validez de la licencia 5 a\u00f1os.<\/p>\n\n\n\n<p>\n\t\t<br>\n\t\t<strong>Documentaci\u00f3n necesaria.<\/strong><\/p>\n\n\n\n<ul>\n<li>\n\t\t\tImpreso de solicitud de licencia para\n la tenencia de animales potencialmente peligrosos. En el caso de \nsolicitar la renovaci\u00f3n de la licencia se deber\u00e1 aportar el impreso \ncorrespondiente. (documento1)<\/li>\n\n\n\n<li>\n\t\t\tDos fotograf\u00edas tama\u00f1o carnet<\/li>\n\n\n\n<li>\n\t\t\tAcreditar ser mayor de edad (fotocopia del D.N.I. compulsada)<\/li>\n\n\n\n<li>\n\t\t\tCertificado de antecedentes penales (Autorizaci\u00f3n para que esta administraci\u00f3n tramite el documento de oficio) (documento2)<\/li>\n\n\n\n<li>\n\t\t\tCertificado o declaraci\u00f3n responsable\n de no haber sido sancionado en los \u00faltimos tres a\u00f1os por infracciones \ngraves o muy graves con alguna de las sanciones accesorias de las \nprevistas en el art. 13.3 de la Ley 50\/1999, as\u00ed como de no estar \nprivado por resoluci\u00f3n judicial del derecho a la tenencia de animales. \n(documento3)<\/li>\n\n\n\n<li>\n\t\t\tCertificado de capacidad f\u00edsica y actitud psicol\u00f3gica para la tenencia de animales potencialmente peligrosos.<\/li>\n\n\n\n<li>\n\t\t\tInforme expedido por la compa\u00f1\u00eda \naseguradora acreditativo de haber formalizado el solicitante un seguro \nde responsabilidad civil por da\u00f1os a terceros con una cobertura no \ninferior a ciento setenta y cinco mil euros (175.000 euros) por \nsiniestro, conforme a lo dispuesto en el art.4.2 f) del Decreto 42\/2008,<\/li>\n\n\n\n<li>\n\t\t\tJustificante de estar al corriente en el pago del seguro de responsabilidad civil.<\/li>\n\n\n\n<li>\n\t\t\tCarta de pago de tasas para la tenencia de animales potencialmente peligrosos.<\/li>\n<\/ul>\n\n\n\n<p>\n\t\t<strong>Legislaci\u00f3n aplicable:<\/strong><\/p>\n\n\n\n<p>\n\t\tReal Decreto 287\/2002, de 22 de Marzo \npor el que se desarrolla la Ley 50\/1999, de 23 de Diciembre, sobe el \nr\u00e9gimen jur\u00eddico de la tenencia de animales potencialmente peligrosos.<\/p>\n\n\n\n<p>\n\t\tDecreto 42\/2008, de 12 de Febrero, por\n el que se regula la tenencia de animales potencialmente peligrosos, en \nla Comunidad Aut\u00f3noma de Andaluc\u00eda.<\/p>\n\n\n\n<p>\n\t\tLey 50\/1999, de 23 de diciembre, sobre el r\u00e9gimen jur\u00eddico de la tenencia de animales potencialmente peligrosos.<\/p>\n\n\n\n<p>\n\t\t<br>\n\t\t<strong>Otros Datos de inter\u00e9s<\/strong><\/p>\n\n\n\n<p>\n\t\t<strong>Obligaciones del titular de la licencia:<\/strong><\/p>\n\n\n\n<p>\n\t\ta) El titular de la licencia deber\u00e1 \ncomunicar al Departamento de Sanidad, en el plazo de 15 d\u00edas h\u00e1biles, \ncualquier variaci\u00f3n de los datos que figuren en ella, a contar desde el \nmomento en que se produzcan aquellos.<br>\n\t\tb) El titular de la licencia deber\u00e1 solicitar la inscripci\u00f3n en el \nRegistro de Animales Potencialmente Peligrosos, en cualquier Centro \nVeterinario del municipio, dentro de los 15 d\u00edas siguientes a la \nnotificaci\u00f3n de concesi\u00f3n de la presente licencia.<br>\n\t\tc) S\u00f3lo el titular de la licencia est\u00e1 habilitado para conducir \nanimales potencialmente peligrosos en la v\u00eda p\u00fablica, a cuyo efecto \ndeber\u00e1 llevar consigo dicha licencia as\u00ed como el certificado \nacreditativo de inscripci\u00f3n del animal en el Registro de Animales \nPotencialmente Peligrosos.<br>\n\t\td) En las v\u00edas p\u00fablicas y lugares y espacios de uso p\u00fablico general, \nlos perros potencialmente peligrosos llevar\u00e1n bozal adecuado para su \nraza y controlados con cadena o correa no extensible e irrompible, de 1 \nmetro de longitud m\u00e1xima, y adecuada para dominar en todo momento el \nanimal, estando prohibido el acceso a lugares de ocio y esparcimiento de\n menores de edad, sin perjuicio de lo dispuesto en el art. 14 de la Ley \n11\/2003, de 24 de noviembre.<br>\n\t\te) Durante el transporte de animales potencialmente peligrosos se \ndeber\u00e1 adoptar las precauciones que las circunstancias aconsejen para \ngarantizar la seguridad de las personas, bienes y otros animales, as\u00ed \ncomo en la espera para carga y descarga.<br>\n\t\tf) La perdida o sustracci\u00f3n del animal deber\u00e1 ser denunciada por su \ntitular, en el plazo m\u00e1ximo de veinticuatro horas desde que tenga \nconocimiento de los hechos, ante un agente de la autoridad.<\/p>\n\n\n\n<p>\n\t\t<strong>\u00bfCu\u00e1ndo queda sin efecto la licencia?<\/strong><\/p>\n\n\n\n<p>\n\t\t.Por el transcurso del plazo de validez de 5 a\u00f1os sin solicitar su renovaci\u00f3n<br>\n\t\t.En el momento en el que su titular deje de cumplir cualquiera de los requisitos legalmente exigidos por su concesi\u00f3n.<br>\n\t\t.En el supuesto de que se imponga la sanci\u00f3n accesoria de suspensi\u00f3n \ntemporal o definitiva de la licencia por la comisi\u00f3n de alguna de las \ninfracciones tipificadas como muy graves o graves en el articulo 13 de \nla Ley 50\/1999 de 23 de diciembre.<br>\n\t\t&nbsp;<strong>Documentos necesarios:<\/strong><\/p>\n\n\n\n<p> <a href=\"https:\/\/www.mijas.es\/wp-content\/uploads\/2024\/01\/SOLICITUD%20web.pdf\" target=\"_blank\" rel=\"noreferrer noopener\">Solicitud<\/a><br> <br> <a rel=\"noreferrer noopener\" aria-label=\" (abre en una nueva pesta\u00f1a)\" href=\"https:\/\/www.mijas.es\/files\/AUTORIZACIN_PENALES-3.pdf\" target=\"_blank\">Autorizaci\u00f3n penales<\/a><br> <br> <a rel=\"noreferrer noopener\" aria-label=\" (abre en una nueva pesta\u00f1a)\" href=\"https:\/\/www.mijas.es\/files\/adjuntos\/servicios_municipales\/a3757_DECLARACION_RESPONSABLE.pdf\" target=\"_blank\">Declaraci\u00f3n responsable<\/a><br> <br> <a rel=\"noreferrer noopener\" aria-label=\" (abre en una nueva pesta\u00f1a)\" href=\"https:\/\/www.mijas.es\/files\/adjuntos\/servicios_municipales\/a9279_razas_de_perros_potencialmente_peligrosas.pdf\" target=\"_blank\">Razas de perros potencialmente peligrosos<\/a><\/p>\n","protected":false},"excerpt":{"rendered":"<p>\u00bfQui\u00e9n lo puede solicitar? Es obligatorio para cualquier ciudadano que resida en el municipio de Mijas y sea propietario de un animal potencialmente peligroso, o bien que, sin serlo, ocasionalmente lo pasee o se haga cargo del mismo. Fecha y plazos: &#8211; Fecha de solicitud: Todo el a\u00f1o. &#8211; Plazo de validez: Plazo de validez [&hellip;]<\/p>\n","protected":false},"author":4,"featured_media":13852,"parent":54673,"menu_order":0,"comment_status":"closed","ping_status":"closed","template":"page-departamental.php","meta":[],"_links":{"self":[{"href":"https:\/\/www.mijas.es\/portal\/wp-json\/wp\/v2\/pages\/14030"}],"collection":[{"href":"https:\/\/www.mijas.es\/portal\/wp-json\/wp\/v2\/pages"}],"about":[{"href":"https:\/\/www.mijas.es\/portal\/wp-json\/wp\/v2\/types\/page"}],"author":[{"embeddable":true,"href":"https:\/\/www.mijas.es\/portal\/wp-json\/wp\/v2\/users\/4"}],"replies":[{"embeddable":true,"href":"https:\/\/www.mijas.es\/portal\/wp-json\/wp\/v2\/comments?post=14030"}],"version-history":[{"count":3,"href":"https:\/\/www.mijas.es\/portal\/wp-json\/wp\/v2\/pages\/14030\/revisions"}],"predecessor-version":[{"id":53520,"href":"https:\/\/www.mijas.es\/portal\/wp-json\/wp\/v2\/pages\/14030\/revisions\/53520"}],"up":[{"embeddable":true,"href":"https:\/\/www.mijas.es\/portal\/wp-json\/wp\/v2\/pages\/54673"}],"wp:featuredmedia":[{"embeddable":true,"href":"https:\/\/www.mijas.es\/portal\/wp-json\/wp\/v2\/media\/13852"}],"wp:attachment":[{"href":"https:\/\/www.mijas.es\/portal\/wp-json\/wp\/v2\/media?parent=14030"}],"curies":[{"name":"wp","href":"https:\/\/api.w.org\/{rel}","templated":true}]}}