{"id":14020,"date":"2019-03-29T08:03:52","date_gmt":"2019-03-29T08:03:52","guid":{"rendered":"http:\/\/192.168.0.42\/?page_id=14020"},"modified":"2019-07-18T14:47:28","modified_gmt":"2019-07-18T14:47:28","slug":"centros-sanitarios","status":"publish","type":"page","link":"https:\/\/www.mijas.es\/portal\/sanidad-municipal\/centros-sanitarios\/","title":{"rendered":"Centros Sanitarios"},"content":{"rendered":"\n<p> RECURSOS SANITARIOS<\/p>\n\n\n\n<p><strong>1.- <a href=\"https:\/\/www.mijas.es\/portal\/servicios-municipales\/centros-sanitarios\/#Sector_publico\">Sistema Sanitario P\u00fablico Andaluz (Atenci\u00f3n Primaria &nbsp;y &nbsp;Especializada).<\/a><\/strong><\/p>\n\n\n\n<p><br><strong>2.- <a href=\"https:\/\/www.mijas.es\/portal\/servicios-municipales\/centros-sanitarios\/#Sector_privado\">Sector Privado<\/a><\/strong><a href=\"http:\/\/www.mijas.es\/mijas\/internet\/verContenido?al_men_pk=1239&amp;as_ruta_men_pk=1008,1064,1239&amp;al_tpo_pk=null&amp;al_tfor_pk=null#Sector_privado\">.<\/a><br><br><br><strong><div id=\"Sector_publico\">1.- Sistema Sanitario P\u00fablico Andaluz<\/strong><\/div> Se exponen los dos niveles de atenci\u00f3n: Atenci\u00f3n Primaria y Atenci\u00f3n Especializada.<br><br> En Mijas est\u00e1 ubicada la sede del <strong>Distrito Sanitario De Atenci\u00f3n Primaria Costa del Sol <\/strong>(Servicio Andaluz de Salud), en edificio anexo al Centro de Salud de Las Lagunas. En \u00e9l se gestiona todos los servicios de Atenci\u00f3n Primaria de la Costa del Sol Occidental.<\/p>\n\n\n\n<div class=\"wp-block-image\"><figure class=\"alignright\"><img decoding=\"async\" src=\"https:\/\/www.mijas.es\/files\/imagen\/servicios\/sanidad\/a61_CS_Lagunas1.jpg\" alt=\"\"\/><\/figure><\/div>\n\n\n\n<p> Direcci\u00f3n CL La Uni\u00f3n, s\/n Mijas (M\u00e1laga) C\u00f3digo Postal 29650 <\/p>\n\n\n\n<p>Tipo de centro Distrito <\/p>\n\n\n\n<p>Tlfno. Atenci\u00f3n al ciudadano 951 06 22 22 &nbsp; <br><\/p>\n\n\n\n<p><\/p>\n\n\n\n<p><strong>1.1-Nivel Atenci\u00f3n Primaria de Salud (Servicio Andaluz de Salud-SAS)<\/strong> Mijas cuenta con la <strong>\u201cUnidad de Gesti\u00f3n Cl\u00ednica Las Lagunas\u201d <\/strong>integrada por:<\/p>\n\n\n\n<div class=\"wp-block-image\"><figure class=\"alignleft\"><img decoding=\"async\" src=\"https:\/\/www.mijas.es\/files\/imagen\/servicios\/sanidad\/a1750_CS_Lagunas.jpg\" alt=\"\"\/><\/figure><\/div>\n\n\n\n<p><strong> Centro de Salud de Las Lagunas<\/strong> <\/p>\n\n\n\n<p>(Cabecera de Distrito Sanitario) <\/p>\n\n\n\n<p>Direcci\u00f3n: C\/ La Uni\u00f3n s\/n <\/p>\n\n\n\n<p>Tel\u00e9fono: 951 06 22 47 <\/p>\n\n\n\n<p><strong>Urgencias 24h: <\/strong>902 50 50 61 <\/p>\n\n\n\n<p>Cita previa: 951 06 22 40 <\/p>\n\n\n\n<p>Horarios: Lunes a Viernes de 8:00 a 20:00<br><\/p>\n\n\n\n<div class=\"wp-block-image\"><figure class=\"alignright\"><img decoding=\"async\" src=\"https:\/\/www.mijas.es\/files\/imagen\/servicios\/sanidad\/a8732_CS_Mijas.jpg\" alt=\"Centro Salud Mijas Pueblo\"\/><\/figure><\/div>\n\n\n\n<p> Consultorio de Mijas Pueblo Direcci\u00f3n: <\/p>\n\n\n\n<p>Plaza de la Paz 9<\/p>\n\n\n\n<p> Tel\u00e9fono: 951 77 40 31 <\/p>\n\n\n\n<p><strong>Urgencias 24h: <\/strong>951 77 40 31 <\/p>\n\n\n\n<p>Cita previa: 952 59 05 13 <\/p>\n\n\n\n<p>Horarios: Lunes a Viernes de 8:00 a 15:00 &nbsp;<br><br><\/p>\n\n\n\n<div class=\"wp-block-image\"><figure class=\"alignleft is-resized\"><img decoding=\"async\" src=\"https:\/\/www.mijas.es\/files\/imagen\/servicios\/sanidad\/a7905_csaludlacala.jpg\" alt=\"\" width=\"316\" height=\"237\"\/><\/figure><\/div>\n\n\n\n<p> Consultorio de La Cala Direcci\u00f3n: Avda. Sierra de las Nieves, 4 <\/p>\n\n\n\n<p>Tel\u00e9fono: 951 267 360 &#8211; 951 269 233<br><strong>Urgencias 24h: <\/strong><\/p>\n\n\n\n<p>902 50 50 61 <\/p>\n\n\n\n<p>Cita previa: 902 50 50 60 <\/p>\n\n\n\n<p>Horarios: Lunes a Viernes de 8:00 a 15:00<br><br> En los tres  Centros funciona un servicio de traductores voluntarios coordinado por  el Departamento de Extranjeros del Ayuntamiento. &nbsp; &nbsp; <\/p>\n\n\n\n<p><strong>1.2.-Nivel Atenci\u00f3n Sanitaria Especializada:<\/strong> Depende de la <strong>Empresa P\u00fablica Hospital Costa del Sol <\/strong>(Consejer\u00eda de Salud) que a nivel del Municipio de Mijas presta servicios con el Hospital y el CARE (Centro de Alta Resoluci\u00f3n). <br><br><strong>CARE. Centro de alta Resoluci\u00f3n de Especialidades de Mijas<\/strong>. Calle Camino del Albero s\/n.<br> Las Lagunas <br><br><strong>HOSPITAL COSTA DEL SOL<\/strong> Situado en Marbella, a unos 35 kil\u00f3metros aproximadamente, es el centro hospitalario de referencia del municipio de Mijas. Abierto desde 1993, ofrece a la poblaci\u00f3n la siguiente cartera de servicios m\u00e9dicos, quir\u00fargicos, de diagnostico, exploraciones, servicios de apoyo cl\u00ednico, servicios de enfermer\u00eda, servicios log\u00edsticos y de gesti\u00f3n.<br><br><\/p>\n\n\n\n<div class=\"wp-block-image\"><figure class=\"aligncenter is-resized\"><img decoding=\"async\" src=\"https:\/\/www.mijas.es\/files\/imagen\/servicios\/sanidad\/a5223_Cs_Hospital_C_sol.jpg\" alt=\"\" width=\"245\" height=\"180\"\/><\/figure><\/div>\n\n\n\n<p><strong><div id=\"Sector_privado\">2.- Sector Sanitario&nbsp;Privados<br> <br><\/div> <\/strong><em><strong>Cl\u00ednicas privadas<\/strong><\/em><br><br><strong> Cl\u00ednica Mijas<\/strong> <\/p>\n\n\n\n<p>Direcci\u00f3n: Avda. Virgen de la Pe\u00f1a, 29. Mijas Pueblo Tel\u00e9fono: 952 48 54 66 &nbsp; <\/p>\n\n\n\n<p><strong>Cl\u00ednica Virgen de la Pe\u00f1a S.C.V.<\/strong> <\/p>\n\n\n\n<p>Direcci\u00f3n: Avda. M\u00e9jico s\/n. Mijas Pueblo Tel\u00e9fono: 952 59 02 66 &nbsp; <\/p>\n\n\n\n<p><strong>Cl\u00ednica Alhamar<\/strong> <\/p>\n\n\n\n<p>Direcci\u00f3n: Mansi\u00f3n Alhamar, 1. Mijas Costa Tel\u00e9fono: 952 93 09 96 &nbsp; <\/p>\n\n\n\n<p><strong>Cl\u00ednica San Francisco<\/strong> <\/p>\n\n\n\n<p>Direcci\u00f3n: Avda. Espa\u00f1a, 22. Calahonda, Mijas Costa <\/p>\n\n\n\n<p>Tel\u00e9fono: 952 93 32 33 <\/p>\n\n\n\n<p>Medicina general y especializada 24 horas.<br> Servicio de radiolog\u00eda y an\u00e1lisis cl\u00ednicos.<br> Urgencias a domicilio.<br> Servicio de ambulancia UCI.<br> Centro m\u00e9dico de conductores y armas. &nbsp; <\/p>\n\n\n\n<p><strong>Cl\u00ednica Hamondial S.A.<\/strong> <\/p>\n\n\n\n<p>Direcci\u00f3n: Urb. Sierrezuela, 141-142. Mijas Costa <\/p>\n\n\n\n<p>Tel\u00e9fono: 952 46 51 72 &nbsp; <\/p>\n\n\n\n<p><strong>Medizinisches Zentrum Calahonda S.L.<\/strong> <\/p>\n\n\n\n<p>Direcci\u00f3n: C.C. Campanario. Calahonda, Mijas Costa <\/p>\n\n\n\n<p>Tel\u00e9fono: 952 93 37 04 <\/p>\n\n\n\n<p>Medicina general. &nbsp; <\/p>\n\n\n\n<p><strong>European Medical Centre<\/strong> <\/p>\n\n\n\n<p>Direcci\u00f3n: Avda. de Espa\u00f1a, Conj. Buenavista, Local 9. Calahonda, Mijas Costa <\/p>\n\n\n\n<p>Tel\u00e9fono: 952 93 44 44 <\/p>\n\n\n\n<p>Fax: 952 93 00 31 <\/p>\n\n\n\n<p>Servicio de urgencias 24 horas<br><br><em><strong>Cl\u00ednicas Dentales<\/strong><\/em> <\/p>\n\n\n\n<p>Cl\u00ednica Dental Santiago. S.C. <\/p>\n\n\n\n<p>FUTUREDENT S.L.<\/p>\n\n\n\n<p>Cl\u00ednica Dental FRANCONIA. S.L. <\/p>\n\n\n\n<p>OTEDENT S.L.<\/p>\n\n\n\n<p>Nancy Beatriz Abraham <\/p>\n\n\n\n<p>Carl  Stefan Demling <\/p>\n\n\n\n<p>Alejandra J. Gonz\u00e1lez<\/p>\n\n\n\n<p> Maria Cristina L\u00f3pez Cuello.<\/p>\n\n\n\n<p> Maria Elena P\u00e9rez Moreno<\/p>\n\n\n\n<p> Centro Dental Torresmurciano S.C. <\/p>\n\n\n\n<p>SERMADENT Mijas S.C.<\/p>\n\n\n\n<p> Francisco Javier Cerezo Morales<\/p>\n\n\n\n<p> Marisa Gabriela Guti\u00e9rrez de Ledesma &nbsp;<\/p>\n\n\n\n<p><br><em><strong>Centros Polivalentes<\/strong><\/em><\/p>\n\n\n\n<p><br> Juan Antonio Burgos Blanco Cl\u00ednica Dental Europa GUPSILU S.L.L. Policl\u00ednica Alen S.L. Antonio Pascual Arroyo <\/p>\n\n\n\n<p><br><em><strong>\u00d3pticas<\/strong><\/em><\/p>\n\n\n\n<p>\u00d3ptica Dan Rafael Eugenio Laza Claros \u00d3ptica 2000. S.L &nbsp;<\/p>\n\n\n\n<p><br><em><strong>Laboratorios de an\u00e1lisis cl\u00ednicos<\/strong><\/em><\/p>\n\n\n\n<p><br> INMUNOCLIC A.I.E. <\/p>\n\n\n\n<p>An\u00e1lisis Cl\u00ednicos BIOCLINIC <\/p>\n\n\n\n<p>Juan Antonio Burgos Blanco <\/p>\n\n\n\n<p>Antonio Nieves Moreno <\/p>\n\n\n\n<p>&nbsp;<br><strong><em>Fisioterapia:<\/em><\/strong><\/p>\n\n\n\n<p><br> Centro SANUM Costa del Sol. S.L. &nbsp;<br><strong><em>Otros:<\/em><\/strong><\/p>\n\n\n\n<p><br> Almac\u00e9n Distribuidor de Medicamentos.<\/p>\n\n\n\n<p> Jaime Delgado S\u00e1nchez. <\/p>\n\n\n\n<p>Ambulancias Mijas S.L. <\/p>\n\n\n\n<p>Alhamar Clinic. S.L. <\/p>\n\n\n\n<p>Ambulancias. <\/p>\n\n\n\n<p>FADA. <\/p>\n\n\n\n<p>Centro de Atenci\u00f3n Sanitaria a Drogodependientes.    <\/p>\n","protected":false},"excerpt":{"rendered":"<p>RECURSOS SANITARIOS 1.- Sistema Sanitario P\u00fablico Andaluz (Atenci\u00f3n Primaria &nbsp;y &nbsp;Especializada). 2.- Sector Privado. 1.- Sistema Sanitario P\u00fablico Andaluz Se exponen los dos niveles de atenci\u00f3n: Atenci\u00f3n Primaria y Atenci\u00f3n Especializada. En Mijas est\u00e1 ubicada la sede del Distrito Sanitario De Atenci\u00f3n Primaria Costa del Sol (Servicio Andaluz de Salud), en edificio anexo al Centro [&hellip;]<\/p>\n","protected":false},"author":4,"featured_media":13852,"parent":14007,"menu_order":0,"comment_status":"closed","ping_status":"closed","template":"page-departamental.php","meta":[],"_links":{"self":[{"href":"https:\/\/www.mijas.es\/portal\/wp-json\/wp\/v2\/pages\/14020"}],"collection":[{"href":"https:\/\/www.mijas.es\/portal\/wp-json\/wp\/v2\/pages"}],"about":[{"href":"https:\/\/www.mijas.es\/portal\/wp-json\/wp\/v2\/types\/page"}],"author":[{"embeddable":true,"href":"https:\/\/www.mijas.es\/portal\/wp-json\/wp\/v2\/users\/4"}],"replies":[{"embeddable":true,"href":"https:\/\/www.mijas.es\/portal\/wp-json\/wp\/v2\/comments?post=14020"}],"version-history":[{"count":12,"href":"https:\/\/www.mijas.es\/portal\/wp-json\/wp\/v2\/pages\/14020\/revisions"}],"predecessor-version":[{"id":24283,"href":"https:\/\/www.mijas.es\/portal\/wp-json\/wp\/v2\/pages\/14020\/revisions\/24283"}],"up":[{"embeddable":true,"href":"https:\/\/www.mijas.es\/portal\/wp-json\/wp\/v2\/pages\/14007"}],"wp:featuredmedia":[{"embeddable":true,"href":"https:\/\/www.mijas.es\/portal\/wp-json\/wp\/v2\/media\/13852"}],"wp:attachment":[{"href":"https:\/\/www.mijas.es\/portal\/wp-json\/wp\/v2\/media?parent=14020"}],"curies":[{"name":"wp","href":"https:\/\/api.w.org\/{rel}","templated":true}]}}