{"id":14017,"date":"2019-03-29T07:49:13","date_gmt":"2019-03-29T07:49:13","guid":{"rendered":"http:\/\/192.168.0.42\/?page_id=14017"},"modified":"2019-07-18T14:47:16","modified_gmt":"2019-07-18T14:47:16","slug":"farmacias","status":"publish","type":"page","link":"https:\/\/www.mijas.es\/portal\/sanidad-municipal\/farmacias\/","title":{"rendered":"Farmacias"},"content":{"rendered":"\n<p> <a href=\"https:\/\/www.mijas.es\/files\/adjuntos\/servicios_municipales\/sanidad\/Farmacias_guardia_2017.pdf\" target=\"_blank\" rel=\"noreferrer noopener\" aria-label=\" (abre en una nueva pesta\u00f1a)\">Farmacias de guardia para el a\u00f1o 2017 en Mijas-Pueblo<\/a><\/p>\n\n\n\n<p>\n\t<strong>Farmacias en Mijas Pueblo<\/strong><\/p>\n\n\n\n<ul><li>\n\t\t<strong>Farmacia Nieves Moreno<\/strong><br>\n\t\tDirecci\u00f3n: Avda. M\u00e9jico, s\/n &#8211; 29650 Mijas<br>\n\t\tTel\u00e9fono: 952 48 64 38<\/li><li>\n\t\t<strong>Farmacia Jim\u00e9nez Botello<\/strong><br>\n\t\tDirecci\u00f3n: Plaza de la Constituci\u00f3n, 19 &#8211; 29650 Mijas<br>\n\t\tTel\u00e9fono: 952 48 50 42<\/li><li>\n\t\t<strong>Farmacia Cruz de la Pizarra<\/strong><br>\n\t\tDirecci\u00f3n: Avda. de M\u00e9jico, 37, Local 1 &#8211; 29650 Mijas<br>\n\t\tTel\u00e9fono: 952 48 67 48<\/li><\/ul>\n\n\n\n<p>\n\t<strong>Farmacias en Mijas Costa<\/strong><\/p>\n\n\n\n<ul><li>\n\t\t<strong>Farmacia Yebenes Salazar<\/strong><br>\n\t\tDirecci\u00f3n: Avda. Mijas, s\/n &#8211; 29651 Mijas<br>\n\t\tTel\u00e9fono: 952 47 41 52<\/li><li>\n\t\t<strong>Farmacia S\u00e1nchez L\u00f3pez<\/strong><br>\n\t\tDirecci\u00f3n: Urb. Buganvillas, 3 &#8211; 29649 Mijas<br>\n\t\tTel\u00e9fono: 952 49 20 44<\/li><li>\n\t\t<strong>Farmacia&nbsp;<\/strong><strong>M\u00aa Dolores Dato Aniorte<\/strong><br>\n\t\tDirecci\u00f3n: C\/ San Bartolom\u00e9, s\/n &#8211; 29651 Mijas<br>\n\t\tTel\u00e9fono: 952 47 19 26<\/li><li>\n\t\t<strong>Farmacia Navarro Abad\u00eda<\/strong><br>\n\t\tDirecci\u00f3n: Avda. Espa\u00f1a, s\/n &#8211; 29651 Mijas<br>\n\t\tTel\u00e9fono: 952 93 15 15<\/li><li>\n\t\t<strong>Farmacia Meg\u00edas Cana<\/strong><br>\n\t\tDirecci\u00f3n: Camino de Santiago, 11 &#8211; 29651 Mijas<br>\n\t\tTel\u00e9fono: 952 47 22 98<\/li><li>\n\t\t<strong>Farmacia Medina Montoya de Burgos<\/strong><br>\n\t\tDirecci\u00f3n: Urb. Calipso, s\/n &#8211; 29649 Mijas<br>\n\t\tTel\u00e9fono: 952 93 33 33<\/li><li>\n\t\t<strong>Farmacia L\u00f3pez Santos<\/strong><br>\n\t\tDirecci\u00f3n: Avda. Jerez, 3 &#8211; 29649 Mijas<br>\n\t\tTel\u00e9fono: 952 49 30 85<\/li><li>\n\t\t<strong>Farmacia S\u00e1nchez Linares<\/strong><br>\n\t\tDirecci\u00f3n: C\/ Butibamba, s\/n &#8211; 29649 Mijas<br>\n\t\tTel\u00e9fono: 952 49 21 06<\/li><li>\n\t\t<strong>Farmacia Playa Marina<\/strong><br>\n\t\tDirecci\u00f3n: Urb. Playa Marina, 1 &#8211; 29649 Mijas<br>\n\t\tTel\u00e9fono: 952 66 48 93<\/li><li>\n\t\t<strong>Farmacia La Cala<\/strong><br>\n\t\tDirecci\u00f3n: C\/ Marbella, 1 &#8211; 29649 Mijas<br>\n\t\tTel\u00e9fono: 952 49 33 18<\/li><li>\n\t\t<strong>Farmacia Rosario Mena Escobar<\/strong><br>\n\t\tDirecci\u00f3n: C\/ Olivo, Urb. El Albero &#8211; 29651 Mijas<br>\n\t\tTel\u00e9fono: 952 46 32 31<\/li><li>\n\t\t<strong>Farmacia Do\u00f1a Ermita<\/strong><br>\n\t\tDirecci\u00f3n: C\/ R\u00edo Guadiaro, 6 &#8211; 29651 Mijas<br>\n\t\tTel\u00e9fono: 952 58 33 81<\/li><li>\n\t\t<strong>Farmacia Canales Nicas<\/strong><br>\n\t\tDirecci\u00f3n: Avda. Lirios, 39 &#8211; 29651 Mijas<br>\n\t\tTel\u00e9fono: 952 46 28 88<\/li><li>\n\t\t<strong>Farmacia&nbsp;<\/strong><strong>Maria Dolores Martin Jimenez<\/strong><br>\n\t\tDirecci\u00f3n:&nbsp;Avenida de Mijas 32 29651 Mijas-Costa<br>\n\t\tTel\u00e9fono:&nbsp;952 47 22 98&nbsp;<\/li><\/ul>\n","protected":false},"excerpt":{"rendered":"<p>Farmacias de guardia para el a\u00f1o 2017 en Mijas-Pueblo Farmacias en Mijas Pueblo Farmacia Nieves Moreno Direcci\u00f3n: Avda. M\u00e9jico, s\/n &#8211; 29650 Mijas Tel\u00e9fono: 952 48 64 38 Farmacia Jim\u00e9nez Botello Direcci\u00f3n: Plaza de la Constituci\u00f3n, 19 &#8211; 29650 Mijas Tel\u00e9fono: 952 48 50 42 Farmacia Cruz de la Pizarra Direcci\u00f3n: Avda. de M\u00e9jico, 37, [&hellip;]<\/p>\n","protected":false},"author":4,"featured_media":13852,"parent":14007,"menu_order":0,"comment_status":"closed","ping_status":"closed","template":"page-departamental.php","meta":[],"_links":{"self":[{"href":"https:\/\/www.mijas.es\/portal\/wp-json\/wp\/v2\/pages\/14017"}],"collection":[{"href":"https:\/\/www.mijas.es\/portal\/wp-json\/wp\/v2\/pages"}],"about":[{"href":"https:\/\/www.mijas.es\/portal\/wp-json\/wp\/v2\/types\/page"}],"author":[{"embeddable":true,"href":"https:\/\/www.mijas.es\/portal\/wp-json\/wp\/v2\/users\/4"}],"replies":[{"embeddable":true,"href":"https:\/\/www.mijas.es\/portal\/wp-json\/wp\/v2\/comments?post=14017"}],"version-history":[{"count":2,"href":"https:\/\/www.mijas.es\/portal\/wp-json\/wp\/v2\/pages\/14017\/revisions"}],"predecessor-version":[{"id":22799,"href":"https:\/\/www.mijas.es\/portal\/wp-json\/wp\/v2\/pages\/14017\/revisions\/22799"}],"up":[{"embeddable":true,"href":"https:\/\/www.mijas.es\/portal\/wp-json\/wp\/v2\/pages\/14007"}],"wp:featuredmedia":[{"embeddable":true,"href":"https:\/\/www.mijas.es\/portal\/wp-json\/wp\/v2\/media\/13852"}],"wp:attachment":[{"href":"https:\/\/www.mijas.es\/portal\/wp-json\/wp\/v2\/media?parent=14017"}],"curies":[{"name":"wp","href":"https:\/\/api.w.org\/{rel}","templated":true}]}}